{"id":14422,"date":"2012-12-11T11:57:46","date_gmt":"2012-12-11T11:57:46","guid":{"rendered":"https:\/\/www.raimaberfluidtech.com\/industrial\/bombes-revolution\/"},"modified":"2025-04-15T09:53:38","modified_gmt":"2025-04-15T09:53:38","slug":"bombes-revolution","status":"publish","type":"page","link":"https:\/\/www.raimaberfluidtech.com\/industrial\/ca\/viking-hygienic\/bombes-revolution\/","title":{"rendered":"Bombes Revolution"},"content":{"rendered":"<div class=\"wpb-content-wrapper\"><p>[vc_row][vc_column width=&#8221;1\/2&#8243;][vc_media_grid element_width=&#8221;6&#8243; gap=&#8221;4&#8243; grid_id=&#8221;vc_gid:1739285596732-60988348-6db2-1&#8243; include=&#8221;5746,5747,5748,5749,4870,4871,4872,4873,4874,4875,4876,4877&#8243;][\/vc_column][vc_column width=&#8221;1\/2&#8243;][vc_custom_heading text=&#8221;Bombes Revolution&#8221; font_container=&#8221;tag:h2|font_size:18px|text_align:left|color:%23000000&#8243; use_theme_fonts=&#8221;yes&#8221;][vc_column_text]<\/p>\n<p style=\"text-align: justify;\">Les principals caracter\u00edstiques de les <strong>bombes Revolution<\/strong> de <span style=\"line-height: 1.5;\"><a href=\"https:\/\/www.raimaberfluidtech.com\/industrial\/viking-hygienic\">Viking Hygienic<\/a><\/span> <a href=\"https:\/\/www.raimaberfluidtech.com\/industrial\/wright-flow-technologies\">.<\/a> :<\/p>\n<ul style=\"text-align: justify;\">\n<li>Dues bombes en una.<\/li>\n<li>Inspecci\u00f3 frontal del tancament, tant el concepte tri-lobular com pist\u00f3 rotatiu, eliminant tancaments externs.<\/li>\n<li>Podem reduir el temps de neteja a la meitat. Podem garantir la neteja CIP a baixa pressi\u00f3. Tamb\u00e9 es pot muntar en neteges SIP.<\/li>\n<li>Major di\u00e0metre dels eixos, augmentant en un 50% la vida de la bomba.<\/li>\n<li>Manteniment de les folgances dels l\u00f2buls\/rotors, des de la part externa, reduint enormement el temps de manteniment i augmentant la vida dels elements a la caixa d&#8217;engranatges.<\/li>\n<li>S&#8217;ha modificat la forma dels rotors (pist\u00f3 rotatiu), reduint el % de trencament de s\u00f2lids delicats o sensibles a la cisalla.<\/li>\n<li>Les dues s\u00e8ries tenen fins a 35 models on triar, per cabal o pressi\u00f3.<\/li>\n<li>Cabals de fins a 190 m3\/h.<\/li>\n<li>De fins a 31 bars (opcional m\u00e9s pressi\u00f3, segons petici\u00f3 a f\u00e0brica).<\/li>\n<li>Podem muntar en algunes caixes d&#8217;engranatges i cos, l\u00f2buls tipus \u201ctri-lobulars\u201d o rotors tipus \u201cpist\u00f3 rotatiu\u201d, utilitzant el mateix tancament.<\/li>\n<li>Podem muntar tancament mec\u00e0nic senzill o doble. Per al doble tancament mec\u00e0nic, no cal modificaci\u00f3 de la caixera del tancament, simplement muntem les peces necess\u00e0ries per transformar el tancament mec\u00e0nic senzill a doble amb irrigaci\u00f3. La irrigaci\u00f3 del tancament pot ser de baixa pressi\u00f3 o alta pressi\u00f3, segons l&#8217;aplicaci\u00f3 o les exig\u00e8ncies del client.<\/li>\n<li>La caixa d\u00b4engranatges ve de f\u00e0brica banyada en greix, reduint el nombre d\u00b4hores en manteniment i parades. Opcional lubricaci\u00f3 amb oli.<\/li>\n<li>Bomba autodrenable, si es munta en posici\u00f3 vertical.<\/li>\n<li>Engranatges de sincronitzaci\u00f3 helico\u00efdals.<\/li>\n<\/ul>\n<p>[\/vc_column_text][vc_empty_space][vc_btn title=&#8221;SOL\u00b7LICITUD D&#8217;INFORMACI\u00d3 T\u00c8CNICA&#8221; link=&#8221;url:https%3A%2F%2Fwww.raimaberfluidtech.com%2Findustrial%2Fsolicitud-informacion-tecnica%2F|title:Sol%C2%B7licitud%20informaci%C3%B3%20t%C3%A8cnica|&#8221;][\/vc_column][\/vc_row]<\/p>\n<\/div>","protected":false},"excerpt":{"rendered":"<p>[vc_row][vc_column width=&#8221;1\/2&#8243;][vc_media_grid element_width=&#8221;6&#8243; gap=&#8221;4&#8243; grid_id=&#8221;vc_gid:1739285596732-60988348-6db2-1&#8243; include=&#8221;5746,5747,5748,5749,4870,4871,4872,4873,4874,4875,4876,4877&#8243;][\/vc_column][vc_column width=&#8221;1\/2&#8243;][vc_custom_heading text=&#8221;Bombes Revolution&#8221; font_container=&#8221;tag:h2|font_size:18px|text_align:left|color:%23000000&#8243; use_theme_fonts=&#8221;yes&#8221;][vc_column_text] Les principals caracter\u00edstiques de les bombes Revolution de Viking Hygienic . : Dues bombes en una. Inspecci\u00f3 frontal del tancament, tant el concepte tri-lobular com pist\u00f3 rotatiu, eliminant tancaments&#8230;<\/p>\n","protected":false},"author":1,"featured_media":0,"parent":14453,"menu_order":1,"comment_status":"closed","ping_status":"closed","template":"page-sidebar.php","meta":{"footnotes":""},"class_list":["post-14422","page","type-page","status-publish","hentry"],"yoast_head":"<!-- This site is optimized with the Yoast SEO plugin v24.3 - https:\/\/yoast.com\/wordpress\/plugins\/seo\/ -->\n<title>Bombes Revolution Espanya - Raimaber<\/title>\n<meta name=\"description\" content=\"Consulta les caracter\u00edstiques de les bombes revolution Wright Flow Technologies a la nostra web Raimaber. Som distribu\u00efdors de Bombes Revolution Espanya.\" \/>\n<meta name=\"robots\" content=\"index, follow, max-snippet:-1, max-image-preview:large, max-video-preview:-1\" \/>\n<link rel=\"canonical\" href=\"https:\/\/www.raimaberfluidtech.com\/industrial\/ca\/viking-hygienic\/bombes-revolution\/\" \/>\n<meta property=\"og:locale\" content=\"ca_ES\" \/>\n<meta property=\"og:type\" content=\"article\" \/>\n<meta property=\"og:title\" content=\"Bombes Revolution Espanya - Raimaber\" \/>\n<meta property=\"og:description\" content=\"Consulta les caracter\u00edstiques de les bombes revolution Wright Flow Technologies a la nostra web Raimaber. Som distribu\u00efdors de Bombes Revolution Espanya.\" \/>\n<meta property=\"og:url\" content=\"https:\/\/www.raimaberfluidtech.com\/industrial\/ca\/viking-hygienic\/bombes-revolution\/\" \/>\n<meta property=\"og:site_name\" content=\"Raimaber Fluid Tech [Industrial]\" \/>\n<meta property=\"article:modified_time\" content=\"2025-04-15T09:53:38+00:00\" \/>\n<meta name=\"twitter:label1\" content=\"Temps estimat de lectura\" \/>\n\t<meta name=\"twitter:data1\" content=\"2 minuts\" \/>\n<script type=\"application\/ld+json\" class=\"yoast-schema-graph\">{\"@context\":\"https:\/\/schema.org\",\"@graph\":[{\"@type\":\"WebPage\",\"@id\":\"https:\/\/www.raimaberfluidtech.com\/industrial\/ca\/viking-hygienic\/bombes-revolution\/\",\"url\":\"https:\/\/www.raimaberfluidtech.com\/industrial\/ca\/viking-hygienic\/bombes-revolution\/\",\"name\":\"Bombes Revolution Espanya - Raimaber\",\"isPartOf\":{\"@id\":\"https:\/\/www.raimaberfluidtech.com\/industrial\/ca\/#website\"},\"datePublished\":\"2012-12-11T11:57:46+00:00\",\"dateModified\":\"2025-04-15T09:53:38+00:00\",\"description\":\"Consulta les caracter\u00edstiques de les bombes revolution Wright Flow Technologies a la nostra web Raimaber. Som distribu\u00efdors de Bombes Revolution Espanya.\",\"breadcrumb\":{\"@id\":\"https:\/\/www.raimaberfluidtech.com\/industrial\/ca\/viking-hygienic\/bombes-revolution\/#breadcrumb\"},\"inLanguage\":\"ca\",\"potentialAction\":[{\"@type\":\"ReadAction\",\"target\":[\"https:\/\/www.raimaberfluidtech.com\/industrial\/ca\/viking-hygienic\/bombes-revolution\/\"]}]},{\"@type\":\"BreadcrumbList\",\"@id\":\"https:\/\/www.raimaberfluidtech.com\/industrial\/ca\/viking-hygienic\/bombes-revolution\/#breadcrumb\",\"itemListElement\":[{\"@type\":\"ListItem\",\"position\":1,\"name\":\"Home\",\"item\":\"https:\/\/www.raimaberfluidtech.com\/industrial\/ca\/\"},{\"@type\":\"ListItem\",\"position\":2,\"name\":\"Viking Hygienic\",\"item\":\"https:\/\/www.raimaberfluidtech.com\/industrial\/ca\/viking-hygienic\/\"},{\"@type\":\"ListItem\",\"position\":3,\"name\":\"Bombes Revolution\"}]},{\"@type\":\"WebSite\",\"@id\":\"https:\/\/www.raimaberfluidtech.com\/industrial\/ca\/#website\",\"url\":\"https:\/\/www.raimaberfluidtech.com\/industrial\/ca\/\",\"name\":\"Raimaber Fluid Tech [Industrial]\",\"description\":\"Bombas industriales\",\"publisher\":{\"@id\":\"https:\/\/www.raimaberfluidtech.com\/industrial\/ca\/#organization\"},\"potentialAction\":[{\"@type\":\"SearchAction\",\"target\":{\"@type\":\"EntryPoint\",\"urlTemplate\":\"https:\/\/www.raimaberfluidtech.com\/industrial\/ca\/?s={search_term_string}\"},\"query-input\":{\"@type\":\"PropertyValueSpecification\",\"valueRequired\":true,\"valueName\":\"search_term_string\"}}],\"inLanguage\":\"ca\"},{\"@type\":\"Organization\",\"@id\":\"https:\/\/www.raimaberfluidtech.com\/industrial\/ca\/#organization\",\"name\":\"Raimaber Fluid Tech [Industrial]\",\"url\":\"https:\/\/www.raimaberfluidtech.com\/industrial\/ca\/\",\"logo\":{\"@type\":\"ImageObject\",\"inLanguage\":\"ca\",\"@id\":\"https:\/\/www.raimaberfluidtech.com\/industrial\/ca\/#\/schema\/logo\/image\/\",\"url\":\"https:\/\/www.raimaberfluidtech.com\/industrial\/wp-content\/blogs.dir\/4\/files\/2012\/11\/raimaber.gif\",\"contentUrl\":\"https:\/\/www.raimaberfluidtech.com\/industrial\/wp-content\/blogs.dir\/4\/files\/2012\/11\/raimaber.gif\",\"width\":\"705\",\"height\":\"438\",\"caption\":\"Raimaber Fluid Tech [Industrial]\"},\"image\":{\"@id\":\"https:\/\/www.raimaberfluidtech.com\/industrial\/ca\/#\/schema\/logo\/image\/\"}}]}<\/script>\n<!-- \/ Yoast SEO plugin. -->","yoast_head_json":{"title":"Bombes Revolution Espanya - Raimaber","description":"Consulta les caracter\u00edstiques de les bombes revolution Wright Flow Technologies a la nostra web Raimaber. Som distribu\u00efdors de Bombes Revolution Espanya.","robots":{"index":"index","follow":"follow","max-snippet":"max-snippet:-1","max-image-preview":"max-image-preview:large","max-video-preview":"max-video-preview:-1"},"canonical":"https:\/\/www.raimaberfluidtech.com\/industrial\/ca\/viking-hygienic\/bombes-revolution\/","og_locale":"ca_ES","og_type":"article","og_title":"Bombes Revolution Espanya - Raimaber","og_description":"Consulta les caracter\u00edstiques de les bombes revolution Wright Flow Technologies a la nostra web Raimaber. Som distribu\u00efdors de Bombes Revolution Espanya.","og_url":"https:\/\/www.raimaberfluidtech.com\/industrial\/ca\/viking-hygienic\/bombes-revolution\/","og_site_name":"Raimaber Fluid Tech [Industrial]","article_modified_time":"2025-04-15T09:53:38+00:00","twitter_misc":{"Temps estimat de lectura":"2 minuts"},"schema":{"@context":"https:\/\/schema.org","@graph":[{"@type":"WebPage","@id":"https:\/\/www.raimaberfluidtech.com\/industrial\/ca\/viking-hygienic\/bombes-revolution\/","url":"https:\/\/www.raimaberfluidtech.com\/industrial\/ca\/viking-hygienic\/bombes-revolution\/","name":"Bombes Revolution Espanya - Raimaber","isPartOf":{"@id":"https:\/\/www.raimaberfluidtech.com\/industrial\/ca\/#website"},"datePublished":"2012-12-11T11:57:46+00:00","dateModified":"2025-04-15T09:53:38+00:00","description":"Consulta les caracter\u00edstiques de les bombes revolution Wright Flow Technologies a la nostra web Raimaber. Som distribu\u00efdors de Bombes Revolution Espanya.","breadcrumb":{"@id":"https:\/\/www.raimaberfluidtech.com\/industrial\/ca\/viking-hygienic\/bombes-revolution\/#breadcrumb"},"inLanguage":"ca","potentialAction":[{"@type":"ReadAction","target":["https:\/\/www.raimaberfluidtech.com\/industrial\/ca\/viking-hygienic\/bombes-revolution\/"]}]},{"@type":"BreadcrumbList","@id":"https:\/\/www.raimaberfluidtech.com\/industrial\/ca\/viking-hygienic\/bombes-revolution\/#breadcrumb","itemListElement":[{"@type":"ListItem","position":1,"name":"Home","item":"https:\/\/www.raimaberfluidtech.com\/industrial\/ca\/"},{"@type":"ListItem","position":2,"name":"Viking Hygienic","item":"https:\/\/www.raimaberfluidtech.com\/industrial\/ca\/viking-hygienic\/"},{"@type":"ListItem","position":3,"name":"Bombes Revolution"}]},{"@type":"WebSite","@id":"https:\/\/www.raimaberfluidtech.com\/industrial\/ca\/#website","url":"https:\/\/www.raimaberfluidtech.com\/industrial\/ca\/","name":"Raimaber Fluid Tech [Industrial]","description":"Bombas industriales","publisher":{"@id":"https:\/\/www.raimaberfluidtech.com\/industrial\/ca\/#organization"},"potentialAction":[{"@type":"SearchAction","target":{"@type":"EntryPoint","urlTemplate":"https:\/\/www.raimaberfluidtech.com\/industrial\/ca\/?s={search_term_string}"},"query-input":{"@type":"PropertyValueSpecification","valueRequired":true,"valueName":"search_term_string"}}],"inLanguage":"ca"},{"@type":"Organization","@id":"https:\/\/www.raimaberfluidtech.com\/industrial\/ca\/#organization","name":"Raimaber Fluid Tech [Industrial]","url":"https:\/\/www.raimaberfluidtech.com\/industrial\/ca\/","logo":{"@type":"ImageObject","inLanguage":"ca","@id":"https:\/\/www.raimaberfluidtech.com\/industrial\/ca\/#\/schema\/logo\/image\/","url":"https:\/\/www.raimaberfluidtech.com\/industrial\/wp-content\/blogs.dir\/4\/files\/2012\/11\/raimaber.gif","contentUrl":"https:\/\/www.raimaberfluidtech.com\/industrial\/wp-content\/blogs.dir\/4\/files\/2012\/11\/raimaber.gif","width":"705","height":"438","caption":"Raimaber Fluid Tech [Industrial]"},"image":{"@id":"https:\/\/www.raimaberfluidtech.com\/industrial\/ca\/#\/schema\/logo\/image\/"}}]}},"_links":{"self":[{"href":"https:\/\/www.raimaberfluidtech.com\/industrial\/ca\/wp-json\/wp\/v2\/pages\/14422","targetHints":{"allow":["GET"]}}],"collection":[{"href":"https:\/\/www.raimaberfluidtech.com\/industrial\/ca\/wp-json\/wp\/v2\/pages"}],"about":[{"href":"https:\/\/www.raimaberfluidtech.com\/industrial\/ca\/wp-json\/wp\/v2\/types\/page"}],"author":[{"embeddable":true,"href":"https:\/\/www.raimaberfluidtech.com\/industrial\/ca\/wp-json\/wp\/v2\/users\/1"}],"replies":[{"embeddable":true,"href":"https:\/\/www.raimaberfluidtech.com\/industrial\/ca\/wp-json\/wp\/v2\/comments?post=14422"}],"version-history":[{"count":2,"href":"https:\/\/www.raimaberfluidtech.com\/industrial\/ca\/wp-json\/wp\/v2\/pages\/14422\/revisions"}],"predecessor-version":[{"id":17845,"href":"https:\/\/www.raimaberfluidtech.com\/industrial\/ca\/wp-json\/wp\/v2\/pages\/14422\/revisions\/17845"}],"up":[{"embeddable":true,"href":"https:\/\/www.raimaberfluidtech.com\/industrial\/ca\/wp-json\/wp\/v2\/pages\/14453"}],"wp:attachment":[{"href":"https:\/\/www.raimaberfluidtech.com\/industrial\/ca\/wp-json\/wp\/v2\/media?parent=14422"}],"curies":[{"name":"wp","href":"https:\/\/api.w.org\/{rel}","templated":true}]}}