{"id":14416,"date":"2012-12-11T16:36:50","date_gmt":"2012-12-11T16:36:50","guid":{"rendered":"https:\/\/www.raimaberfluidtech.com\/industrial\/bombes-engranatges-serie-zr-zrp\/"},"modified":"2025-04-15T09:43:10","modified_gmt":"2025-04-15T09:43:10","slug":"bombes-engranatges-serie-zr-zrp","status":"publish","type":"page","link":"https:\/\/www.raimaberfluidtech.com\/industrial\/ca\/sawa-2\/bombes-engranatges-serie-zr-zrp\/","title":{"rendered":"Bombes engranatges &#8211; S\u00e8rie ZR-ZRP"},"content":{"rendered":"<div class=\"wpb-content-wrapper\"><p>[vc_row][vc_column width=&#8221;1\/2&#8243;][vc_media_grid element_width=&#8221;6&#8243; gap=&#8221;4&#8243; grid_id=&#8221;vc_gid:1632306054455-6e83813f-9e1f-6&#8243; include=&#8221;4952,4953&#8243;][\/vc_column][vc_column width=&#8221;1\/2&#8243;][vc_custom_heading text=&#8221;Bombes engranatges &#8211; S\u00e8rie ZR-ZRP&#8221; font_container=&#8221;tag:h2|font_size:18px|text_align:left|color:%23000000&#8243; use_theme_fonts=&#8221;yes&#8221;][vc_column_text]<\/p>\n<p style=\"text-align: justify;\">La <strong>bomba d&#8217;engranatge de s\u00e8rie ZR<\/strong> de <a href=\"https:\/\/www.raimaberfluidtech.com\/industrial\/bombas-sawa\">Sawa<\/a> t\u00e9 les caracter\u00edstiques seg\u00fcents:<\/p>\n<ul style=\"text-align: justify;\">\n<li style=\"text-align: left;\">Bomba tipus engranatges externs.<\/li>\n<li style=\"text-align: left;\">Cabals de fins a 10 o 15 m3\/h.<\/li>\n<li style=\"text-align: left;\">Pressions de fins a 7 o 10 bar.<\/li>\n<li style=\"text-align: left;\">Tancament mec\u00e0nic senzill o doble amb irrigaci\u00f3.<\/li>\n<li style=\"text-align: left;\">Opcional amb tapa o cos calefactat. .<\/li>\n<li style=\"text-align: left;\">Varietat de materials fundibles.<\/li>\n<li style=\"text-align: left;\">Temperatures des de -50 \u00baC fins a +300 \u00baC.<\/li>\n<li style=\"text-align: left;\">Tancament mec\u00e0nic senzill o doble.<\/li>\n<\/ul>\n<h3>Bombes engranatges &#8211; S\u00e8rie ZR-ZRP<\/h3>\n<p style=\"text-align: justify;\"><span style=\"text-align: justify; line-height: 1.5;\">La principal caracter\u00edstica de les<\/span> <strong style=\"text-align: justify; line-height: 1.5;\">bombes d&#8217;engranatge de la s\u00e8rie ZRP<\/strong> <span style=\"text-align: justify; line-height: 1.5;\">\u00e9s el<\/span> <strong style=\"text-align: justify; line-height: 1.5;\">acoblament magn\u00e8tic<\/strong> <span style=\"text-align: justify; line-height: 1.5;\">.<\/span><\/p>\n<p>[\/vc_column_text][vc_empty_space][vc_btn title=&#8221;SOL\u00b7LICITUD D&#8217;INFORMACI\u00d3 T\u00c8CNICA&#8221; link=&#8221;url:https%3A%2F%2Fwww.raimaberfluidtech.com%2Findustrial%2Fsolicitud-informacion-tecnica%2F|title:Sol%C2%B7licitud%20informaci%C3%B3%20t%C3%A8cnica|&#8221;][\/vc_column][\/vc_row]<\/p>\n<\/div>","protected":false},"excerpt":{"rendered":"<p>[vc_row][vc_column width=&#8221;1\/2&#8243;][vc_media_grid element_width=&#8221;6&#8243; gap=&#8221;4&#8243; grid_id=&#8221;vc_gid:1632306054455-6e83813f-9e1f-6&#8243; include=&#8221;4952,4953&#8243;][\/vc_column][vc_column width=&#8221;1\/2&#8243;][vc_custom_heading text=&#8221;Bombes engranatges &#8211; S\u00e8rie ZR-ZRP&#8221; font_container=&#8221;tag:h2|font_size:18px|text_align:left|color:%23000000&#8243; use_theme_fonts=&#8221;yes&#8221;][vc_column_text] La bomba d&#8217;engranatge de s\u00e8rie ZR de Sawa t\u00e9 les caracter\u00edstiques seg\u00fcents: Bomba tipus engranatges externs. Cabals de fins a 10 o 15 m3\/h. Pressions de&#8230;<\/p>\n","protected":false},"author":1,"featured_media":0,"parent":14454,"menu_order":0,"comment_status":"closed","ping_status":"closed","template":"page-sidebar.php","meta":{"footnotes":""},"class_list":["post-14416","page","type-page","status-publish","hentry"],"yoast_head":"<!-- This site is optimized with the Yoast SEO plugin v24.3 - https:\/\/yoast.com\/wordpress\/plugins\/seo\/ -->\n<title>Distribu\u00efdor Bombes engranatge - s\u00e8rie ZR - Raimaber<\/title>\n<meta name=\"description\" content=\"Distribu\u00efdor bombes engranatge de la s\u00e8rie ZR de Sawa a Raimaber, experts del sector. Demana informaci\u00f3 sense comprom\u00eds a la web, v\u00e0lid a tot Espanya.\" \/>\n<meta name=\"robots\" content=\"index, follow, max-snippet:-1, max-image-preview:large, max-video-preview:-1\" \/>\n<link rel=\"canonical\" href=\"https:\/\/www.raimaberfluidtech.com\/industrial\/ca\/sawa-2\/bombes-engranatges-serie-zr-zrp\/\" \/>\n<meta property=\"og:locale\" content=\"ca_ES\" \/>\n<meta property=\"og:type\" content=\"article\" \/>\n<meta property=\"og:title\" content=\"Distribu\u00efdor Bombes engranatge - s\u00e8rie ZR - Raimaber\" \/>\n<meta property=\"og:description\" content=\"Distribu\u00efdor bombes engranatge de la s\u00e8rie ZR de Sawa a Raimaber, experts del sector. Demana informaci\u00f3 sense comprom\u00eds a la web, v\u00e0lid a tot Espanya.\" \/>\n<meta property=\"og:url\" content=\"https:\/\/www.raimaberfluidtech.com\/industrial\/ca\/sawa-2\/bombes-engranatges-serie-zr-zrp\/\" \/>\n<meta property=\"og:site_name\" content=\"Raimaber Fluid Tech [Industrial]\" \/>\n<meta property=\"article:modified_time\" content=\"2025-04-15T09:43:10+00:00\" \/>\n<meta name=\"twitter:label1\" content=\"Temps estimat de lectura\" \/>\n\t<meta name=\"twitter:data1\" content=\"1 minut\" \/>\n<script type=\"application\/ld+json\" class=\"yoast-schema-graph\">{\"@context\":\"https:\/\/schema.org\",\"@graph\":[{\"@type\":\"WebPage\",\"@id\":\"https:\/\/www.raimaberfluidtech.com\/industrial\/ca\/sawa-2\/bombes-engranatges-serie-zr-zrp\/\",\"url\":\"https:\/\/www.raimaberfluidtech.com\/industrial\/ca\/sawa-2\/bombes-engranatges-serie-zr-zrp\/\",\"name\":\"Distribu\u00efdor Bombes engranatge - s\u00e8rie ZR - Raimaber\",\"isPartOf\":{\"@id\":\"https:\/\/www.raimaberfluidtech.com\/industrial\/ca\/#website\"},\"datePublished\":\"2012-12-11T16:36:50+00:00\",\"dateModified\":\"2025-04-15T09:43:10+00:00\",\"description\":\"Distribu\u00efdor bombes engranatge de la s\u00e8rie ZR de Sawa a Raimaber, experts del sector. Demana informaci\u00f3 sense comprom\u00eds a la web, v\u00e0lid a tot Espanya.\",\"breadcrumb\":{\"@id\":\"https:\/\/www.raimaberfluidtech.com\/industrial\/ca\/sawa-2\/bombes-engranatges-serie-zr-zrp\/#breadcrumb\"},\"inLanguage\":\"ca\",\"potentialAction\":[{\"@type\":\"ReadAction\",\"target\":[\"https:\/\/www.raimaberfluidtech.com\/industrial\/ca\/sawa-2\/bombes-engranatges-serie-zr-zrp\/\"]}]},{\"@type\":\"BreadcrumbList\",\"@id\":\"https:\/\/www.raimaberfluidtech.com\/industrial\/ca\/sawa-2\/bombes-engranatges-serie-zr-zrp\/#breadcrumb\",\"itemListElement\":[{\"@type\":\"ListItem\",\"position\":1,\"name\":\"Home\",\"item\":\"https:\/\/www.raimaberfluidtech.com\/industrial\/ca\/\"},{\"@type\":\"ListItem\",\"position\":2,\"name\":\"Sawa\",\"item\":\"https:\/\/www.raimaberfluidtech.com\/industrial\/ca\/sawa-2\/\"},{\"@type\":\"ListItem\",\"position\":3,\"name\":\"Bombes engranatges &#8211; S\u00e8rie ZR-ZRP\"}]},{\"@type\":\"WebSite\",\"@id\":\"https:\/\/www.raimaberfluidtech.com\/industrial\/ca\/#website\",\"url\":\"https:\/\/www.raimaberfluidtech.com\/industrial\/ca\/\",\"name\":\"Raimaber Fluid Tech [Industrial]\",\"description\":\"Bombas industriales\",\"publisher\":{\"@id\":\"https:\/\/www.raimaberfluidtech.com\/industrial\/ca\/#organization\"},\"potentialAction\":[{\"@type\":\"SearchAction\",\"target\":{\"@type\":\"EntryPoint\",\"urlTemplate\":\"https:\/\/www.raimaberfluidtech.com\/industrial\/ca\/?s={search_term_string}\"},\"query-input\":{\"@type\":\"PropertyValueSpecification\",\"valueRequired\":true,\"valueName\":\"search_term_string\"}}],\"inLanguage\":\"ca\"},{\"@type\":\"Organization\",\"@id\":\"https:\/\/www.raimaberfluidtech.com\/industrial\/ca\/#organization\",\"name\":\"Raimaber Fluid Tech [Industrial]\",\"url\":\"https:\/\/www.raimaberfluidtech.com\/industrial\/ca\/\",\"logo\":{\"@type\":\"ImageObject\",\"inLanguage\":\"ca\",\"@id\":\"https:\/\/www.raimaberfluidtech.com\/industrial\/ca\/#\/schema\/logo\/image\/\",\"url\":\"https:\/\/www.raimaberfluidtech.com\/industrial\/wp-content\/blogs.dir\/4\/files\/2012\/11\/raimaber.gif\",\"contentUrl\":\"https:\/\/www.raimaberfluidtech.com\/industrial\/wp-content\/blogs.dir\/4\/files\/2012\/11\/raimaber.gif\",\"width\":\"705\",\"height\":\"438\",\"caption\":\"Raimaber Fluid Tech [Industrial]\"},\"image\":{\"@id\":\"https:\/\/www.raimaberfluidtech.com\/industrial\/ca\/#\/schema\/logo\/image\/\"}}]}<\/script>\n<!-- \/ Yoast SEO plugin. -->","yoast_head_json":{"title":"Distribu\u00efdor Bombes engranatge - s\u00e8rie ZR - Raimaber","description":"Distribu\u00efdor bombes engranatge de la s\u00e8rie ZR de Sawa a Raimaber, experts del sector. Demana informaci\u00f3 sense comprom\u00eds a la web, v\u00e0lid a tot Espanya.","robots":{"index":"index","follow":"follow","max-snippet":"max-snippet:-1","max-image-preview":"max-image-preview:large","max-video-preview":"max-video-preview:-1"},"canonical":"https:\/\/www.raimaberfluidtech.com\/industrial\/ca\/sawa-2\/bombes-engranatges-serie-zr-zrp\/","og_locale":"ca_ES","og_type":"article","og_title":"Distribu\u00efdor Bombes engranatge - s\u00e8rie ZR - Raimaber","og_description":"Distribu\u00efdor bombes engranatge de la s\u00e8rie ZR de Sawa a Raimaber, experts del sector. Demana informaci\u00f3 sense comprom\u00eds a la web, v\u00e0lid a tot Espanya.","og_url":"https:\/\/www.raimaberfluidtech.com\/industrial\/ca\/sawa-2\/bombes-engranatges-serie-zr-zrp\/","og_site_name":"Raimaber Fluid Tech [Industrial]","article_modified_time":"2025-04-15T09:43:10+00:00","twitter_misc":{"Temps estimat de lectura":"1 minut"},"schema":{"@context":"https:\/\/schema.org","@graph":[{"@type":"WebPage","@id":"https:\/\/www.raimaberfluidtech.com\/industrial\/ca\/sawa-2\/bombes-engranatges-serie-zr-zrp\/","url":"https:\/\/www.raimaberfluidtech.com\/industrial\/ca\/sawa-2\/bombes-engranatges-serie-zr-zrp\/","name":"Distribu\u00efdor Bombes engranatge - s\u00e8rie ZR - Raimaber","isPartOf":{"@id":"https:\/\/www.raimaberfluidtech.com\/industrial\/ca\/#website"},"datePublished":"2012-12-11T16:36:50+00:00","dateModified":"2025-04-15T09:43:10+00:00","description":"Distribu\u00efdor bombes engranatge de la s\u00e8rie ZR de Sawa a Raimaber, experts del sector. Demana informaci\u00f3 sense comprom\u00eds a la web, v\u00e0lid a tot Espanya.","breadcrumb":{"@id":"https:\/\/www.raimaberfluidtech.com\/industrial\/ca\/sawa-2\/bombes-engranatges-serie-zr-zrp\/#breadcrumb"},"inLanguage":"ca","potentialAction":[{"@type":"ReadAction","target":["https:\/\/www.raimaberfluidtech.com\/industrial\/ca\/sawa-2\/bombes-engranatges-serie-zr-zrp\/"]}]},{"@type":"BreadcrumbList","@id":"https:\/\/www.raimaberfluidtech.com\/industrial\/ca\/sawa-2\/bombes-engranatges-serie-zr-zrp\/#breadcrumb","itemListElement":[{"@type":"ListItem","position":1,"name":"Home","item":"https:\/\/www.raimaberfluidtech.com\/industrial\/ca\/"},{"@type":"ListItem","position":2,"name":"Sawa","item":"https:\/\/www.raimaberfluidtech.com\/industrial\/ca\/sawa-2\/"},{"@type":"ListItem","position":3,"name":"Bombes engranatges &#8211; S\u00e8rie ZR-ZRP"}]},{"@type":"WebSite","@id":"https:\/\/www.raimaberfluidtech.com\/industrial\/ca\/#website","url":"https:\/\/www.raimaberfluidtech.com\/industrial\/ca\/","name":"Raimaber Fluid Tech [Industrial]","description":"Bombas industriales","publisher":{"@id":"https:\/\/www.raimaberfluidtech.com\/industrial\/ca\/#organization"},"potentialAction":[{"@type":"SearchAction","target":{"@type":"EntryPoint","urlTemplate":"https:\/\/www.raimaberfluidtech.com\/industrial\/ca\/?s={search_term_string}"},"query-input":{"@type":"PropertyValueSpecification","valueRequired":true,"valueName":"search_term_string"}}],"inLanguage":"ca"},{"@type":"Organization","@id":"https:\/\/www.raimaberfluidtech.com\/industrial\/ca\/#organization","name":"Raimaber Fluid Tech [Industrial]","url":"https:\/\/www.raimaberfluidtech.com\/industrial\/ca\/","logo":{"@type":"ImageObject","inLanguage":"ca","@id":"https:\/\/www.raimaberfluidtech.com\/industrial\/ca\/#\/schema\/logo\/image\/","url":"https:\/\/www.raimaberfluidtech.com\/industrial\/wp-content\/blogs.dir\/4\/files\/2012\/11\/raimaber.gif","contentUrl":"https:\/\/www.raimaberfluidtech.com\/industrial\/wp-content\/blogs.dir\/4\/files\/2012\/11\/raimaber.gif","width":"705","height":"438","caption":"Raimaber Fluid Tech [Industrial]"},"image":{"@id":"https:\/\/www.raimaberfluidtech.com\/industrial\/ca\/#\/schema\/logo\/image\/"}}]}},"_links":{"self":[{"href":"https:\/\/www.raimaberfluidtech.com\/industrial\/ca\/wp-json\/wp\/v2\/pages\/14416","targetHints":{"allow":["GET"]}}],"collection":[{"href":"https:\/\/www.raimaberfluidtech.com\/industrial\/ca\/wp-json\/wp\/v2\/pages"}],"about":[{"href":"https:\/\/www.raimaberfluidtech.com\/industrial\/ca\/wp-json\/wp\/v2\/types\/page"}],"author":[{"embeddable":true,"href":"https:\/\/www.raimaberfluidtech.com\/industrial\/ca\/wp-json\/wp\/v2\/users\/1"}],"replies":[{"embeddable":true,"href":"https:\/\/www.raimaberfluidtech.com\/industrial\/ca\/wp-json\/wp\/v2\/comments?post=14416"}],"version-history":[{"count":2,"href":"https:\/\/www.raimaberfluidtech.com\/industrial\/ca\/wp-json\/wp\/v2\/pages\/14416\/revisions"}],"predecessor-version":[{"id":17755,"href":"https:\/\/www.raimaberfluidtech.com\/industrial\/ca\/wp-json\/wp\/v2\/pages\/14416\/revisions\/17755"}],"up":[{"embeddable":true,"href":"https:\/\/www.raimaberfluidtech.com\/industrial\/ca\/wp-json\/wp\/v2\/pages\/14454"}],"wp:attachment":[{"href":"https:\/\/www.raimaberfluidtech.com\/industrial\/ca\/wp-json\/wp\/v2\/media?parent=14416"}],"curies":[{"name":"wp","href":"https:\/\/api.w.org\/{rel}","templated":true}]}}