{"id":14397,"date":"2012-12-11T15:17:39","date_gmt":"2012-12-11T15:17:39","guid":{"rendered":"https:\/\/www.raimaberfluidtech.com\/industrial\/bombes-centrifugues-periferiques-serie-p-mp\/"},"modified":"2025-04-15T09:43:04","modified_gmt":"2025-04-15T09:43:04","slug":"bombes-centrifugues-periferiques-serie-p-mp","status":"publish","type":"page","link":"https:\/\/www.raimaberfluidtech.com\/industrial\/ca\/sawa-2\/bombes-centrifugues-periferiques-serie-p-mp\/","title":{"rendered":"Bombes centr\u00edfugues perif\u00e8riques S\u00e8rie P-MP"},"content":{"rendered":"<div class=\"wpb-content-wrapper\"><p>[vc_row][vc_column width=&#8221;1\/2&#8243;][vc_media_grid element_width=&#8221;6&#8243; gap=&#8221;4&#8243; grid_id=&#8221;vc_gid:1739893605115-30d4afb3-fe6f-1&#8243; include=&#8221;4945,4946,4947&#8243;][\/vc_column][vc_column width=&#8221;1\/2&#8243;][vc_custom_heading text=&#8221;Bombes centr\u00edfugues &#8211; S\u00e8rie P-MP&#8221; font_container=&#8221;tag:h2|font_size:18px|text_align:left|color:%23000000&#8243; use_theme_fonts=&#8221;yes&#8221;][vc_column_text]<\/p>\n<p style=\"text-align: justify;\">Les <strong>bombes centr\u00edfugues perif\u00e8riques de la s\u00e8rie P-MP<\/strong> de <a href=\"https:\/\/www.raimaberfluidtech.com\/industrial\/bombas-sawa\">Sawa <\/a>es poden muntar tant amb tancament mec\u00e0nic senzill o doble, tancament labial i opcional en acoblament magn\u00e8tic. Entre les seves caracter\u00edstiques destaquem:<\/p>\n<ul>\n<li style=\"text-align: justify;\">Bomba centr\u00edfuga perif\u00e8rica.<\/li>\n<li style=\"text-align: justify;\">Especialment dissenyada per al bombament de baixos cabals a alta pressi\u00f3.<\/li>\n<li style=\"text-align: justify;\">Pressions de fins a 6-7 bar, diferencial.<\/li>\n<li style=\"text-align: justify;\">Altes temperatures.<\/li>\n<li style=\"text-align: justify;\">Tancament mec\u00e0nic senzill o doble amb irrigaci\u00f3. Opcional amb acoblament magn\u00e8tic.<\/li>\n<li style=\"text-align: justify;\">Certificat ATEX.<\/li>\n<li style=\"text-align: justify;\">Tipus perif\u00e8rica.<\/li>\n<li style=\"text-align: justify;\">Fabricada amb INOX 316L.<\/li>\n<li style=\"text-align: justify;\">Cabals fins a 7m3\/h \u2013 100 mca totals \u2013 fins a 100\u00baC.<\/li>\n<\/ul>\n<p>[\/vc_column_text][vc_empty_space][vc_btn title=&#8221;SOL\u00b7LICITUD D&#8217;INFORMACI\u00d3 T\u00c8CNICA&#8221; link=&#8221;url:https%3A%2F%2Fwww.raimaberfluidtech.com%2Findustrial%2Fsolicitud-informacion-tecnica%2F|title:Sol%C2%B7licitud%20informaci%C3%B3%20t%C3%A8cnica|&#8221;][\/vc_column][\/vc_row]<\/p>\n<\/div>","protected":false},"excerpt":{"rendered":"<p>[vc_row][vc_column width=&#8221;1\/2&#8243;][vc_media_grid element_width=&#8221;6&#8243; gap=&#8221;4&#8243; grid_id=&#8221;vc_gid:1739893605115-30d4afb3-fe6f-1&#8243; include=&#8221;4945,4946,4947&#8243;][\/vc_column][vc_column width=&#8221;1\/2&#8243;][vc_custom_heading text=&#8221;Bombes centr\u00edfugues &#8211; S\u00e8rie P-MP&#8221; font_container=&#8221;tag:h2|font_size:18px|text_align:left|color:%23000000&#8243; use_theme_fonts=&#8221;yes&#8221;][vc_column_text] Les bombes centr\u00edfugues perif\u00e8riques de la s\u00e8rie P-MP de Sawa es poden muntar tant amb tancament mec\u00e0nic senzill o doble, tancament labial i opcional en acoblament&#8230;<\/p>\n","protected":false},"author":1,"featured_media":0,"parent":14454,"menu_order":0,"comment_status":"closed","ping_status":"closed","template":"page-sidebar.php","meta":{"footnotes":""},"class_list":["post-14397","page","type-page","status-publish","hentry"],"yoast_head":"<!-- This site is optimized with the Yoast SEO plugin v24.3 - https:\/\/yoast.com\/wordpress\/plugins\/seo\/ -->\n<title>Bombes centr\u00edfugues - s\u00e8rie P-MP - Raimaber<\/title>\n<meta name=\"description\" content=\"Coneix les caracter\u00edstiques de les bombes centr\u00edfugues de la s\u00e8rie P-MP a la web de Raimaber, especialistes en bombes industrials i mescladores.\" \/>\n<meta name=\"robots\" content=\"index, follow, max-snippet:-1, max-image-preview:large, max-video-preview:-1\" \/>\n<link rel=\"canonical\" href=\"https:\/\/www.raimaberfluidtech.com\/industrial\/ca\/sawa-2\/bombes-centrifugues-periferiques-serie-p-mp\/\" \/>\n<meta property=\"og:locale\" content=\"ca_ES\" \/>\n<meta property=\"og:type\" content=\"article\" \/>\n<meta property=\"og:title\" content=\"Bombes centr\u00edfugues - s\u00e8rie P-MP - Raimaber\" \/>\n<meta property=\"og:description\" content=\"Coneix les caracter\u00edstiques de les bombes centr\u00edfugues de la s\u00e8rie P-MP a la web de Raimaber, especialistes en bombes industrials i mescladores.\" \/>\n<meta property=\"og:url\" content=\"https:\/\/www.raimaberfluidtech.com\/industrial\/ca\/sawa-2\/bombes-centrifugues-periferiques-serie-p-mp\/\" \/>\n<meta property=\"og:site_name\" content=\"Raimaber Fluid Tech [Industrial]\" \/>\n<meta property=\"article:modified_time\" content=\"2025-04-15T09:43:04+00:00\" \/>\n<meta name=\"twitter:label1\" content=\"Temps estimat de lectura\" \/>\n\t<meta name=\"twitter:data1\" content=\"1 minut\" \/>\n<script type=\"application\/ld+json\" class=\"yoast-schema-graph\">{\"@context\":\"https:\/\/schema.org\",\"@graph\":[{\"@type\":\"WebPage\",\"@id\":\"https:\/\/www.raimaberfluidtech.com\/industrial\/ca\/sawa-2\/bombes-centrifugues-periferiques-serie-p-mp\/\",\"url\":\"https:\/\/www.raimaberfluidtech.com\/industrial\/ca\/sawa-2\/bombes-centrifugues-periferiques-serie-p-mp\/\",\"name\":\"Bombes centr\u00edfugues - s\u00e8rie P-MP - Raimaber\",\"isPartOf\":{\"@id\":\"https:\/\/www.raimaberfluidtech.com\/industrial\/ca\/#website\"},\"datePublished\":\"2012-12-11T15:17:39+00:00\",\"dateModified\":\"2025-04-15T09:43:04+00:00\",\"description\":\"Coneix les caracter\u00edstiques de les bombes centr\u00edfugues de la s\u00e8rie P-MP a la web de Raimaber, especialistes en bombes industrials i mescladores.\",\"breadcrumb\":{\"@id\":\"https:\/\/www.raimaberfluidtech.com\/industrial\/ca\/sawa-2\/bombes-centrifugues-periferiques-serie-p-mp\/#breadcrumb\"},\"inLanguage\":\"ca\",\"potentialAction\":[{\"@type\":\"ReadAction\",\"target\":[\"https:\/\/www.raimaberfluidtech.com\/industrial\/ca\/sawa-2\/bombes-centrifugues-periferiques-serie-p-mp\/\"]}]},{\"@type\":\"BreadcrumbList\",\"@id\":\"https:\/\/www.raimaberfluidtech.com\/industrial\/ca\/sawa-2\/bombes-centrifugues-periferiques-serie-p-mp\/#breadcrumb\",\"itemListElement\":[{\"@type\":\"ListItem\",\"position\":1,\"name\":\"Home\",\"item\":\"https:\/\/www.raimaberfluidtech.com\/industrial\/ca\/\"},{\"@type\":\"ListItem\",\"position\":2,\"name\":\"Sawa\",\"item\":\"https:\/\/www.raimaberfluidtech.com\/industrial\/ca\/sawa-2\/\"},{\"@type\":\"ListItem\",\"position\":3,\"name\":\"Bombes centr\u00edfugues perif\u00e8riques S\u00e8rie P-MP\"}]},{\"@type\":\"WebSite\",\"@id\":\"https:\/\/www.raimaberfluidtech.com\/industrial\/ca\/#website\",\"url\":\"https:\/\/www.raimaberfluidtech.com\/industrial\/ca\/\",\"name\":\"Raimaber Fluid Tech [Industrial]\",\"description\":\"Bombas industriales\",\"publisher\":{\"@id\":\"https:\/\/www.raimaberfluidtech.com\/industrial\/ca\/#organization\"},\"potentialAction\":[{\"@type\":\"SearchAction\",\"target\":{\"@type\":\"EntryPoint\",\"urlTemplate\":\"https:\/\/www.raimaberfluidtech.com\/industrial\/ca\/?s={search_term_string}\"},\"query-input\":{\"@type\":\"PropertyValueSpecification\",\"valueRequired\":true,\"valueName\":\"search_term_string\"}}],\"inLanguage\":\"ca\"},{\"@type\":\"Organization\",\"@id\":\"https:\/\/www.raimaberfluidtech.com\/industrial\/ca\/#organization\",\"name\":\"Raimaber Fluid Tech [Industrial]\",\"url\":\"https:\/\/www.raimaberfluidtech.com\/industrial\/ca\/\",\"logo\":{\"@type\":\"ImageObject\",\"inLanguage\":\"ca\",\"@id\":\"https:\/\/www.raimaberfluidtech.com\/industrial\/ca\/#\/schema\/logo\/image\/\",\"url\":\"https:\/\/www.raimaberfluidtech.com\/industrial\/wp-content\/blogs.dir\/4\/files\/2012\/11\/raimaber.gif\",\"contentUrl\":\"https:\/\/www.raimaberfluidtech.com\/industrial\/wp-content\/blogs.dir\/4\/files\/2012\/11\/raimaber.gif\",\"width\":\"705\",\"height\":\"438\",\"caption\":\"Raimaber Fluid Tech [Industrial]\"},\"image\":{\"@id\":\"https:\/\/www.raimaberfluidtech.com\/industrial\/ca\/#\/schema\/logo\/image\/\"}}]}<\/script>\n<!-- \/ Yoast SEO plugin. -->","yoast_head_json":{"title":"Bombes centr\u00edfugues - s\u00e8rie P-MP - Raimaber","description":"Coneix les caracter\u00edstiques de les bombes centr\u00edfugues de la s\u00e8rie P-MP a la web de Raimaber, especialistes en bombes industrials i mescladores.","robots":{"index":"index","follow":"follow","max-snippet":"max-snippet:-1","max-image-preview":"max-image-preview:large","max-video-preview":"max-video-preview:-1"},"canonical":"https:\/\/www.raimaberfluidtech.com\/industrial\/ca\/sawa-2\/bombes-centrifugues-periferiques-serie-p-mp\/","og_locale":"ca_ES","og_type":"article","og_title":"Bombes centr\u00edfugues - s\u00e8rie P-MP - Raimaber","og_description":"Coneix les caracter\u00edstiques de les bombes centr\u00edfugues de la s\u00e8rie P-MP a la web de Raimaber, especialistes en bombes industrials i mescladores.","og_url":"https:\/\/www.raimaberfluidtech.com\/industrial\/ca\/sawa-2\/bombes-centrifugues-periferiques-serie-p-mp\/","og_site_name":"Raimaber Fluid Tech [Industrial]","article_modified_time":"2025-04-15T09:43:04+00:00","twitter_misc":{"Temps estimat de lectura":"1 minut"},"schema":{"@context":"https:\/\/schema.org","@graph":[{"@type":"WebPage","@id":"https:\/\/www.raimaberfluidtech.com\/industrial\/ca\/sawa-2\/bombes-centrifugues-periferiques-serie-p-mp\/","url":"https:\/\/www.raimaberfluidtech.com\/industrial\/ca\/sawa-2\/bombes-centrifugues-periferiques-serie-p-mp\/","name":"Bombes centr\u00edfugues - s\u00e8rie P-MP - Raimaber","isPartOf":{"@id":"https:\/\/www.raimaberfluidtech.com\/industrial\/ca\/#website"},"datePublished":"2012-12-11T15:17:39+00:00","dateModified":"2025-04-15T09:43:04+00:00","description":"Coneix les caracter\u00edstiques de les bombes centr\u00edfugues de la s\u00e8rie P-MP a la web de Raimaber, especialistes en bombes industrials i mescladores.","breadcrumb":{"@id":"https:\/\/www.raimaberfluidtech.com\/industrial\/ca\/sawa-2\/bombes-centrifugues-periferiques-serie-p-mp\/#breadcrumb"},"inLanguage":"ca","potentialAction":[{"@type":"ReadAction","target":["https:\/\/www.raimaberfluidtech.com\/industrial\/ca\/sawa-2\/bombes-centrifugues-periferiques-serie-p-mp\/"]}]},{"@type":"BreadcrumbList","@id":"https:\/\/www.raimaberfluidtech.com\/industrial\/ca\/sawa-2\/bombes-centrifugues-periferiques-serie-p-mp\/#breadcrumb","itemListElement":[{"@type":"ListItem","position":1,"name":"Home","item":"https:\/\/www.raimaberfluidtech.com\/industrial\/ca\/"},{"@type":"ListItem","position":2,"name":"Sawa","item":"https:\/\/www.raimaberfluidtech.com\/industrial\/ca\/sawa-2\/"},{"@type":"ListItem","position":3,"name":"Bombes centr\u00edfugues perif\u00e8riques S\u00e8rie P-MP"}]},{"@type":"WebSite","@id":"https:\/\/www.raimaberfluidtech.com\/industrial\/ca\/#website","url":"https:\/\/www.raimaberfluidtech.com\/industrial\/ca\/","name":"Raimaber Fluid Tech [Industrial]","description":"Bombas industriales","publisher":{"@id":"https:\/\/www.raimaberfluidtech.com\/industrial\/ca\/#organization"},"potentialAction":[{"@type":"SearchAction","target":{"@type":"EntryPoint","urlTemplate":"https:\/\/www.raimaberfluidtech.com\/industrial\/ca\/?s={search_term_string}"},"query-input":{"@type":"PropertyValueSpecification","valueRequired":true,"valueName":"search_term_string"}}],"inLanguage":"ca"},{"@type":"Organization","@id":"https:\/\/www.raimaberfluidtech.com\/industrial\/ca\/#organization","name":"Raimaber Fluid Tech [Industrial]","url":"https:\/\/www.raimaberfluidtech.com\/industrial\/ca\/","logo":{"@type":"ImageObject","inLanguage":"ca","@id":"https:\/\/www.raimaberfluidtech.com\/industrial\/ca\/#\/schema\/logo\/image\/","url":"https:\/\/www.raimaberfluidtech.com\/industrial\/wp-content\/blogs.dir\/4\/files\/2012\/11\/raimaber.gif","contentUrl":"https:\/\/www.raimaberfluidtech.com\/industrial\/wp-content\/blogs.dir\/4\/files\/2012\/11\/raimaber.gif","width":"705","height":"438","caption":"Raimaber Fluid Tech [Industrial]"},"image":{"@id":"https:\/\/www.raimaberfluidtech.com\/industrial\/ca\/#\/schema\/logo\/image\/"}}]}},"_links":{"self":[{"href":"https:\/\/www.raimaberfluidtech.com\/industrial\/ca\/wp-json\/wp\/v2\/pages\/14397","targetHints":{"allow":["GET"]}}],"collection":[{"href":"https:\/\/www.raimaberfluidtech.com\/industrial\/ca\/wp-json\/wp\/v2\/pages"}],"about":[{"href":"https:\/\/www.raimaberfluidtech.com\/industrial\/ca\/wp-json\/wp\/v2\/types\/page"}],"author":[{"embeddable":true,"href":"https:\/\/www.raimaberfluidtech.com\/industrial\/ca\/wp-json\/wp\/v2\/users\/1"}],"replies":[{"embeddable":true,"href":"https:\/\/www.raimaberfluidtech.com\/industrial\/ca\/wp-json\/wp\/v2\/comments?post=14397"}],"version-history":[{"count":11,"href":"https:\/\/www.raimaberfluidtech.com\/industrial\/ca\/wp-json\/wp\/v2\/pages\/14397\/revisions"}],"predecessor-version":[{"id":17747,"href":"https:\/\/www.raimaberfluidtech.com\/industrial\/ca\/wp-json\/wp\/v2\/pages\/14397\/revisions\/17747"}],"up":[{"embeddable":true,"href":"https:\/\/www.raimaberfluidtech.com\/industrial\/ca\/wp-json\/wp\/v2\/pages\/14454"}],"wp:attachment":[{"href":"https:\/\/www.raimaberfluidtech.com\/industrial\/ca\/wp-json\/wp\/v2\/media?parent=14397"}],"curies":[{"name":"wp","href":"https:\/\/api.w.org\/{rel}","templated":true}]}}