{"id":14396,"date":"2012-12-12T08:40:52","date_gmt":"2012-12-12T08:40:52","guid":{"rendered":"https:\/\/www.raimaberfluidtech.com\/industrial\/bombes-centrifugues-series-b-m-mb-i-p\/"},"modified":"2025-04-15T10:12:35","modified_gmt":"2025-04-15T10:12:35","slug":"bombes-centrifugues-series-b-m-mb-i-p","status":"publish","type":"page","link":"https:\/\/www.raimaberfluidtech.com\/industrial\/ca\/oberdorfer-pumps-inc\/bombes-centrifugues-series-b-m-mb-i-p\/","title":{"rendered":"Bombes centr\u00edfugues &#8211; S\u00e8ries B, M, MB i P"},"content":{"rendered":"<div class=\"wpb-content-wrapper\"><p>[vc_row][vc_column width=&#8221;1\/2&#8243;][vc_media_grid element_width=&#8221;6&#8243; gap=&#8221;4&#8243; grid_id=&#8221;vc_gid:1632309549156-61657eb6-5374-4&#8243; include=&#8221;3100,5050,2887,2888,5049&#8243;][\/vc_column][vc_column width=&#8221;1\/2&#8243;][vc_custom_heading text=&#8221;Bombes centr\u00edfugues &#8211; S\u00e8ries B, M, MB i P&#8221; font_container=&#8221;tag:h2|font_size:18px|text_align:left|color:%23000000&#8243; use_theme_fonts=&#8221;yes&#8221;][vc_column_text]Les principals caracter\u00edstiques de les <strong>bombes centr\u00edfugues Oberdorfer<\/strong> s\u00f3n les seg\u00fcents:<\/p>\n<ul>\n<li style=\"text-align: justify;\">Cabals fins a 45 <sup>m3<\/sup> \/h.<\/li>\n<li style=\"text-align: justify;\">Al\u00e7ades de fins a 34 mca.<\/li>\n<li style=\"text-align: justify;\">Materials de construcci\u00f3: Bronze o Termopl\u00e0stic.<\/li>\n<li style=\"text-align: justify;\">Muntatge monobloc o amb rodaments exteriors.<\/li>\n<li style=\"text-align: justify;\">Opcional bomba autoaspirant.<\/li>\n<li style=\"text-align: justify;\">Motors el\u00e8ctrics, opcional amb motor de 12, 24 o 32 V. Tamb\u00e9 amb motors de gasolina o di\u00e8sel.<\/li>\n<li style=\"text-align: justify;\">Bombes fabricades amb la normativa Guarda Costa 33 CFR 183.410-a.<\/li>\n<\/ul>\n<p>[\/vc_column_text][vc_empty_space][vc_btn title=&#8221;SOL\u00b7LICITUD D&#8217;INFORMACI\u00d3 T\u00c8CNICA&#8221; link=&#8221;url:https%3A%2F%2Fwww.raimaberfluidtech.com%2Findustrial%2Fsolicitud-informacion-tecnica%2F|title:Sol%C2%B7licitud%20informaci%C3%B3%20t%C3%A8cnica|&#8221;][\/vc_column][\/vc_row]<\/p>\n<\/div>","protected":false},"excerpt":{"rendered":"<p>[vc_row][vc_column width=&#8221;1\/2&#8243;][vc_media_grid element_width=&#8221;6&#8243; gap=&#8221;4&#8243; grid_id=&#8221;vc_gid:1632309549156-61657eb6-5374-4&#8243; include=&#8221;3100,5050,2887,2888,5049&#8243;][\/vc_column][vc_column width=&#8221;1\/2&#8243;][vc_custom_heading text=&#8221;Bombes centr\u00edfugues &#8211; S\u00e8ries B, M, MB i P&#8221; font_container=&#8221;tag:h2|font_size:18px|text_align:left|color:%23000000&#8243; use_theme_fonts=&#8221;yes&#8221;][vc_column_text]Les principals caracter\u00edstiques de les bombes centr\u00edfugues Oberdorfer s\u00f3n les seg\u00fcents: Cabals fins a 45 m3 \/h. Al\u00e7ades de fins a 34 mca&#8230;.<\/p>\n","protected":false},"author":1,"featured_media":0,"parent":14434,"menu_order":0,"comment_status":"closed","ping_status":"closed","template":"page-sidebar.php","meta":{"footnotes":""},"class_list":["post-14396","page","type-page","status-publish","hentry"],"yoast_head":"<!-- This site is optimized with the Yoast SEO plugin v24.3 - https:\/\/yoast.com\/wordpress\/plugins\/seo\/ -->\n<title>Bombes centr\u00edfugues Espanya - Raimaber<\/title>\n<meta name=\"description\" content=\"Consulta les caracter\u00edstiques de les bombes centr\u00edfugues Oberdorfer a la web de Raimaber, especialistes en agitadors de biog\u00e0s i bombes industrials.\" \/>\n<meta name=\"robots\" content=\"index, follow, max-snippet:-1, max-image-preview:large, max-video-preview:-1\" \/>\n<link rel=\"canonical\" href=\"https:\/\/www.raimaberfluidtech.com\/industrial\/ca\/oberdorfer-pumps-inc\/bombes-centrifugues-series-b-m-mb-i-p\/\" \/>\n<meta property=\"og:locale\" content=\"ca_ES\" \/>\n<meta property=\"og:type\" content=\"article\" \/>\n<meta property=\"og:title\" content=\"Bombes centr\u00edfugues Espanya - Raimaber\" \/>\n<meta property=\"og:description\" content=\"Consulta les caracter\u00edstiques de les bombes centr\u00edfugues Oberdorfer a la web de Raimaber, especialistes en agitadors de biog\u00e0s i bombes industrials.\" \/>\n<meta property=\"og:url\" content=\"https:\/\/www.raimaberfluidtech.com\/industrial\/ca\/oberdorfer-pumps-inc\/bombes-centrifugues-series-b-m-mb-i-p\/\" \/>\n<meta property=\"og:site_name\" content=\"Raimaber Fluid Tech [Industrial]\" \/>\n<meta property=\"article:modified_time\" content=\"2025-04-15T10:12:35+00:00\" \/>\n<meta name=\"twitter:label1\" content=\"Temps estimat de lectura\" \/>\n\t<meta name=\"twitter:data1\" content=\"1 minut\" \/>\n<script type=\"application\/ld+json\" class=\"yoast-schema-graph\">{\"@context\":\"https:\/\/schema.org\",\"@graph\":[{\"@type\":\"WebPage\",\"@id\":\"https:\/\/www.raimaberfluidtech.com\/industrial\/ca\/oberdorfer-pumps-inc\/bombes-centrifugues-series-b-m-mb-i-p\/\",\"url\":\"https:\/\/www.raimaberfluidtech.com\/industrial\/ca\/oberdorfer-pumps-inc\/bombes-centrifugues-series-b-m-mb-i-p\/\",\"name\":\"Bombes centr\u00edfugues Espanya - Raimaber\",\"isPartOf\":{\"@id\":\"https:\/\/www.raimaberfluidtech.com\/industrial\/ca\/#website\"},\"datePublished\":\"2012-12-12T08:40:52+00:00\",\"dateModified\":\"2025-04-15T10:12:35+00:00\",\"description\":\"Consulta les caracter\u00edstiques de les bombes centr\u00edfugues Oberdorfer a la web de Raimaber, especialistes en agitadors de biog\u00e0s i bombes industrials.\",\"breadcrumb\":{\"@id\":\"https:\/\/www.raimaberfluidtech.com\/industrial\/ca\/oberdorfer-pumps-inc\/bombes-centrifugues-series-b-m-mb-i-p\/#breadcrumb\"},\"inLanguage\":\"ca\",\"potentialAction\":[{\"@type\":\"ReadAction\",\"target\":[\"https:\/\/www.raimaberfluidtech.com\/industrial\/ca\/oberdorfer-pumps-inc\/bombes-centrifugues-series-b-m-mb-i-p\/\"]}]},{\"@type\":\"BreadcrumbList\",\"@id\":\"https:\/\/www.raimaberfluidtech.com\/industrial\/ca\/oberdorfer-pumps-inc\/bombes-centrifugues-series-b-m-mb-i-p\/#breadcrumb\",\"itemListElement\":[{\"@type\":\"ListItem\",\"position\":1,\"name\":\"Home\",\"item\":\"https:\/\/www.raimaberfluidtech.com\/industrial\/ca\/\"},{\"@type\":\"ListItem\",\"position\":2,\"name\":\"Oberdorfer Pumps Inc.\",\"item\":\"https:\/\/www.raimaberfluidtech.com\/industrial\/ca\/oberdorfer-pumps-inc\/\"},{\"@type\":\"ListItem\",\"position\":3,\"name\":\"Bombes centr\u00edfugues &#8211; S\u00e8ries B, M, MB i P\"}]},{\"@type\":\"WebSite\",\"@id\":\"https:\/\/www.raimaberfluidtech.com\/industrial\/ca\/#website\",\"url\":\"https:\/\/www.raimaberfluidtech.com\/industrial\/ca\/\",\"name\":\"Raimaber Fluid Tech [Industrial]\",\"description\":\"Bombas industriales\",\"publisher\":{\"@id\":\"https:\/\/www.raimaberfluidtech.com\/industrial\/ca\/#organization\"},\"potentialAction\":[{\"@type\":\"SearchAction\",\"target\":{\"@type\":\"EntryPoint\",\"urlTemplate\":\"https:\/\/www.raimaberfluidtech.com\/industrial\/ca\/?s={search_term_string}\"},\"query-input\":{\"@type\":\"PropertyValueSpecification\",\"valueRequired\":true,\"valueName\":\"search_term_string\"}}],\"inLanguage\":\"ca\"},{\"@type\":\"Organization\",\"@id\":\"https:\/\/www.raimaberfluidtech.com\/industrial\/ca\/#organization\",\"name\":\"Raimaber Fluid Tech [Industrial]\",\"url\":\"https:\/\/www.raimaberfluidtech.com\/industrial\/ca\/\",\"logo\":{\"@type\":\"ImageObject\",\"inLanguage\":\"ca\",\"@id\":\"https:\/\/www.raimaberfluidtech.com\/industrial\/ca\/#\/schema\/logo\/image\/\",\"url\":\"https:\/\/www.raimaberfluidtech.com\/industrial\/wp-content\/blogs.dir\/4\/files\/2012\/11\/raimaber.gif\",\"contentUrl\":\"https:\/\/www.raimaberfluidtech.com\/industrial\/wp-content\/blogs.dir\/4\/files\/2012\/11\/raimaber.gif\",\"width\":\"705\",\"height\":\"438\",\"caption\":\"Raimaber Fluid Tech [Industrial]\"},\"image\":{\"@id\":\"https:\/\/www.raimaberfluidtech.com\/industrial\/ca\/#\/schema\/logo\/image\/\"}}]}<\/script>\n<!-- \/ Yoast SEO plugin. -->","yoast_head_json":{"title":"Bombes centr\u00edfugues Espanya - Raimaber","description":"Consulta les caracter\u00edstiques de les bombes centr\u00edfugues Oberdorfer a la web de Raimaber, especialistes en agitadors de biog\u00e0s i bombes industrials.","robots":{"index":"index","follow":"follow","max-snippet":"max-snippet:-1","max-image-preview":"max-image-preview:large","max-video-preview":"max-video-preview:-1"},"canonical":"https:\/\/www.raimaberfluidtech.com\/industrial\/ca\/oberdorfer-pumps-inc\/bombes-centrifugues-series-b-m-mb-i-p\/","og_locale":"ca_ES","og_type":"article","og_title":"Bombes centr\u00edfugues Espanya - Raimaber","og_description":"Consulta les caracter\u00edstiques de les bombes centr\u00edfugues Oberdorfer a la web de Raimaber, especialistes en agitadors de biog\u00e0s i bombes industrials.","og_url":"https:\/\/www.raimaberfluidtech.com\/industrial\/ca\/oberdorfer-pumps-inc\/bombes-centrifugues-series-b-m-mb-i-p\/","og_site_name":"Raimaber Fluid Tech [Industrial]","article_modified_time":"2025-04-15T10:12:35+00:00","twitter_misc":{"Temps estimat de lectura":"1 minut"},"schema":{"@context":"https:\/\/schema.org","@graph":[{"@type":"WebPage","@id":"https:\/\/www.raimaberfluidtech.com\/industrial\/ca\/oberdorfer-pumps-inc\/bombes-centrifugues-series-b-m-mb-i-p\/","url":"https:\/\/www.raimaberfluidtech.com\/industrial\/ca\/oberdorfer-pumps-inc\/bombes-centrifugues-series-b-m-mb-i-p\/","name":"Bombes centr\u00edfugues Espanya - Raimaber","isPartOf":{"@id":"https:\/\/www.raimaberfluidtech.com\/industrial\/ca\/#website"},"datePublished":"2012-12-12T08:40:52+00:00","dateModified":"2025-04-15T10:12:35+00:00","description":"Consulta les caracter\u00edstiques de les bombes centr\u00edfugues Oberdorfer a la web de Raimaber, especialistes en agitadors de biog\u00e0s i bombes industrials.","breadcrumb":{"@id":"https:\/\/www.raimaberfluidtech.com\/industrial\/ca\/oberdorfer-pumps-inc\/bombes-centrifugues-series-b-m-mb-i-p\/#breadcrumb"},"inLanguage":"ca","potentialAction":[{"@type":"ReadAction","target":["https:\/\/www.raimaberfluidtech.com\/industrial\/ca\/oberdorfer-pumps-inc\/bombes-centrifugues-series-b-m-mb-i-p\/"]}]},{"@type":"BreadcrumbList","@id":"https:\/\/www.raimaberfluidtech.com\/industrial\/ca\/oberdorfer-pumps-inc\/bombes-centrifugues-series-b-m-mb-i-p\/#breadcrumb","itemListElement":[{"@type":"ListItem","position":1,"name":"Home","item":"https:\/\/www.raimaberfluidtech.com\/industrial\/ca\/"},{"@type":"ListItem","position":2,"name":"Oberdorfer Pumps Inc.","item":"https:\/\/www.raimaberfluidtech.com\/industrial\/ca\/oberdorfer-pumps-inc\/"},{"@type":"ListItem","position":3,"name":"Bombes centr\u00edfugues &#8211; S\u00e8ries B, M, MB i P"}]},{"@type":"WebSite","@id":"https:\/\/www.raimaberfluidtech.com\/industrial\/ca\/#website","url":"https:\/\/www.raimaberfluidtech.com\/industrial\/ca\/","name":"Raimaber Fluid Tech [Industrial]","description":"Bombas industriales","publisher":{"@id":"https:\/\/www.raimaberfluidtech.com\/industrial\/ca\/#organization"},"potentialAction":[{"@type":"SearchAction","target":{"@type":"EntryPoint","urlTemplate":"https:\/\/www.raimaberfluidtech.com\/industrial\/ca\/?s={search_term_string}"},"query-input":{"@type":"PropertyValueSpecification","valueRequired":true,"valueName":"search_term_string"}}],"inLanguage":"ca"},{"@type":"Organization","@id":"https:\/\/www.raimaberfluidtech.com\/industrial\/ca\/#organization","name":"Raimaber Fluid Tech [Industrial]","url":"https:\/\/www.raimaberfluidtech.com\/industrial\/ca\/","logo":{"@type":"ImageObject","inLanguage":"ca","@id":"https:\/\/www.raimaberfluidtech.com\/industrial\/ca\/#\/schema\/logo\/image\/","url":"https:\/\/www.raimaberfluidtech.com\/industrial\/wp-content\/blogs.dir\/4\/files\/2012\/11\/raimaber.gif","contentUrl":"https:\/\/www.raimaberfluidtech.com\/industrial\/wp-content\/blogs.dir\/4\/files\/2012\/11\/raimaber.gif","width":"705","height":"438","caption":"Raimaber Fluid Tech [Industrial]"},"image":{"@id":"https:\/\/www.raimaberfluidtech.com\/industrial\/ca\/#\/schema\/logo\/image\/"}}]}},"_links":{"self":[{"href":"https:\/\/www.raimaberfluidtech.com\/industrial\/ca\/wp-json\/wp\/v2\/pages\/14396","targetHints":{"allow":["GET"]}}],"collection":[{"href":"https:\/\/www.raimaberfluidtech.com\/industrial\/ca\/wp-json\/wp\/v2\/pages"}],"about":[{"href":"https:\/\/www.raimaberfluidtech.com\/industrial\/ca\/wp-json\/wp\/v2\/types\/page"}],"author":[{"embeddable":true,"href":"https:\/\/www.raimaberfluidtech.com\/industrial\/ca\/wp-json\/wp\/v2\/users\/1"}],"replies":[{"embeddable":true,"href":"https:\/\/www.raimaberfluidtech.com\/industrial\/ca\/wp-json\/wp\/v2\/comments?post=14396"}],"version-history":[{"count":2,"href":"https:\/\/www.raimaberfluidtech.com\/industrial\/ca\/wp-json\/wp\/v2\/pages\/14396\/revisions"}],"predecessor-version":[{"id":18069,"href":"https:\/\/www.raimaberfluidtech.com\/industrial\/ca\/wp-json\/wp\/v2\/pages\/14396\/revisions\/18069"}],"up":[{"embeddable":true,"href":"https:\/\/www.raimaberfluidtech.com\/industrial\/ca\/wp-json\/wp\/v2\/pages\/14434"}],"wp:attachment":[{"href":"https:\/\/www.raimaberfluidtech.com\/industrial\/ca\/wp-json\/wp\/v2\/media?parent=14396"}],"curies":[{"name":"wp","href":"https:\/\/api.w.org\/{rel}","templated":true}]}}