{"id":14385,"date":"2012-12-18T10:32:00","date_gmt":"2012-12-18T10:32:00","guid":{"rendered":"https:\/\/www.raimaberfluidtech.com\/industrial\/homogeneitzador-serie-z\/"},"modified":"2025-04-15T09:54:17","modified_gmt":"2025-04-15T09:54:17","slug":"homogeneitzador-serie-z","status":"publish","type":"page","link":"https:\/\/www.raimaberfluidtech.com\/industrial\/ca\/ytron-2\/homogeneitzador-serie-z\/","title":{"rendered":"Homogene\u00eftzador &#8211; S\u00e8rie Z"},"content":{"rendered":"<div class=\"wpb-content-wrapper\"><p>[vc_row][vc_column width=&#8221;1\/2&#8243;][vc_media_grid element_width=&#8221;6&#8243; gap=&#8221;4&#8243; grid_id=&#8221;vc_gid:1632308312972-421df0ad-afac-5&#8243; include=&#8221;1099,1100,1101&#8243;][\/vc_column][vc_column width=&#8221;1\/2&#8243;][vc_custom_heading text=&#8221;Homogene\u00eftzador &#8211; S\u00e8rie Z&#8221; font_container=&#8221;tag:h2|font_size:18px|text_align:left|color:%23000000&#8243; use_theme_fonts=&#8221;yes&#8221;][vc_column_text]<\/p>\n<div class=\"in-content col-1\" style=\"text-align: justify;\">\n<p>Presentem l&#8217; <strong>homogene\u00eftzador de la s\u00e8rie Z<\/strong> d&#8217; <a href=\"https:\/\/www.raimaberfluidtech.com\/industrial\/ytron\">Ytron<\/a> , les seves caracter\u00edstiques s\u00f3n les seg\u00fcents:<\/p>\n<ul>\n<li>Dispersi\u00f3 i emulsificaci\u00f3 en un sol pas, reduint temps i mantenint qualitat de producte.<\/li>\n<li>El pas for\u00e7at pel reactor Z permet repetibilitat.<\/li>\n<li>Tamb\u00e9 per a productes sensibles a la cisalla, com el iogurt, s\u00e8rum, formatge fresc, formatge en crema, sempre a baixes rpm.<\/li>\n<li>Tamb\u00e9 t\u00e9 experi\u00e8ncia en homogene\u00eftzar olis arom\u00e0tics en l\u00edquids.<\/li>\n<li>El gir a alta velocitat permet reduir la mida de part\u00edcula fins a aprox 1 \u00b5m.<\/li>\n<li>Capa\u00e7 de muntar fins a 3 rotor-stator, al mateix cos, sense modificacions.<\/li>\n<li>Disseny sanitari, ideal per a la ind\u00fastria aliment\u00e0ria, cosm\u00e8tica o farmac\u00e8utica.<\/li>\n<li>Moltes vegades \u00e9s possible substituir un homogeneitzador, reduint costos d&#8217;operaci\u00f3, energ\u00e8tics i de manteniment.<\/li>\n<li>Aplicacions aliments: pur\u00e9 de fruites, salses, iogurt, maionesa.<\/li>\n<\/ul>\n<\/div>\n<p>[\/vc_column_text][vc_empty_space][vc_btn title=&#8221;SOL\u00b7LICITUD D&#8217;INFORMACI\u00d3 T\u00c8CNICA&#8221; link=&#8221;url:https%3A%2F%2Fwww.raimaberfluidtech.com%2Findustrial%2Fsolicitud-informacion-tecnica%2F|title:Sol%C2%B7licitud%20informaci%C3%B3%20t%C3%A8cnica|&#8221;][\/vc_column][\/vc_row]<\/p>\n<\/div>","protected":false},"excerpt":{"rendered":"<p>[vc_row][vc_column width=&#8221;1\/2&#8243;][vc_media_grid element_width=&#8221;6&#8243; gap=&#8221;4&#8243; grid_id=&#8221;vc_gid:1632308312972-421df0ad-afac-5&#8243; include=&#8221;1099,1100,1101&#8243;][\/vc_column][vc_column width=&#8221;1\/2&#8243;][vc_custom_heading text=&#8221;Homogene\u00eftzador &#8211; S\u00e8rie Z&#8221; font_container=&#8221;tag:h2|font_size:18px|text_align:left|color:%23000000&#8243; use_theme_fonts=&#8221;yes&#8221;][vc_column_text] Presentem l&#8217; homogene\u00eftzador de la s\u00e8rie Z d&#8217; Ytron , les seves caracter\u00edstiques s\u00f3n les seg\u00fcents: Dispersi\u00f3 i emulsificaci\u00f3 en un sol pas, reduint temps i mantenint&#8230;<\/p>\n","protected":false},"author":1,"featured_media":0,"parent":14388,"menu_order":0,"comment_status":"closed","ping_status":"closed","template":"page-sidebar.php","meta":{"footnotes":""},"class_list":["post-14385","page","type-page","status-publish","hentry"],"yoast_head":"<!-- This site is optimized with the Yoast SEO plugin v24.3 - https:\/\/yoast.com\/wordpress\/plugins\/seo\/ -->\n<title>Distribu\u00efdor Homogene\u00eftzador - s\u00e8rie Z - Raimaber<\/title>\n<meta name=\"description\" content=\"Consulta les principals caracter\u00edstiques de l&#039;homogene\u00eftzador de la s\u00e8rie Z d&#039;YTRON a la nostra web. Som distribu\u00efdors de l&#039;homogene\u00eftzador de la s\u00e8rie Z de YTRON\" \/>\n<meta name=\"robots\" content=\"index, follow, max-snippet:-1, max-image-preview:large, max-video-preview:-1\" \/>\n<link rel=\"canonical\" href=\"https:\/\/www.raimaberfluidtech.com\/industrial\/ca\/ytron-2\/homogeneitzador-serie-z\/\" \/>\n<meta property=\"og:locale\" content=\"ca_ES\" \/>\n<meta property=\"og:type\" content=\"article\" \/>\n<meta property=\"og:title\" content=\"Distribu\u00efdor Homogene\u00eftzador - s\u00e8rie Z - Raimaber\" \/>\n<meta property=\"og:description\" content=\"Consulta les principals caracter\u00edstiques de l&#039;homogene\u00eftzador de la s\u00e8rie Z d&#039;YTRON a la nostra web. Som distribu\u00efdors de l&#039;homogene\u00eftzador de la s\u00e8rie Z de YTRON\" \/>\n<meta property=\"og:url\" content=\"https:\/\/www.raimaberfluidtech.com\/industrial\/ca\/ytron-2\/homogeneitzador-serie-z\/\" \/>\n<meta property=\"og:site_name\" content=\"Raimaber Fluid Tech [Industrial]\" \/>\n<meta property=\"article:modified_time\" content=\"2025-04-15T09:54:17+00:00\" \/>\n<meta name=\"twitter:label1\" content=\"Temps estimat de lectura\" \/>\n\t<meta name=\"twitter:data1\" content=\"1 minut\" \/>\n<script type=\"application\/ld+json\" class=\"yoast-schema-graph\">{\"@context\":\"https:\/\/schema.org\",\"@graph\":[{\"@type\":\"WebPage\",\"@id\":\"https:\/\/www.raimaberfluidtech.com\/industrial\/ca\/ytron-2\/homogeneitzador-serie-z\/\",\"url\":\"https:\/\/www.raimaberfluidtech.com\/industrial\/ca\/ytron-2\/homogeneitzador-serie-z\/\",\"name\":\"Distribu\u00efdor Homogene\u00eftzador - s\u00e8rie Z - Raimaber\",\"isPartOf\":{\"@id\":\"https:\/\/www.raimaberfluidtech.com\/industrial\/ca\/#website\"},\"datePublished\":\"2012-12-18T10:32:00+00:00\",\"dateModified\":\"2025-04-15T09:54:17+00:00\",\"description\":\"Consulta les principals caracter\u00edstiques de l'homogene\u00eftzador de la s\u00e8rie Z d'YTRON a la nostra web. Som distribu\u00efdors de l'homogene\u00eftzador de la s\u00e8rie Z de YTRON\",\"breadcrumb\":{\"@id\":\"https:\/\/www.raimaberfluidtech.com\/industrial\/ca\/ytron-2\/homogeneitzador-serie-z\/#breadcrumb\"},\"inLanguage\":\"ca\",\"potentialAction\":[{\"@type\":\"ReadAction\",\"target\":[\"https:\/\/www.raimaberfluidtech.com\/industrial\/ca\/ytron-2\/homogeneitzador-serie-z\/\"]}]},{\"@type\":\"BreadcrumbList\",\"@id\":\"https:\/\/www.raimaberfluidtech.com\/industrial\/ca\/ytron-2\/homogeneitzador-serie-z\/#breadcrumb\",\"itemListElement\":[{\"@type\":\"ListItem\",\"position\":1,\"name\":\"Home\",\"item\":\"https:\/\/www.raimaberfluidtech.com\/industrial\/ca\/\"},{\"@type\":\"ListItem\",\"position\":2,\"name\":\"Ytron\",\"item\":\"https:\/\/www.raimaberfluidtech.com\/industrial\/ca\/ytron-2\/\"},{\"@type\":\"ListItem\",\"position\":3,\"name\":\"Homogene\u00eftzador &#8211; S\u00e8rie Z\"}]},{\"@type\":\"WebSite\",\"@id\":\"https:\/\/www.raimaberfluidtech.com\/industrial\/ca\/#website\",\"url\":\"https:\/\/www.raimaberfluidtech.com\/industrial\/ca\/\",\"name\":\"Raimaber Fluid Tech [Industrial]\",\"description\":\"Bombas industriales\",\"publisher\":{\"@id\":\"https:\/\/www.raimaberfluidtech.com\/industrial\/ca\/#organization\"},\"potentialAction\":[{\"@type\":\"SearchAction\",\"target\":{\"@type\":\"EntryPoint\",\"urlTemplate\":\"https:\/\/www.raimaberfluidtech.com\/industrial\/ca\/?s={search_term_string}\"},\"query-input\":{\"@type\":\"PropertyValueSpecification\",\"valueRequired\":true,\"valueName\":\"search_term_string\"}}],\"inLanguage\":\"ca\"},{\"@type\":\"Organization\",\"@id\":\"https:\/\/www.raimaberfluidtech.com\/industrial\/ca\/#organization\",\"name\":\"Raimaber Fluid Tech [Industrial]\",\"url\":\"https:\/\/www.raimaberfluidtech.com\/industrial\/ca\/\",\"logo\":{\"@type\":\"ImageObject\",\"inLanguage\":\"ca\",\"@id\":\"https:\/\/www.raimaberfluidtech.com\/industrial\/ca\/#\/schema\/logo\/image\/\",\"url\":\"https:\/\/www.raimaberfluidtech.com\/industrial\/wp-content\/blogs.dir\/4\/files\/2012\/11\/raimaber.gif\",\"contentUrl\":\"https:\/\/www.raimaberfluidtech.com\/industrial\/wp-content\/blogs.dir\/4\/files\/2012\/11\/raimaber.gif\",\"width\":\"705\",\"height\":\"438\",\"caption\":\"Raimaber Fluid Tech [Industrial]\"},\"image\":{\"@id\":\"https:\/\/www.raimaberfluidtech.com\/industrial\/ca\/#\/schema\/logo\/image\/\"}}]}<\/script>\n<!-- \/ Yoast SEO plugin. -->","yoast_head_json":{"title":"Distribu\u00efdor Homogene\u00eftzador - s\u00e8rie Z - Raimaber","description":"Consulta les principals caracter\u00edstiques de l'homogene\u00eftzador de la s\u00e8rie Z d'YTRON a la nostra web. Som distribu\u00efdors de l'homogene\u00eftzador de la s\u00e8rie Z de YTRON","robots":{"index":"index","follow":"follow","max-snippet":"max-snippet:-1","max-image-preview":"max-image-preview:large","max-video-preview":"max-video-preview:-1"},"canonical":"https:\/\/www.raimaberfluidtech.com\/industrial\/ca\/ytron-2\/homogeneitzador-serie-z\/","og_locale":"ca_ES","og_type":"article","og_title":"Distribu\u00efdor Homogene\u00eftzador - s\u00e8rie Z - Raimaber","og_description":"Consulta les principals caracter\u00edstiques de l'homogene\u00eftzador de la s\u00e8rie Z d'YTRON a la nostra web. Som distribu\u00efdors de l'homogene\u00eftzador de la s\u00e8rie Z de YTRON","og_url":"https:\/\/www.raimaberfluidtech.com\/industrial\/ca\/ytron-2\/homogeneitzador-serie-z\/","og_site_name":"Raimaber Fluid Tech [Industrial]","article_modified_time":"2025-04-15T09:54:17+00:00","twitter_misc":{"Temps estimat de lectura":"1 minut"},"schema":{"@context":"https:\/\/schema.org","@graph":[{"@type":"WebPage","@id":"https:\/\/www.raimaberfluidtech.com\/industrial\/ca\/ytron-2\/homogeneitzador-serie-z\/","url":"https:\/\/www.raimaberfluidtech.com\/industrial\/ca\/ytron-2\/homogeneitzador-serie-z\/","name":"Distribu\u00efdor Homogene\u00eftzador - s\u00e8rie Z - Raimaber","isPartOf":{"@id":"https:\/\/www.raimaberfluidtech.com\/industrial\/ca\/#website"},"datePublished":"2012-12-18T10:32:00+00:00","dateModified":"2025-04-15T09:54:17+00:00","description":"Consulta les principals caracter\u00edstiques de l'homogene\u00eftzador de la s\u00e8rie Z d'YTRON a la nostra web. Som distribu\u00efdors de l'homogene\u00eftzador de la s\u00e8rie Z de YTRON","breadcrumb":{"@id":"https:\/\/www.raimaberfluidtech.com\/industrial\/ca\/ytron-2\/homogeneitzador-serie-z\/#breadcrumb"},"inLanguage":"ca","potentialAction":[{"@type":"ReadAction","target":["https:\/\/www.raimaberfluidtech.com\/industrial\/ca\/ytron-2\/homogeneitzador-serie-z\/"]}]},{"@type":"BreadcrumbList","@id":"https:\/\/www.raimaberfluidtech.com\/industrial\/ca\/ytron-2\/homogeneitzador-serie-z\/#breadcrumb","itemListElement":[{"@type":"ListItem","position":1,"name":"Home","item":"https:\/\/www.raimaberfluidtech.com\/industrial\/ca\/"},{"@type":"ListItem","position":2,"name":"Ytron","item":"https:\/\/www.raimaberfluidtech.com\/industrial\/ca\/ytron-2\/"},{"@type":"ListItem","position":3,"name":"Homogene\u00eftzador &#8211; S\u00e8rie Z"}]},{"@type":"WebSite","@id":"https:\/\/www.raimaberfluidtech.com\/industrial\/ca\/#website","url":"https:\/\/www.raimaberfluidtech.com\/industrial\/ca\/","name":"Raimaber Fluid Tech [Industrial]","description":"Bombas industriales","publisher":{"@id":"https:\/\/www.raimaberfluidtech.com\/industrial\/ca\/#organization"},"potentialAction":[{"@type":"SearchAction","target":{"@type":"EntryPoint","urlTemplate":"https:\/\/www.raimaberfluidtech.com\/industrial\/ca\/?s={search_term_string}"},"query-input":{"@type":"PropertyValueSpecification","valueRequired":true,"valueName":"search_term_string"}}],"inLanguage":"ca"},{"@type":"Organization","@id":"https:\/\/www.raimaberfluidtech.com\/industrial\/ca\/#organization","name":"Raimaber Fluid Tech [Industrial]","url":"https:\/\/www.raimaberfluidtech.com\/industrial\/ca\/","logo":{"@type":"ImageObject","inLanguage":"ca","@id":"https:\/\/www.raimaberfluidtech.com\/industrial\/ca\/#\/schema\/logo\/image\/","url":"https:\/\/www.raimaberfluidtech.com\/industrial\/wp-content\/blogs.dir\/4\/files\/2012\/11\/raimaber.gif","contentUrl":"https:\/\/www.raimaberfluidtech.com\/industrial\/wp-content\/blogs.dir\/4\/files\/2012\/11\/raimaber.gif","width":"705","height":"438","caption":"Raimaber Fluid Tech [Industrial]"},"image":{"@id":"https:\/\/www.raimaberfluidtech.com\/industrial\/ca\/#\/schema\/logo\/image\/"}}]}},"_links":{"self":[{"href":"https:\/\/www.raimaberfluidtech.com\/industrial\/ca\/wp-json\/wp\/v2\/pages\/14385","targetHints":{"allow":["GET"]}}],"collection":[{"href":"https:\/\/www.raimaberfluidtech.com\/industrial\/ca\/wp-json\/wp\/v2\/pages"}],"about":[{"href":"https:\/\/www.raimaberfluidtech.com\/industrial\/ca\/wp-json\/wp\/v2\/types\/page"}],"author":[{"embeddable":true,"href":"https:\/\/www.raimaberfluidtech.com\/industrial\/ca\/wp-json\/wp\/v2\/users\/1"}],"replies":[{"embeddable":true,"href":"https:\/\/www.raimaberfluidtech.com\/industrial\/ca\/wp-json\/wp\/v2\/comments?post=14385"}],"version-history":[{"count":2,"href":"https:\/\/www.raimaberfluidtech.com\/industrial\/ca\/wp-json\/wp\/v2\/pages\/14385\/revisions"}],"predecessor-version":[{"id":17891,"href":"https:\/\/www.raimaberfluidtech.com\/industrial\/ca\/wp-json\/wp\/v2\/pages\/14385\/revisions\/17891"}],"up":[{"embeddable":true,"href":"https:\/\/www.raimaberfluidtech.com\/industrial\/ca\/wp-json\/wp\/v2\/pages\/14388"}],"wp:attachment":[{"href":"https:\/\/www.raimaberfluidtech.com\/industrial\/ca\/wp-json\/wp\/v2\/media?parent=14385"}],"curies":[{"name":"wp","href":"https:\/\/api.w.org\/{rel}","templated":true}]}}