{"id":14364,"date":"2012-12-18T10:41:48","date_gmt":"2012-12-18T10:41:48","guid":{"rendered":"https:\/\/www.raimaberfluidtech.com\/industrial\/barreja-industrial-serie-i\/"},"modified":"2025-04-15T09:54:00","modified_gmt":"2025-04-15T09:54:00","slug":"barreja-industrial-serie-i","status":"publish","type":"page","link":"https:\/\/www.raimaberfluidtech.com\/industrial\/ca\/ytron-2\/barreja-industrial-serie-i\/","title":{"rendered":"Barreja industrial &#8211; S\u00e8rie I"},"content":{"rendered":"<div class=\"wpb-content-wrapper\"><p>[vc_row][vc_column width=&#8221;1\/2&#8243;][vc_media_grid element_width=&#8221;6&#8243; gap=&#8221;4&#8243; grid_id=&#8221;vc_gid:1632308341016-61eda5b9-1260-9&#8243; include=&#8221;1115,1111,1286,1287,1288,5070&#8243;][\/vc_column][vc_column width=&#8221;1\/2&#8243;][vc_custom_heading text=&#8221;Barreja industrial &#8211; S\u00e8rie I&#8221; font_container=&#8221;tag:h2|font_size:18px|text_align:left|color:%23000000&#8243; use_theme_fonts=&#8221;yes&#8221;][vc_column_text]<\/p>\n<div class=\"in-content col-1\">\n<p style=\"text-align: justify;\">La <strong>mescladora industrial s\u00e8rie Y<\/strong> de YTRON, \u00e9s una mescladora per raig directe, les principals caracter\u00edstiques de la qual s\u00f3n:<\/p>\n<ul>\n<li style=\"text-align: justify;\">Disseny exclusiu. Sense tancament mec\u00e0nic.<\/li>\n<li style=\"text-align: justify;\">Disseny per a aplicacions sanit\u00e0ries.<\/li>\n<li style=\"text-align: justify;\">Podem substituir el tradicional agitador central.<\/li>\n<li style=\"text-align: justify;\">Menys manteniment.<\/li>\n<li style=\"text-align: justify;\">Alta efici\u00e8ncia.<\/li>\n<li style=\"text-align: justify;\">Possibilitat de muntatge amb variador de freq\u00fc\u00e8ncia.<\/li>\n<li style=\"text-align: justify;\">Viscositats de fins a 5000 o 10000 cps, segons la composici\u00f3 del producte.<\/li>\n<li style=\"text-align: justify;\">Opcional amb una tremuja d&#8217;incorporaci\u00f3 de s\u00f2lids, s\u00e8rie tipus <strong>Y-ByPass<\/strong> .<\/li>\n<li style=\"text-align: justify;\">Opcional connexi\u00f3 CIP exterior.<\/li>\n<li style=\"text-align: justify;\">Muntatge lateral, a qualsevol tanc.<\/li>\n<\/ul>\n<\/div>\n<p>[\/vc_column_text][vc_empty_space][vc_btn title=&#8221;SOL\u00b7LICITUD D&#8217;INFORMACI\u00d3 T\u00c8CNICA&#8221; link=&#8221;url:https%3A%2F%2Fwww.raimaberfluidtech.com%2Findustrial%2Fsolicitud-informacion-tecnica%2F|title:Sol%C2%B7licitud%20informaci%C3%B3%20t%C3%A8cnica|&#8221;][\/vc_column][\/vc_row]<\/p>\n<\/div>","protected":false},"excerpt":{"rendered":"<p>[vc_row][vc_column width=&#8221;1\/2&#8243;][vc_media_grid element_width=&#8221;6&#8243; gap=&#8221;4&#8243; grid_id=&#8221;vc_gid:1632308341016-61eda5b9-1260-9&#8243; include=&#8221;1115,1111,1286,1287,1288,5070&#8243;][\/vc_column][vc_column width=&#8221;1\/2&#8243;][vc_custom_heading text=&#8221;Barreja industrial &#8211; S\u00e8rie I&#8221; font_container=&#8221;tag:h2|font_size:18px|text_align:left|color:%23000000&#8243; use_theme_fonts=&#8221;yes&#8221;][vc_column_text] La mescladora industrial s\u00e8rie Y de YTRON, \u00e9s una mescladora per raig directe, les principals caracter\u00edstiques de la qual s\u00f3n: Disseny exclusiu. Sense tancament mec\u00e0nic. Disseny&#8230;<\/p>\n","protected":false},"author":1,"featured_media":0,"parent":14388,"menu_order":0,"comment_status":"closed","ping_status":"closed","template":"page-sidebar.php","meta":{"footnotes":""},"class_list":["post-14364","page","type-page","status-publish","hentry"],"yoast_head":"<!-- This site is optimized with the Yoast SEO plugin v24.3 - https:\/\/yoast.com\/wordpress\/plugins\/seo\/ -->\n<title>Barreja industrial - s\u00e8rie Y - Raimaber<\/title>\n<meta name=\"description\" content=\"Les mescladores industrials s\u00e8rie Y de YTRON, \u00e9s una mescladora per raig directe, consulta les principals caracter\u00edstiques de la mescladora a Raimaber.\" \/>\n<meta name=\"robots\" content=\"index, follow, max-snippet:-1, max-image-preview:large, max-video-preview:-1\" \/>\n<link rel=\"canonical\" href=\"https:\/\/www.raimaberfluidtech.com\/industrial\/ca\/ytron-2\/barreja-industrial-serie-i\/\" \/>\n<meta property=\"og:locale\" content=\"ca_ES\" \/>\n<meta property=\"og:type\" content=\"article\" \/>\n<meta property=\"og:title\" content=\"Barreja industrial - s\u00e8rie Y - Raimaber\" \/>\n<meta property=\"og:description\" content=\"Les mescladores industrials s\u00e8rie Y de YTRON, \u00e9s una mescladora per raig directe, consulta les principals caracter\u00edstiques de la mescladora a Raimaber.\" \/>\n<meta property=\"og:url\" content=\"https:\/\/www.raimaberfluidtech.com\/industrial\/ca\/ytron-2\/barreja-industrial-serie-i\/\" \/>\n<meta property=\"og:site_name\" content=\"Raimaber Fluid Tech [Industrial]\" \/>\n<meta property=\"article:modified_time\" content=\"2025-04-15T09:54:00+00:00\" \/>\n<meta name=\"twitter:label1\" content=\"Temps estimat de lectura\" \/>\n\t<meta name=\"twitter:data1\" content=\"1 minut\" \/>\n<script type=\"application\/ld+json\" class=\"yoast-schema-graph\">{\"@context\":\"https:\/\/schema.org\",\"@graph\":[{\"@type\":\"WebPage\",\"@id\":\"https:\/\/www.raimaberfluidtech.com\/industrial\/ca\/ytron-2\/barreja-industrial-serie-i\/\",\"url\":\"https:\/\/www.raimaberfluidtech.com\/industrial\/ca\/ytron-2\/barreja-industrial-serie-i\/\",\"name\":\"Barreja industrial - s\u00e8rie Y - Raimaber\",\"isPartOf\":{\"@id\":\"https:\/\/www.raimaberfluidtech.com\/industrial\/ca\/#website\"},\"datePublished\":\"2012-12-18T10:41:48+00:00\",\"dateModified\":\"2025-04-15T09:54:00+00:00\",\"description\":\"Les mescladores industrials s\u00e8rie Y de YTRON, \u00e9s una mescladora per raig directe, consulta les principals caracter\u00edstiques de la mescladora a Raimaber.\",\"breadcrumb\":{\"@id\":\"https:\/\/www.raimaberfluidtech.com\/industrial\/ca\/ytron-2\/barreja-industrial-serie-i\/#breadcrumb\"},\"inLanguage\":\"ca\",\"potentialAction\":[{\"@type\":\"ReadAction\",\"target\":[\"https:\/\/www.raimaberfluidtech.com\/industrial\/ca\/ytron-2\/barreja-industrial-serie-i\/\"]}]},{\"@type\":\"BreadcrumbList\",\"@id\":\"https:\/\/www.raimaberfluidtech.com\/industrial\/ca\/ytron-2\/barreja-industrial-serie-i\/#breadcrumb\",\"itemListElement\":[{\"@type\":\"ListItem\",\"position\":1,\"name\":\"Home\",\"item\":\"https:\/\/www.raimaberfluidtech.com\/industrial\/ca\/\"},{\"@type\":\"ListItem\",\"position\":2,\"name\":\"Ytron\",\"item\":\"https:\/\/www.raimaberfluidtech.com\/industrial\/ca\/ytron-2\/\"},{\"@type\":\"ListItem\",\"position\":3,\"name\":\"Barreja industrial &#8211; S\u00e8rie I\"}]},{\"@type\":\"WebSite\",\"@id\":\"https:\/\/www.raimaberfluidtech.com\/industrial\/ca\/#website\",\"url\":\"https:\/\/www.raimaberfluidtech.com\/industrial\/ca\/\",\"name\":\"Raimaber Fluid Tech [Industrial]\",\"description\":\"Bombas industriales\",\"publisher\":{\"@id\":\"https:\/\/www.raimaberfluidtech.com\/industrial\/ca\/#organization\"},\"potentialAction\":[{\"@type\":\"SearchAction\",\"target\":{\"@type\":\"EntryPoint\",\"urlTemplate\":\"https:\/\/www.raimaberfluidtech.com\/industrial\/ca\/?s={search_term_string}\"},\"query-input\":{\"@type\":\"PropertyValueSpecification\",\"valueRequired\":true,\"valueName\":\"search_term_string\"}}],\"inLanguage\":\"ca\"},{\"@type\":\"Organization\",\"@id\":\"https:\/\/www.raimaberfluidtech.com\/industrial\/ca\/#organization\",\"name\":\"Raimaber Fluid Tech [Industrial]\",\"url\":\"https:\/\/www.raimaberfluidtech.com\/industrial\/ca\/\",\"logo\":{\"@type\":\"ImageObject\",\"inLanguage\":\"ca\",\"@id\":\"https:\/\/www.raimaberfluidtech.com\/industrial\/ca\/#\/schema\/logo\/image\/\",\"url\":\"https:\/\/www.raimaberfluidtech.com\/industrial\/wp-content\/blogs.dir\/4\/files\/2012\/11\/raimaber.gif\",\"contentUrl\":\"https:\/\/www.raimaberfluidtech.com\/industrial\/wp-content\/blogs.dir\/4\/files\/2012\/11\/raimaber.gif\",\"width\":\"705\",\"height\":\"438\",\"caption\":\"Raimaber Fluid Tech [Industrial]\"},\"image\":{\"@id\":\"https:\/\/www.raimaberfluidtech.com\/industrial\/ca\/#\/schema\/logo\/image\/\"}}]}<\/script>\n<!-- \/ Yoast SEO plugin. -->","yoast_head_json":{"title":"Barreja industrial - s\u00e8rie Y - Raimaber","description":"Les mescladores industrials s\u00e8rie Y de YTRON, \u00e9s una mescladora per raig directe, consulta les principals caracter\u00edstiques de la mescladora a Raimaber.","robots":{"index":"index","follow":"follow","max-snippet":"max-snippet:-1","max-image-preview":"max-image-preview:large","max-video-preview":"max-video-preview:-1"},"canonical":"https:\/\/www.raimaberfluidtech.com\/industrial\/ca\/ytron-2\/barreja-industrial-serie-i\/","og_locale":"ca_ES","og_type":"article","og_title":"Barreja industrial - s\u00e8rie Y - Raimaber","og_description":"Les mescladores industrials s\u00e8rie Y de YTRON, \u00e9s una mescladora per raig directe, consulta les principals caracter\u00edstiques de la mescladora a Raimaber.","og_url":"https:\/\/www.raimaberfluidtech.com\/industrial\/ca\/ytron-2\/barreja-industrial-serie-i\/","og_site_name":"Raimaber Fluid Tech [Industrial]","article_modified_time":"2025-04-15T09:54:00+00:00","twitter_misc":{"Temps estimat de lectura":"1 minut"},"schema":{"@context":"https:\/\/schema.org","@graph":[{"@type":"WebPage","@id":"https:\/\/www.raimaberfluidtech.com\/industrial\/ca\/ytron-2\/barreja-industrial-serie-i\/","url":"https:\/\/www.raimaberfluidtech.com\/industrial\/ca\/ytron-2\/barreja-industrial-serie-i\/","name":"Barreja industrial - s\u00e8rie Y - Raimaber","isPartOf":{"@id":"https:\/\/www.raimaberfluidtech.com\/industrial\/ca\/#website"},"datePublished":"2012-12-18T10:41:48+00:00","dateModified":"2025-04-15T09:54:00+00:00","description":"Les mescladores industrials s\u00e8rie Y de YTRON, \u00e9s una mescladora per raig directe, consulta les principals caracter\u00edstiques de la mescladora a Raimaber.","breadcrumb":{"@id":"https:\/\/www.raimaberfluidtech.com\/industrial\/ca\/ytron-2\/barreja-industrial-serie-i\/#breadcrumb"},"inLanguage":"ca","potentialAction":[{"@type":"ReadAction","target":["https:\/\/www.raimaberfluidtech.com\/industrial\/ca\/ytron-2\/barreja-industrial-serie-i\/"]}]},{"@type":"BreadcrumbList","@id":"https:\/\/www.raimaberfluidtech.com\/industrial\/ca\/ytron-2\/barreja-industrial-serie-i\/#breadcrumb","itemListElement":[{"@type":"ListItem","position":1,"name":"Home","item":"https:\/\/www.raimaberfluidtech.com\/industrial\/ca\/"},{"@type":"ListItem","position":2,"name":"Ytron","item":"https:\/\/www.raimaberfluidtech.com\/industrial\/ca\/ytron-2\/"},{"@type":"ListItem","position":3,"name":"Barreja industrial &#8211; S\u00e8rie I"}]},{"@type":"WebSite","@id":"https:\/\/www.raimaberfluidtech.com\/industrial\/ca\/#website","url":"https:\/\/www.raimaberfluidtech.com\/industrial\/ca\/","name":"Raimaber Fluid Tech [Industrial]","description":"Bombas industriales","publisher":{"@id":"https:\/\/www.raimaberfluidtech.com\/industrial\/ca\/#organization"},"potentialAction":[{"@type":"SearchAction","target":{"@type":"EntryPoint","urlTemplate":"https:\/\/www.raimaberfluidtech.com\/industrial\/ca\/?s={search_term_string}"},"query-input":{"@type":"PropertyValueSpecification","valueRequired":true,"valueName":"search_term_string"}}],"inLanguage":"ca"},{"@type":"Organization","@id":"https:\/\/www.raimaberfluidtech.com\/industrial\/ca\/#organization","name":"Raimaber Fluid Tech [Industrial]","url":"https:\/\/www.raimaberfluidtech.com\/industrial\/ca\/","logo":{"@type":"ImageObject","inLanguage":"ca","@id":"https:\/\/www.raimaberfluidtech.com\/industrial\/ca\/#\/schema\/logo\/image\/","url":"https:\/\/www.raimaberfluidtech.com\/industrial\/wp-content\/blogs.dir\/4\/files\/2012\/11\/raimaber.gif","contentUrl":"https:\/\/www.raimaberfluidtech.com\/industrial\/wp-content\/blogs.dir\/4\/files\/2012\/11\/raimaber.gif","width":"705","height":"438","caption":"Raimaber Fluid Tech [Industrial]"},"image":{"@id":"https:\/\/www.raimaberfluidtech.com\/industrial\/ca\/#\/schema\/logo\/image\/"}}]}},"_links":{"self":[{"href":"https:\/\/www.raimaberfluidtech.com\/industrial\/ca\/wp-json\/wp\/v2\/pages\/14364","targetHints":{"allow":["GET"]}}],"collection":[{"href":"https:\/\/www.raimaberfluidtech.com\/industrial\/ca\/wp-json\/wp\/v2\/pages"}],"about":[{"href":"https:\/\/www.raimaberfluidtech.com\/industrial\/ca\/wp-json\/wp\/v2\/types\/page"}],"author":[{"embeddable":true,"href":"https:\/\/www.raimaberfluidtech.com\/industrial\/ca\/wp-json\/wp\/v2\/users\/1"}],"replies":[{"embeddable":true,"href":"https:\/\/www.raimaberfluidtech.com\/industrial\/ca\/wp-json\/wp\/v2\/comments?post=14364"}],"version-history":[{"count":2,"href":"https:\/\/www.raimaberfluidtech.com\/industrial\/ca\/wp-json\/wp\/v2\/pages\/14364\/revisions"}],"predecessor-version":[{"id":17874,"href":"https:\/\/www.raimaberfluidtech.com\/industrial\/ca\/wp-json\/wp\/v2\/pages\/14364\/revisions\/17874"}],"up":[{"embeddable":true,"href":"https:\/\/www.raimaberfluidtech.com\/industrial\/ca\/wp-json\/wp\/v2\/pages\/14388"}],"wp:attachment":[{"href":"https:\/\/www.raimaberfluidtech.com\/industrial\/ca\/wp-json\/wp\/v2\/media?parent=14364"}],"curies":[{"name":"wp","href":"https:\/\/api.w.org\/{rel}","templated":true}]}}