{"id":14352,"date":"2014-12-16T13:15:52","date_gmt":"2014-12-16T13:15:52","guid":{"rendered":"https:\/\/www.raimaberfluidtech.com\/industrial\/fti-finish-thompson-inc\/"},"modified":"2025-04-15T10:07:23","modified_gmt":"2025-04-15T10:07:23","slug":"fti-finish-thompson-inc","status":"publish","type":"page","link":"https:\/\/www.raimaberfluidtech.com\/industrial\/ca\/fitxers-descarregables\/fti-finish-thompson-inc\/","title":{"rendered":"FTI- Finish Thompson Inc"},"content":{"rendered":"<div class=\"wpb-content-wrapper\"><p>[vc_row][vc_column][vc_column_text css=&#8221;.vc_custom_1519301273573{margin-bottom: 60px !important;}&#8221;]<strong><a title=\"Raimaber\" href=\"https:\/\/www.raimaberfluidtech.com\/industrial\/\">Raimaber<\/a><\/strong> posa a la vostra disposici\u00f3 els cat\u00e0legs de <strong>FTI-Finish Thompson Inc<\/strong> sobre els diferents productes que distribueixen com a empresa especialista en el sector de bombes industrials, mescladors, sistemes de digestors, agitadors de biog\u00e0s i equipament de processos d&#8217;alta fiabilitat.<br \/>\nPer a m\u00e9s informaci\u00f3 podeu utilitzar el <a title=\"Contacte Raimaber\" href=\"https:\/\/www.raimaberfluidtech.com\/industrial\/contacta\">formulari de contacte<\/a> .[\/vc_column_text][vc_column_text]<strong>Cat\u00e0legs<\/strong><\/p>\n<ul class=\"document_gallery\">\n<li class=\"pdf\"><a title=\"Bombes de canya buidat de bidons\" href=\"https:\/\/www.raimaberfluidtech.com\/industrial\/wp-content\/blogs.dir\/4\/files\/2018\/07\/BOMBAS-DE-CANA-VACIADO-BIDONES-spanish.pdf\" target=\"_blank\" rel=\"noopener noreferrer\">Bombes de canya buidat de bidons<\/a><\/li>\n<li class=\"pdf\"><a title=\"Cat\u00e0leg general\" href=\"https:\/\/www.raimaberfluidtech.com\/industrial\/wp-content\/blogs.dir\/4\/files\/2018\/07\/CATALOGO-GENERAL-spanish.pdf\" target=\"_blank\" rel=\"noopener noreferrer\">Cat\u00e0leg general<\/a><\/li>\n<li class=\"pdf\"><a title=\"S\u00e8rie AP\" href=\"https:\/\/www.raimaberfluidtech.com\/industrial\/wp-content\/blogs.dir\/4\/files\/2018\/07\/SERIE-AP-spanish.pdf\" target=\"_blank\" rel=\"noopener noreferrer\">S\u00e8rie AP<\/a><\/li>\n<li class=\"pdf\"><a title=\"S\u00e8rie DB - SP\" href=\"https:\/\/www.raimaberfluidtech.com\/industrial\/wp-content\/blogs.dir\/4\/files\/2018\/07\/SERIE-DB-SP-spanish.pdf\" target=\"_blank\" rel=\"noopener noreferrer\">S\u00e8rie DB &#8211; SP<\/a><\/li>\n<li class=\"pdf\"><a title=\"S\u00e8rie GP\" href=\"https:\/\/www.raimaberfluidtech.com\/industrial\/wp-content\/blogs.dir\/4\/files\/2018\/07\/SERIE-GP-spanish.pdf\" target=\"_blank\" rel=\"noopener noreferrer\">S\u00e8rie GP<\/a><\/li>\n<li class=\"pdf\"><a title=\"S\u00e8rie UC\" href=\"https:\/\/www.raimaberfluidtech.com\/industrial\/wp-content\/blogs.dir\/4\/files\/2018\/07\/SERIE-UC-spanish.pdf\" target=\"_blank\" rel=\"noopener noreferrer\">S\u00e8rie UC<\/a><\/li>\n<li class=\"pdf\"><a href=\"https:\/\/www.raimaberfluidtech.com\/industrial\/wp-content\/blogs.dir\/4\/files\/2018\/07\/BROCHURE-FTI-AIR-AODD-PUMP-english.pdf\">Brochure FTII Air AODD Pumb<\/a> (angl\u00e8s)<\/li>\n<li class=\"pdf\"><a href=\"https:\/\/www.raimaberfluidtech.com\/industrial\/wp-content\/blogs.dir\/4\/files\/2017\/07\/Pump-Fit-ARO-PF6661-Tech-Flyer-R1.pdf\">Pump Fit CERCLE PF6661 Tech Flyer R1<\/a><\/li>\n<li class=\"pdf\"><a href=\"https:\/\/www.raimaberfluidtech.com\/industrial\/wp-content\/blogs.dir\/4\/files\/2017\/07\/Pump-Fit-ARO-PF66605-Tech-Flyer-R1.pdf\">Pump Fit CERCLE PF66605 Tech Flyer R1<\/a><\/li>\n<li class=\"pdf\"><a href=\"https:\/\/www.raimaberfluidtech.com\/industrial\/wp-content\/blogs.dir\/4\/files\/2017\/07\/Pump-Fit-Brochure.pdf\">Pump-Fit Brochure<\/a><\/li>\n<\/ul>\n<p>&nbsp;<\/p>\n<p><strong>Manuals de manteniment<\/strong><\/p>\n<ul>\n<li class=\"pdf\"><a title=\"Manual Operacional DB6 5.5\" href=\"https:\/\/www.raimaberfluidtech.com\/industrial\/wp-content\/blogs.dir\/4\/files\/2020\/06\/DB-Manual-Operational-DB3-5.5-SPANISH.pdf\" target=\"_blank\" rel=\"noopener noreferrer\">Manual Operacional DB3 5.5<\/a><\/li>\n<li class=\"pdf\"><a title=\"Manual Operacional DB6 10\" href=\"https:\/\/www.raimaberfluidtech.com\/industrial\/wp-content\/blogs.dir\/4\/files\/2020\/06\/DB-Manual-Operational-DB6-10-SPANISH.pdf\" target=\"_blank\" rel=\"noopener noreferrer\">Manual Operacional DB6 10<\/a><\/li>\n<li class=\"pdf\"><a title=\"Manual Operacional DB11 15 for cast adapter\" href=\"https:\/\/www.raimaberfluidtech.com\/industrial\/wp-content\/blogs.dir\/4\/files\/2020\/06\/DB-Manual-Operational-DB11-15-for-cast-adapter-SPANISH.pdf\" target=\"_blank\" rel=\"noopener noreferrer\">Manual Operacional DB11 15 for cast adapter<\/a><\/li>\n<li class=\"pdf\"><a title=\"Manual Operacional DB11 15\" href=\"https:\/\/www.raimaberfluidtech.com\/industrial\/wp-content\/blogs.dir\/4\/files\/2020\/06\/DB-Manual-Operational-DB11-15-SPANISH.pdf\" target=\"_blank\" rel=\"noopener noreferrer\">Manual Operacional DB11 15<\/a><\/li>\n<li class=\"pdf\"><a title=\"Manual Operacional DB22\" href=\"https:\/\/www.raimaberfluidtech.com\/industrial\/wp-content\/blogs.dir\/4\/files\/2020\/06\/DB-Manual-Operational-DB22-SPANISH.pdf\" target=\"_blank\" rel=\"noopener noreferrer\">Manual Operacional DB22<\/a><\/li>\n<\/ul>\n<p>[\/vc_column_text][vc_empty_space][vc_btn title=&#8221;SOL\u00b7LICITUD D&#8217;INFORMACI\u00d3 T\u00c8CNICA&#8221; link=&#8221;url:https%3A%2F%2Fwww.raimaberfluidtech.com%2Findustrial%2Fsolicitud-informacion-tecnica%2F|title:Sol%C2%B7licitud%20informaci%C3%B3%20t%C3%A8cnica|&#8221;][\/vc_column][\/vc_row]<\/p>\n<\/div>","protected":false},"excerpt":{"rendered":"<p>[vc_row][vc_column][vc_column_text css=&#8221;.vc_custom_1519301273573{margin-bottom: 60px !important;}&#8221;]Raimaber posa a la vostra disposici\u00f3 els cat\u00e0legs de FTI-Finish Thompson Inc sobre els diferents productes que distribueixen com a empresa especialista en el sector de bombes industrials, mescladors, sistemes de digestors, agitadors de biog\u00e0s i equipament&#8230;<\/p>\n","protected":false},"author":1,"featured_media":17980,"parent":14458,"menu_order":0,"comment_status":"closed","ping_status":"closed","template":"page-sidebar.php","meta":{"footnotes":""},"class_list":["post-14352","page","type-page","status-publish","has-post-thumbnail","hentry"],"yoast_head":"<!-- This site is optimized with the Yoast SEO plugin v24.3 - https:\/\/yoast.com\/wordpress\/plugins\/seo\/ -->\n<title>FTI Finish Thompson Inc | Bombes industrials Espanya - Raimaber<\/title>\n<meta name=\"description\" content=\"Bombes industrials Espanya de FTI-Finish Thompson Inc a Raimaber, especialistes en agitadors de biog\u00e0s, sistemes de mescla i m\u00e9s maquin\u00e0ria industrial.\" \/>\n<meta name=\"robots\" content=\"index, follow, max-snippet:-1, max-image-preview:large, max-video-preview:-1\" \/>\n<link rel=\"canonical\" href=\"https:\/\/www.raimaberfluidtech.com\/industrial\/ca\/fitxers-descarregables\/fti-finish-thompson-inc\/\" \/>\n<meta property=\"og:locale\" content=\"ca_ES\" \/>\n<meta property=\"og:type\" content=\"article\" \/>\n<meta property=\"og:title\" content=\"FTI Finish Thompson Inc | Bombes industrials Espanya - Raimaber\" \/>\n<meta property=\"og:description\" content=\"Bombes industrials Espanya de FTI-Finish Thompson Inc a Raimaber, especialistes en agitadors de biog\u00e0s, sistemes de mescla i m\u00e9s maquin\u00e0ria industrial.\" \/>\n<meta property=\"og:url\" content=\"https:\/\/www.raimaberfluidtech.com\/industrial\/ca\/fitxers-descarregables\/fti-finish-thompson-inc\/\" \/>\n<meta property=\"og:site_name\" content=\"Raimaber Fluid Tech [Industrial]\" \/>\n<meta property=\"article:modified_time\" content=\"2025-04-15T10:07:23+00:00\" \/>\n<meta property=\"og:image\" content=\"https:\/\/www.raimaberfluidtech.com\/industrial\/files\/2014\/02\/logo-finishthompson.png\" \/>\n\t<meta property=\"og:image:width\" content=\"960\" \/>\n\t<meta property=\"og:image:height\" content=\"632\" \/>\n\t<meta property=\"og:image:type\" content=\"image\/png\" \/>\n<meta name=\"twitter:label1\" content=\"Temps estimat de lectura\" \/>\n\t<meta name=\"twitter:data1\" content=\"1 minut\" \/>\n<script type=\"application\/ld+json\" class=\"yoast-schema-graph\">{\"@context\":\"https:\/\/schema.org\",\"@graph\":[{\"@type\":\"WebPage\",\"@id\":\"https:\/\/www.raimaberfluidtech.com\/industrial\/ca\/fitxers-descarregables\/fti-finish-thompson-inc\/\",\"url\":\"https:\/\/www.raimaberfluidtech.com\/industrial\/ca\/fitxers-descarregables\/fti-finish-thompson-inc\/\",\"name\":\"FTI Finish Thompson Inc | Bombes industrials Espanya - Raimaber\",\"isPartOf\":{\"@id\":\"https:\/\/www.raimaberfluidtech.com\/industrial\/ca\/#website\"},\"primaryImageOfPage\":{\"@id\":\"https:\/\/www.raimaberfluidtech.com\/industrial\/ca\/fitxers-descarregables\/fti-finish-thompson-inc\/#primaryimage\"},\"image\":{\"@id\":\"https:\/\/www.raimaberfluidtech.com\/industrial\/ca\/fitxers-descarregables\/fti-finish-thompson-inc\/#primaryimage\"},\"thumbnailUrl\":\"https:\/\/www.raimaberfluidtech.com\/industrial\/files\/2014\/02\/logo-finishthompson.png\",\"datePublished\":\"2014-12-16T13:15:52+00:00\",\"dateModified\":\"2025-04-15T10:07:23+00:00\",\"description\":\"Bombes industrials Espanya de FTI-Finish Thompson Inc a Raimaber, especialistes en agitadors de biog\u00e0s, sistemes de mescla i m\u00e9s maquin\u00e0ria industrial.\",\"breadcrumb\":{\"@id\":\"https:\/\/www.raimaberfluidtech.com\/industrial\/ca\/fitxers-descarregables\/fti-finish-thompson-inc\/#breadcrumb\"},\"inLanguage\":\"ca\",\"potentialAction\":[{\"@type\":\"ReadAction\",\"target\":[\"https:\/\/www.raimaberfluidtech.com\/industrial\/ca\/fitxers-descarregables\/fti-finish-thompson-inc\/\"]}]},{\"@type\":\"ImageObject\",\"inLanguage\":\"ca\",\"@id\":\"https:\/\/www.raimaberfluidtech.com\/industrial\/ca\/fitxers-descarregables\/fti-finish-thompson-inc\/#primaryimage\",\"url\":\"https:\/\/www.raimaberfluidtech.com\/industrial\/files\/2014\/02\/logo-finishthompson.png\",\"contentUrl\":\"https:\/\/www.raimaberfluidtech.com\/industrial\/files\/2014\/02\/logo-finishthompson.png\",\"width\":960,\"height\":632},{\"@type\":\"BreadcrumbList\",\"@id\":\"https:\/\/www.raimaberfluidtech.com\/industrial\/ca\/fitxers-descarregables\/fti-finish-thompson-inc\/#breadcrumb\",\"itemListElement\":[{\"@type\":\"ListItem\",\"position\":1,\"name\":\"Home\",\"item\":\"https:\/\/www.raimaberfluidtech.com\/industrial\/ca\/\"},{\"@type\":\"ListItem\",\"position\":2,\"name\":\"Fitxers descarregables\",\"item\":\"https:\/\/www.raimaberfluidtech.com\/industrial\/ca\/fitxers-descarregables\/\"},{\"@type\":\"ListItem\",\"position\":3,\"name\":\"FTI- Finish Thompson Inc\"}]},{\"@type\":\"WebSite\",\"@id\":\"https:\/\/www.raimaberfluidtech.com\/industrial\/ca\/#website\",\"url\":\"https:\/\/www.raimaberfluidtech.com\/industrial\/ca\/\",\"name\":\"Raimaber Fluid Tech [Industrial]\",\"description\":\"Bombas industriales\",\"publisher\":{\"@id\":\"https:\/\/www.raimaberfluidtech.com\/industrial\/ca\/#organization\"},\"potentialAction\":[{\"@type\":\"SearchAction\",\"target\":{\"@type\":\"EntryPoint\",\"urlTemplate\":\"https:\/\/www.raimaberfluidtech.com\/industrial\/ca\/?s={search_term_string}\"},\"query-input\":{\"@type\":\"PropertyValueSpecification\",\"valueRequired\":true,\"valueName\":\"search_term_string\"}}],\"inLanguage\":\"ca\"},{\"@type\":\"Organization\",\"@id\":\"https:\/\/www.raimaberfluidtech.com\/industrial\/ca\/#organization\",\"name\":\"Raimaber Fluid Tech [Industrial]\",\"url\":\"https:\/\/www.raimaberfluidtech.com\/industrial\/ca\/\",\"logo\":{\"@type\":\"ImageObject\",\"inLanguage\":\"ca\",\"@id\":\"https:\/\/www.raimaberfluidtech.com\/industrial\/ca\/#\/schema\/logo\/image\/\",\"url\":\"https:\/\/www.raimaberfluidtech.com\/industrial\/wp-content\/blogs.dir\/4\/files\/2012\/11\/raimaber.gif\",\"contentUrl\":\"https:\/\/www.raimaberfluidtech.com\/industrial\/wp-content\/blogs.dir\/4\/files\/2012\/11\/raimaber.gif\",\"width\":\"705\",\"height\":\"438\",\"caption\":\"Raimaber Fluid Tech [Industrial]\"},\"image\":{\"@id\":\"https:\/\/www.raimaberfluidtech.com\/industrial\/ca\/#\/schema\/logo\/image\/\"}}]}<\/script>\n<!-- \/ Yoast SEO plugin. -->","yoast_head_json":{"title":"FTI Finish Thompson Inc | Bombes industrials Espanya - Raimaber","description":"Bombes industrials Espanya de FTI-Finish Thompson Inc a Raimaber, especialistes en agitadors de biog\u00e0s, sistemes de mescla i m\u00e9s maquin\u00e0ria industrial.","robots":{"index":"index","follow":"follow","max-snippet":"max-snippet:-1","max-image-preview":"max-image-preview:large","max-video-preview":"max-video-preview:-1"},"canonical":"https:\/\/www.raimaberfluidtech.com\/industrial\/ca\/fitxers-descarregables\/fti-finish-thompson-inc\/","og_locale":"ca_ES","og_type":"article","og_title":"FTI Finish Thompson Inc | Bombes industrials Espanya - Raimaber","og_description":"Bombes industrials Espanya de FTI-Finish Thompson Inc a Raimaber, especialistes en agitadors de biog\u00e0s, sistemes de mescla i m\u00e9s maquin\u00e0ria industrial.","og_url":"https:\/\/www.raimaberfluidtech.com\/industrial\/ca\/fitxers-descarregables\/fti-finish-thompson-inc\/","og_site_name":"Raimaber Fluid Tech [Industrial]","article_modified_time":"2025-04-15T10:07:23+00:00","og_image":[{"width":960,"height":632,"url":"https:\/\/www.raimaberfluidtech.com\/industrial\/files\/2014\/02\/logo-finishthompson.png","type":"image\/png"}],"twitter_misc":{"Temps estimat de lectura":"1 minut"},"schema":{"@context":"https:\/\/schema.org","@graph":[{"@type":"WebPage","@id":"https:\/\/www.raimaberfluidtech.com\/industrial\/ca\/fitxers-descarregables\/fti-finish-thompson-inc\/","url":"https:\/\/www.raimaberfluidtech.com\/industrial\/ca\/fitxers-descarregables\/fti-finish-thompson-inc\/","name":"FTI Finish Thompson Inc | Bombes industrials Espanya - Raimaber","isPartOf":{"@id":"https:\/\/www.raimaberfluidtech.com\/industrial\/ca\/#website"},"primaryImageOfPage":{"@id":"https:\/\/www.raimaberfluidtech.com\/industrial\/ca\/fitxers-descarregables\/fti-finish-thompson-inc\/#primaryimage"},"image":{"@id":"https:\/\/www.raimaberfluidtech.com\/industrial\/ca\/fitxers-descarregables\/fti-finish-thompson-inc\/#primaryimage"},"thumbnailUrl":"https:\/\/www.raimaberfluidtech.com\/industrial\/files\/2014\/02\/logo-finishthompson.png","datePublished":"2014-12-16T13:15:52+00:00","dateModified":"2025-04-15T10:07:23+00:00","description":"Bombes industrials Espanya de FTI-Finish Thompson Inc a Raimaber, especialistes en agitadors de biog\u00e0s, sistemes de mescla i m\u00e9s maquin\u00e0ria industrial.","breadcrumb":{"@id":"https:\/\/www.raimaberfluidtech.com\/industrial\/ca\/fitxers-descarregables\/fti-finish-thompson-inc\/#breadcrumb"},"inLanguage":"ca","potentialAction":[{"@type":"ReadAction","target":["https:\/\/www.raimaberfluidtech.com\/industrial\/ca\/fitxers-descarregables\/fti-finish-thompson-inc\/"]}]},{"@type":"ImageObject","inLanguage":"ca","@id":"https:\/\/www.raimaberfluidtech.com\/industrial\/ca\/fitxers-descarregables\/fti-finish-thompson-inc\/#primaryimage","url":"https:\/\/www.raimaberfluidtech.com\/industrial\/files\/2014\/02\/logo-finishthompson.png","contentUrl":"https:\/\/www.raimaberfluidtech.com\/industrial\/files\/2014\/02\/logo-finishthompson.png","width":960,"height":632},{"@type":"BreadcrumbList","@id":"https:\/\/www.raimaberfluidtech.com\/industrial\/ca\/fitxers-descarregables\/fti-finish-thompson-inc\/#breadcrumb","itemListElement":[{"@type":"ListItem","position":1,"name":"Home","item":"https:\/\/www.raimaberfluidtech.com\/industrial\/ca\/"},{"@type":"ListItem","position":2,"name":"Fitxers descarregables","item":"https:\/\/www.raimaberfluidtech.com\/industrial\/ca\/fitxers-descarregables\/"},{"@type":"ListItem","position":3,"name":"FTI- Finish Thompson Inc"}]},{"@type":"WebSite","@id":"https:\/\/www.raimaberfluidtech.com\/industrial\/ca\/#website","url":"https:\/\/www.raimaberfluidtech.com\/industrial\/ca\/","name":"Raimaber Fluid Tech [Industrial]","description":"Bombas industriales","publisher":{"@id":"https:\/\/www.raimaberfluidtech.com\/industrial\/ca\/#organization"},"potentialAction":[{"@type":"SearchAction","target":{"@type":"EntryPoint","urlTemplate":"https:\/\/www.raimaberfluidtech.com\/industrial\/ca\/?s={search_term_string}"},"query-input":{"@type":"PropertyValueSpecification","valueRequired":true,"valueName":"search_term_string"}}],"inLanguage":"ca"},{"@type":"Organization","@id":"https:\/\/www.raimaberfluidtech.com\/industrial\/ca\/#organization","name":"Raimaber Fluid Tech [Industrial]","url":"https:\/\/www.raimaberfluidtech.com\/industrial\/ca\/","logo":{"@type":"ImageObject","inLanguage":"ca","@id":"https:\/\/www.raimaberfluidtech.com\/industrial\/ca\/#\/schema\/logo\/image\/","url":"https:\/\/www.raimaberfluidtech.com\/industrial\/wp-content\/blogs.dir\/4\/files\/2012\/11\/raimaber.gif","contentUrl":"https:\/\/www.raimaberfluidtech.com\/industrial\/wp-content\/blogs.dir\/4\/files\/2012\/11\/raimaber.gif","width":"705","height":"438","caption":"Raimaber Fluid Tech [Industrial]"},"image":{"@id":"https:\/\/www.raimaberfluidtech.com\/industrial\/ca\/#\/schema\/logo\/image\/"}}]}},"_links":{"self":[{"href":"https:\/\/www.raimaberfluidtech.com\/industrial\/ca\/wp-json\/wp\/v2\/pages\/14352","targetHints":{"allow":["GET"]}}],"collection":[{"href":"https:\/\/www.raimaberfluidtech.com\/industrial\/ca\/wp-json\/wp\/v2\/pages"}],"about":[{"href":"https:\/\/www.raimaberfluidtech.com\/industrial\/ca\/wp-json\/wp\/v2\/types\/page"}],"author":[{"embeddable":true,"href":"https:\/\/www.raimaberfluidtech.com\/industrial\/ca\/wp-json\/wp\/v2\/users\/1"}],"replies":[{"embeddable":true,"href":"https:\/\/www.raimaberfluidtech.com\/industrial\/ca\/wp-json\/wp\/v2\/comments?post=14352"}],"version-history":[{"count":2,"href":"https:\/\/www.raimaberfluidtech.com\/industrial\/ca\/wp-json\/wp\/v2\/pages\/14352\/revisions"}],"predecessor-version":[{"id":17992,"href":"https:\/\/www.raimaberfluidtech.com\/industrial\/ca\/wp-json\/wp\/v2\/pages\/14352\/revisions\/17992"}],"up":[{"embeddable":true,"href":"https:\/\/www.raimaberfluidtech.com\/industrial\/ca\/wp-json\/wp\/v2\/pages\/14458"}],"wp:featuredmedia":[{"embeddable":true,"href":"https:\/\/www.raimaberfluidtech.com\/industrial\/ca\/wp-json\/wp\/v2\/media\/17980"}],"wp:attachment":[{"href":"https:\/\/www.raimaberfluidtech.com\/industrial\/ca\/wp-json\/wp\/v2\/media?parent=14352"}],"curies":[{"name":"wp","href":"https:\/\/api.w.org\/{rel}","templated":true}]}}