{"id":14343,"date":"2013-03-01T12:59:00","date_gmt":"2013-03-01T12:59:00","guid":{"rendered":"https:\/\/www.raimaberfluidtech.com\/newsletter\/"},"modified":"2025-02-25T08:56:36","modified_gmt":"2025-02-25T08:56:36","slug":"newsletter","status":"publish","type":"page","link":"https:\/\/www.raimaberfluidtech.com\/ca\/newsletter\/","title":{"rendered":"Newsletter"},"content":{"rendered":"<div class=\"wpb-content-wrapper\"><p>[vc_row][vc_column]<h2 class='heading-left  divider-sm' ><span>NEWSLETTER<\/span><\/h2>[\/vc_column][\/vc_row][vc_row][vc_column width=&#8221;1\/2&#8243;][vc_column_text]<strong>Apunta&#8217;t a la Newsletter de <a title=\"Raimaber Fluid Tech\" href=\"https:\/\/www.raimaberfluidtech.com\/\">Raimaber<\/a><\/strong> i estigues actualitzat a les <strong>novetats del sector<\/strong> en bombes industrials, mescladors, sistemes de digestors, homogene\u00eftzadors, agitadors de biog\u00e0s i equipament de proc\u00e9s d&#8217;alta fiabilitat.<br \/>\n Per a m\u00e9s informaci\u00f3 podeu utilitzar el <a title=\"Contacte Raimaber\" href=\"https:\/\/www.raimaberfluidtech.com\/contacta\">formulari de contacte<\/a> .[\/vc_column_text][\/vc_column][vc_column width=&#8221;1\/2&#8243;][\/vc_column][\/vc_row][vc_row][vc_column]<h2 class='heading-left  divider-sm' ><span>ENV\u00cdANOS UN MENSAJE<\/span><\/h2>\n<div class=\"wpcf7 no-js\" id=\"wpcf7-f14286-o1\" lang=\"ca\" dir=\"ltr\" data-wpcf7-id=\"14286\">\n<div class=\"screen-reader-response\"><p role=\"status\" aria-live=\"polite\" aria-atomic=\"true\"><\/p> <ul><\/ul><\/div>\n<form action=\"\/ca\/wp-json\/wp\/v2\/pages\/14343#wpcf7-f14286-o1\" method=\"post\" class=\"wpcf7-form init\" aria-label=\"Formulari de contacte\" novalidate=\"novalidate\" data-status=\"init\">\n<fieldset class=\"hidden-fields-container\"><input type=\"hidden\" name=\"_wpcf7\" value=\"14286\" \/><input type=\"hidden\" name=\"_wpcf7_version\" value=\"6.1.5\" \/><input type=\"hidden\" name=\"_wpcf7_locale\" value=\"ca\" \/><input type=\"hidden\" name=\"_wpcf7_unit_tag\" value=\"wpcf7-f14286-o1\" \/><input type=\"hidden\" name=\"_wpcf7_container_post\" value=\"0\" \/><input type=\"hidden\" name=\"_wpcf7_posted_data_hash\" value=\"\" \/>\n<\/fieldset>\n<div class=\"col-sm-6 noleftpadding\">\n\t<p><span class=\"red_text\">Nom *<\/span><br \/>\n<span class=\"wpcf7-form-control-wrap\" data-name=\"nombre\"><input size=\"40\" maxlength=\"400\" class=\"wpcf7-form-control wpcf7-text wpcf7-validates-as-required\" aria-required=\"true\" aria-invalid=\"false\" value=\"\" type=\"text\" name=\"nombre\" \/><\/span>\n\t<\/p>\n<\/div>\n<div class=\"col-sm-6 norightpadding\">\n\t<p>Empresa <span class=\"red_text\">*<\/span><br \/>\n<span class=\"wpcf7-form-control-wrap\" data-name=\"empresa\"><input size=\"40\" maxlength=\"400\" class=\"wpcf7-form-control wpcf7-text wpcf7-validates-as-required\" aria-required=\"true\" aria-invalid=\"false\" value=\"\" type=\"text\" name=\"empresa\" \/><\/span>\n\t<\/p>\n<\/div>\n<div class=\"col-sm-6 noleftpadding\">\n\t<p>E-mail <span class=\"red_text\">*<\/span><br \/>\n<span class=\"wpcf7-form-control-wrap\" data-name=\"email\"><input size=\"40\" maxlength=\"400\" class=\"wpcf7-form-control wpcf7-email wpcf7-validates-as-required wpcf7-text wpcf7-validates-as-email\" aria-required=\"true\" aria-invalid=\"false\" value=\"\" type=\"email\" name=\"email\" \/><\/span>\n\t<\/p>\n<\/div>\n<div class=\"col-sm-6 norightpadding\">\n\t<p>Interessat en: <span class=\"red_text\">*<\/span><br \/>\n<span class=\"wpcf7-form-control-wrap\" data-name=\"aguas\"><span class=\"wpcf7-form-control wpcf7-checkbox wpcf7-validates-as-required\"><span class=\"wpcf7-list-item first\"><input type=\"checkbox\" name=\"aguas[]\" value=\"aig\u00fces residuals\" \/><span class=\"wpcf7-list-item-label\">aig\u00fces residuals<\/span><\/span><span class=\"wpcf7-list-item last\"><input type=\"checkbox\" name=\"aguas[]\" value=\"ind\u00fastria\" \/><span class=\"wpcf7-list-item-label\">ind\u00fastria<\/span><\/span><\/span><\/span>\n\t<\/p>\n<\/div>\n<div style=\"clear:both;\">\n<\/div>\n<div class=\"col-sm-6 norightpadding\">\n\t<p><span class=\"wpcf7-form-control-wrap\" data-name=\"aceptar\"><span class=\"wpcf7-form-control wpcf7-acceptance\"><span class=\"wpcf7-list-item\"><input type=\"checkbox\" name=\"aceptar\" value=\"1\" aria-invalid=\"false\" \/><\/span><\/span><\/span> Accepto les <a href=\"http:\/\/www.raimaberfluidtech.com\/aviso-legal\" rel=\"nofollow\" target=\"_blank\">condicions<\/a>\n\t<\/p>\n\t<p><span class=\"red_text\">*Camps requerits<\/span>\n\t<\/p>\n<\/div>\n<div class=\"col-sm-6 noleftpadding\">\n\t<p><input class=\"wpcf7-form-control wpcf7-submit has-spinner\" type=\"submit\" value=\"Enviar\" \/>\n\t<\/p>\n<\/div>\n\n\n\n<!-- <span class=\"wpcf7-form-control-wrap\" data-name=\"erp\"><input size=\"40\" maxlength=\"400\" class=\"wpcf7-form-control wpcf7-text novisibility\" aria-invalid=\"false\" value=\"Si\" type=\"text\" name=\"erp\" \/><\/span>--><input type='hidden' class='wpcf7-pum' value='{\"closepopup\":false,\"closedelay\":0,\"openpopup\":false,\"openpopup_id\":0}' \/><div class=\"wpcf7-response-output\" aria-hidden=\"true\"><\/div>\n<\/form>\n<\/div>\n[\/vc_column][\/vc_row]<\/p>\n<\/div>","protected":false},"excerpt":{"rendered":"<p>[vc_row][vc_column][\/vc_column][\/vc_row][vc_row][vc_column width=&#8221;1\/2&#8243;][vc_column_text]Apunta&#8217;t a la Newsletter de Raimaber i estigues actualitzat a les novetats del sector en bombes industrials, mescladors, sistemes de digestors, homogene\u00eftzadors, agitadors de biog\u00e0s i equipament de proc\u00e9s d&#8217;alta fiabilitat. Per a m\u00e9s informaci\u00f3 podeu utilitzar el formulari&#8230;<\/p>\n","protected":false},"author":1,"featured_media":0,"parent":0,"menu_order":0,"comment_status":"closed","ping_status":"closed","template":"","meta":{"footnotes":""},"class_list":["post-14343","page","type-page","status-publish","hentry"],"yoast_head":"<!-- This site is optimized with the Yoast SEO plugin v24.3 - https:\/\/yoast.com\/wordpress\/plugins\/seo\/ -->\n<title>: Newsletter - Raimaber Fluid Tech<\/title>\n<meta name=\"description\" content=\"Secci\u00f3n de : Newsletter en Raimaber Fluid Tech. Contacte y le informamos.\" \/>\n<meta name=\"robots\" content=\"noindex, follow\" \/>\n<meta property=\"og:locale\" content=\"ca_ES\" \/>\n<meta property=\"og:type\" content=\"article\" \/>\n<meta property=\"og:title\" content=\": Newsletter - Raimaber Fluid Tech\" \/>\n<meta property=\"og:description\" content=\"Secci\u00f3n de : Newsletter en Raimaber Fluid Tech. Contacte y le informamos.\" \/>\n<meta property=\"og:url\" content=\"https:\/\/www.raimaberfluidtech.com\/ca\/newsletter\/\" \/>\n<meta property=\"og:site_name\" content=\"Raimaber Fluid Tech\" \/>\n<meta property=\"article:modified_time\" content=\"2025-02-25T08:56:36+00:00\" \/>\n<meta name=\"twitter:label1\" content=\"Temps estimat de lectura\" \/>\n\t<meta name=\"twitter:data1\" content=\"1 minut\" \/>\n<script type=\"application\/ld+json\" class=\"yoast-schema-graph\">{\"@context\":\"https:\/\/schema.org\",\"@graph\":[{\"@type\":\"WebPage\",\"@id\":\"https:\/\/www.raimaberfluidtech.com\/ca\/newsletter\/\",\"url\":\"https:\/\/www.raimaberfluidtech.com\/ca\/newsletter\/\",\"name\":\": Newsletter - Raimaber Fluid Tech\",\"isPartOf\":{\"@id\":\"https:\/\/www.raimaberfluidtech.com\/ca\/#website\"},\"datePublished\":\"2013-03-01T12:59:00+00:00\",\"dateModified\":\"2025-02-25T08:56:36+00:00\",\"description\":\"Secci\u00f3n de : Newsletter en Raimaber Fluid Tech. Contacte y le informamos.\",\"breadcrumb\":{\"@id\":\"https:\/\/www.raimaberfluidtech.com\/ca\/newsletter\/#breadcrumb\"},\"inLanguage\":\"ca\",\"potentialAction\":[{\"@type\":\"ReadAction\",\"target\":[\"https:\/\/www.raimaberfluidtech.com\/ca\/newsletter\/\"]}]},{\"@type\":\"BreadcrumbList\",\"@id\":\"https:\/\/www.raimaberfluidtech.com\/ca\/newsletter\/#breadcrumb\",\"itemListElement\":[{\"@type\":\"ListItem\",\"position\":1,\"name\":\"Home\",\"item\":\"https:\/\/www.raimaberfluidtech.com\/ca\/\"},{\"@type\":\"ListItem\",\"position\":2,\"name\":\"Newsletter\"}]},{\"@type\":\"WebSite\",\"@id\":\"https:\/\/www.raimaberfluidtech.com\/ca\/#website\",\"url\":\"https:\/\/www.raimaberfluidtech.com\/ca\/\",\"name\":\"Raimaber Fluid Tech\",\"description\":\"Bombas industriales\",\"publisher\":{\"@id\":\"https:\/\/www.raimaberfluidtech.com\/ca\/#organization\"},\"potentialAction\":[{\"@type\":\"SearchAction\",\"target\":{\"@type\":\"EntryPoint\",\"urlTemplate\":\"https:\/\/www.raimaberfluidtech.com\/ca\/?s={search_term_string}\"},\"query-input\":{\"@type\":\"PropertyValueSpecification\",\"valueRequired\":true,\"valueName\":\"search_term_string\"}}],\"inLanguage\":\"ca\"},{\"@type\":\"Organization\",\"@id\":\"https:\/\/www.raimaberfluidtech.com\/ca\/#organization\",\"name\":\"Raimaber Fluid Tech\",\"url\":\"https:\/\/www.raimaberfluidtech.com\/ca\/\",\"logo\":{\"@type\":\"ImageObject\",\"inLanguage\":\"ca\",\"@id\":\"https:\/\/www.raimaberfluidtech.com\/ca\/#\/schema\/logo\/image\/\",\"url\":\"https:\/\/www.raimaberfluidtech.com\/wp-content\/uploads\/2012\/11\/raimaber.gif\",\"contentUrl\":\"https:\/\/www.raimaberfluidtech.com\/wp-content\/uploads\/2012\/11\/raimaber.gif\",\"width\":\"705\",\"height\":\"438\",\"caption\":\"Raimaber Fluid Tech\"},\"image\":{\"@id\":\"https:\/\/www.raimaberfluidtech.com\/ca\/#\/schema\/logo\/image\/\"}}]}<\/script>\n<!-- \/ Yoast SEO plugin. -->","yoast_head_json":{"title":": Newsletter - Raimaber Fluid Tech","description":"Secci\u00f3n de : Newsletter en Raimaber Fluid Tech. Contacte y le informamos.","robots":{"index":"noindex","follow":"follow"},"og_locale":"ca_ES","og_type":"article","og_title":": Newsletter - Raimaber Fluid Tech","og_description":"Secci\u00f3n de : Newsletter en Raimaber Fluid Tech. Contacte y le informamos.","og_url":"https:\/\/www.raimaberfluidtech.com\/ca\/newsletter\/","og_site_name":"Raimaber Fluid Tech","article_modified_time":"2025-02-25T08:56:36+00:00","twitter_misc":{"Temps estimat de lectura":"1 minut"},"schema":{"@context":"https:\/\/schema.org","@graph":[{"@type":"WebPage","@id":"https:\/\/www.raimaberfluidtech.com\/ca\/newsletter\/","url":"https:\/\/www.raimaberfluidtech.com\/ca\/newsletter\/","name":": Newsletter - Raimaber Fluid Tech","isPartOf":{"@id":"https:\/\/www.raimaberfluidtech.com\/ca\/#website"},"datePublished":"2013-03-01T12:59:00+00:00","dateModified":"2025-02-25T08:56:36+00:00","description":"Secci\u00f3n de : Newsletter en Raimaber Fluid Tech. Contacte y le informamos.","breadcrumb":{"@id":"https:\/\/www.raimaberfluidtech.com\/ca\/newsletter\/#breadcrumb"},"inLanguage":"ca","potentialAction":[{"@type":"ReadAction","target":["https:\/\/www.raimaberfluidtech.com\/ca\/newsletter\/"]}]},{"@type":"BreadcrumbList","@id":"https:\/\/www.raimaberfluidtech.com\/ca\/newsletter\/#breadcrumb","itemListElement":[{"@type":"ListItem","position":1,"name":"Home","item":"https:\/\/www.raimaberfluidtech.com\/ca\/"},{"@type":"ListItem","position":2,"name":"Newsletter"}]},{"@type":"WebSite","@id":"https:\/\/www.raimaberfluidtech.com\/ca\/#website","url":"https:\/\/www.raimaberfluidtech.com\/ca\/","name":"Raimaber Fluid Tech","description":"Bombas industriales","publisher":{"@id":"https:\/\/www.raimaberfluidtech.com\/ca\/#organization"},"potentialAction":[{"@type":"SearchAction","target":{"@type":"EntryPoint","urlTemplate":"https:\/\/www.raimaberfluidtech.com\/ca\/?s={search_term_string}"},"query-input":{"@type":"PropertyValueSpecification","valueRequired":true,"valueName":"search_term_string"}}],"inLanguage":"ca"},{"@type":"Organization","@id":"https:\/\/www.raimaberfluidtech.com\/ca\/#organization","name":"Raimaber Fluid Tech","url":"https:\/\/www.raimaberfluidtech.com\/ca\/","logo":{"@type":"ImageObject","inLanguage":"ca","@id":"https:\/\/www.raimaberfluidtech.com\/ca\/#\/schema\/logo\/image\/","url":"https:\/\/www.raimaberfluidtech.com\/wp-content\/uploads\/2012\/11\/raimaber.gif","contentUrl":"https:\/\/www.raimaberfluidtech.com\/wp-content\/uploads\/2012\/11\/raimaber.gif","width":"705","height":"438","caption":"Raimaber Fluid Tech"},"image":{"@id":"https:\/\/www.raimaberfluidtech.com\/ca\/#\/schema\/logo\/image\/"}}]}},"_links":{"self":[{"href":"https:\/\/www.raimaberfluidtech.com\/ca\/wp-json\/wp\/v2\/pages\/14343","targetHints":{"allow":["GET"]}}],"collection":[{"href":"https:\/\/www.raimaberfluidtech.com\/ca\/wp-json\/wp\/v2\/pages"}],"about":[{"href":"https:\/\/www.raimaberfluidtech.com\/ca\/wp-json\/wp\/v2\/types\/page"}],"author":[{"embeddable":true,"href":"https:\/\/www.raimaberfluidtech.com\/ca\/wp-json\/wp\/v2\/users\/1"}],"replies":[{"embeddable":true,"href":"https:\/\/www.raimaberfluidtech.com\/ca\/wp-json\/wp\/v2\/comments?post=14343"}],"version-history":[{"count":1,"href":"https:\/\/www.raimaberfluidtech.com\/ca\/wp-json\/wp\/v2\/pages\/14343\/revisions"}],"predecessor-version":[{"id":14346,"href":"https:\/\/www.raimaberfluidtech.com\/ca\/wp-json\/wp\/v2\/pages\/14343\/revisions\/14346"}],"wp:attachment":[{"href":"https:\/\/www.raimaberfluidtech.com\/ca\/wp-json\/wp\/v2\/media?parent=14343"}],"curies":[{"name":"wp","href":"https:\/\/api.w.org\/{rel}","templated":true}]}}