{"id":14337,"date":"2013-04-18T07:57:31","date_gmt":"2013-04-18T07:57:31","guid":{"rendered":"https:\/\/www.raimaberfluidtech.com\/politica-de-privadesa\/"},"modified":"2025-02-25T08:56:36","modified_gmt":"2025-02-25T08:56:36","slug":"politica-de-privadesa","status":"publish","type":"page","link":"https:\/\/www.raimaberfluidtech.com\/ca\/politica-de-privadesa\/","title":{"rendered":"Pol\u00edtica de privadesa"},"content":{"rendered":"<div class=\"wpb-content-wrapper\"><p>[vc_row][vc_column][vc_custom_heading text=&#8221;Pol\u00edtica de privadesa&#8221; font_container=&#8221;tag:h2|font_size:18px|text_align:left|color:%23000000&#8243; use_theme_fonts=&#8221;yes&#8221;][vc_column_text]<\/p>\n<p style=\"text-align: justify;\">En compliment de la Llei 34\/2002 de Serveis de la Societat de la Informaci\u00f3 i de Comer\u00e7 Electr\u00f2nic d&#8217;Espanya, us informem que aquesta p\u00e0gina Web \u00e9s propietat de <strong>Raimaber Fluid Tech SL<\/strong> , amb domicili al c\/ Santa Maria del Cam\u00ed, n\u00ba66, 08530 , La Garriga (Barcelona) amb CIF n\u00fam. B58289463 i inscrita al Registre Mercantil de Barcelona amb les dades seg\u00fcents: Tom 33308, Full B229287, Inscripci\u00f3 n\u00fam.1.<\/p>\n<p style=\"text-align: justify;\">Per a qualsevol consulta o proposta, contacteu-nos a l&#8217;e-mail a <a href=\"mailto:web@raimaber.es\">web@raimaber.es<\/a> , o al tel\u00e8fon 938605454.<\/p>\n<p style=\"text-align: justify;\">Aquesta p\u00e0gina web es regeix per la normativa exclusivament aplicable a Espanya, quedant-hi sotmesa, tant nacionals com estrangers que utilitzin aquesta web.<\/p>\n<p style=\"text-align: justify;\">L&#8217;acc\u00e9s a la nostra p\u00e0gina web per part de l&#8217;USUARI \u00e9s gratu\u00eft i est\u00e0 condicionat a la lectura i l&#8217;acceptaci\u00f3 \u00edntegra pr\u00e8via, expressa i sense reserves de les presents <strong>CONDICIONS GENERALS D&#8217;\u00daS<\/strong> vigents en el moment de l&#8217;acc\u00e9s, que preguem llegiu detingudament. L&#8217;USUARI en el moment que utilitza el nostre portal, els seus continguts o serveis,   <strong>accepta i se sotmet expressament a les condicions generals d\u00fas del mateix. Si l&#8217;usuari no estigu\u00e9s d&#8217;acord amb aquestes condicions d&#8217;\u00fas, s&#8217;haur\u00e0 d&#8217;abstenir d&#8217;utilitzar aquest portal i operar-hi. <\/strong>.<\/p>\n<p style=\"text-align: justify;\">En qualsevol moment podrem modificar la presentaci\u00f3 i configuraci\u00f3 de la nostra Web, ampliar o reduir serveis, i fins i tot suprimir-la de la Xarxa, aix\u00ed com els serveis i continguts prestats, tot aix\u00f2 de forma unilateral i sense av\u00eds previ.<\/p>\n<p style=\"text-align: justify;\"><strong style=\"line-height: 1.5;\">PROPIETAT INTEL\u00b7LECTUAL<\/strong><\/p>\n<p style=\"text-align: justify;\">Tots els continguts, textos, imatges i codis font s\u00f3n propietat de <strong>Raimaber Fluid Tech SL<\/strong> o de tercers que s&#8217;han adquirit els seus drets d&#8217;explotaci\u00f3, i estan protegits pels drets de propietat intel\u00b7lectual i industrial.<\/p>\n<p style=\"text-align: justify;\">L&#8217;usuari \u00fanicament t\u00e9 dret a un \u00fas privat dels mateixos, sense \u00e0nim de lucre, i necessita autoritzaci\u00f3 expressa de <strong>Raimaber Fluid Tech SL<\/strong> i\/o el titular dels drets per modificar-los, reproduir-los, explotar-los, distribuir-los o qualsevol dret pertanyent al titular .<\/p>\n<p style=\"text-align: justify;\">L&#8217;establiment d&#8217;enlla\u00e7os al nostre portal no confereix cap dret sobre aquest, i s&#8217;autoritza exclusivament a permetre l&#8217;acc\u00e9s a la nostra web, i queda prohibida en altres p\u00e0gines la reproducci\u00f3 total o parcial de les imatges i continguts del nostre portal. Aix\u00ed mateix, el simple fet d&#8217;establir un enlla\u00e7 a la nostra p\u00e0gina web no d\u00f3na dret a atorgar-se la categoria de col\u00b7laborador o soci de <strong>Raimaber Fluid Tech SL<\/strong> . <\/p>\n<p style=\"text-align: justify;\">\u00c9s absolutament prohibida la imitaci\u00f3 ja sigui total o parcial del nostre portal.<\/p>\n<p style=\"text-align: justify;\"><strong style=\"line-height: 1.5;\">CONDICIONS D&#8217;ACC\u00c9S<\/strong><\/p>\n<p style=\"text-align: justify;\">L&#8217;acc\u00e9s a la nostra p\u00e0gina web \u00e9s gratu\u00eft i no exigeix \u200b\u200bpr\u00e8via subscripci\u00f3 o registre. Tot i aix\u00f2, <strong>Raimaber Fluid Tech SL<\/strong> es reserva el dret d&#8217;oferir serveis que requereixin el registre previ de l&#8217;usuari. En tot cas, aquests serveis quedaran degudament identificats a la Web, amb f\u00e0cils indicacions per al seu registre.  <\/p>\n<p style=\"text-align: justify;\">L&#8217;usuari ha d&#8217;accedir a la nostra p\u00e0gina Web d&#8217;acord amb la bona fe, les normes d&#8217;ordre p\u00fablic, les presents Condicions Generals d&#8217;\u00fas. L&#8217;acc\u00e9s al nostre lloc web es realitza sota la pr\u00f2pia i exclusiva responsabilitat de l&#8217;usuari, que respondr\u00e0 en tot cas dels danys i els perjudicis que pugui causar a tercers oa nosaltres mateixos. <\/p>\n<p style=\"text-align: justify;\">L&#8217;usuari t\u00e9 expressament prohibit la utilitzaci\u00f3 i l&#8217;obtenci\u00f3 dels serveis i continguts oferts a la present p\u00e0gina web, per procediments diferents dels estipulats en aquestes condicions d&#8217;\u00fas, i si escau en les condicions particulars que regulin l&#8217;adquisici\u00f3 de determinats serveis.<\/p>\n<p style=\"text-align: justify;\">Tenint en compte la impossibilitat de control respecte a la informaci\u00f3, continguts i serveis que continguin altres llocs web als quals es pugui accedir a trav\u00e9s dels enlla\u00e7os que la nostra p\u00e0gina web posa a la seva disposici\u00f3, us comuniquem que <strong>Raimaber Fluid Tech SL<\/strong> queda eximida de qualsevol responsabilitat pels danys i perjudicis de tota mena que poguessin derivar per la utilitzaci\u00f3 d&#8217;aquestes p\u00e0gines web alienes a la nostra <strong>Raimaber Fluid Tech SL<\/strong> per part de l&#8217;usuari.<\/p>\n<p style=\"text-align: justify;\"><strong>Raimaber Fluid Tech SL<\/strong> es reserva el dret d&#8217;exercitar les accions legals oportunes contra aquells USUARIS que vulnerin les presents condicions generals d&#8217;\u00fas, acceptant l&#8217;USUARI que la no iniciaci\u00f3 d&#8217;aquestes accions no constitueix una ren\u00fancia formal a aquestes, romanent vigents fins als terminis de prescripci\u00f3 de les infraccions.<\/p>\n<p style=\"text-align: justify;\"><strong style=\"line-height: 1.5;\">PROTECCI\u00d3 DE DADES PERSONALS<\/strong><\/p>\n<p style=\"text-align: justify;\">La confidencialitat, el secret professional i la seguretat s\u00f3n valors primordials de <strong>Raimaber Fluid Tech SL<\/strong> , que assumeix el comprom\u00eds de garantir la privadesa de l&#8217;usuari o visitant en tot moment, i en totes les interaccions amb aquell. <strong>Raimaber Fluid Tech SL<\/strong> assumeix tamb\u00e9 el comprom\u00eds de no demanar informaci\u00f3 innecess\u00e0ria sobre l&#8217;Usuari. Aix\u00ed mateix, ens comprometem a tractar amb extrema dilig\u00e8ncia la informaci\u00f3 personal que l&#8217;usuari pugui facilitar a trav\u00e9s del nostre web. <\/p>\n<p style=\"text-align: justify;\">De conformitat amb la Llei Org\u00e0nica 15\/1999 de Protecci\u00f3 de Dades de Car\u00e0cter Personal (LOPD), i Reial Decret 1720\/2007 de desenvolupament de la LOPD, us informem que la utilitzaci\u00f3 de determinats serveis a la nostra p\u00e0gina web requereix que ens faciliti determinades dades personals a trav\u00e9s de formularis de registre o mitjan\u00e7ant l&#8217;enviament de missatges de correu electr\u00f2nic, i que aquests seran objecte de tractament i incorporats als fitxers de <strong>Raimaber Fluid Tech SL<\/strong> titular i responsable del mateix. L&#8217;enviament referit de les dades personals constitueix el consentiment expr\u00e9s al seu tractament, si b\u00e9 de car\u00e0cter revocable i sense efectes retroactius. <\/p>\n<p style=\"text-align: justify;\">Aix\u00ed mateix us informem que tots els nostres fitxers es troben legalment inscrits al Registre General de Dades Personals de l&#8217;Ag\u00e8ncia Espanyola de Protecci\u00f3 de Dades, aix\u00ed com que per salvaguardar la seguretat de les vostres dades personals s&#8217;aplicaran les mesures de seguretat t\u00e8cniques i organitzatives exigides en el Reial decret 1720\/2007 que regula el reglament de mesures de seguretat dels fitxers que continguin dades de car\u00e0cter personal.<\/p>\n<p style=\"text-align: justify;\"><strong>\u00das de les vostres dades personals<\/strong><\/p>\n<p style=\"text-align: justify;\">Les dades que us sol\u00b7licitem s\u00f3n les adequades, pertinents i estrictament necess\u00e0ries per a la finalitat per la qual es recullen, i <strong>en cap cas est\u00e0 obligat a facilitar-nos-les<\/strong> . Aix\u00ed mateix, ens certifica que totes les dades que ens facilita s\u00f3n certes, veraces i pertinents per a la finalitat per la qual els sol\u00b7licitem. <\/p>\n<p style=\"text-align: justify;\">La nostra p\u00e0gina Web recull les vostres dades personals mitjan\u00e7ant la recepci\u00f3 de diversos formularis ia trav\u00e9s del correu electr\u00f2nic on podeu sol\u00b7licitar-nos qualsevol tipus d&#8217;informaci\u00f3, aclariment o dubte, i fins i tot remetre&#8217;ns el vostre curr\u00edculum vitae. L&#8217;enviament dels mateixos implica la seva autoritzaci\u00f3 a incorporar-los als nostres fitxers corresponents, si <strong>Raimaber Fluid Tech SL<\/strong> ho considera convenient, i aquests estaran regulats per les presents pol\u00edtiques de privadesa. Les vostres dades seran incorporades als nostres fitxers de tractament de dades.  <\/p>\n<p style=\"text-align: justify;\"><strong>Raimaber Fluid Tech SL<\/strong> , es reserva el dret de decidir la incorporaci\u00f3 o no de les dades personals als seus fitxers.<\/p>\n<p style=\"text-align: justify;\"><strong> <\/strong><\/p>\n<p style=\"text-align: justify;\"><strong>Drets d&#8217;acc\u00e9s, rectificaci\u00f3, cancel\u00b7laci\u00f3 de les vostres dades personals<\/strong><\/p>\n<p style=\"text-align: justify;\">En qualsevol moment podeu oposar-vos als nostres enviaments comercials, aix\u00ed com exercir els vostres drets d&#8217;acc\u00e9s, rectificaci\u00f3 i cancel\u00b7laci\u00f3 en els termes establerts legalment, podent dirigir-vos a: <strong>Raimaber Fluid Tech SL<\/strong> , C\/ Santa Maria del Cam\u00ed, n\u00fam.<\/p>\n<p style=\"text-align: justify;\"><strong>Comunicacions de dades<\/strong><\/p>\n<p style=\"text-align: justify;\"><strong> <\/strong><\/p>\n<p style=\"text-align: justify;\"><strong>Raimaber Fluid Tech SL<\/strong> us informa que les vostres dades s\u00f3n tractades confidencialment i s\u00f3n utilitzades exclusivament de manera interna i per a les finalitats indicades. Per tant, no cedim ni comuniquem a cap tercer les teves dades, excepte en els casos legalment previstos, o que l&#8217;USUARI ens ho autoritzi expressament. <\/p>\n<p style=\"text-align: justify;\"><strong> <\/strong><\/p>\n<p style=\"text-align: justify;\"><strong>Seguretat de les vostres dades personals<\/strong><\/p>\n<p style=\"text-align: justify;\">Amb l&#8217;objectiu de salvaguardar la seguretat de les vostres dades personals, us informem que <strong>Raimaber Fluid Tech SL<\/strong> ha adoptat totes les mesures d&#8217;\u00edndole t\u00e8cnica i organitzativa necess\u00e0ries per garantir la seguretat de les dades personals subministrades de la vostra alteraci\u00f3, p\u00e8rdua, i tractaments o accessos no autoritzats, tal com exigeix \u200b\u200bel Reial decret 1720\/2007, regula el reglament de mesures de seguretat dels fitxers que continguin dades de car\u00e0cter personal.<\/p>\n<p style=\"text-align: justify;\"><strong> <\/strong><\/p>\n<p style=\"text-align: justify;\"><strong>Actualitzaci\u00f3 de les vostres dades<\/strong><\/p>\n<p style=\"text-align: justify;\">\u00c9s important que perqu\u00e8 puguem mantenir les seves dades personals actualitzades, ens informi sempre que hi hagi hagut alguna modificaci\u00f3, en cas contrari, no responem de la seva veracitat.<\/p>\n<p style=\"text-align: justify;\">Considerem que si no cancel\u00b7leu les vostres dades personals expressament dels nostres fitxers, continueu interessats a seguir-hi incorporat fins que <strong>Raimaber Fluid Tech SL<\/strong> ho considereu oport\u00fa i mentre sigui adequat a la finalitat per la qual es van obtenir.<\/p>\n<p style=\"text-align: justify;\"><strong>Raimaber Fluid Tech SL<\/strong> , no es fa responsable de la pol\u00edtica de privadesa respecte a les dades personals que pugui facilitar a tercers per mitj\u00e0 dels enlla\u00e7os disponibles a la nostra p\u00e0gina web.<\/p>\n<p style=\"text-align: justify;\"><strong>Raimaber Fluid Tech SL<\/strong> pot modificar les presents pol\u00edtiques de privadesa per adaptar-les a les modificacions que es produeixi a la nostra web, aix\u00ed com modificacions legislatives o jurisprudencials sobre dades personals que vagin apareixent, per la qual cosa exigeix \u200b\u200bla seva lectura, cada vegada que ens faciliti les seves dades mitjan\u00e7ant aquesta Web.<\/p>\n<p style=\"text-align: justify;\"><strong style=\"line-height: 1.5;\">RESPONSABILITATS<\/strong><\/p>\n<p style=\"text-align: justify;\">En posar a disposici\u00f3 de l&#8217;usuari aquesta p\u00e0gina Web volem oferir-vos tota una s\u00e8rie de continguts i serveis de qualitat, utilitzant la m\u00e0xima dilig\u00e8ncia en la prestaci\u00f3 dels mateixos aix\u00ed com en els mitjans tecnol\u00f2gics utilitzats. No obstant, no respondrem de la pres\u00e8ncia de virus i altres elements que d&#8217;alguna manera puguin fer malb\u00e9 el sistema inform\u00e0tic de l&#8217;usuari. <\/p>\n<p style=\"text-align: justify;\">L&#8217;USUARI t\u00e9 prohibit qualsevol tipus d&#8217;acci\u00f3 sobre el nostre portal que origini una excessiva sobrec\u00e0rrega de funcionament als nostres sistemes inform\u00e0tics, aix\u00ed com la introducci\u00f3 de virus, o instal\u00b7laci\u00f3 de robots, o programari que alteri el funcionament normal del nostre web, o en definitiva pugui causar danys als nostres sistemes inform\u00e0tics.<\/p>\n<p style=\"text-align: justify;\">L&#8217;usuari assumeix tota la responsabilitat derivada de l&#8217;\u00fas de la nostra p\u00e0gina web, essent l&#8217;\u00fanic responsable de tot efecte directe o indirecte que sobre la p\u00e0gina web es derivi, incloent-hi, de manera enunciativa i no limitativa, tot resultat econ\u00f2mic, t\u00e8cnic i\/o jur\u00eddic advers, aix\u00ed com la defraudaci\u00f3 de les expectatives generades pel nostre portal, obligant-se l&#8217;usuari a mantenir indemne <strong>Raimaber Fluid Tech SL<\/strong> per qualsevol reclamaci\u00f3 derivada, directament o indirectament d&#8217;aquests fets.<\/p>\n<p style=\"text-align: justify;\"><strong>Raimaber Fluid Tech SL<\/strong> queda exonerat de responsabilitat per qualsevol reclamaci\u00f3 respecte als drets de propietat intel\u00b7lectual dels articles i imatges publicades al seu portal, aix\u00ed com no garanteix l&#8217;exactitud, veracitat i vig\u00e8ncia dels continguts d&#8217;aquesta p\u00e0gina web, ja siguin propis , de tercers, o enlla\u00e7ables a altres llocs web, quedant totalment exonerada de qualsevol responsabilitat derivada de l&#8217;\u00fas de les mateixes.<\/p>\n<p style=\"text-align: justify;\"><strong>Raimaber Fluid Tech SL<\/strong> queda exonerada de qualsevol responsabilitat derivada de qualsevol reclamaci\u00f3, incl\u00f2s el pagament d&#8217;honoraris a advocats, per les demandes i reclamacions originades per tercers per l&#8217;incompliment per part de l&#8217;USUARI de les nostres condicions d&#8217;\u00fas, acc\u00e9s i pol\u00edtica de privadesa, o qualsevol altra reclamaci\u00f3 per l&#8217;incompliment de la legislaci\u00f3 vigent.<\/p>\n<p style=\"text-align: justify;\">L&#8217;USUARI reconeix que ha ent\u00e8s tota la informaci\u00f3 respecte a les condicions d&#8217;\u00fas del nostre portal, i reconeix que s\u00f3n suficients per a l&#8217;exclusi\u00f3 de l&#8217;error i, per tant, les accepta \u00edntegrament i expressament.<\/p>\n<p style=\"text-align: justify;\">L&#8217;USUARI \u00e9s plenament conscient que la mera navegaci\u00f3 per aquesta p\u00e0gina web, aix\u00ed com la utilitzaci\u00f3 dels seus serveis, implica l&#8217;acceptaci\u00f3 de les condicions d&#8217;\u00fas presents.<\/p>\n<p style=\"text-align: justify;\">Tot all\u00f2 referent a la nostra p\u00e0gina web, es regeix exclusivament per les lleis espanyoles. En cas que es produeixi qualsevol tipus de discrep\u00e0ncia o difer\u00e8ncia entre les parts en relaci\u00f3 amb la interpretaci\u00f3 i el contingut de la present p\u00e0gina web, totes les parts se sotmeten, amb ren\u00fancia expressa a qualsevol altre fur, als Jutjats i Tribunals de Barcelona . <\/p>\n<p style=\"text-align: justify;\"><strong style=\"line-height: 1.5;\">VIG\u00c8NCIA DE LES CONDICIONS GENERALS D&#8217;\u00daS<\/strong><\/p>\n<p style=\"text-align: justify;\">Aquestes Condicions Generals d&#8217;\u00das han estat modificades amb data 02\/10\/2009. En qualsevol moment podem procedir a la seva modificaci\u00f3: si us plau, comproveu la data d&#8217;emissi\u00f3 en cada ocasi\u00f3 en qu\u00e8 es connecti a la nostra p\u00e0gina web i aix\u00ed tindr\u00e0 la certesa que no s&#8217;ha produ\u00eft cap modificaci\u00f3 que l&#8217;afecti. <\/p>\n<p style=\"text-align: justify;\">Per a qualsevol q\u00fcesti\u00f3 respecte a les Condicions d&#8217;\u00das de la nostra p\u00e0gina web, podeu posar-vos en contacte amb nosaltres en les dades a dalt indicades.<\/p>\n<p>[\/vc_column_text][\/vc_column][\/vc_row]<\/p>\n<\/div>","protected":false},"excerpt":{"rendered":"<p>[vc_row][vc_column][vc_custom_heading text=&#8221;Pol\u00edtica de privadesa&#8221; font_container=&#8221;tag:h2|font_size:18px|text_align:left|color:%23000000&#8243; use_theme_fonts=&#8221;yes&#8221;][vc_column_text] En compliment de la Llei 34\/2002 de Serveis de la Societat de la Informaci\u00f3 i de Comer\u00e7 Electr\u00f2nic d&#8217;Espanya, us informem que aquesta p\u00e0gina Web \u00e9s propietat de Raimaber Fluid Tech SL , amb&#8230;<\/p>\n","protected":false},"author":1,"featured_media":0,"parent":0,"menu_order":0,"comment_status":"closed","ping_status":"closed","template":"","meta":{"footnotes":""},"class_list":["post-14337","page","type-page","status-publish","hentry"],"yoast_head":"<!-- This site is optimized with the Yoast SEO plugin v24.3 - https:\/\/yoast.com\/wordpress\/plugins\/seo\/ -->\n<title>: Pol\u00edtica de privadesa - Raimaber Fluid Tech<\/title>\n<meta name=\"description\" content=\"Secci\u00f3n de : Pol\u00edtica de privadesa en Raimaber Fluid Tech. Contacte y le informamos.\" \/>\n<meta name=\"robots\" content=\"noindex, follow\" \/>\n<meta property=\"og:locale\" content=\"ca_ES\" \/>\n<meta property=\"og:type\" content=\"article\" \/>\n<meta property=\"og:title\" content=\": Pol\u00edtica de privadesa - Raimaber Fluid Tech\" \/>\n<meta property=\"og:description\" content=\"Secci\u00f3n de : Pol\u00edtica de privadesa en Raimaber Fluid Tech. Contacte y le informamos.\" \/>\n<meta property=\"og:url\" content=\"https:\/\/www.raimaberfluidtech.com\/ca\/politica-de-privadesa\/\" \/>\n<meta property=\"og:site_name\" content=\"Raimaber Fluid Tech\" \/>\n<meta property=\"article:modified_time\" content=\"2025-02-25T08:56:36+00:00\" \/>\n<meta name=\"twitter:label1\" content=\"Temps estimat de lectura\" \/>\n\t<meta name=\"twitter:data1\" content=\"10 minuts\" \/>\n<script type=\"application\/ld+json\" class=\"yoast-schema-graph\">{\"@context\":\"https:\/\/schema.org\",\"@graph\":[{\"@type\":\"WebPage\",\"@id\":\"https:\/\/www.raimaberfluidtech.com\/ca\/politica-de-privadesa\/\",\"url\":\"https:\/\/www.raimaberfluidtech.com\/ca\/politica-de-privadesa\/\",\"name\":\": Pol\u00edtica de privadesa - Raimaber Fluid Tech\",\"isPartOf\":{\"@id\":\"https:\/\/www.raimaberfluidtech.com\/ca\/#website\"},\"datePublished\":\"2013-04-18T07:57:31+00:00\",\"dateModified\":\"2025-02-25T08:56:36+00:00\",\"description\":\"Secci\u00f3n de : Pol\u00edtica de privadesa en Raimaber Fluid Tech. Contacte y le informamos.\",\"breadcrumb\":{\"@id\":\"https:\/\/www.raimaberfluidtech.com\/ca\/politica-de-privadesa\/#breadcrumb\"},\"inLanguage\":\"ca\",\"potentialAction\":[{\"@type\":\"ReadAction\",\"target\":[\"https:\/\/www.raimaberfluidtech.com\/ca\/politica-de-privadesa\/\"]}]},{\"@type\":\"BreadcrumbList\",\"@id\":\"https:\/\/www.raimaberfluidtech.com\/ca\/politica-de-privadesa\/#breadcrumb\",\"itemListElement\":[{\"@type\":\"ListItem\",\"position\":1,\"name\":\"Home\",\"item\":\"https:\/\/www.raimaberfluidtech.com\/ca\/\"},{\"@type\":\"ListItem\",\"position\":2,\"name\":\"Pol\u00edtica de privadesa\"}]},{\"@type\":\"WebSite\",\"@id\":\"https:\/\/www.raimaberfluidtech.com\/ca\/#website\",\"url\":\"https:\/\/www.raimaberfluidtech.com\/ca\/\",\"name\":\"Raimaber Fluid Tech\",\"description\":\"Bombas industriales\",\"publisher\":{\"@id\":\"https:\/\/www.raimaberfluidtech.com\/ca\/#organization\"},\"potentialAction\":[{\"@type\":\"SearchAction\",\"target\":{\"@type\":\"EntryPoint\",\"urlTemplate\":\"https:\/\/www.raimaberfluidtech.com\/ca\/?s={search_term_string}\"},\"query-input\":{\"@type\":\"PropertyValueSpecification\",\"valueRequired\":true,\"valueName\":\"search_term_string\"}}],\"inLanguage\":\"ca\"},{\"@type\":\"Organization\",\"@id\":\"https:\/\/www.raimaberfluidtech.com\/ca\/#organization\",\"name\":\"Raimaber Fluid Tech\",\"url\":\"https:\/\/www.raimaberfluidtech.com\/ca\/\",\"logo\":{\"@type\":\"ImageObject\",\"inLanguage\":\"ca\",\"@id\":\"https:\/\/www.raimaberfluidtech.com\/ca\/#\/schema\/logo\/image\/\",\"url\":\"https:\/\/www.raimaberfluidtech.com\/wp-content\/uploads\/2012\/11\/raimaber.gif\",\"contentUrl\":\"https:\/\/www.raimaberfluidtech.com\/wp-content\/uploads\/2012\/11\/raimaber.gif\",\"width\":\"705\",\"height\":\"438\",\"caption\":\"Raimaber Fluid Tech\"},\"image\":{\"@id\":\"https:\/\/www.raimaberfluidtech.com\/ca\/#\/schema\/logo\/image\/\"}}]}<\/script>\n<!-- \/ Yoast SEO plugin. -->","yoast_head_json":{"title":": Pol\u00edtica de privadesa - Raimaber Fluid Tech","description":"Secci\u00f3n de : Pol\u00edtica de privadesa en Raimaber Fluid Tech. Contacte y le informamos.","robots":{"index":"noindex","follow":"follow"},"og_locale":"ca_ES","og_type":"article","og_title":": Pol\u00edtica de privadesa - Raimaber Fluid Tech","og_description":"Secci\u00f3n de : Pol\u00edtica de privadesa en Raimaber Fluid Tech. Contacte y le informamos.","og_url":"https:\/\/www.raimaberfluidtech.com\/ca\/politica-de-privadesa\/","og_site_name":"Raimaber Fluid Tech","article_modified_time":"2025-02-25T08:56:36+00:00","twitter_misc":{"Temps estimat de lectura":"10 minuts"},"schema":{"@context":"https:\/\/schema.org","@graph":[{"@type":"WebPage","@id":"https:\/\/www.raimaberfluidtech.com\/ca\/politica-de-privadesa\/","url":"https:\/\/www.raimaberfluidtech.com\/ca\/politica-de-privadesa\/","name":": Pol\u00edtica de privadesa - Raimaber Fluid Tech","isPartOf":{"@id":"https:\/\/www.raimaberfluidtech.com\/ca\/#website"},"datePublished":"2013-04-18T07:57:31+00:00","dateModified":"2025-02-25T08:56:36+00:00","description":"Secci\u00f3n de : Pol\u00edtica de privadesa en Raimaber Fluid Tech. Contacte y le informamos.","breadcrumb":{"@id":"https:\/\/www.raimaberfluidtech.com\/ca\/politica-de-privadesa\/#breadcrumb"},"inLanguage":"ca","potentialAction":[{"@type":"ReadAction","target":["https:\/\/www.raimaberfluidtech.com\/ca\/politica-de-privadesa\/"]}]},{"@type":"BreadcrumbList","@id":"https:\/\/www.raimaberfluidtech.com\/ca\/politica-de-privadesa\/#breadcrumb","itemListElement":[{"@type":"ListItem","position":1,"name":"Home","item":"https:\/\/www.raimaberfluidtech.com\/ca\/"},{"@type":"ListItem","position":2,"name":"Pol\u00edtica de privadesa"}]},{"@type":"WebSite","@id":"https:\/\/www.raimaberfluidtech.com\/ca\/#website","url":"https:\/\/www.raimaberfluidtech.com\/ca\/","name":"Raimaber Fluid Tech","description":"Bombas industriales","publisher":{"@id":"https:\/\/www.raimaberfluidtech.com\/ca\/#organization"},"potentialAction":[{"@type":"SearchAction","target":{"@type":"EntryPoint","urlTemplate":"https:\/\/www.raimaberfluidtech.com\/ca\/?s={search_term_string}"},"query-input":{"@type":"PropertyValueSpecification","valueRequired":true,"valueName":"search_term_string"}}],"inLanguage":"ca"},{"@type":"Organization","@id":"https:\/\/www.raimaberfluidtech.com\/ca\/#organization","name":"Raimaber Fluid Tech","url":"https:\/\/www.raimaberfluidtech.com\/ca\/","logo":{"@type":"ImageObject","inLanguage":"ca","@id":"https:\/\/www.raimaberfluidtech.com\/ca\/#\/schema\/logo\/image\/","url":"https:\/\/www.raimaberfluidtech.com\/wp-content\/uploads\/2012\/11\/raimaber.gif","contentUrl":"https:\/\/www.raimaberfluidtech.com\/wp-content\/uploads\/2012\/11\/raimaber.gif","width":"705","height":"438","caption":"Raimaber Fluid Tech"},"image":{"@id":"https:\/\/www.raimaberfluidtech.com\/ca\/#\/schema\/logo\/image\/"}}]}},"_links":{"self":[{"href":"https:\/\/www.raimaberfluidtech.com\/ca\/wp-json\/wp\/v2\/pages\/14337","targetHints":{"allow":["GET"]}}],"collection":[{"href":"https:\/\/www.raimaberfluidtech.com\/ca\/wp-json\/wp\/v2\/pages"}],"about":[{"href":"https:\/\/www.raimaberfluidtech.com\/ca\/wp-json\/wp\/v2\/types\/page"}],"author":[{"embeddable":true,"href":"https:\/\/www.raimaberfluidtech.com\/ca\/wp-json\/wp\/v2\/users\/1"}],"replies":[{"embeddable":true,"href":"https:\/\/www.raimaberfluidtech.com\/ca\/wp-json\/wp\/v2\/comments?post=14337"}],"version-history":[{"count":1,"href":"https:\/\/www.raimaberfluidtech.com\/ca\/wp-json\/wp\/v2\/pages\/14337\/revisions"}],"predecessor-version":[{"id":14340,"href":"https:\/\/www.raimaberfluidtech.com\/ca\/wp-json\/wp\/v2\/pages\/14337\/revisions\/14340"}],"wp:attachment":[{"href":"https:\/\/www.raimaberfluidtech.com\/ca\/wp-json\/wp\/v2\/media?parent=14337"}],"curies":[{"name":"wp","href":"https:\/\/api.w.org\/{rel}","templated":true}]}}