{"id":14326,"date":"2015-02-17T16:23:50","date_gmt":"2015-02-17T16:23:50","guid":{"rendered":"https:\/\/www.raimaberfluidtech.com\/politica-de-cookies\/"},"modified":"2025-02-25T08:56:36","modified_gmt":"2025-02-25T08:56:36","slug":"politica-de-cookies","status":"publish","type":"page","link":"https:\/\/www.raimaberfluidtech.com\/ca\/politica-de-cookies\/","title":{"rendered":"Pol\u00edtica de cookies"},"content":{"rendered":"<div class=\"wpb-content-wrapper\"><p>[vc_row][vc_column][vc_custom_heading text=&#8221;Pol\u00edtica de cookies&#8221; font_container=&#8221;tag:h2|font_size:18px|text_align:left|color:%23000000&#8243; use_theme_fonts=&#8221;yes&#8221;][vc_column_text]<strong>1. QU\u00c8 S\u00d3N LES COOKIES?<\/strong><\/p>\n<p>Les cookies s\u00f3n petits arxius de dades que es reben al terminal des del lloc web visitat i es fan servir per registrar certes interaccions de la navegaci\u00f3 en un lloc web emmagatzemant dades que podran ser actualitzades i recuperades. Aquests fitxers s&#8217;emmagatzemen a l&#8217;ordinador de l&#8217;usuari i cont\u00e9 dades an\u00f2nimes que no s\u00f3n perjudicials per al vostre equip. S&#8217;utilitzen per recordar les prefer\u00e8ncies de l&#8217;usuari, com ara l&#8217;idioma seleccionat, les dades d&#8217;acc\u00e9s o la personalitzaci\u00f3 de la p\u00e0gina.  <\/p>\n<p>Les galetes tamb\u00e9 poden ser utilitzades per registrar informaci\u00f3 an\u00f2nima sobre com un visitant utilitza un lloc. Per exemple, des de quina p\u00e0gina web heu accedit, o si heu utilitzat un &#8220;banner&#8221; publicitari per arribar-hi. <\/p>\n<p><strong>2. PER QUE UTILITZEM COOKIES?<\/strong><\/p>\n<p><strong>RAIMABER FLUID TECH, SL<\/strong> utilitza cookies estrictament necess\u00e0ries i essencials perqu\u00e8 utilitzi els nostres llocs web i permetin moure&#8217;s lliurement, utilitzar \u00e0rees segures, opcions personalitzades, etc. A m\u00e9s, <strong>RAIMABER FLUID TECH, SL<\/strong> utilitza galetes que recullen dades relatives a l&#8217;an\u00e0lisi d&#8217;\u00fas de la web. Aquestes es fan servir per ajudar a millorar el servei al client, mesurant l&#8217;\u00fas i el rendiment de la p\u00e0gina, per optimitzar-la i personalitzar-la.  <\/p>\n<p>Els nostres llocs tamb\u00e9 poden tenir enlla\u00e7os de xarxes socials (com Facebook o Twitter). <strong>RAIMABER FLUID TECH, SL<\/strong> no controla les cookies utilitzades per aquests webs externs. Per a m\u00e9s informaci\u00f3 sobre les galetes de les xarxes socials o altres webs alienes, aconsellem revisar les seves pr\u00f2pies pol\u00edtiques de galetes. <\/p>\n<p>Aquest lloc web utilitza &#8220;cookies&#8221; de la seg\u00fcent manera:<\/p>\n<ul>\n<li>Cookie de Google ANALYTICS: Google ANALYTICS \u00e9s un servei gratu\u00eft que ofereix Google Inc. i que recull informaci\u00f3 sobre les p\u00e0gines del web consultat, a quina hora, quin navegador web, etc. Posteriorment, aquesta informaci\u00f3 s&#8217;envia als servidors de Google Inc. als Estats Units.   <\/li>\n<li>Cookies d&#8217;aplicaci\u00f3 &#8220;Add-this&#8221;: Add-this \u00e9s un servei gratu\u00eft que us permet compartir p\u00e0gines d&#8217;aquest lloc web per diferents mitjans (correu electr\u00f2nic, xarxes socials, etc.). Add-his recull informaci\u00f3 estad\u00edstica de la vostra navegaci\u00f3 per proporcionar publicitat adaptada als vostres h\u00e0bits de navegaci\u00f3 en aquest lloc web o en qualsevol altre lloc. <\/li>\n<\/ul>\n<p><strong>3. QUIN \u00daS DONEM ALS DIFERENTS TIPUS DE COOKIES?<\/strong><br \/>\nSegons la finalitat:<\/p>\n<ul>\n<li>Cookies t\u00e8cniques: Les cookies t\u00e8cniques s\u00f3n aquelles imprescindibles i estrictament necess\u00e0ries per al funcionament correcte d&#8217;un portal web i la utilitzaci\u00f3 de les diferents opcions i serveis que ofereix. Per exemple, les que serveixen per al manteniment de la sessi\u00f3, la gesti\u00f3 del temps de resposta, el rendiment o la validaci\u00f3 d&#8217;opcions, utilitzar elements de seguretat, compartir contingut amb xarxes socials, etc. <\/li>\n<li>Galetes de personalitzaci\u00f3: Aquestes galetes permeten a l&#8217;usuari especificar o personalitzar algunes caracter\u00edstiques de les opcions generals de la p\u00e0gina web, per exemple, definir l&#8217;idioma, configuraci\u00f3 regional o tipus de navegador.<\/li>\n<li>Cookies anal\u00edtiques: Les cookies anal\u00edtiques s\u00f3n les utilitzades pel nostre portal web, per elaborar perfils de navegaci\u00f3 i poder con\u00e8ixer les prefer\u00e8ncies dels usuaris del mateix per tal de millorar l&#8217;oferta de productes i serveis. Per exemple, mitjan\u00e7ant una galeta anal\u00edtica es controlarien les \u00e0rees geogr\u00e0fiques de m\u00e9s inter\u00e8s d&#8217;un usuari, quin \u00e9s el producte de m\u00e9s acceptaci\u00f3, etc. <\/li>\n<li>Galetes publicit\u00e0ries\/de publicitat: Les galetes publicit\u00e0ries permeten la gesti\u00f3 dels espais publicitaris en base a criteris concrets. Per exemple, la freq\u00fc\u00e8ncia dacc\u00e9s, el contingut editat, etc. Les galetes de publicitat permeten a trav\u00e9s de la gesti\u00f3 de la publicitat emmagatzemar informaci\u00f3 del comportament a trav\u00e9s de l&#8217;observaci\u00f3 d&#8217;h\u00e0bits, estudiant els accessos i formant un perfil de prefer\u00e8ncies de l&#8217;usuari, per oferir publicitat relacionada amb els interessos del perfil.  <\/li>\n<\/ul>\n<p><strong>Segons termini:<\/strong><\/p>\n<ul>\n<li>Galetes de sessi\u00f3: Les galetes de sessi\u00f3 s\u00f3n aquelles que duren el temps que l&#8217;usuari est\u00e0 navegant per la p\u00e0gina web i s&#8217;esborren al final.<\/li>\n<li>Galetes persistents: Aquestes galetes queden emmagatzemades al terminal de l&#8217;usuari, per un temps m\u00e9s llarg, facilitant aix\u00ed el control de les prefer\u00e8ncies triades sense haver de repetir certs par\u00e0metres cada vegada que es visiti el lloc web.<\/li>\n<\/ul>\n<p><strong>4. I SI NO VULL TENIR AQUESTES COOKIES O NO FAIG RES AL RESPECTE?<\/strong><\/p>\n<p>Per complir amb la legislaci\u00f3 vigent, hem de demanar el vostre perm\u00eds per gestionar cookies. Si decideix no autoritzar el tractament indicant la no-conformitat, nom\u00e9s utilitzar\u00edem les cookies t\u00e8cniques, ja que s\u00f3n imprescindibles per a la navegaci\u00f3 per la nostra web. En aquest cas, no s&#8217;emmagatzema cap galeta. En el cas de seguir navegant pel nostre lloc web sense denegar-ne l&#8217;autoritzaci\u00f3 implica que n&#8217;accepta l&#8217;\u00fas.   <\/p>\n<p>Tingueu en compte que si rebutgeu o esborreu les cookies de navegaci\u00f3 per la Web, no podrem mantenir les vostres prefer\u00e8ncies, algunes caracter\u00edstiques de les p\u00e0gines no estaran operatives, no podrem oferir-vos serveis personalitzats i cada vegada que aneu a navegar per la nostra web haurem de sol\u00b7licitar de nou la vostra autoritzaci\u00f3 per a l&#8217;\u00fas de cookies.<\/p>\n<p>Si tot i aix\u00ed, decidiu modificar la configuraci\u00f3 del vostre acc\u00e9s a la p\u00e0gina web, heu de saber que \u00e9s possible eliminar les cookies o impedir que es registri aquesta informaci\u00f3 al vostre equip en qualsevol moment mitjan\u00e7ant la modificaci\u00f3 dels par\u00e0metres de configuraci\u00f3 del vostre navegador:<\/p>\n<ul>\n<li><a href=\"https:\/\/support.microsoft.com\/es-es\/help\/17442\/windows-internet-explorer-delete-manage-cookies\">Configuraci\u00f3 de galetes d&#8217;Internet Explorer.<\/a><\/li>\n<li><a href=\"https:\/\/support.mozilla.org\/es\/kb\/habilitar-y-deshabilitar-cookies-sitios-web-rastrear-preferencias\">Configuraci\u00f3 de galetes de Firefox.<\/a><\/li>\n<li><a href=\"https:\/\/support.google.com\/chrome\/answer\/95647?co=GENIE.Platform%3DDesktop&amp;hl=es-419\">Configuraci\u00f3 de galetes de Google Chrome.<\/a><\/li>\n<li><a href=\"https:\/\/support.apple.com\/es-es\/guide\/safari\/sfri11471\/mac\">Configuraci\u00f3 de galetes de Safari.<\/a><\/li>\n<\/ul>\n<p>Aquests navegadors estan sotmesos a canvis o modificacions, per la qual cosa no podem garantir que s&#8217;ajustin completament a la versi\u00f3 del vostre navegador. Tamb\u00e9 pot ser que utilitzeu un altre navegador no contemplat en aquests enlla\u00e7os com Konqueror, Arora, Flock, etc. Per evitar aquests desajustaments, podeu accedir directament des de les opcions del vostre navegador que es troba generalment al men\u00fa d&#8217;Opcions, a la secci\u00f3 de &#8220;Privadesa&#8221;. (Si us plau, consulteu l&#8217;ajuda del vostre navegador per a m\u00e9s informaci\u00f3.)   <\/p>\n<p><strong>5. ON PUC OBTENIR M\u00c9S INFORMACI\u00d3?<\/strong><br \/>\n Pots trobar m\u00e9s informaci\u00f3 sobre cookies a <a href=\"http:\/\/www.allaboutcookies.org\">www.allaboutcookies.org<\/a> o <a href=\"http:\/\/www.youronlinechoices.eu\">www.youronlinechoices.eu<\/a> .[\/vc_column_text][\/vc_column][\/vc_row]<\/p>\n<\/div>","protected":false},"excerpt":{"rendered":"<p>[vc_row][vc_column][vc_custom_heading text=&#8221;Pol\u00edtica de cookies&#8221; font_container=&#8221;tag:h2|font_size:18px|text_align:left|color:%23000000&#8243; use_theme_fonts=&#8221;yes&#8221;][vc_column_text]1. QU\u00c8 S\u00d3N LES COOKIES? Les cookies s\u00f3n petits arxius de dades que es reben al terminal des del lloc web visitat i es fan servir per registrar certes interaccions de la navegaci\u00f3 en un&#8230;<\/p>\n","protected":false},"author":1,"featured_media":0,"parent":0,"menu_order":0,"comment_status":"closed","ping_status":"closed","template":"","meta":{"footnotes":""},"class_list":["post-14326","page","type-page","status-publish","hentry"],"yoast_head":"<!-- This site is optimized with the Yoast SEO plugin v24.3 - https:\/\/yoast.com\/wordpress\/plugins\/seo\/ -->\n<title>: Pol\u00edtica de cookies - Raimaber Fluid Tech<\/title>\n<meta name=\"description\" content=\"Secci\u00f3n de : Pol\u00edtica de cookies en Raimaber Fluid Tech. Contacte y le informamos.\" \/>\n<meta name=\"robots\" content=\"noindex, nofollow\" \/>\n<meta property=\"og:locale\" content=\"ca_ES\" \/>\n<meta property=\"og:type\" content=\"article\" \/>\n<meta property=\"og:title\" content=\": Pol\u00edtica de cookies - Raimaber Fluid Tech\" \/>\n<meta property=\"og:description\" content=\"Secci\u00f3n de : Pol\u00edtica de cookies en Raimaber Fluid Tech. Contacte y le informamos.\" \/>\n<meta property=\"og:url\" content=\"https:\/\/www.raimaberfluidtech.com\/ca\/politica-de-cookies\/\" \/>\n<meta property=\"og:site_name\" content=\"Raimaber Fluid Tech\" \/>\n<meta property=\"article:modified_time\" content=\"2025-02-25T08:56:36+00:00\" \/>\n<meta name=\"twitter:label1\" content=\"Temps estimat de lectura\" \/>\n\t<meta name=\"twitter:data1\" content=\"5 minuts\" \/>\n<script type=\"application\/ld+json\" class=\"yoast-schema-graph\">{\"@context\":\"https:\/\/schema.org\",\"@graph\":[{\"@type\":\"WebPage\",\"@id\":\"https:\/\/www.raimaberfluidtech.com\/ca\/politica-de-cookies\/\",\"url\":\"https:\/\/www.raimaberfluidtech.com\/ca\/politica-de-cookies\/\",\"name\":\": Pol\u00edtica de cookies - Raimaber Fluid Tech\",\"isPartOf\":{\"@id\":\"https:\/\/www.raimaberfluidtech.com\/ca\/#website\"},\"datePublished\":\"2015-02-17T16:23:50+00:00\",\"dateModified\":\"2025-02-25T08:56:36+00:00\",\"description\":\"Secci\u00f3n de : Pol\u00edtica de cookies en Raimaber Fluid Tech. Contacte y le informamos.\",\"breadcrumb\":{\"@id\":\"https:\/\/www.raimaberfluidtech.com\/ca\/politica-de-cookies\/#breadcrumb\"},\"inLanguage\":\"ca\",\"potentialAction\":[{\"@type\":\"ReadAction\",\"target\":[\"https:\/\/www.raimaberfluidtech.com\/ca\/politica-de-cookies\/\"]}]},{\"@type\":\"BreadcrumbList\",\"@id\":\"https:\/\/www.raimaberfluidtech.com\/ca\/politica-de-cookies\/#breadcrumb\",\"itemListElement\":[{\"@type\":\"ListItem\",\"position\":1,\"name\":\"Home\",\"item\":\"https:\/\/www.raimaberfluidtech.com\/ca\/\"},{\"@type\":\"ListItem\",\"position\":2,\"name\":\"Pol\u00edtica de cookies\"}]},{\"@type\":\"WebSite\",\"@id\":\"https:\/\/www.raimaberfluidtech.com\/ca\/#website\",\"url\":\"https:\/\/www.raimaberfluidtech.com\/ca\/\",\"name\":\"Raimaber Fluid Tech\",\"description\":\"Bombas industriales\",\"publisher\":{\"@id\":\"https:\/\/www.raimaberfluidtech.com\/ca\/#organization\"},\"potentialAction\":[{\"@type\":\"SearchAction\",\"target\":{\"@type\":\"EntryPoint\",\"urlTemplate\":\"https:\/\/www.raimaberfluidtech.com\/ca\/?s={search_term_string}\"},\"query-input\":{\"@type\":\"PropertyValueSpecification\",\"valueRequired\":true,\"valueName\":\"search_term_string\"}}],\"inLanguage\":\"ca\"},{\"@type\":\"Organization\",\"@id\":\"https:\/\/www.raimaberfluidtech.com\/ca\/#organization\",\"name\":\"Raimaber Fluid Tech\",\"url\":\"https:\/\/www.raimaberfluidtech.com\/ca\/\",\"logo\":{\"@type\":\"ImageObject\",\"inLanguage\":\"ca\",\"@id\":\"https:\/\/www.raimaberfluidtech.com\/ca\/#\/schema\/logo\/image\/\",\"url\":\"https:\/\/www.raimaberfluidtech.com\/wp-content\/uploads\/2012\/11\/raimaber.gif\",\"contentUrl\":\"https:\/\/www.raimaberfluidtech.com\/wp-content\/uploads\/2012\/11\/raimaber.gif\",\"width\":\"705\",\"height\":\"438\",\"caption\":\"Raimaber Fluid Tech\"},\"image\":{\"@id\":\"https:\/\/www.raimaberfluidtech.com\/ca\/#\/schema\/logo\/image\/\"}}]}<\/script>\n<!-- \/ Yoast SEO plugin. -->","yoast_head_json":{"title":": Pol\u00edtica de cookies - Raimaber Fluid Tech","description":"Secci\u00f3n de : Pol\u00edtica de cookies en Raimaber Fluid Tech. Contacte y le informamos.","robots":{"index":"noindex","follow":"nofollow"},"og_locale":"ca_ES","og_type":"article","og_title":": Pol\u00edtica de cookies - Raimaber Fluid Tech","og_description":"Secci\u00f3n de : Pol\u00edtica de cookies en Raimaber Fluid Tech. Contacte y le informamos.","og_url":"https:\/\/www.raimaberfluidtech.com\/ca\/politica-de-cookies\/","og_site_name":"Raimaber Fluid Tech","article_modified_time":"2025-02-25T08:56:36+00:00","twitter_misc":{"Temps estimat de lectura":"5 minuts"},"schema":{"@context":"https:\/\/schema.org","@graph":[{"@type":"WebPage","@id":"https:\/\/www.raimaberfluidtech.com\/ca\/politica-de-cookies\/","url":"https:\/\/www.raimaberfluidtech.com\/ca\/politica-de-cookies\/","name":": Pol\u00edtica de cookies - Raimaber Fluid Tech","isPartOf":{"@id":"https:\/\/www.raimaberfluidtech.com\/ca\/#website"},"datePublished":"2015-02-17T16:23:50+00:00","dateModified":"2025-02-25T08:56:36+00:00","description":"Secci\u00f3n de : Pol\u00edtica de cookies en Raimaber Fluid Tech. Contacte y le informamos.","breadcrumb":{"@id":"https:\/\/www.raimaberfluidtech.com\/ca\/politica-de-cookies\/#breadcrumb"},"inLanguage":"ca","potentialAction":[{"@type":"ReadAction","target":["https:\/\/www.raimaberfluidtech.com\/ca\/politica-de-cookies\/"]}]},{"@type":"BreadcrumbList","@id":"https:\/\/www.raimaberfluidtech.com\/ca\/politica-de-cookies\/#breadcrumb","itemListElement":[{"@type":"ListItem","position":1,"name":"Home","item":"https:\/\/www.raimaberfluidtech.com\/ca\/"},{"@type":"ListItem","position":2,"name":"Pol\u00edtica de cookies"}]},{"@type":"WebSite","@id":"https:\/\/www.raimaberfluidtech.com\/ca\/#website","url":"https:\/\/www.raimaberfluidtech.com\/ca\/","name":"Raimaber Fluid Tech","description":"Bombas industriales","publisher":{"@id":"https:\/\/www.raimaberfluidtech.com\/ca\/#organization"},"potentialAction":[{"@type":"SearchAction","target":{"@type":"EntryPoint","urlTemplate":"https:\/\/www.raimaberfluidtech.com\/ca\/?s={search_term_string}"},"query-input":{"@type":"PropertyValueSpecification","valueRequired":true,"valueName":"search_term_string"}}],"inLanguage":"ca"},{"@type":"Organization","@id":"https:\/\/www.raimaberfluidtech.com\/ca\/#organization","name":"Raimaber Fluid Tech","url":"https:\/\/www.raimaberfluidtech.com\/ca\/","logo":{"@type":"ImageObject","inLanguage":"ca","@id":"https:\/\/www.raimaberfluidtech.com\/ca\/#\/schema\/logo\/image\/","url":"https:\/\/www.raimaberfluidtech.com\/wp-content\/uploads\/2012\/11\/raimaber.gif","contentUrl":"https:\/\/www.raimaberfluidtech.com\/wp-content\/uploads\/2012\/11\/raimaber.gif","width":"705","height":"438","caption":"Raimaber Fluid Tech"},"image":{"@id":"https:\/\/www.raimaberfluidtech.com\/ca\/#\/schema\/logo\/image\/"}}]}},"_links":{"self":[{"href":"https:\/\/www.raimaberfluidtech.com\/ca\/wp-json\/wp\/v2\/pages\/14326","targetHints":{"allow":["GET"]}}],"collection":[{"href":"https:\/\/www.raimaberfluidtech.com\/ca\/wp-json\/wp\/v2\/pages"}],"about":[{"href":"https:\/\/www.raimaberfluidtech.com\/ca\/wp-json\/wp\/v2\/types\/page"}],"author":[{"embeddable":true,"href":"https:\/\/www.raimaberfluidtech.com\/ca\/wp-json\/wp\/v2\/users\/1"}],"replies":[{"embeddable":true,"href":"https:\/\/www.raimaberfluidtech.com\/ca\/wp-json\/wp\/v2\/comments?post=14326"}],"version-history":[{"count":8,"href":"https:\/\/www.raimaberfluidtech.com\/ca\/wp-json\/wp\/v2\/pages\/14326\/revisions"}],"predecessor-version":[{"id":14345,"href":"https:\/\/www.raimaberfluidtech.com\/ca\/wp-json\/wp\/v2\/pages\/14326\/revisions\/14345"}],"wp:attachment":[{"href":"https:\/\/www.raimaberfluidtech.com\/ca\/wp-json\/wp\/v2\/media?parent=14326"}],"curies":[{"name":"wp","href":"https:\/\/api.w.org\/{rel}","templated":true}]}}