{"id":6575,"date":"2020-08-06T10:13:20","date_gmt":"2020-08-06T10:13:20","guid":{"rendered":"https:\/\/www.raimaberfluidtech.com\/aguas\/?page_id=6575"},"modified":"2025-02-19T18:09:51","modified_gmt":"2025-02-19T18:09:51","slug":"serie-n","status":"publish","type":"page","link":"https:\/\/www.raimaberfluidtech.com\/aguas\/valisi-pumps\/serie-n\/","title":{"rendered":"SERIE N &#8211; Bomba tipo perist\u00e1ltica"},"content":{"rendered":"<div class=\"wpb-content-wrapper\"><p>[vc_row][vc_column width=\u00bb1\/2&#8243;][vc_media_grid element_width=\u00bb6&#8243; gap=\u00bb4&#8243; grid_id=\u00bbvc_gid:1739988408409-f20fbc26-b5fc-7&#8243; include=\u00bb14093,14096,14090&#8243;][\/vc_column][vc_column width=\u00bb1\/2&#8243;][vc_custom_heading text=\u00bbSERIE N\u00bb font_container=\u00bbtag:h2|font_size:18px|text_align:left|color:%23000000&#8243; use_theme_fonts=\u00bbyes\u00bb][vc_column_text]<\/p>\n<ul>\n<li>Low duty<\/li>\n<li>Dise\u00f1o con 2 rodillos<\/li>\n<li>L\u00edmite hasta 8 bar<\/li>\n<li>Bi-direccional<\/li>\n<li>Serie N5 \u2013 N10, se puede montar con 3 zapatas. Mejora la precisi\u00f3n de dosificaci\u00f3n y reducimos la pulsaci\u00f3n.<\/li>\n<li>4 posiciones de montaje<\/li>\n<li>ATEX<\/li>\n<li>Inserciones en INOXIDABLE, PP ALTA DENSIDAD o PVDF<\/li>\n<li>Cuerpo en hierro d\u00factil.<\/li>\n<li>Materiales de la manguera:\n<ul>\n<li>NR<\/li>\n<li>NR-FOOD<\/li>\n<li>NBR<\/li>\n<li>NBR-FOOD<\/li>\n<li>EPDM<\/li>\n<li>VITON<\/li>\n<li>HYPALON<\/li>\n<\/ul>\n<\/li>\n<li>Opcional : Amortiguador de Pulsaciones, detector de rotura de la manguera y recubrimiento interno del cuerpo en tefl\u00f3n para aplicaciones corrosivas<\/li>\n<li>Tambi\u00e9n tenemos mangueras de repuesto para otras marcas de la competencia: BREDEL, VERDER, BLACKMER, BOYSER<\/li>\n<\/ul>\n<p>[\/vc_column_text][vc_empty_space][vc_btn title=\u00bbSOLICITUD DE INFORMACI\u00d3N T\u00c9CNICA\u00bb css=\u00bb.vc_custom_1632307800750{margin-bottom: 0px !important;}\u00bb link=\u00bburl:https%3A%2F%2Fwww.raimaberfluidtech.com\/aguas%2Fsolicitud-informacion-tecnica%2F|title:Solicitud%20informaci%C3%B3n%20t%C3%A9cnica||\u00bb][\/vc_column][\/vc_row]<\/p>\n<\/div>","protected":false},"excerpt":{"rendered":"<p>[vc_row][vc_column width=\u00bb1\/2&#8243;][vc_media_grid element_width=\u00bb6&#8243; gap=\u00bb4&#8243; grid_id=\u00bbvc_gid:1739988408409-f20fbc26-b5fc-7&#8243; include=\u00bb14093,14096,14090&#8243;][\/vc_column][vc_column width=\u00bb1\/2&#8243;][vc_custom_heading text=\u00bbSERIE N\u00bb font_container=\u00bbtag:h2|font_size:18px|text_align:left|color:%23000000&#8243; use_theme_fonts=\u00bbyes\u00bb][vc_column_text] Low duty Dise\u00f1o con 2 rodillos L\u00edmite hasta 8 bar Bi-direccional Serie N5 \u2013 N10, se puede montar con 3 zapatas. Mejora la precisi\u00f3n de dosificaci\u00f3n y reducimos la&#8230;<\/p>\n","protected":false},"author":1,"featured_media":0,"parent":6566,"menu_order":0,"comment_status":"closed","ping_status":"closed","template":"page-sidebar.php","meta":{"footnotes":""},"class_list":["post-6575","page","type-page","status-publish","hentry"],"yoast_head":"<!-- This site is optimized with the Yoast SEO plugin v24.3 - https:\/\/yoast.com\/wordpress\/plugins\/seo\/ -->\n<title>Valisi Pumps: SERIE N - Bomba tipo perist\u00e1ltica - Raimaber Fluid Tech [Aguas]<\/title>\n<meta name=\"description\" content=\"Secci\u00f3n de Valisi Pumps: SERIE N - Bomba tipo perist\u00e1ltica en Raimaber Fluid Tech [Aguas]. Contacte y le informamos.\" \/>\n<meta name=\"robots\" content=\"index, follow, max-snippet:-1, max-image-preview:large, max-video-preview:-1\" \/>\n<link rel=\"canonical\" href=\"https:\/\/www.raimaberfluidtech.com\/aguas\/valisi-pumps\/serie-n\/\" \/>\n<meta property=\"og:locale\" content=\"es_ES\" \/>\n<meta property=\"og:type\" content=\"article\" \/>\n<meta property=\"og:title\" content=\"Valisi Pumps: SERIE N - Bomba tipo perist\u00e1ltica - Raimaber Fluid Tech [Aguas]\" \/>\n<meta property=\"og:description\" content=\"Secci\u00f3n de Valisi Pumps: SERIE N - Bomba tipo perist\u00e1ltica en Raimaber Fluid Tech [Aguas]. Contacte y le informamos.\" \/>\n<meta property=\"og:url\" content=\"https:\/\/www.raimaberfluidtech.com\/aguas\/valisi-pumps\/serie-n\/\" \/>\n<meta property=\"og:site_name\" content=\"Raimaber Fluid Tech [Aguas]\" \/>\n<meta property=\"article:modified_time\" content=\"2025-02-19T18:09:51+00:00\" \/>\n<meta name=\"twitter:label1\" content=\"Tiempo de lectura\" \/>\n\t<meta name=\"twitter:data1\" content=\"1 minuto\" \/>\n<script type=\"application\/ld+json\" class=\"yoast-schema-graph\">{\"@context\":\"https:\/\/schema.org\",\"@graph\":[{\"@type\":\"WebPage\",\"@id\":\"https:\/\/www.raimaberfluidtech.com\/aguas\/valisi-pumps\/serie-n\/\",\"url\":\"https:\/\/www.raimaberfluidtech.com\/aguas\/valisi-pumps\/serie-n\/\",\"name\":\"Valisi Pumps: SERIE N - Bomba tipo perist\u00e1ltica - Raimaber Fluid Tech [Aguas]\",\"isPartOf\":{\"@id\":\"https:\/\/www.raimaberfluidtech.com\/aguas\/#website\"},\"datePublished\":\"2020-08-06T10:13:20+00:00\",\"dateModified\":\"2025-02-19T18:09:51+00:00\",\"description\":\"Secci\u00f3n de Valisi Pumps: SERIE N - Bomba tipo perist\u00e1ltica en Raimaber Fluid Tech [Aguas]. Contacte y le informamos.\",\"breadcrumb\":{\"@id\":\"https:\/\/www.raimaberfluidtech.com\/aguas\/valisi-pumps\/serie-n\/#breadcrumb\"},\"inLanguage\":\"es\",\"potentialAction\":[{\"@type\":\"ReadAction\",\"target\":[\"https:\/\/www.raimaberfluidtech.com\/aguas\/valisi-pumps\/serie-n\/\"]}]},{\"@type\":\"BreadcrumbList\",\"@id\":\"https:\/\/www.raimaberfluidtech.com\/aguas\/valisi-pumps\/serie-n\/#breadcrumb\",\"itemListElement\":[{\"@type\":\"ListItem\",\"position\":1,\"name\":\"Home\",\"item\":\"https:\/\/www.raimaberfluidtech.com\/aguas\/\"},{\"@type\":\"ListItem\",\"position\":2,\"name\":\"Valisi Pumps\",\"item\":\"https:\/\/www.raimaberfluidtech.com\/aguas\/valisi-pumps\/\"},{\"@type\":\"ListItem\",\"position\":3,\"name\":\"SERIE N &#8211; Bomba tipo perist\u00e1ltica\"}]},{\"@type\":\"WebSite\",\"@id\":\"https:\/\/www.raimaberfluidtech.com\/aguas\/#website\",\"url\":\"https:\/\/www.raimaberfluidtech.com\/aguas\/\",\"name\":\"Raimaber Fluid Tech [Aguas]\",\"description\":\"Bombas industriales\",\"publisher\":{\"@id\":\"https:\/\/www.raimaberfluidtech.com\/aguas\/#organization\"},\"potentialAction\":[{\"@type\":\"SearchAction\",\"target\":{\"@type\":\"EntryPoint\",\"urlTemplate\":\"https:\/\/www.raimaberfluidtech.com\/aguas\/?s={search_term_string}\"},\"query-input\":{\"@type\":\"PropertyValueSpecification\",\"valueRequired\":true,\"valueName\":\"search_term_string\"}}],\"inLanguage\":\"es\"},{\"@type\":\"Organization\",\"@id\":\"https:\/\/www.raimaberfluidtech.com\/aguas\/#organization\",\"name\":\"Raimaber Fluid Tech [Aguas]\",\"url\":\"https:\/\/www.raimaberfluidtech.com\/aguas\/\",\"logo\":{\"@type\":\"ImageObject\",\"inLanguage\":\"es\",\"@id\":\"https:\/\/www.raimaberfluidtech.com\/aguas\/#\/schema\/logo\/image\/\",\"url\":\"https:\/\/www.raimaberfluidtech.com\/aguas\/wp-content\/blogs.dir\/3\/files\/2012\/11\/raimaber.gif\",\"contentUrl\":\"https:\/\/www.raimaberfluidtech.com\/aguas\/wp-content\/blogs.dir\/3\/files\/2012\/11\/raimaber.gif\",\"width\":\"705\",\"height\":\"438\",\"caption\":\"Raimaber Fluid Tech [Aguas]\"},\"image\":{\"@id\":\"https:\/\/www.raimaberfluidtech.com\/aguas\/#\/schema\/logo\/image\/\"}}]}<\/script>\n<!-- \/ Yoast SEO plugin. -->","yoast_head_json":{"title":"Valisi Pumps: SERIE N - Bomba tipo perist\u00e1ltica - Raimaber Fluid Tech [Aguas]","description":"Secci\u00f3n de Valisi Pumps: SERIE N - Bomba tipo perist\u00e1ltica en Raimaber Fluid Tech [Aguas]. Contacte y le informamos.","robots":{"index":"index","follow":"follow","max-snippet":"max-snippet:-1","max-image-preview":"max-image-preview:large","max-video-preview":"max-video-preview:-1"},"canonical":"https:\/\/www.raimaberfluidtech.com\/aguas\/valisi-pumps\/serie-n\/","og_locale":"es_ES","og_type":"article","og_title":"Valisi Pumps: SERIE N - Bomba tipo perist\u00e1ltica - Raimaber Fluid Tech [Aguas]","og_description":"Secci\u00f3n de Valisi Pumps: SERIE N - Bomba tipo perist\u00e1ltica en Raimaber Fluid Tech [Aguas]. Contacte y le informamos.","og_url":"https:\/\/www.raimaberfluidtech.com\/aguas\/valisi-pumps\/serie-n\/","og_site_name":"Raimaber Fluid Tech [Aguas]","article_modified_time":"2025-02-19T18:09:51+00:00","twitter_misc":{"Tiempo de lectura":"1 minuto"},"schema":{"@context":"https:\/\/schema.org","@graph":[{"@type":"WebPage","@id":"https:\/\/www.raimaberfluidtech.com\/aguas\/valisi-pumps\/serie-n\/","url":"https:\/\/www.raimaberfluidtech.com\/aguas\/valisi-pumps\/serie-n\/","name":"Valisi Pumps: SERIE N - Bomba tipo perist\u00e1ltica - Raimaber Fluid Tech [Aguas]","isPartOf":{"@id":"https:\/\/www.raimaberfluidtech.com\/aguas\/#website"},"datePublished":"2020-08-06T10:13:20+00:00","dateModified":"2025-02-19T18:09:51+00:00","description":"Secci\u00f3n de Valisi Pumps: SERIE N - Bomba tipo perist\u00e1ltica en Raimaber Fluid Tech [Aguas]. Contacte y le informamos.","breadcrumb":{"@id":"https:\/\/www.raimaberfluidtech.com\/aguas\/valisi-pumps\/serie-n\/#breadcrumb"},"inLanguage":"es","potentialAction":[{"@type":"ReadAction","target":["https:\/\/www.raimaberfluidtech.com\/aguas\/valisi-pumps\/serie-n\/"]}]},{"@type":"BreadcrumbList","@id":"https:\/\/www.raimaberfluidtech.com\/aguas\/valisi-pumps\/serie-n\/#breadcrumb","itemListElement":[{"@type":"ListItem","position":1,"name":"Home","item":"https:\/\/www.raimaberfluidtech.com\/aguas\/"},{"@type":"ListItem","position":2,"name":"Valisi Pumps","item":"https:\/\/www.raimaberfluidtech.com\/aguas\/valisi-pumps\/"},{"@type":"ListItem","position":3,"name":"SERIE N &#8211; Bomba tipo perist\u00e1ltica"}]},{"@type":"WebSite","@id":"https:\/\/www.raimaberfluidtech.com\/aguas\/#website","url":"https:\/\/www.raimaberfluidtech.com\/aguas\/","name":"Raimaber Fluid Tech [Aguas]","description":"Bombas industriales","publisher":{"@id":"https:\/\/www.raimaberfluidtech.com\/aguas\/#organization"},"potentialAction":[{"@type":"SearchAction","target":{"@type":"EntryPoint","urlTemplate":"https:\/\/www.raimaberfluidtech.com\/aguas\/?s={search_term_string}"},"query-input":{"@type":"PropertyValueSpecification","valueRequired":true,"valueName":"search_term_string"}}],"inLanguage":"es"},{"@type":"Organization","@id":"https:\/\/www.raimaberfluidtech.com\/aguas\/#organization","name":"Raimaber Fluid Tech [Aguas]","url":"https:\/\/www.raimaberfluidtech.com\/aguas\/","logo":{"@type":"ImageObject","inLanguage":"es","@id":"https:\/\/www.raimaberfluidtech.com\/aguas\/#\/schema\/logo\/image\/","url":"https:\/\/www.raimaberfluidtech.com\/aguas\/wp-content\/blogs.dir\/3\/files\/2012\/11\/raimaber.gif","contentUrl":"https:\/\/www.raimaberfluidtech.com\/aguas\/wp-content\/blogs.dir\/3\/files\/2012\/11\/raimaber.gif","width":"705","height":"438","caption":"Raimaber Fluid Tech [Aguas]"},"image":{"@id":"https:\/\/www.raimaberfluidtech.com\/aguas\/#\/schema\/logo\/image\/"}}]}},"_links":{"self":[{"href":"https:\/\/www.raimaberfluidtech.com\/aguas\/wp-json\/wp\/v2\/pages\/6575","targetHints":{"allow":["GET"]}}],"collection":[{"href":"https:\/\/www.raimaberfluidtech.com\/aguas\/wp-json\/wp\/v2\/pages"}],"about":[{"href":"https:\/\/www.raimaberfluidtech.com\/aguas\/wp-json\/wp\/v2\/types\/page"}],"author":[{"embeddable":true,"href":"https:\/\/www.raimaberfluidtech.com\/aguas\/wp-json\/wp\/v2\/users\/1"}],"replies":[{"embeddable":true,"href":"https:\/\/www.raimaberfluidtech.com\/aguas\/wp-json\/wp\/v2\/comments?post=6575"}],"version-history":[{"count":8,"href":"https:\/\/www.raimaberfluidtech.com\/aguas\/wp-json\/wp\/v2\/pages\/6575\/revisions"}],"predecessor-version":[{"id":14099,"href":"https:\/\/www.raimaberfluidtech.com\/aguas\/wp-json\/wp\/v2\/pages\/6575\/revisions\/14099"}],"up":[{"embeddable":true,"href":"https:\/\/www.raimaberfluidtech.com\/aguas\/wp-json\/wp\/v2\/pages\/6566"}],"wp:attachment":[{"href":"https:\/\/www.raimaberfluidtech.com\/aguas\/wp-json\/wp\/v2\/media?parent=6575"}],"curies":[{"name":"wp","href":"https:\/\/api.w.org\/{rel}","templated":true}]}}