{"id":5698,"date":"2018-09-17T10:15:44","date_gmt":"2018-09-17T10:15:44","guid":{"rendered":"https:\/\/www.raimaberfluidtech.com\/aguas\/?page_id=5698"},"modified":"2025-02-10T11:11:36","modified_gmt":"2025-02-10T11:11:36","slug":"liberty-pumps","status":"publish","type":"page","link":"https:\/\/www.raimaberfluidtech.com\/aguas\/catalogos-distribucion-bombas-industriales\/liberty-pumps\/","title":{"rendered":"Liberty Pumps"},"content":{"rendered":"<div class=\"wpb-content-wrapper\"><p>[vc_row][vc_column][vc_column_text css=\u00bb.vc_custom_1537179118187{margin-bottom: 60px !important;}\u00bb]<strong><a title=\"Raimaber\" href=\"https:\/\/www.raimaberfluidtech.com\/aguas\/\">Raimaber<\/a> <\/strong>pone a su disposici\u00f3n los <strong>cat\u00e1logos de Liberty Pumbs<\/strong> sobre los distintos productos que distribuyen como empresa especialista en el sector de bombas industriales, mezcladores, sistemas de digestores, agitadores de biog\u00e1s y equipamiento de procesos de alta fiabilidad.<br \/>\nPara m\u00e1s informaci\u00f3n puede utilizar el <a title=\"Contacto Raimaber\" href=\"https:\/\/www.raimaberfluidtech.com\/aguas\/contacta\">formulario de contacto<\/a>.[\/vc_column_text][vc_column_text]<\/p>\n<ul class=\"document_gallery\">\n<li class=\"pdf\"><a title=\"LIBERTY PUMPS - FL150E\" href=\"\/wp-content\/blogs.dir\/3\/files\/2018\/09\/LIBERTY-PUMPS-LSG150Eweb.pdf\" target=\"_blank\" rel=\"noopener noreferrer\">LIBERTY PUMPS &#8211; FL150E<\/a><\/li>\n<li class=\"pdf\"><a title=\"LIBERTY PUMPS - FL200E\" href=\"\/wp-content\/blogs.dir\/3\/files\/2018\/09\/LIBERTY-PUMPS-LSG200Eweb.pdf\" target=\"_blank\" rel=\"noopener noreferrer\">LIBERTY PUMPS &#8211; FL200E<\/a><\/li>\n<li class=\"pdf\"><a title=\"LIBERTY PUMPS - PRG100E\" href=\"\/wp-content\/blogs.dir\/3\/files\/2018\/09\/LIBERTY-PUMPS-PRG100Eweb.pdf\" target=\"_blank\" rel=\"noopener noreferrer\">LIBERTY PUMPS &#8211; BOMBA TRITURADORA \u2013 PRG100E<\/a><\/li>\n<li class=\"pdf\"><a title=\"LIBERTY PUMPS - LEH150E\" href=\"\/wp-content\/blogs.dir\/3\/files\/2018\/09\/LIBERTY-PUMPS-LEH150Eweb.pdf\" target=\"_blank\" rel=\"noopener noreferrer\">LIBERTY PUMPS &#8211; LEH150E<\/a><\/li>\n<li class=\"pdf\"><a title=\"LIBERTY PUMPS - LEH200E\" href=\"\/wp-content\/blogs.dir\/3\/files\/2018\/09\/LIBERTY-PUMPS-LEH200Eweb.pdf\" target=\"_blank\" rel=\"noopener noreferrer\">LIBERTY PUMPS &#8211; LEH200E<\/a><\/li>\n<li class=\"pdf\"><a title=\"LIBERTY PUMPS - LSG200E\" href=\"\/wp-content\/blogs.dir\/3\/files\/2018\/09\/LIBERTY-PUMPS-LSG200Eweb.pdf\" target=\"_blank\" rel=\"noopener noreferrer\">LIBERTY PUMPS &#8211; BOMBA TRITURADORA \u2013 LSG200E<\/a><\/li>\n<li class=\"pdf\"><a title=\"LIBERTY PUMPS - LSGX200E\" href=\"\/wp-content\/blogs.dir\/3\/files\/2018\/09\/LIBERTY-PUMPS-LSGX200Eweb.pdf\" target=\"_blank\" rel=\"noopener noreferrer\">LIBERTY PUMPS &#8211; BOMBA TRITURADORA \u2013 LSGX200E<\/a><\/li>\n<\/ul>\n<p>[\/vc_column_text][vc_empty_space][vc_btn title=\u00bbSOLICITUD DE INFORMACI\u00d3N T\u00c9CNICA\u00bb link=\u00bburl:https%3A%2F%2Fwww.raimaberfluidtech.com\/aguas%2Fsolicitud-informacion-tecnica%2F|title:Solicitud%20informaci%C3%B3n%20t%C3%A9cnica||\u00bb][\/vc_column][\/vc_row]<\/p>\n<\/div>","protected":false},"excerpt":{"rendered":"<p>[vc_row][vc_column][vc_column_text css=\u00bb.vc_custom_1537179118187{margin-bottom: 60px !important;}\u00bb]Raimaber pone a su disposici\u00f3n los cat\u00e1logos de Liberty Pumbs sobre los distintos productos que distribuyen como empresa especialista en el sector de bombas industriales, mezcladores, sistemas de digestores, agitadores de biog\u00e1s y equipamiento de procesos de&#8230;<\/p>\n","protected":false},"author":1,"featured_media":3726,"parent":106,"menu_order":0,"comment_status":"closed","ping_status":"closed","template":"page-sidebar.php","meta":{"footnotes":""},"class_list":["post-5698","page","type-page","status-publish","has-post-thumbnail","hentry"],"yoast_head":"<!-- This site is optimized with the Yoast SEO plugin v24.3 - https:\/\/yoast.com\/wordpress\/plugins\/seo\/ -->\n<title>Cat\u00e1logos de Liberty Pumps - Raimaber<\/title>\n<meta name=\"description\" content=\"Raimaber pone a su disposici\u00f3n los cat\u00e1logos de Liberty Pumbs sobre los distintos productos que distribuyen como empresa especialista en el sector.\" \/>\n<meta name=\"robots\" content=\"index, follow, max-snippet:-1, max-image-preview:large, max-video-preview:-1\" \/>\n<link rel=\"canonical\" href=\"https:\/\/www.raimaberfluidtech.com\/aguas\/catalogos-distribucion-bombas-industriales\/liberty-pumps\/\" \/>\n<meta property=\"og:locale\" content=\"es_ES\" \/>\n<meta property=\"og:type\" content=\"article\" \/>\n<meta property=\"og:title\" content=\"Cat\u00e1logos de Liberty Pumps - Raimaber\" \/>\n<meta property=\"og:description\" content=\"Raimaber pone a su disposici\u00f3n los cat\u00e1logos de Liberty Pumbs sobre los distintos productos que distribuyen como empresa especialista en el sector.\" \/>\n<meta property=\"og:url\" content=\"https:\/\/www.raimaberfluidtech.com\/aguas\/catalogos-distribucion-bombas-industriales\/liberty-pumps\/\" \/>\n<meta property=\"og:site_name\" content=\"Raimaber Fluid Tech [Aguas]\" \/>\n<meta property=\"article:modified_time\" content=\"2025-02-10T11:11:36+00:00\" \/>\n<meta property=\"og:image\" content=\"https:\/\/www.raimaberfluidtech.com\/aguas\/files\/2014\/02\/logo-libertypumps.png\" \/>\n\t<meta property=\"og:image:width\" content=\"960\" \/>\n\t<meta property=\"og:image:height\" content=\"632\" \/>\n\t<meta property=\"og:image:type\" content=\"image\/png\" \/>\n<meta name=\"twitter:label1\" content=\"Tiempo de lectura\" \/>\n\t<meta name=\"twitter:data1\" content=\"1 minuto\" \/>\n<script type=\"application\/ld+json\" class=\"yoast-schema-graph\">{\"@context\":\"https:\/\/schema.org\",\"@graph\":[{\"@type\":\"WebPage\",\"@id\":\"https:\/\/www.raimaberfluidtech.com\/aguas\/catalogos-distribucion-bombas-industriales\/liberty-pumps\/\",\"url\":\"https:\/\/www.raimaberfluidtech.com\/aguas\/catalogos-distribucion-bombas-industriales\/liberty-pumps\/\",\"name\":\"Cat\u00e1logos de Liberty Pumps - Raimaber\",\"isPartOf\":{\"@id\":\"https:\/\/www.raimaberfluidtech.com\/aguas\/#website\"},\"primaryImageOfPage\":{\"@id\":\"https:\/\/www.raimaberfluidtech.com\/aguas\/catalogos-distribucion-bombas-industriales\/liberty-pumps\/#primaryimage\"},\"image\":{\"@id\":\"https:\/\/www.raimaberfluidtech.com\/aguas\/catalogos-distribucion-bombas-industriales\/liberty-pumps\/#primaryimage\"},\"thumbnailUrl\":\"https:\/\/www.raimaberfluidtech.com\/aguas\/files\/2014\/02\/logo-libertypumps.png\",\"datePublished\":\"2018-09-17T10:15:44+00:00\",\"dateModified\":\"2025-02-10T11:11:36+00:00\",\"description\":\"Raimaber pone a su disposici\u00f3n los cat\u00e1logos de Liberty Pumbs sobre los distintos productos que distribuyen como empresa especialista en el sector.\",\"breadcrumb\":{\"@id\":\"https:\/\/www.raimaberfluidtech.com\/aguas\/catalogos-distribucion-bombas-industriales\/liberty-pumps\/#breadcrumb\"},\"inLanguage\":\"es\",\"potentialAction\":[{\"@type\":\"ReadAction\",\"target\":[\"https:\/\/www.raimaberfluidtech.com\/aguas\/catalogos-distribucion-bombas-industriales\/liberty-pumps\/\"]}]},{\"@type\":\"ImageObject\",\"inLanguage\":\"es\",\"@id\":\"https:\/\/www.raimaberfluidtech.com\/aguas\/catalogos-distribucion-bombas-industriales\/liberty-pumps\/#primaryimage\",\"url\":\"https:\/\/www.raimaberfluidtech.com\/aguas\/files\/2014\/02\/logo-libertypumps.png\",\"contentUrl\":\"https:\/\/www.raimaberfluidtech.com\/aguas\/files\/2014\/02\/logo-libertypumps.png\",\"width\":960,\"height\":632,\"caption\":\"iberty pumps\"},{\"@type\":\"BreadcrumbList\",\"@id\":\"https:\/\/www.raimaberfluidtech.com\/aguas\/catalogos-distribucion-bombas-industriales\/liberty-pumps\/#breadcrumb\",\"itemListElement\":[{\"@type\":\"ListItem\",\"position\":1,\"name\":\"Home\",\"item\":\"https:\/\/www.raimaberfluidtech.com\/aguas\/\"},{\"@type\":\"ListItem\",\"position\":2,\"name\":\"Archivos descargables\",\"item\":\"https:\/\/www.raimaberfluidtech.com\/aguas\/catalogos-distribucion-bombas-industriales\/\"},{\"@type\":\"ListItem\",\"position\":3,\"name\":\"Liberty Pumps\"}]},{\"@type\":\"WebSite\",\"@id\":\"https:\/\/www.raimaberfluidtech.com\/aguas\/#website\",\"url\":\"https:\/\/www.raimaberfluidtech.com\/aguas\/\",\"name\":\"Raimaber Fluid Tech [Aguas]\",\"description\":\"Bombas industriales\",\"publisher\":{\"@id\":\"https:\/\/www.raimaberfluidtech.com\/aguas\/#organization\"},\"potentialAction\":[{\"@type\":\"SearchAction\",\"target\":{\"@type\":\"EntryPoint\",\"urlTemplate\":\"https:\/\/www.raimaberfluidtech.com\/aguas\/?s={search_term_string}\"},\"query-input\":{\"@type\":\"PropertyValueSpecification\",\"valueRequired\":true,\"valueName\":\"search_term_string\"}}],\"inLanguage\":\"es\"},{\"@type\":\"Organization\",\"@id\":\"https:\/\/www.raimaberfluidtech.com\/aguas\/#organization\",\"name\":\"Raimaber Fluid Tech [Aguas]\",\"url\":\"https:\/\/www.raimaberfluidtech.com\/aguas\/\",\"logo\":{\"@type\":\"ImageObject\",\"inLanguage\":\"es\",\"@id\":\"https:\/\/www.raimaberfluidtech.com\/aguas\/#\/schema\/logo\/image\/\",\"url\":\"https:\/\/www.raimaberfluidtech.com\/aguas\/wp-content\/blogs.dir\/3\/files\/2012\/11\/raimaber.gif\",\"contentUrl\":\"https:\/\/www.raimaberfluidtech.com\/aguas\/wp-content\/blogs.dir\/3\/files\/2012\/11\/raimaber.gif\",\"width\":\"705\",\"height\":\"438\",\"caption\":\"Raimaber Fluid Tech [Aguas]\"},\"image\":{\"@id\":\"https:\/\/www.raimaberfluidtech.com\/aguas\/#\/schema\/logo\/image\/\"}}]}<\/script>\n<!-- \/ Yoast SEO plugin. -->","yoast_head_json":{"title":"Cat\u00e1logos de Liberty Pumps - Raimaber","description":"Raimaber pone a su disposici\u00f3n los cat\u00e1logos de Liberty Pumbs sobre los distintos productos que distribuyen como empresa especialista en el sector.","robots":{"index":"index","follow":"follow","max-snippet":"max-snippet:-1","max-image-preview":"max-image-preview:large","max-video-preview":"max-video-preview:-1"},"canonical":"https:\/\/www.raimaberfluidtech.com\/aguas\/catalogos-distribucion-bombas-industriales\/liberty-pumps\/","og_locale":"es_ES","og_type":"article","og_title":"Cat\u00e1logos de Liberty Pumps - Raimaber","og_description":"Raimaber pone a su disposici\u00f3n los cat\u00e1logos de Liberty Pumbs sobre los distintos productos que distribuyen como empresa especialista en el sector.","og_url":"https:\/\/www.raimaberfluidtech.com\/aguas\/catalogos-distribucion-bombas-industriales\/liberty-pumps\/","og_site_name":"Raimaber Fluid Tech [Aguas]","article_modified_time":"2025-02-10T11:11:36+00:00","og_image":[{"width":960,"height":632,"url":"https:\/\/www.raimaberfluidtech.com\/aguas\/files\/2014\/02\/logo-libertypumps.png","type":"image\/png"}],"twitter_misc":{"Tiempo de lectura":"1 minuto"},"schema":{"@context":"https:\/\/schema.org","@graph":[{"@type":"WebPage","@id":"https:\/\/www.raimaberfluidtech.com\/aguas\/catalogos-distribucion-bombas-industriales\/liberty-pumps\/","url":"https:\/\/www.raimaberfluidtech.com\/aguas\/catalogos-distribucion-bombas-industriales\/liberty-pumps\/","name":"Cat\u00e1logos de Liberty Pumps - Raimaber","isPartOf":{"@id":"https:\/\/www.raimaberfluidtech.com\/aguas\/#website"},"primaryImageOfPage":{"@id":"https:\/\/www.raimaberfluidtech.com\/aguas\/catalogos-distribucion-bombas-industriales\/liberty-pumps\/#primaryimage"},"image":{"@id":"https:\/\/www.raimaberfluidtech.com\/aguas\/catalogos-distribucion-bombas-industriales\/liberty-pumps\/#primaryimage"},"thumbnailUrl":"https:\/\/www.raimaberfluidtech.com\/aguas\/files\/2014\/02\/logo-libertypumps.png","datePublished":"2018-09-17T10:15:44+00:00","dateModified":"2025-02-10T11:11:36+00:00","description":"Raimaber pone a su disposici\u00f3n los cat\u00e1logos de Liberty Pumbs sobre los distintos productos que distribuyen como empresa especialista en el sector.","breadcrumb":{"@id":"https:\/\/www.raimaberfluidtech.com\/aguas\/catalogos-distribucion-bombas-industriales\/liberty-pumps\/#breadcrumb"},"inLanguage":"es","potentialAction":[{"@type":"ReadAction","target":["https:\/\/www.raimaberfluidtech.com\/aguas\/catalogos-distribucion-bombas-industriales\/liberty-pumps\/"]}]},{"@type":"ImageObject","inLanguage":"es","@id":"https:\/\/www.raimaberfluidtech.com\/aguas\/catalogos-distribucion-bombas-industriales\/liberty-pumps\/#primaryimage","url":"https:\/\/www.raimaberfluidtech.com\/aguas\/files\/2014\/02\/logo-libertypumps.png","contentUrl":"https:\/\/www.raimaberfluidtech.com\/aguas\/files\/2014\/02\/logo-libertypumps.png","width":960,"height":632,"caption":"iberty pumps"},{"@type":"BreadcrumbList","@id":"https:\/\/www.raimaberfluidtech.com\/aguas\/catalogos-distribucion-bombas-industriales\/liberty-pumps\/#breadcrumb","itemListElement":[{"@type":"ListItem","position":1,"name":"Home","item":"https:\/\/www.raimaberfluidtech.com\/aguas\/"},{"@type":"ListItem","position":2,"name":"Archivos descargables","item":"https:\/\/www.raimaberfluidtech.com\/aguas\/catalogos-distribucion-bombas-industriales\/"},{"@type":"ListItem","position":3,"name":"Liberty Pumps"}]},{"@type":"WebSite","@id":"https:\/\/www.raimaberfluidtech.com\/aguas\/#website","url":"https:\/\/www.raimaberfluidtech.com\/aguas\/","name":"Raimaber Fluid Tech [Aguas]","description":"Bombas industriales","publisher":{"@id":"https:\/\/www.raimaberfluidtech.com\/aguas\/#organization"},"potentialAction":[{"@type":"SearchAction","target":{"@type":"EntryPoint","urlTemplate":"https:\/\/www.raimaberfluidtech.com\/aguas\/?s={search_term_string}"},"query-input":{"@type":"PropertyValueSpecification","valueRequired":true,"valueName":"search_term_string"}}],"inLanguage":"es"},{"@type":"Organization","@id":"https:\/\/www.raimaberfluidtech.com\/aguas\/#organization","name":"Raimaber Fluid Tech [Aguas]","url":"https:\/\/www.raimaberfluidtech.com\/aguas\/","logo":{"@type":"ImageObject","inLanguage":"es","@id":"https:\/\/www.raimaberfluidtech.com\/aguas\/#\/schema\/logo\/image\/","url":"https:\/\/www.raimaberfluidtech.com\/aguas\/wp-content\/blogs.dir\/3\/files\/2012\/11\/raimaber.gif","contentUrl":"https:\/\/www.raimaberfluidtech.com\/aguas\/wp-content\/blogs.dir\/3\/files\/2012\/11\/raimaber.gif","width":"705","height":"438","caption":"Raimaber Fluid Tech [Aguas]"},"image":{"@id":"https:\/\/www.raimaberfluidtech.com\/aguas\/#\/schema\/logo\/image\/"}}]}},"_links":{"self":[{"href":"https:\/\/www.raimaberfluidtech.com\/aguas\/wp-json\/wp\/v2\/pages\/5698","targetHints":{"allow":["GET"]}}],"collection":[{"href":"https:\/\/www.raimaberfluidtech.com\/aguas\/wp-json\/wp\/v2\/pages"}],"about":[{"href":"https:\/\/www.raimaberfluidtech.com\/aguas\/wp-json\/wp\/v2\/types\/page"}],"author":[{"embeddable":true,"href":"https:\/\/www.raimaberfluidtech.com\/aguas\/wp-json\/wp\/v2\/users\/1"}],"replies":[{"embeddable":true,"href":"https:\/\/www.raimaberfluidtech.com\/aguas\/wp-json\/wp\/v2\/comments?post=5698"}],"version-history":[{"count":5,"href":"https:\/\/www.raimaberfluidtech.com\/aguas\/wp-json\/wp\/v2\/pages\/5698\/revisions"}],"predecessor-version":[{"id":14076,"href":"https:\/\/www.raimaberfluidtech.com\/aguas\/wp-json\/wp\/v2\/pages\/5698\/revisions\/14076"}],"up":[{"embeddable":true,"href":"https:\/\/www.raimaberfluidtech.com\/aguas\/wp-json\/wp\/v2\/pages\/106"}],"wp:featuredmedia":[{"embeddable":true,"href":"https:\/\/www.raimaberfluidtech.com\/aguas\/wp-json\/wp\/v2\/media\/3726"}],"wp:attachment":[{"href":"https:\/\/www.raimaberfluidtech.com\/aguas\/wp-json\/wp\/v2\/media?parent=5698"}],"curies":[{"name":"wp","href":"https:\/\/api.w.org\/{rel}","templated":true}]}}