{"id":5078,"date":"2018-04-10T13:14:55","date_gmt":"2018-04-10T13:14:55","guid":{"rendered":"http:\/\/www.raimaberfluidtech.com\/aguas\/?page_id=5078"},"modified":"2021-09-22T11:13:59","modified_gmt":"2021-09-22T11:13:59","slug":"serie-bt","status":"publish","type":"page","link":"https:\/\/www.raimaberfluidtech.com\/aguas\/bombas-finish-thompson\/bomba-de-cana-serie-bt","title":{"rendered":"Bomba de ca\u00f1a &#8211; Serie BT"},"content":{"rendered":"<div class=\"wpb-content-wrapper\"><p>[vc_row][vc_column width=\u00bb1\/2&#8243;][vc_media_grid element_width=\u00bb6&#8243; gap=\u00bb4&#8243; grid_id=\u00bbvc_gid:1632309223462-d0c78fc0-5746-5&#8243; include=\u00bb690,693,694&#8243;][\/vc_column][vc_column width=\u00bb1\/2&#8243;][vc_custom_heading text=\u00bbSerie TT\u00bb font_container=\u00bbtag:h2|font_size:18px|text_align:left|color:%23000000&#8243; use_theme_fonts=\u00bbyes\u00bb][vc_column_text]<\/p>\n<p style=\"font-weight: 400\">Dise\u00f1o para altas viscosidades con impulsores helicoidales en PTFE para l\u00edquidos de hasta 15.000 cP<\/p>\n<p>When an <a href=\"https:\/\/mailchi.mp\/3edfa99b4698\/writemypapersorg\">portal there<\/a> essay for sale is finished, then have it marked as a mission.<\/p>\n<p>[\/vc_column_text][\/vc_column][\/vc_row][vc_row css=\u00bb.vc_custom_1520326839771{margin-top: 35px !important;}\u00bb el_class=\u00bbfileventajas\u00bb][vc_column width=\u00bb1\/2&#8243;][vc_custom_heading text=\u00bbAplicaciones\u00bb use_theme_fonts=\u00bbyes\u00bb][vc_column_text]<\/p>\n<ul>\n<li style=\"text-align: justify\">Aceites<\/li>\n<li style=\"text-align: justify\">resinas<\/li>\n<li style=\"text-align: justify\">disolventes<\/li>\n<li style=\"text-align: justify\">ceras<\/li>\n<li style=\"text-align: justify\">adhesivos<\/li>\n<li style=\"text-align: justify\">lubricante para engranajes<\/li>\n<li style=\"text-align: justify\">glicerina<\/li>\n<li style=\"text-align: justify\">silicona<\/li>\n<li style=\"text-align: justify\">lociones<\/li>\n<li style=\"text-align: justify\">pol\u00edmeros<\/li>\n<li style=\"text-align: justify\">miel<\/li>\n<li style=\"text-align: justify\">zumo concentrado<\/li>\n<li style=\"text-align: justify\">gel de cabello y ba\u00f1o<\/li>\n<li style=\"text-align: justify\">jarabe de ma\u00edz<\/li>\n<li style=\"text-align: justify\">etc.<\/li>\n<\/ul>\n<p>[\/vc_column_text][\/vc_column][vc_column width=\u00bb1\/2&#8243;][vc_custom_heading text=\u00bbEspecificaciones de las series BT y HVDP\u00bb use_theme_fonts=\u00bbyes\u00bb][vc_column_text]<\/p>\n<ul>\n<li>\n<p style=\"font-weight: 400\">Caudal m\u00e1ximo: 38 lpm<\/p>\n<\/li>\n<li>\n<p style=\"font-weight: 400\">Presi\u00f3n m\u00e1xima: 61 m<\/p>\n<ul>\n<li>\n<p style=\"font-weight: 400\">Temp m\u00e1xima: 93 \u00baC<\/p>\n<\/li>\n<li>\n<p style=\"font-weight: 400\">Peso espec\u00edfico m\u00e1ximo: 1,8<\/p>\n<\/li>\n<li>\n<p style=\"font-weight: 400\">viscosidad m\u00e1xima: 15000 cps<\/p>\n<\/li>\n<li>\n<p style=\"font-weight: 400\">diametro del tubo: 51 mm<\/p>\n<\/li>\n<li>\n<p style=\"font-weight: 400\">tuberia impulsi\u00f3n : 38 mm 1,5&#8243;<\/p>\n<\/li>\n<\/ul>\n<\/li>\n<\/ul>\n<p>[\/vc_column_text][vc_empty_space][vc_btn title=\u00bbSOLICITUD DE INFORMACI\u00d3N T\u00c9CNICA\u00bb link=\u00bburl:https%3A%2F%2Fwww.raimaberfluidtech.com\/aguas%2Fsolicitud-informacion-tecnica%2F|title:Solicitud%20informaci%C3%B3n%20t%C3%A9cnica||\u00bb][\/vc_column][\/vc_row]<\/p>\n<\/div>","protected":false},"excerpt":{"rendered":"<p>[vc_row][vc_column width=\u00bb1\/2&#8243;][vc_media_grid element_width=\u00bb6&#8243; gap=\u00bb4&#8243; grid_id=\u00bbvc_gid:1632309223462-d0c78fc0-5746-5&#8243; include=\u00bb690,693,694&#8243;][\/vc_column][vc_column width=\u00bb1\/2&#8243;][vc_custom_heading text=\u00bbSerie TT\u00bb font_container=\u00bbtag:h2|font_size:18px|text_align:left|color:%23000000&#8243; use_theme_fonts=\u00bbyes\u00bb][vc_column_text] Dise\u00f1o para altas viscosidades con impulsores helicoidales en PTFE para l\u00edquidos de hasta 15.000 cP When an portal there essay for sale is finished, then have it marked as&#8230;<\/p>\n","protected":false},"author":1,"featured_media":0,"parent":364,"menu_order":0,"comment_status":"closed","ping_status":"closed","template":"page-sidebar.php","meta":{"footnotes":""},"class_list":["post-5078","page","type-page","status-publish","hentry"],"yoast_head":"<!-- This site is optimized with the Yoast SEO plugin v24.3 - https:\/\/yoast.com\/wordpress\/plugins\/seo\/ -->\n<title>FTI &#8211; Finish Thompson Inc: Bomba de ca\u00f1a - Serie BT - Raimaber Fluid Tech [Aguas]<\/title>\n<meta name=\"description\" content=\"Secci\u00f3n de FTI &#8211; Finish Thompson Inc: Bomba de ca\u00f1a - Serie BT en Raimaber Fluid Tech [Aguas]. Contacte y le informamos.\" \/>\n<meta name=\"robots\" content=\"index, follow, max-snippet:-1, max-image-preview:large, max-video-preview:-1\" \/>\n<link rel=\"canonical\" href=\"https:\/\/www.raimaberfluidtech.com\/aguas\/bombas-finish-thompson\/bomba-de-cana-serie-bt\/\" \/>\n<meta property=\"og:locale\" content=\"es_ES\" \/>\n<meta property=\"og:type\" content=\"article\" \/>\n<meta property=\"og:title\" content=\"FTI &#8211; Finish Thompson Inc: Bomba de ca\u00f1a - Serie BT - Raimaber Fluid Tech [Aguas]\" \/>\n<meta property=\"og:description\" content=\"Secci\u00f3n de FTI &#8211; Finish Thompson Inc: Bomba de ca\u00f1a - Serie BT en Raimaber Fluid Tech [Aguas]. Contacte y le informamos.\" \/>\n<meta property=\"og:url\" content=\"https:\/\/www.raimaberfluidtech.com\/aguas\/bombas-finish-thompson\/bomba-de-cana-serie-bt\" \/>\n<meta property=\"og:site_name\" content=\"Raimaber Fluid Tech [Aguas]\" \/>\n<meta property=\"article:modified_time\" content=\"2021-09-22T11:13:59+00:00\" \/>\n<meta name=\"twitter:label1\" content=\"Tiempo de lectura\" \/>\n\t<meta name=\"twitter:data1\" content=\"1 minuto\" \/>\n<script type=\"application\/ld+json\" class=\"yoast-schema-graph\">{\"@context\":\"https:\/\/schema.org\",\"@graph\":[{\"@type\":\"WebPage\",\"@id\":\"https:\/\/www.raimaberfluidtech.com\/aguas\/bombas-finish-thompson\/bomba-de-cana-serie-bt\",\"url\":\"https:\/\/www.raimaberfluidtech.com\/aguas\/bombas-finish-thompson\/bomba-de-cana-serie-bt\",\"name\":\"FTI &#8211; Finish Thompson Inc: Bomba de ca\u00f1a - Serie BT - Raimaber Fluid Tech [Aguas]\",\"isPartOf\":{\"@id\":\"https:\/\/www.raimaberfluidtech.com\/aguas\/#website\"},\"datePublished\":\"2018-04-10T13:14:55+00:00\",\"dateModified\":\"2021-09-22T11:13:59+00:00\",\"description\":\"Secci\u00f3n de FTI &#8211; Finish Thompson Inc: Bomba de ca\u00f1a - Serie BT en Raimaber Fluid Tech [Aguas]. Contacte y le informamos.\",\"breadcrumb\":{\"@id\":\"https:\/\/www.raimaberfluidtech.com\/aguas\/bombas-finish-thompson\/bomba-de-cana-serie-bt#breadcrumb\"},\"inLanguage\":\"es\",\"potentialAction\":[{\"@type\":\"ReadAction\",\"target\":[\"https:\/\/www.raimaberfluidtech.com\/aguas\/bombas-finish-thompson\/bomba-de-cana-serie-bt\"]}]},{\"@type\":\"BreadcrumbList\",\"@id\":\"https:\/\/www.raimaberfluidtech.com\/aguas\/bombas-finish-thompson\/bomba-de-cana-serie-bt#breadcrumb\",\"itemListElement\":[{\"@type\":\"ListItem\",\"position\":1,\"name\":\"Home\",\"item\":\"https:\/\/www.raimaberfluidtech.com\/aguas\/\"},{\"@type\":\"ListItem\",\"position\":2,\"name\":\"FTI &#8211; Finish Thompson Inc\",\"item\":\"https:\/\/www.raimaberfluidtech.com\/aguas\/bombas-finish-thompson\/\"},{\"@type\":\"ListItem\",\"position\":3,\"name\":\"Bomba de ca\u00f1a &#8211; Serie BT\"}]},{\"@type\":\"WebSite\",\"@id\":\"https:\/\/www.raimaberfluidtech.com\/aguas\/#website\",\"url\":\"https:\/\/www.raimaberfluidtech.com\/aguas\/\",\"name\":\"Raimaber Fluid Tech [Aguas]\",\"description\":\"Bombas industriales\",\"publisher\":{\"@id\":\"https:\/\/www.raimaberfluidtech.com\/aguas\/#organization\"},\"potentialAction\":[{\"@type\":\"SearchAction\",\"target\":{\"@type\":\"EntryPoint\",\"urlTemplate\":\"https:\/\/www.raimaberfluidtech.com\/aguas\/?s={search_term_string}\"},\"query-input\":{\"@type\":\"PropertyValueSpecification\",\"valueRequired\":true,\"valueName\":\"search_term_string\"}}],\"inLanguage\":\"es\"},{\"@type\":\"Organization\",\"@id\":\"https:\/\/www.raimaberfluidtech.com\/aguas\/#organization\",\"name\":\"Raimaber Fluid Tech [Aguas]\",\"url\":\"https:\/\/www.raimaberfluidtech.com\/aguas\/\",\"logo\":{\"@type\":\"ImageObject\",\"inLanguage\":\"es\",\"@id\":\"https:\/\/www.raimaberfluidtech.com\/aguas\/#\/schema\/logo\/image\/\",\"url\":\"https:\/\/www.raimaberfluidtech.com\/aguas\/wp-content\/blogs.dir\/3\/files\/2012\/11\/raimaber.gif\",\"contentUrl\":\"https:\/\/www.raimaberfluidtech.com\/aguas\/wp-content\/blogs.dir\/3\/files\/2012\/11\/raimaber.gif\",\"width\":\"705\",\"height\":\"438\",\"caption\":\"Raimaber Fluid Tech [Aguas]\"},\"image\":{\"@id\":\"https:\/\/www.raimaberfluidtech.com\/aguas\/#\/schema\/logo\/image\/\"}}]}<\/script>\n<!-- \/ Yoast SEO plugin. -->","yoast_head_json":{"title":"FTI &#8211; Finish Thompson Inc: Bomba de ca\u00f1a - Serie BT - Raimaber Fluid Tech [Aguas]","description":"Secci\u00f3n de FTI &#8211; Finish Thompson Inc: Bomba de ca\u00f1a - Serie BT en Raimaber Fluid Tech [Aguas]. Contacte y le informamos.","robots":{"index":"index","follow":"follow","max-snippet":"max-snippet:-1","max-image-preview":"max-image-preview:large","max-video-preview":"max-video-preview:-1"},"canonical":"https:\/\/www.raimaberfluidtech.com\/aguas\/bombas-finish-thompson\/bomba-de-cana-serie-bt\/","og_locale":"es_ES","og_type":"article","og_title":"FTI &#8211; Finish Thompson Inc: Bomba de ca\u00f1a - Serie BT - Raimaber Fluid Tech [Aguas]","og_description":"Secci\u00f3n de FTI &#8211; Finish Thompson Inc: Bomba de ca\u00f1a - Serie BT en Raimaber Fluid Tech [Aguas]. Contacte y le informamos.","og_url":"https:\/\/www.raimaberfluidtech.com\/aguas\/bombas-finish-thompson\/bomba-de-cana-serie-bt","og_site_name":"Raimaber Fluid Tech [Aguas]","article_modified_time":"2021-09-22T11:13:59+00:00","twitter_misc":{"Tiempo de lectura":"1 minuto"},"schema":{"@context":"https:\/\/schema.org","@graph":[{"@type":"WebPage","@id":"https:\/\/www.raimaberfluidtech.com\/aguas\/bombas-finish-thompson\/bomba-de-cana-serie-bt","url":"https:\/\/www.raimaberfluidtech.com\/aguas\/bombas-finish-thompson\/bomba-de-cana-serie-bt","name":"FTI &#8211; Finish Thompson Inc: Bomba de ca\u00f1a - Serie BT - Raimaber Fluid Tech [Aguas]","isPartOf":{"@id":"https:\/\/www.raimaberfluidtech.com\/aguas\/#website"},"datePublished":"2018-04-10T13:14:55+00:00","dateModified":"2021-09-22T11:13:59+00:00","description":"Secci\u00f3n de FTI &#8211; Finish Thompson Inc: Bomba de ca\u00f1a - Serie BT en Raimaber Fluid Tech [Aguas]. Contacte y le informamos.","breadcrumb":{"@id":"https:\/\/www.raimaberfluidtech.com\/aguas\/bombas-finish-thompson\/bomba-de-cana-serie-bt#breadcrumb"},"inLanguage":"es","potentialAction":[{"@type":"ReadAction","target":["https:\/\/www.raimaberfluidtech.com\/aguas\/bombas-finish-thompson\/bomba-de-cana-serie-bt"]}]},{"@type":"BreadcrumbList","@id":"https:\/\/www.raimaberfluidtech.com\/aguas\/bombas-finish-thompson\/bomba-de-cana-serie-bt#breadcrumb","itemListElement":[{"@type":"ListItem","position":1,"name":"Home","item":"https:\/\/www.raimaberfluidtech.com\/aguas\/"},{"@type":"ListItem","position":2,"name":"FTI &#8211; Finish Thompson Inc","item":"https:\/\/www.raimaberfluidtech.com\/aguas\/bombas-finish-thompson\/"},{"@type":"ListItem","position":3,"name":"Bomba de ca\u00f1a &#8211; Serie BT"}]},{"@type":"WebSite","@id":"https:\/\/www.raimaberfluidtech.com\/aguas\/#website","url":"https:\/\/www.raimaberfluidtech.com\/aguas\/","name":"Raimaber Fluid Tech [Aguas]","description":"Bombas industriales","publisher":{"@id":"https:\/\/www.raimaberfluidtech.com\/aguas\/#organization"},"potentialAction":[{"@type":"SearchAction","target":{"@type":"EntryPoint","urlTemplate":"https:\/\/www.raimaberfluidtech.com\/aguas\/?s={search_term_string}"},"query-input":{"@type":"PropertyValueSpecification","valueRequired":true,"valueName":"search_term_string"}}],"inLanguage":"es"},{"@type":"Organization","@id":"https:\/\/www.raimaberfluidtech.com\/aguas\/#organization","name":"Raimaber Fluid Tech [Aguas]","url":"https:\/\/www.raimaberfluidtech.com\/aguas\/","logo":{"@type":"ImageObject","inLanguage":"es","@id":"https:\/\/www.raimaberfluidtech.com\/aguas\/#\/schema\/logo\/image\/","url":"https:\/\/www.raimaberfluidtech.com\/aguas\/wp-content\/blogs.dir\/3\/files\/2012\/11\/raimaber.gif","contentUrl":"https:\/\/www.raimaberfluidtech.com\/aguas\/wp-content\/blogs.dir\/3\/files\/2012\/11\/raimaber.gif","width":"705","height":"438","caption":"Raimaber Fluid Tech [Aguas]"},"image":{"@id":"https:\/\/www.raimaberfluidtech.com\/aguas\/#\/schema\/logo\/image\/"}}]}},"_links":{"self":[{"href":"https:\/\/www.raimaberfluidtech.com\/aguas\/wp-json\/wp\/v2\/pages\/5078","targetHints":{"allow":["GET"]}}],"collection":[{"href":"https:\/\/www.raimaberfluidtech.com\/aguas\/wp-json\/wp\/v2\/pages"}],"about":[{"href":"https:\/\/www.raimaberfluidtech.com\/aguas\/wp-json\/wp\/v2\/types\/page"}],"author":[{"embeddable":true,"href":"https:\/\/www.raimaberfluidtech.com\/aguas\/wp-json\/wp\/v2\/users\/1"}],"replies":[{"embeddable":true,"href":"https:\/\/www.raimaberfluidtech.com\/aguas\/wp-json\/wp\/v2\/comments?post=5078"}],"version-history":[{"count":9,"href":"https:\/\/www.raimaberfluidtech.com\/aguas\/wp-json\/wp\/v2\/pages\/5078\/revisions"}],"predecessor-version":[{"id":7819,"href":"https:\/\/www.raimaberfluidtech.com\/aguas\/wp-json\/wp\/v2\/pages\/5078\/revisions\/7819"}],"up":[{"embeddable":true,"href":"https:\/\/www.raimaberfluidtech.com\/aguas\/wp-json\/wp\/v2\/pages\/364"}],"wp:attachment":[{"href":"https:\/\/www.raimaberfluidtech.com\/aguas\/wp-json\/wp\/v2\/media?parent=5078"}],"curies":[{"name":"wp","href":"https:\/\/api.w.org\/{rel}","templated":true}]}}