{"id":3078,"date":"2016-05-31T07:55:47","date_gmt":"2016-05-31T07:55:47","guid":{"rendered":"http:\/\/www.raimaberfluidtech.com\/aguas\/?page_id=3078"},"modified":"2021-09-22T10:53:05","modified_gmt":"2021-09-22T10:53:05","slug":"bomba-vertical-vaughan","status":"publish","type":"page","link":"https:\/\/www.raimaberfluidtech.com\/aguas\/vaughan\/bomba-vertical-vaughan\/","title":{"rendered":"Bomba vertical c\u00e1mara seca"},"content":{"rendered":"<div class=\"wpb-content-wrapper\"><p>[vc_row][vc_column width=\u00bb1\/2&#8243;][vc_media_grid element_width=\u00bb6&#8243; gap=\u00bb4&#8243; grid_id=\u00bbvc_gid:1632306092636-f6c70944-31ec-4&#8243; include=\u00bb4539,4540,4541,4545&#8243;][\/vc_column][vc_column width=\u00bb1\/2&#8243;][vc_custom_heading text=\u00bbBomba vertical c\u00e1mara seca\u00bb font_container=\u00bbtag:h2|font_size:18px|text_align:left|color:%23000000&#8243; use_theme_fonts=\u00bbyes\u00bb][vc_column_text]<\/p>\n<div class=\"in-content col-1\" style=\"text-align: justify;\">\n<p>El montaje VERTICAL, nos permite montar la <a title=\"Vaughan\" href=\"http:\/\/www.raimaberfluidtech.com\/aguas\/vaughan\" target=\"_blank\" rel=\"noopener noreferrer\">bomba Vaughan<\/a> en cualquier <strong>pozo de bombeo<\/strong> o aplicaci\u00f3n donde se prefiere la <strong>bomba sumergida y el motor a\u00e9reo<\/strong>.<\/p>\n<p>El motor es est\u00e1ndar con brida B5 IEC.<\/p>\n<p>El eje puede llegar hasta 6 m de largo, para acoplarnos a las condiciones m\u00e1s extremas.<\/p>\n<p>Los rodamientos van ba\u00f1ados en aceite, con un sensor de nivel exterior, que nos permite avanzarnos r\u00e1pidamente a un posible problema.<\/p>\n<p>Tambi\u00e9n existe la <strong>posibilidad de montaje como bomba recirculadora<\/strong> y se suministra un sistema en la misma impulsi\u00f3n con v\u00e1lvula de 3 v\u00edas, que se opera desde el exterior y nos permite realizar tres operaciones, es decir, podemos bombear, bombear y recircular o recircular.<\/div>\n<p>[\/vc_column_text][\/vc_column][\/vc_row][vc_row el_class=\u00bbfileventajas\u00bb][vc_column width=\u00bb1\/2&#8243;][vc_custom_heading text=\u00bbVentajas\u00bb use_theme_fonts=\u00bbyes\u00bb][vc_column_text]<\/p>\n<ul>\n<li>7 puntos de corte, patentados y\/o pendientes de patente.<\/li>\n<li>Fabricaci\u00f3n de la bomba con equipos de control num\u00e9rico, permite la repetici\u00f3n automatizada de la partes y eliminamos cualquier defecto en su construcci\u00f3n.<\/li>\n<li>Materiales endurecidos hasta 600 Brinell, aguantan la abrasi\u00f3n y facilitan la trituraci\u00f3n de los s\u00f3lidos.<\/li>\n<li>Regulaci\u00f3n desde el exterior de la tolerancia entre la barra de corte y el impulsor, en la aspiraci\u00f3n. Tambi\u00e9n existe la posibilidad de regulaci\u00f3n de la tolerancia entre el impulsor y el plato cortador superior trasero.<\/li>\n<li>Ejes y rodamientos sobredimensionados.<\/li>\n<li>Varios materiales: hierro d\u00factil, inox 316 \u00f3 d\u00faplex CD4MCU.<\/li>\n<li>Modelizaci\u00f3n de las partes en 3D y mediante Din\u00e1mica de Fluidos Computarizada o CFD\/CFX, permite ver los canales del flujo y las velocidades dentro de la bomba, para desarrollar mejoras en el dise\u00f1o y aumentar las eficiencias.<\/li>\n<li>Trituramos s\u00f3lidos como: trapos, fibras, pl\u00e1sticos, pelos, celulosa, etc.<\/li>\n<li>La garant\u00eda por escrito de Vaughan, es su compromiso de funcionamiento, que sus bombas trituran s\u00f3lidos sin atascos.<\/li>\n<\/ul>\n<p>[\/vc_column_text][\/vc_column][vc_column width=\u00bb1\/2&#8243;][vc_custom_heading text=\u00bbPatentes\u00bb use_theme_fonts=\u00bbyes\u00bb][vc_column_text]<\/p>\n<ul>\n<li>US Patent #7,125,221,B2 (Centrifugal Pump Improvements).<\/li>\n<li>US Patent #7,841,550,B1 (Cutter Nut and Cutter Bar Assembly).<\/li>\n<li>US Patent #8,105,017,B2 (Centrifugal Chopper Pump with Impeller Assembly).<\/li>\n<li>US Patent #8,905,341, B2 (Screw-Type Centrifugal Pump with Cutting Inserts).<\/li>\n<li>United Kingdom Patent #0 774 045 (Centrifugal Chopper Pump).<\/li>\n<li>United Kingdom Patent #2,371,834 (Centrifugal Pump Improvements).<\/li>\n<li>Canadian Patent #2,188,138 (Centrifugal Chopper Pump).<\/li>\n<li>US Patent #8,985,490,B2 (Chopper Pump with Cutting Inserts).<\/li>\n<\/ul>\n<p>[\/vc_column_text][vc_empty_space][vc_btn title=\u00bbSOLICITUD DE INFORMACI\u00d3N T\u00c9CNICA\u00bb link=\u00bburl:https%3A%2F%2Fwww.raimaberfluidtech.com\/aguas%2Fsolicitud-informacion-tecnica%2F|title:Solicitud%20informaci%C3%B3n%20t%C3%A9cnica||\u00bb][\/vc_column][\/vc_row]<\/p>\n<\/div>","protected":false},"excerpt":{"rendered":"<p>[vc_row][vc_column width=\u00bb1\/2&#8243;][vc_media_grid element_width=\u00bb6&#8243; gap=\u00bb4&#8243; grid_id=\u00bbvc_gid:1632306092636-f6c70944-31ec-4&#8243; include=\u00bb4539,4540,4541,4545&#8243;][\/vc_column][vc_column width=\u00bb1\/2&#8243;][vc_custom_heading text=\u00bbBomba vertical c\u00e1mara seca\u00bb font_container=\u00bbtag:h2|font_size:18px|text_align:left|color:%23000000&#8243; use_theme_fonts=\u00bbyes\u00bb][vc_column_text] El montaje VERTICAL, nos permite montar la bomba Vaughan en cualquier pozo de bombeo o aplicaci\u00f3n donde se prefiere la bomba sumergida y el motor a\u00e9reo. El&#8230;<\/p>\n","protected":false},"author":1,"featured_media":0,"parent":33,"menu_order":0,"comment_status":"closed","ping_status":"closed","template":"page-sidebar.php","meta":{"footnotes":""},"class_list":["post-3078","page","type-page","status-publish","hentry"],"yoast_head":"<!-- This site is optimized with the Yoast SEO plugin v24.3 - https:\/\/yoast.com\/wordpress\/plugins\/seo\/ -->\n<title>Bomba Vertical de la marca Vaughan - Raimaber<\/title>\n<meta name=\"description\" content=\"Vaughan es una conocida marca de bombas industriales de calidad. En Raimaber, como expertos en su distribuci\u00f3n, presentamos ventajas de su Bomba Vertical.\" \/>\n<meta name=\"robots\" content=\"index, follow, max-snippet:-1, max-image-preview:large, max-video-preview:-1\" \/>\n<link rel=\"canonical\" href=\"https:\/\/www.raimaberfluidtech.com\/aguas\/vaughan\/bomba-vertical-vaughan\/\" \/>\n<meta property=\"og:locale\" content=\"es_ES\" \/>\n<meta property=\"og:type\" content=\"article\" \/>\n<meta property=\"og:title\" content=\"Bomba Vertical de la marca Vaughan - Raimaber\" \/>\n<meta property=\"og:description\" content=\"Vaughan es una conocida marca de bombas industriales de calidad. En Raimaber, como expertos en su distribuci\u00f3n, presentamos ventajas de su Bomba Vertical.\" \/>\n<meta property=\"og:url\" content=\"https:\/\/www.raimaberfluidtech.com\/aguas\/vaughan\/bomba-vertical-vaughan\/\" \/>\n<meta property=\"og:site_name\" content=\"Raimaber Fluid Tech [Aguas]\" \/>\n<meta property=\"article:modified_time\" content=\"2021-09-22T10:53:05+00:00\" \/>\n<meta name=\"twitter:label1\" content=\"Tiempo de lectura\" \/>\n\t<meta name=\"twitter:data1\" content=\"2 minutos\" \/>\n<script type=\"application\/ld+json\" class=\"yoast-schema-graph\">{\"@context\":\"https:\/\/schema.org\",\"@graph\":[{\"@type\":\"WebPage\",\"@id\":\"https:\/\/www.raimaberfluidtech.com\/aguas\/vaughan\/bomba-vertical-vaughan\/\",\"url\":\"https:\/\/www.raimaberfluidtech.com\/aguas\/vaughan\/bomba-vertical-vaughan\/\",\"name\":\"Bomba Vertical de la marca Vaughan - Raimaber\",\"isPartOf\":{\"@id\":\"https:\/\/www.raimaberfluidtech.com\/aguas\/#website\"},\"datePublished\":\"2016-05-31T07:55:47+00:00\",\"dateModified\":\"2021-09-22T10:53:05+00:00\",\"description\":\"Vaughan es una conocida marca de bombas industriales de calidad. En Raimaber, como expertos en su distribuci\u00f3n, presentamos ventajas de su Bomba Vertical.\",\"breadcrumb\":{\"@id\":\"https:\/\/www.raimaberfluidtech.com\/aguas\/vaughan\/bomba-vertical-vaughan\/#breadcrumb\"},\"inLanguage\":\"es\",\"potentialAction\":[{\"@type\":\"ReadAction\",\"target\":[\"https:\/\/www.raimaberfluidtech.com\/aguas\/vaughan\/bomba-vertical-vaughan\/\"]}]},{\"@type\":\"BreadcrumbList\",\"@id\":\"https:\/\/www.raimaberfluidtech.com\/aguas\/vaughan\/bomba-vertical-vaughan\/#breadcrumb\",\"itemListElement\":[{\"@type\":\"ListItem\",\"position\":1,\"name\":\"Home\",\"item\":\"https:\/\/www.raimaberfluidtech.com\/aguas\/\"},{\"@type\":\"ListItem\",\"position\":2,\"name\":\"Vaughan\",\"item\":\"https:\/\/www.raimaberfluidtech.com\/aguas\/vaughan\/\"},{\"@type\":\"ListItem\",\"position\":3,\"name\":\"Bomba vertical c\u00e1mara seca\"}]},{\"@type\":\"WebSite\",\"@id\":\"https:\/\/www.raimaberfluidtech.com\/aguas\/#website\",\"url\":\"https:\/\/www.raimaberfluidtech.com\/aguas\/\",\"name\":\"Raimaber Fluid Tech [Aguas]\",\"description\":\"Bombas industriales\",\"publisher\":{\"@id\":\"https:\/\/www.raimaberfluidtech.com\/aguas\/#organization\"},\"potentialAction\":[{\"@type\":\"SearchAction\",\"target\":{\"@type\":\"EntryPoint\",\"urlTemplate\":\"https:\/\/www.raimaberfluidtech.com\/aguas\/?s={search_term_string}\"},\"query-input\":{\"@type\":\"PropertyValueSpecification\",\"valueRequired\":true,\"valueName\":\"search_term_string\"}}],\"inLanguage\":\"es\"},{\"@type\":\"Organization\",\"@id\":\"https:\/\/www.raimaberfluidtech.com\/aguas\/#organization\",\"name\":\"Raimaber Fluid Tech [Aguas]\",\"url\":\"https:\/\/www.raimaberfluidtech.com\/aguas\/\",\"logo\":{\"@type\":\"ImageObject\",\"inLanguage\":\"es\",\"@id\":\"https:\/\/www.raimaberfluidtech.com\/aguas\/#\/schema\/logo\/image\/\",\"url\":\"https:\/\/www.raimaberfluidtech.com\/aguas\/wp-content\/blogs.dir\/3\/files\/2012\/11\/raimaber.gif\",\"contentUrl\":\"https:\/\/www.raimaberfluidtech.com\/aguas\/wp-content\/blogs.dir\/3\/files\/2012\/11\/raimaber.gif\",\"width\":\"705\",\"height\":\"438\",\"caption\":\"Raimaber Fluid Tech [Aguas]\"},\"image\":{\"@id\":\"https:\/\/www.raimaberfluidtech.com\/aguas\/#\/schema\/logo\/image\/\"}}]}<\/script>\n<!-- \/ Yoast SEO plugin. -->","yoast_head_json":{"title":"Bomba Vertical de la marca Vaughan - Raimaber","description":"Vaughan es una conocida marca de bombas industriales de calidad. En Raimaber, como expertos en su distribuci\u00f3n, presentamos ventajas de su Bomba Vertical.","robots":{"index":"index","follow":"follow","max-snippet":"max-snippet:-1","max-image-preview":"max-image-preview:large","max-video-preview":"max-video-preview:-1"},"canonical":"https:\/\/www.raimaberfluidtech.com\/aguas\/vaughan\/bomba-vertical-vaughan\/","og_locale":"es_ES","og_type":"article","og_title":"Bomba Vertical de la marca Vaughan - Raimaber","og_description":"Vaughan es una conocida marca de bombas industriales de calidad. En Raimaber, como expertos en su distribuci\u00f3n, presentamos ventajas de su Bomba Vertical.","og_url":"https:\/\/www.raimaberfluidtech.com\/aguas\/vaughan\/bomba-vertical-vaughan\/","og_site_name":"Raimaber Fluid Tech [Aguas]","article_modified_time":"2021-09-22T10:53:05+00:00","twitter_misc":{"Tiempo de lectura":"2 minutos"},"schema":{"@context":"https:\/\/schema.org","@graph":[{"@type":"WebPage","@id":"https:\/\/www.raimaberfluidtech.com\/aguas\/vaughan\/bomba-vertical-vaughan\/","url":"https:\/\/www.raimaberfluidtech.com\/aguas\/vaughan\/bomba-vertical-vaughan\/","name":"Bomba Vertical de la marca Vaughan - Raimaber","isPartOf":{"@id":"https:\/\/www.raimaberfluidtech.com\/aguas\/#website"},"datePublished":"2016-05-31T07:55:47+00:00","dateModified":"2021-09-22T10:53:05+00:00","description":"Vaughan es una conocida marca de bombas industriales de calidad. En Raimaber, como expertos en su distribuci\u00f3n, presentamos ventajas de su Bomba Vertical.","breadcrumb":{"@id":"https:\/\/www.raimaberfluidtech.com\/aguas\/vaughan\/bomba-vertical-vaughan\/#breadcrumb"},"inLanguage":"es","potentialAction":[{"@type":"ReadAction","target":["https:\/\/www.raimaberfluidtech.com\/aguas\/vaughan\/bomba-vertical-vaughan\/"]}]},{"@type":"BreadcrumbList","@id":"https:\/\/www.raimaberfluidtech.com\/aguas\/vaughan\/bomba-vertical-vaughan\/#breadcrumb","itemListElement":[{"@type":"ListItem","position":1,"name":"Home","item":"https:\/\/www.raimaberfluidtech.com\/aguas\/"},{"@type":"ListItem","position":2,"name":"Vaughan","item":"https:\/\/www.raimaberfluidtech.com\/aguas\/vaughan\/"},{"@type":"ListItem","position":3,"name":"Bomba vertical c\u00e1mara seca"}]},{"@type":"WebSite","@id":"https:\/\/www.raimaberfluidtech.com\/aguas\/#website","url":"https:\/\/www.raimaberfluidtech.com\/aguas\/","name":"Raimaber Fluid Tech [Aguas]","description":"Bombas industriales","publisher":{"@id":"https:\/\/www.raimaberfluidtech.com\/aguas\/#organization"},"potentialAction":[{"@type":"SearchAction","target":{"@type":"EntryPoint","urlTemplate":"https:\/\/www.raimaberfluidtech.com\/aguas\/?s={search_term_string}"},"query-input":{"@type":"PropertyValueSpecification","valueRequired":true,"valueName":"search_term_string"}}],"inLanguage":"es"},{"@type":"Organization","@id":"https:\/\/www.raimaberfluidtech.com\/aguas\/#organization","name":"Raimaber Fluid Tech [Aguas]","url":"https:\/\/www.raimaberfluidtech.com\/aguas\/","logo":{"@type":"ImageObject","inLanguage":"es","@id":"https:\/\/www.raimaberfluidtech.com\/aguas\/#\/schema\/logo\/image\/","url":"https:\/\/www.raimaberfluidtech.com\/aguas\/wp-content\/blogs.dir\/3\/files\/2012\/11\/raimaber.gif","contentUrl":"https:\/\/www.raimaberfluidtech.com\/aguas\/wp-content\/blogs.dir\/3\/files\/2012\/11\/raimaber.gif","width":"705","height":"438","caption":"Raimaber Fluid Tech [Aguas]"},"image":{"@id":"https:\/\/www.raimaberfluidtech.com\/aguas\/#\/schema\/logo\/image\/"}}]}},"_links":{"self":[{"href":"https:\/\/www.raimaberfluidtech.com\/aguas\/wp-json\/wp\/v2\/pages\/3078","targetHints":{"allow":["GET"]}}],"collection":[{"href":"https:\/\/www.raimaberfluidtech.com\/aguas\/wp-json\/wp\/v2\/pages"}],"about":[{"href":"https:\/\/www.raimaberfluidtech.com\/aguas\/wp-json\/wp\/v2\/types\/page"}],"author":[{"embeddable":true,"href":"https:\/\/www.raimaberfluidtech.com\/aguas\/wp-json\/wp\/v2\/users\/1"}],"replies":[{"embeddable":true,"href":"https:\/\/www.raimaberfluidtech.com\/aguas\/wp-json\/wp\/v2\/comments?post=3078"}],"version-history":[{"count":22,"href":"https:\/\/www.raimaberfluidtech.com\/aguas\/wp-json\/wp\/v2\/pages\/3078\/revisions"}],"predecessor-version":[{"id":7570,"href":"https:\/\/www.raimaberfluidtech.com\/aguas\/wp-json\/wp\/v2\/pages\/3078\/revisions\/7570"}],"up":[{"embeddable":true,"href":"https:\/\/www.raimaberfluidtech.com\/aguas\/wp-json\/wp\/v2\/pages\/33"}],"wp:attachment":[{"href":"https:\/\/www.raimaberfluidtech.com\/aguas\/wp-json\/wp\/v2\/media?parent=3078"}],"curies":[{"name":"wp","href":"https:\/\/api.w.org\/{rel}","templated":true}]}}