{"id":3060,"date":"2016-05-31T07:35:07","date_gmt":"2016-05-31T07:35:07","guid":{"rendered":"http:\/\/www.raimaberfluidtech.com\/aguas\/?page_id=3060"},"modified":"2025-02-18T15:27:56","modified_gmt":"2025-02-18T15:27:56","slug":"bomba-horizontal-vaughan","status":"publish","type":"page","link":"https:\/\/www.raimaberfluidtech.com\/aguas\/vaughan\/bomba-horizontal-vaughan\/","title":{"rendered":"Bomba horizontal c\u00e1mara seca"},"content":{"rendered":"<div class=\"wpb-content-wrapper\"><p>[vc_row][vc_column width=\u00bb1\/2&#8243;][vc_media_grid element_width=\u00bb6&#8243; gap=\u00bb4&#8243; grid_id=\u00bbvc_gid:1632306086850-6b88aa49-6eb3-2&#8243; include=\u00bb4531,4532,4533,4534,4535,4536,4537&#8243;][\/vc_column][vc_column width=\u00bb1\/2&#8243;][vc_custom_heading text=\u00bbBomba horizontal\u00bb font_container=\u00bbtag:h2|font_size:18px|text_align:left|color:%23000000&#8243; use_theme_fonts=\u00bbyes\u00bb][vc_column_text]<\/p>\n<p style=\"text-align: justify;\">El montaje horizontal de pozo seco, nos permite montar la <strong>bomba horizontal <a title=\"Vaughan\" href=\"http:\/\/www.raimaberfluidtech.com\/aguas\/vaughan\" target=\"_blank\" rel=\"noopener noreferrer\">Vaughan<\/a><\/strong> en cualquier aplicaci\u00f3n en pozo seco. Tanto en configuraci\u00f3n horizontal como en vertical.<\/p>\n<p style=\"text-align: justify;\">El motor es est\u00e1ndar con brida B35 IEC.<\/p>\n<p style=\"text-align: justify;\">Esta configuraci\u00f3n, sobretodo se dise\u00f1\u00f3 para el <strong>bombeo de fangos primarios<\/strong>,<strong> secundarios o digeridos<\/strong>,<strong> en EDAR o EDARI<\/strong>.<\/p>\n<p style=\"text-align: justify;\">El dise\u00f1o exclusivo del cuerpo, nos permite ajustar exteriormente las tolerancias del impulsor con el plato de corte, en la aspiraci\u00f3n, sin desmontar la bomba.<\/p>\n<p style=\"text-align: justify;\">El cierre est\u00e1 dise\u00f1ado para girar en seco . Nos permite el montaje con un sistema de vac\u00edo, para <strong>bombas m\u00f3viles auto-cebantes<\/strong>.<\/p>\n<p>[\/vc_column_text][\/vc_column][\/vc_row][vc_row el_class=\u00bbfileventajas\u00bb][vc_column width=\u00bb1\/2&#8243;][vc_custom_heading text=\u00bbVentajas\u00bb use_theme_fonts=\u00bbyes\u00bb][vc_column_text]<\/p>\n<ul style=\"text-align: justify;\">\n<li>7 puntos de corte, patentados y\/o pendientes de patente.<\/li>\n<li>Fabricaci\u00f3n de la bomba con equipos de control num\u00e9rico, permite la repetici\u00f3n automatizada de la partes y eliminamos cualquier defecto en su construcci\u00f3n.<\/li>\n<li>Materiales endurecidos hasta 600 Brinell, aguantan la abrasi\u00f3n y facilitan la trituraci\u00f3n de los s\u00f3lidos.<\/li>\n<li>Regulaci\u00f3n desde el exterior de la tolerancia entre la barra de corte y el impulsor, en la aspiraci\u00f3n. Tambi\u00e9n existe la posibilidad de regulaci\u00f3n de la tolerancia entre el impulsor y el plato cortador superior trasero.<\/li>\n<\/ul>\n<p style=\"text-align: justify;\">Ejes y rodamientos sobredimensionados.<br \/>\nVarios materiales: hierro d\u00factil, inox 316 \u00f3 d\u00faplex CD4MCU.<br \/>\nModelizaci\u00f3n de las partes en 3D y mediante Din\u00e1mica de Fluidos Computarizada o CFD\/CFX, permite ver los canales del flujo y las velocidades dentro de la bomba, para desarrollar mejoras en el dise\u00f1o y <strong>aumentar las eficiencias<\/strong>.<br \/>\nTritura s\u00f3lidos como: trapos, fibras, pl\u00e1sticos, pelos, celulosa, etc.<br \/>\nLa garant\u00eda por escrito de Vaughan es su compromiso de funcionamiento, que sus bombas <strong>trituran s\u00f3lidos sin atascos<\/strong>.<\/p>\n<p>[\/vc_column_text][\/vc_column][vc_column width=\u00bb1\/2&#8243;][vc_custom_heading text=\u00bbPatentes\u00bb use_theme_fonts=\u00bbyes\u00bb][vc_column_text]<\/p>\n<ul style=\"text-align: justify;\">\n<li>US Patent #7,125,221,B2 (Centrifugal Pump Improvements).<\/li>\n<li>US Patent #7,841,550,B1 (Cutter Nut and Cutter Bar Assembly).<\/li>\n<li>US Patent #8,105,017,B2 (Centrifugal Chopper Pump with Impeller Assembly).<\/li>\n<li>US Patent #8,905,341, B2 (Screw-Type Centrifugal Pump with Cutting Inserts).<\/li>\n<li>United Kingdom Patent #0 774 045 (Centrifugal Chopper Pump).<\/li>\n<li>United Kingdom Patent #2,371,834 (Centrifugal Pump Improvements).<\/li>\n<li>Canadian Patent #2,188,138 (Centrifugal Chopper Pump).<\/li>\n<li>US Patent #8,985,490,B2 (Chopper Pump with Cutting Inserts).<\/li>\n<\/ul>\n<p>[\/vc_column_text][vc_empty_space][vc_btn title=\u00bbSOLICITUD DE INFORMACI\u00d3N T\u00c9CNICA\u00bb link=\u00bburl:https%3A%2F%2Fwww.raimaberfluidtech.com\/aguas%2Fsolicitud-informacion-tecnica%2F|title:Solicitud%20informaci%C3%B3n%20t%C3%A9cnica||\u00bb][\/vc_column][\/vc_row]<\/p>\n<\/div>","protected":false},"excerpt":{"rendered":"<p>[vc_row][vc_column width=\u00bb1\/2&#8243;][vc_media_grid element_width=\u00bb6&#8243; gap=\u00bb4&#8243; grid_id=\u00bbvc_gid:1632306086850-6b88aa49-6eb3-2&#8243; include=\u00bb4531,4532,4533,4534,4535,4536,4537&#8243;][\/vc_column][vc_column width=\u00bb1\/2&#8243;][vc_custom_heading text=\u00bbBomba horizontal\u00bb font_container=\u00bbtag:h2|font_size:18px|text_align:left|color:%23000000&#8243; use_theme_fonts=\u00bbyes\u00bb][vc_column_text] El montaje horizontal de pozo seco, nos permite montar la bomba horizontal Vaughan en cualquier aplicaci\u00f3n en pozo seco. Tanto en configuraci\u00f3n horizontal como en vertical. El motor es&#8230;<\/p>\n","protected":false},"author":1,"featured_media":0,"parent":33,"menu_order":0,"comment_status":"closed","ping_status":"closed","template":"page-sidebar.php","meta":{"footnotes":""},"class_list":["post-3060","page","type-page","status-publish","hentry"],"yoast_head":"<!-- This site is optimized with the Yoast SEO plugin v24.3 - https:\/\/yoast.com\/wordpress\/plugins\/seo\/ -->\n<title>Bomba horizontal de la empresa Vaughan - Raimaber<\/title>\n<meta name=\"description\" content=\"La Bomba Horizontal Vaughan sirve en bombeo de fangos primarios, secundarios o digeridos, en EDAR o EDARI. Visita Raimaber, expertos del sector, e inf\u00f3rmate\" \/>\n<meta name=\"robots\" content=\"index, follow, max-snippet:-1, max-image-preview:large, max-video-preview:-1\" \/>\n<link rel=\"canonical\" href=\"https:\/\/www.raimaberfluidtech.com\/aguas\/vaughan\/bomba-horizontal-vaughan\/\" \/>\n<meta property=\"og:locale\" content=\"es_ES\" \/>\n<meta property=\"og:type\" content=\"article\" \/>\n<meta property=\"og:title\" content=\"Bomba horizontal de la empresa Vaughan - Raimaber\" \/>\n<meta property=\"og:description\" content=\"La Bomba Horizontal Vaughan sirve en bombeo de fangos primarios, secundarios o digeridos, en EDAR o EDARI. Visita Raimaber, expertos del sector, e inf\u00f3rmate\" \/>\n<meta property=\"og:url\" content=\"https:\/\/www.raimaberfluidtech.com\/aguas\/vaughan\/bomba-horizontal-vaughan\/\" \/>\n<meta property=\"og:site_name\" content=\"Raimaber Fluid Tech [Aguas]\" \/>\n<meta property=\"article:modified_time\" content=\"2025-02-18T15:27:56+00:00\" \/>\n<meta name=\"twitter:label1\" content=\"Tiempo de lectura\" \/>\n\t<meta name=\"twitter:data1\" content=\"2 minutos\" \/>\n<script type=\"application\/ld+json\" class=\"yoast-schema-graph\">{\"@context\":\"https:\/\/schema.org\",\"@graph\":[{\"@type\":\"WebPage\",\"@id\":\"https:\/\/www.raimaberfluidtech.com\/aguas\/vaughan\/bomba-horizontal-vaughan\/\",\"url\":\"https:\/\/www.raimaberfluidtech.com\/aguas\/vaughan\/bomba-horizontal-vaughan\/\",\"name\":\"Bomba horizontal de la empresa Vaughan - Raimaber\",\"isPartOf\":{\"@id\":\"https:\/\/www.raimaberfluidtech.com\/aguas\/#website\"},\"datePublished\":\"2016-05-31T07:35:07+00:00\",\"dateModified\":\"2025-02-18T15:27:56+00:00\",\"description\":\"La Bomba Horizontal Vaughan sirve en bombeo de fangos primarios, secundarios o digeridos, en EDAR o EDARI. Visita Raimaber, expertos del sector, e inf\u00f3rmate\",\"breadcrumb\":{\"@id\":\"https:\/\/www.raimaberfluidtech.com\/aguas\/vaughan\/bomba-horizontal-vaughan\/#breadcrumb\"},\"inLanguage\":\"es\",\"potentialAction\":[{\"@type\":\"ReadAction\",\"target\":[\"https:\/\/www.raimaberfluidtech.com\/aguas\/vaughan\/bomba-horizontal-vaughan\/\"]}]},{\"@type\":\"BreadcrumbList\",\"@id\":\"https:\/\/www.raimaberfluidtech.com\/aguas\/vaughan\/bomba-horizontal-vaughan\/#breadcrumb\",\"itemListElement\":[{\"@type\":\"ListItem\",\"position\":1,\"name\":\"Home\",\"item\":\"https:\/\/www.raimaberfluidtech.com\/aguas\/\"},{\"@type\":\"ListItem\",\"position\":2,\"name\":\"Vaughan\",\"item\":\"https:\/\/www.raimaberfluidtech.com\/aguas\/vaughan\/\"},{\"@type\":\"ListItem\",\"position\":3,\"name\":\"Bomba horizontal c\u00e1mara seca\"}]},{\"@type\":\"WebSite\",\"@id\":\"https:\/\/www.raimaberfluidtech.com\/aguas\/#website\",\"url\":\"https:\/\/www.raimaberfluidtech.com\/aguas\/\",\"name\":\"Raimaber Fluid Tech [Aguas]\",\"description\":\"Bombas industriales\",\"publisher\":{\"@id\":\"https:\/\/www.raimaberfluidtech.com\/aguas\/#organization\"},\"potentialAction\":[{\"@type\":\"SearchAction\",\"target\":{\"@type\":\"EntryPoint\",\"urlTemplate\":\"https:\/\/www.raimaberfluidtech.com\/aguas\/?s={search_term_string}\"},\"query-input\":{\"@type\":\"PropertyValueSpecification\",\"valueRequired\":true,\"valueName\":\"search_term_string\"}}],\"inLanguage\":\"es\"},{\"@type\":\"Organization\",\"@id\":\"https:\/\/www.raimaberfluidtech.com\/aguas\/#organization\",\"name\":\"Raimaber Fluid Tech [Aguas]\",\"url\":\"https:\/\/www.raimaberfluidtech.com\/aguas\/\",\"logo\":{\"@type\":\"ImageObject\",\"inLanguage\":\"es\",\"@id\":\"https:\/\/www.raimaberfluidtech.com\/aguas\/#\/schema\/logo\/image\/\",\"url\":\"https:\/\/www.raimaberfluidtech.com\/aguas\/wp-content\/blogs.dir\/3\/files\/2012\/11\/raimaber.gif\",\"contentUrl\":\"https:\/\/www.raimaberfluidtech.com\/aguas\/wp-content\/blogs.dir\/3\/files\/2012\/11\/raimaber.gif\",\"width\":\"705\",\"height\":\"438\",\"caption\":\"Raimaber Fluid Tech [Aguas]\"},\"image\":{\"@id\":\"https:\/\/www.raimaberfluidtech.com\/aguas\/#\/schema\/logo\/image\/\"}}]}<\/script>\n<!-- \/ Yoast SEO plugin. -->","yoast_head_json":{"title":"Bomba horizontal de la empresa Vaughan - Raimaber","description":"La Bomba Horizontal Vaughan sirve en bombeo de fangos primarios, secundarios o digeridos, en EDAR o EDARI. Visita Raimaber, expertos del sector, e inf\u00f3rmate","robots":{"index":"index","follow":"follow","max-snippet":"max-snippet:-1","max-image-preview":"max-image-preview:large","max-video-preview":"max-video-preview:-1"},"canonical":"https:\/\/www.raimaberfluidtech.com\/aguas\/vaughan\/bomba-horizontal-vaughan\/","og_locale":"es_ES","og_type":"article","og_title":"Bomba horizontal de la empresa Vaughan - Raimaber","og_description":"La Bomba Horizontal Vaughan sirve en bombeo de fangos primarios, secundarios o digeridos, en EDAR o EDARI. Visita Raimaber, expertos del sector, e inf\u00f3rmate","og_url":"https:\/\/www.raimaberfluidtech.com\/aguas\/vaughan\/bomba-horizontal-vaughan\/","og_site_name":"Raimaber Fluid Tech [Aguas]","article_modified_time":"2025-02-18T15:27:56+00:00","twitter_misc":{"Tiempo de lectura":"2 minutos"},"schema":{"@context":"https:\/\/schema.org","@graph":[{"@type":"WebPage","@id":"https:\/\/www.raimaberfluidtech.com\/aguas\/vaughan\/bomba-horizontal-vaughan\/","url":"https:\/\/www.raimaberfluidtech.com\/aguas\/vaughan\/bomba-horizontal-vaughan\/","name":"Bomba horizontal de la empresa Vaughan - Raimaber","isPartOf":{"@id":"https:\/\/www.raimaberfluidtech.com\/aguas\/#website"},"datePublished":"2016-05-31T07:35:07+00:00","dateModified":"2025-02-18T15:27:56+00:00","description":"La Bomba Horizontal Vaughan sirve en bombeo de fangos primarios, secundarios o digeridos, en EDAR o EDARI. Visita Raimaber, expertos del sector, e inf\u00f3rmate","breadcrumb":{"@id":"https:\/\/www.raimaberfluidtech.com\/aguas\/vaughan\/bomba-horizontal-vaughan\/#breadcrumb"},"inLanguage":"es","potentialAction":[{"@type":"ReadAction","target":["https:\/\/www.raimaberfluidtech.com\/aguas\/vaughan\/bomba-horizontal-vaughan\/"]}]},{"@type":"BreadcrumbList","@id":"https:\/\/www.raimaberfluidtech.com\/aguas\/vaughan\/bomba-horizontal-vaughan\/#breadcrumb","itemListElement":[{"@type":"ListItem","position":1,"name":"Home","item":"https:\/\/www.raimaberfluidtech.com\/aguas\/"},{"@type":"ListItem","position":2,"name":"Vaughan","item":"https:\/\/www.raimaberfluidtech.com\/aguas\/vaughan\/"},{"@type":"ListItem","position":3,"name":"Bomba horizontal c\u00e1mara seca"}]},{"@type":"WebSite","@id":"https:\/\/www.raimaberfluidtech.com\/aguas\/#website","url":"https:\/\/www.raimaberfluidtech.com\/aguas\/","name":"Raimaber Fluid Tech [Aguas]","description":"Bombas industriales","publisher":{"@id":"https:\/\/www.raimaberfluidtech.com\/aguas\/#organization"},"potentialAction":[{"@type":"SearchAction","target":{"@type":"EntryPoint","urlTemplate":"https:\/\/www.raimaberfluidtech.com\/aguas\/?s={search_term_string}"},"query-input":{"@type":"PropertyValueSpecification","valueRequired":true,"valueName":"search_term_string"}}],"inLanguage":"es"},{"@type":"Organization","@id":"https:\/\/www.raimaberfluidtech.com\/aguas\/#organization","name":"Raimaber Fluid Tech [Aguas]","url":"https:\/\/www.raimaberfluidtech.com\/aguas\/","logo":{"@type":"ImageObject","inLanguage":"es","@id":"https:\/\/www.raimaberfluidtech.com\/aguas\/#\/schema\/logo\/image\/","url":"https:\/\/www.raimaberfluidtech.com\/aguas\/wp-content\/blogs.dir\/3\/files\/2012\/11\/raimaber.gif","contentUrl":"https:\/\/www.raimaberfluidtech.com\/aguas\/wp-content\/blogs.dir\/3\/files\/2012\/11\/raimaber.gif","width":"705","height":"438","caption":"Raimaber Fluid Tech [Aguas]"},"image":{"@id":"https:\/\/www.raimaberfluidtech.com\/aguas\/#\/schema\/logo\/image\/"}}]}},"_links":{"self":[{"href":"https:\/\/www.raimaberfluidtech.com\/aguas\/wp-json\/wp\/v2\/pages\/3060","targetHints":{"allow":["GET"]}}],"collection":[{"href":"https:\/\/www.raimaberfluidtech.com\/aguas\/wp-json\/wp\/v2\/pages"}],"about":[{"href":"https:\/\/www.raimaberfluidtech.com\/aguas\/wp-json\/wp\/v2\/types\/page"}],"author":[{"embeddable":true,"href":"https:\/\/www.raimaberfluidtech.com\/aguas\/wp-json\/wp\/v2\/users\/1"}],"replies":[{"embeddable":true,"href":"https:\/\/www.raimaberfluidtech.com\/aguas\/wp-json\/wp\/v2\/comments?post=3060"}],"version-history":[{"count":23,"href":"https:\/\/www.raimaberfluidtech.com\/aguas\/wp-json\/wp\/v2\/pages\/3060\/revisions"}],"predecessor-version":[{"id":14089,"href":"https:\/\/www.raimaberfluidtech.com\/aguas\/wp-json\/wp\/v2\/pages\/3060\/revisions\/14089"}],"up":[{"embeddable":true,"href":"https:\/\/www.raimaberfluidtech.com\/aguas\/wp-json\/wp\/v2\/pages\/33"}],"wp:attachment":[{"href":"https:\/\/www.raimaberfluidtech.com\/aguas\/wp-json\/wp\/v2\/media?parent=3060"}],"curies":[{"name":"wp","href":"https:\/\/api.w.org\/{rel}","templated":true}]}}