{"id":3026,"date":"2016-05-30T09:50:42","date_gmt":"2016-05-30T09:50:42","guid":{"rendered":"http:\/\/www.raimaberfluidtech.com\/aguas\/?page_id=3026"},"modified":"2021-09-22T11:14:15","modified_gmt":"2021-09-22T11:14:15","slug":"fti-air-finish-thompson","status":"publish","type":"page","link":"https:\/\/www.raimaberfluidtech.com\/aguas\/bombas-finish-thompson\/fti-air-finish-thompson\/","title":{"rendered":"FTI Air"},"content":{"rendered":"<div class=\"wpb-content-wrapper\"><p>[vc_row][vc_column width=\u00bb1\/2&#8243;][vc_media_grid element_width=\u00bb6&#8243; gap=\u00bb4&#8243; grid_id=\u00bbvc_gid:1632308438859-e5e85902-e323-9&#8243; include=\u00bb4782,4783,3030,3040,3037,3033,3035&#8243;][\/vc_column][vc_column width=\u00bb1\/2&#8243;][vc_custom_heading text=\u00bbFTI Air\u00bb font_container=\u00bbtag:h2|font_size:18px|text_align:left|color:%23000000&#8243; use_theme_fonts=\u00bbyes\u00bb][vc_column_text]<\/p>\n<ul>\n<li>Dise\u00f1o exclusivamente con tornillos, elimina cualquier fuga o goteo de producto.<\/li>\n<li>Sin lubricaci\u00f3n, viene pre lubricada de f\u00e1brica.<\/li>\n<li>Dise\u00f1o muy sencillo, con partes comunes en la mayor\u00eda de modelos.<\/li>\n<li>Menos n\u00famero de piezas que la competencia.<\/li>\n<li>Materiales disponibles: Polipropileno o PVDF o Aluminio o Inoxidable 316<\/li>\n<li>Es autoaspirante sin cierres.<\/li>\n<li>Puede montarse como bomba sumergible.<\/li>\n<li>La bomba no se da\u00f1a, por giro en seco o contra v\u00e1lvula cerrada en la impulsi\u00f3n.<\/li>\n<li>Puede montarse en zonas clasificadas ATEX, la gama met\u00e1lica.<\/li>\n<li>Aguanta bien los s\u00f3lidos y abrasivos<\/li>\n<li>F\u00e1cil de reparar.<\/li>\n<li>Coste de adquisici\u00f3n bajo.<\/li>\n<li>El modelo de \u00bc\u201d, \u00bd\u201d, 1\u201d , 1,5\u201d o 2\u201d tendr\u00e1 la secci\u00f3n central en aluminio o un molde en fibra de vidrio reforzada en Polipropileno . El modelo de \u00bc solo se fabricar\u00e1 en materiales pl\u00e1sticos.<br \/>\nEl modelo de 3\u201d solo tendr\u00e1 la secci\u00f3n central en aluminio.<\/li>\n<\/ul>\n<p>Tenemos stock de la mayor\u00eda de modelos, en 24 o 48 h <a title=\"Contacto Raimaber\" href=\"https:\/\/www.raimaberfluidtech.com\/aguas\/contacta\" target=\"_blank\" rel=\"noopener noreferrer\">podemos suministrar<\/a> la <strong>bomba FTI Air<\/strong> desde f\u00e1brica directamente al cliente.[\/vc_column_text][vc_empty_space][vc_btn title=\u00bbSOLICITUD DE INFORMACI\u00d3N T\u00c9CNICA\u00bb link=\u00bburl:https%3A%2F%2Fwww.raimaberfluidtech.com\/aguas%2Fsolicitud-informacion-tecnica%2F|title:Solicitud%20informaci%C3%B3n%20t%C3%A9cnica||\u00bb][\/vc_column][\/vc_row]<\/p>\n<\/div>","protected":false},"excerpt":{"rendered":"<p>[vc_row][vc_column width=\u00bb1\/2&#8243;][vc_media_grid element_width=\u00bb6&#8243; gap=\u00bb4&#8243; grid_id=\u00bbvc_gid:1632308438859-e5e85902-e323-9&#8243; include=\u00bb4782,4783,3030,3040,3037,3033,3035&#8243;][\/vc_column][vc_column width=\u00bb1\/2&#8243;][vc_custom_heading text=\u00bbFTI Air\u00bb font_container=\u00bbtag:h2|font_size:18px|text_align:left|color:%23000000&#8243; use_theme_fonts=\u00bbyes\u00bb][vc_column_text] Dise\u00f1o exclusivamente con tornillos, elimina cualquier fuga o goteo de producto. Sin lubricaci\u00f3n, viene pre lubricada de f\u00e1brica. Dise\u00f1o muy sencillo, con partes comunes en la mayor\u00eda de modelos&#8230;.<\/p>\n","protected":false},"author":1,"featured_media":0,"parent":364,"menu_order":0,"comment_status":"closed","ping_status":"closed","template":"page-sidebar.php","meta":{"footnotes":""},"class_list":["post-3026","page","type-page","status-publish","hentry"],"yoast_head":"<!-- This site is optimized with the Yoast SEO plugin v24.3 - https:\/\/yoast.com\/wordpress\/plugins\/seo\/ -->\n<title>FTI Air project de Finish Thompson - Raimaber<\/title>\n<meta name=\"description\" content=\"Los distribuidores en Espa\u00f1a de Finish Thompson, la empresa Raimaber, presenta FTI Air para Bombas de transferencia de productos qu\u00edmicos. \u00a1Inf\u00f3rmate!\" \/>\n<meta name=\"robots\" content=\"index, follow, max-snippet:-1, max-image-preview:large, max-video-preview:-1\" \/>\n<link rel=\"canonical\" href=\"https:\/\/www.raimaberfluidtech.com\/aguas\/bombas-finish-thompson\/fti-air-finish-thompson\/\" \/>\n<meta property=\"og:locale\" content=\"es_ES\" \/>\n<meta property=\"og:type\" content=\"article\" \/>\n<meta property=\"og:title\" content=\"FTI Air project de Finish Thompson - Raimaber\" \/>\n<meta property=\"og:description\" content=\"Los distribuidores en Espa\u00f1a de Finish Thompson, la empresa Raimaber, presenta FTI Air para Bombas de transferencia de productos qu\u00edmicos. \u00a1Inf\u00f3rmate!\" \/>\n<meta property=\"og:url\" content=\"https:\/\/www.raimaberfluidtech.com\/aguas\/bombas-finish-thompson\/fti-air-finish-thompson\/\" \/>\n<meta property=\"og:site_name\" content=\"Raimaber Fluid Tech [Aguas]\" \/>\n<meta property=\"article:modified_time\" content=\"2021-09-22T11:14:15+00:00\" \/>\n<meta name=\"twitter:label1\" content=\"Tiempo de lectura\" \/>\n\t<meta name=\"twitter:data1\" content=\"1 minuto\" \/>\n<script type=\"application\/ld+json\" class=\"yoast-schema-graph\">{\"@context\":\"https:\/\/schema.org\",\"@graph\":[{\"@type\":\"WebPage\",\"@id\":\"https:\/\/www.raimaberfluidtech.com\/aguas\/bombas-finish-thompson\/fti-air-finish-thompson\/\",\"url\":\"https:\/\/www.raimaberfluidtech.com\/aguas\/bombas-finish-thompson\/fti-air-finish-thompson\/\",\"name\":\"FTI Air project de Finish Thompson - Raimaber\",\"isPartOf\":{\"@id\":\"https:\/\/www.raimaberfluidtech.com\/aguas\/#website\"},\"datePublished\":\"2016-05-30T09:50:42+00:00\",\"dateModified\":\"2021-09-22T11:14:15+00:00\",\"description\":\"Los distribuidores en Espa\u00f1a de Finish Thompson, la empresa Raimaber, presenta FTI Air para Bombas de transferencia de productos qu\u00edmicos. \u00a1Inf\u00f3rmate!\",\"breadcrumb\":{\"@id\":\"https:\/\/www.raimaberfluidtech.com\/aguas\/bombas-finish-thompson\/fti-air-finish-thompson\/#breadcrumb\"},\"inLanguage\":\"es\",\"potentialAction\":[{\"@type\":\"ReadAction\",\"target\":[\"https:\/\/www.raimaberfluidtech.com\/aguas\/bombas-finish-thompson\/fti-air-finish-thompson\/\"]}]},{\"@type\":\"BreadcrumbList\",\"@id\":\"https:\/\/www.raimaberfluidtech.com\/aguas\/bombas-finish-thompson\/fti-air-finish-thompson\/#breadcrumb\",\"itemListElement\":[{\"@type\":\"ListItem\",\"position\":1,\"name\":\"Home\",\"item\":\"https:\/\/www.raimaberfluidtech.com\/aguas\/\"},{\"@type\":\"ListItem\",\"position\":2,\"name\":\"FTI &#8211; Finish Thompson Inc\",\"item\":\"https:\/\/www.raimaberfluidtech.com\/aguas\/bombas-finish-thompson\/\"},{\"@type\":\"ListItem\",\"position\":3,\"name\":\"FTI Air\"}]},{\"@type\":\"WebSite\",\"@id\":\"https:\/\/www.raimaberfluidtech.com\/aguas\/#website\",\"url\":\"https:\/\/www.raimaberfluidtech.com\/aguas\/\",\"name\":\"Raimaber Fluid Tech [Aguas]\",\"description\":\"Bombas industriales\",\"publisher\":{\"@id\":\"https:\/\/www.raimaberfluidtech.com\/aguas\/#organization\"},\"potentialAction\":[{\"@type\":\"SearchAction\",\"target\":{\"@type\":\"EntryPoint\",\"urlTemplate\":\"https:\/\/www.raimaberfluidtech.com\/aguas\/?s={search_term_string}\"},\"query-input\":{\"@type\":\"PropertyValueSpecification\",\"valueRequired\":true,\"valueName\":\"search_term_string\"}}],\"inLanguage\":\"es\"},{\"@type\":\"Organization\",\"@id\":\"https:\/\/www.raimaberfluidtech.com\/aguas\/#organization\",\"name\":\"Raimaber Fluid Tech [Aguas]\",\"url\":\"https:\/\/www.raimaberfluidtech.com\/aguas\/\",\"logo\":{\"@type\":\"ImageObject\",\"inLanguage\":\"es\",\"@id\":\"https:\/\/www.raimaberfluidtech.com\/aguas\/#\/schema\/logo\/image\/\",\"url\":\"https:\/\/www.raimaberfluidtech.com\/aguas\/wp-content\/blogs.dir\/3\/files\/2012\/11\/raimaber.gif\",\"contentUrl\":\"https:\/\/www.raimaberfluidtech.com\/aguas\/wp-content\/blogs.dir\/3\/files\/2012\/11\/raimaber.gif\",\"width\":\"705\",\"height\":\"438\",\"caption\":\"Raimaber Fluid Tech [Aguas]\"},\"image\":{\"@id\":\"https:\/\/www.raimaberfluidtech.com\/aguas\/#\/schema\/logo\/image\/\"}}]}<\/script>\n<!-- \/ Yoast SEO plugin. -->","yoast_head_json":{"title":"FTI Air project de Finish Thompson - Raimaber","description":"Los distribuidores en Espa\u00f1a de Finish Thompson, la empresa Raimaber, presenta FTI Air para Bombas de transferencia de productos qu\u00edmicos. \u00a1Inf\u00f3rmate!","robots":{"index":"index","follow":"follow","max-snippet":"max-snippet:-1","max-image-preview":"max-image-preview:large","max-video-preview":"max-video-preview:-1"},"canonical":"https:\/\/www.raimaberfluidtech.com\/aguas\/bombas-finish-thompson\/fti-air-finish-thompson\/","og_locale":"es_ES","og_type":"article","og_title":"FTI Air project de Finish Thompson - Raimaber","og_description":"Los distribuidores en Espa\u00f1a de Finish Thompson, la empresa Raimaber, presenta FTI Air para Bombas de transferencia de productos qu\u00edmicos. \u00a1Inf\u00f3rmate!","og_url":"https:\/\/www.raimaberfluidtech.com\/aguas\/bombas-finish-thompson\/fti-air-finish-thompson\/","og_site_name":"Raimaber Fluid Tech [Aguas]","article_modified_time":"2021-09-22T11:14:15+00:00","twitter_misc":{"Tiempo de lectura":"1 minuto"},"schema":{"@context":"https:\/\/schema.org","@graph":[{"@type":"WebPage","@id":"https:\/\/www.raimaberfluidtech.com\/aguas\/bombas-finish-thompson\/fti-air-finish-thompson\/","url":"https:\/\/www.raimaberfluidtech.com\/aguas\/bombas-finish-thompson\/fti-air-finish-thompson\/","name":"FTI Air project de Finish Thompson - Raimaber","isPartOf":{"@id":"https:\/\/www.raimaberfluidtech.com\/aguas\/#website"},"datePublished":"2016-05-30T09:50:42+00:00","dateModified":"2021-09-22T11:14:15+00:00","description":"Los distribuidores en Espa\u00f1a de Finish Thompson, la empresa Raimaber, presenta FTI Air para Bombas de transferencia de productos qu\u00edmicos. \u00a1Inf\u00f3rmate!","breadcrumb":{"@id":"https:\/\/www.raimaberfluidtech.com\/aguas\/bombas-finish-thompson\/fti-air-finish-thompson\/#breadcrumb"},"inLanguage":"es","potentialAction":[{"@type":"ReadAction","target":["https:\/\/www.raimaberfluidtech.com\/aguas\/bombas-finish-thompson\/fti-air-finish-thompson\/"]}]},{"@type":"BreadcrumbList","@id":"https:\/\/www.raimaberfluidtech.com\/aguas\/bombas-finish-thompson\/fti-air-finish-thompson\/#breadcrumb","itemListElement":[{"@type":"ListItem","position":1,"name":"Home","item":"https:\/\/www.raimaberfluidtech.com\/aguas\/"},{"@type":"ListItem","position":2,"name":"FTI &#8211; Finish Thompson Inc","item":"https:\/\/www.raimaberfluidtech.com\/aguas\/bombas-finish-thompson\/"},{"@type":"ListItem","position":3,"name":"FTI Air"}]},{"@type":"WebSite","@id":"https:\/\/www.raimaberfluidtech.com\/aguas\/#website","url":"https:\/\/www.raimaberfluidtech.com\/aguas\/","name":"Raimaber Fluid Tech [Aguas]","description":"Bombas industriales","publisher":{"@id":"https:\/\/www.raimaberfluidtech.com\/aguas\/#organization"},"potentialAction":[{"@type":"SearchAction","target":{"@type":"EntryPoint","urlTemplate":"https:\/\/www.raimaberfluidtech.com\/aguas\/?s={search_term_string}"},"query-input":{"@type":"PropertyValueSpecification","valueRequired":true,"valueName":"search_term_string"}}],"inLanguage":"es"},{"@type":"Organization","@id":"https:\/\/www.raimaberfluidtech.com\/aguas\/#organization","name":"Raimaber Fluid Tech [Aguas]","url":"https:\/\/www.raimaberfluidtech.com\/aguas\/","logo":{"@type":"ImageObject","inLanguage":"es","@id":"https:\/\/www.raimaberfluidtech.com\/aguas\/#\/schema\/logo\/image\/","url":"https:\/\/www.raimaberfluidtech.com\/aguas\/wp-content\/blogs.dir\/3\/files\/2012\/11\/raimaber.gif","contentUrl":"https:\/\/www.raimaberfluidtech.com\/aguas\/wp-content\/blogs.dir\/3\/files\/2012\/11\/raimaber.gif","width":"705","height":"438","caption":"Raimaber Fluid Tech [Aguas]"},"image":{"@id":"https:\/\/www.raimaberfluidtech.com\/aguas\/#\/schema\/logo\/image\/"}}]}},"_links":{"self":[{"href":"https:\/\/www.raimaberfluidtech.com\/aguas\/wp-json\/wp\/v2\/pages\/3026","targetHints":{"allow":["GET"]}}],"collection":[{"href":"https:\/\/www.raimaberfluidtech.com\/aguas\/wp-json\/wp\/v2\/pages"}],"about":[{"href":"https:\/\/www.raimaberfluidtech.com\/aguas\/wp-json\/wp\/v2\/types\/page"}],"author":[{"embeddable":true,"href":"https:\/\/www.raimaberfluidtech.com\/aguas\/wp-json\/wp\/v2\/users\/1"}],"replies":[{"embeddable":true,"href":"https:\/\/www.raimaberfluidtech.com\/aguas\/wp-json\/wp\/v2\/comments?post=3026"}],"version-history":[{"count":14,"href":"https:\/\/www.raimaberfluidtech.com\/aguas\/wp-json\/wp\/v2\/pages\/3026\/revisions"}],"predecessor-version":[{"id":7612,"href":"https:\/\/www.raimaberfluidtech.com\/aguas\/wp-json\/wp\/v2\/pages\/3026\/revisions\/7612"}],"up":[{"embeddable":true,"href":"https:\/\/www.raimaberfluidtech.com\/aguas\/wp-json\/wp\/v2\/pages\/364"}],"wp:attachment":[{"href":"https:\/\/www.raimaberfluidtech.com\/aguas\/wp-json\/wp\/v2\/media?parent=3026"}],"curies":[{"name":"wp","href":"https:\/\/api.w.org\/{rel}","templated":true}]}}