{"id":181,"date":"2012-11-23T12:20:59","date_gmt":"2012-11-23T12:20:59","guid":{"rendered":"http:\/\/www.raimaberfluidtech.com\/aguas\/?page_id=181"},"modified":"2021-09-22T10:54:40","modified_gmt":"2021-09-22T10:54:40","slug":"rotamix-boquillas-para-digestores","status":"publish","type":"page","link":"https:\/\/www.raimaberfluidtech.com\/aguas\/vaughan\/rotamix-boquillas-para-digestores\/","title":{"rendered":"Rotamix &#8211; Boquillas para digestores"},"content":{"rendered":"<div class=\"wpb-content-wrapper\"><p>[vc_row][vc_column width=\u00bb1\/2&#8243;][vc_media_grid element_width=\u00bb6&#8243; gap=\u00bb4&#8243; grid_id=\u00bbvc_gid:1632306105460-9c831199-7779-8&#8243; include=\u00bb4852,4853,4854,4855,4856,4857,4858,4859&#8243;][\/vc_column][vc_column width=\u00bb1\/2&#8243;][vc_custom_heading text=\u00bbRotamix &#8211; Boquillas para digestores\u00bb font_container=\u00bbtag:h2|font_size:18px|text_align:left|color:%23000000&#8243; use_theme_fonts=\u00bbyes\u00bb][vc_column_text]<\/p>\n<p style=\"text-align: justify;\"><strong>C\u00f3mo trabaja:<\/strong><br \/>\nEl sistema Rotamix incorpora varios principios b\u00e1sicos de la f\u00edsica e hidr\u00e1ulica, incluyendo los conceptos de flujo uniforme en la periferia y v\u00f3rtice en el centro, flujo inducido y superficie de contacto. Mediante la bomba trituradora<a href=\"https:\/\/www.raimaberfluidtech.com\/aguas\/vaughan\"> Vaughan<\/a> re-circulamos el fango a trav\u00e9s de las boquillas ROTAMIX.<\/p>\n<p style=\"text-align: justify;\">La boquilla es est\u00e1tica, sin partes m\u00f3viles. No se necesitan ejes, engranajes, etc. para la orientaci\u00f3n. Podemos vaciar completamente el tanque sin necesidad de equipos auxiliares.<\/p>\n<p style=\"text-align: justify;\">Evitamos la formaci\u00f3n de costras\/espumas y sedimentaciones. Podemos agitar fangos de hasta 8 \u2013 10 % de concentraci\u00f3n. Garantizamos una perfecta mezcla sin que influya el nivel del l\u00edquido. La alimentaci\u00f3n a la centr\u00edfuga es constante, sin oscilaciones ni golpes de ariete, para mejorar el rendimiento y reducir el mantenimiento.<\/p>\n<p style=\"text-align: justify;\">Las part\u00edculas s\u00f3lidas se reducen de tama\u00f1o, cada vez que son bombeadas a trav\u00e9s de la bomba trituradora, con lo cual son m\u00e1s sensibles al ataque qu\u00edmico y biol\u00f3gico. Facilitamos la reducci\u00f3n de s\u00f3lidos vol\u00e1tiles.<\/p>\n<p style=\"text-align: justify;\">Podemos garantizar que en una hora ponemos en suspensi\u00f3n el 90 % como m\u00ednimo, del total del contenido del tanque. Podemos operar en un r\u00e9gimen de trabajo en discontinuo, para reducir consumos.<\/p>\n<p style=\"text-align: justify;\">Podemos acoplarnos a cualquier tama\u00f1o y forma de tanque, sea enterrado o a\u00e9reo, tanto en tanques existentes como nuevos. En tanques nuevos, podemos simplificar la construcci\u00f3n y coste, eliminando costosos conos, utilizando fondos planos y reduciendo el espesor en la c\u00fapula, ya que no hay que colgar ning\u00fan equipo.<\/p>\n<p style=\"text-align: justify;\">10 a\u00f1os de Garant\u00eda de f\u00e1brica sobre las boquillas, contra el desgaste por abrasi\u00f3n.<\/p>\n<p style=\"text-align: justify;\">Podemos combinar boquillas: simples o dobles, seg\u00fan el radio del tanque y volumen a mezclar. Adem\u00e1s existe la alternativa del montaje en la pared.<\/p>\n<p>[\/vc_column_text][\/vc_column][\/vc_row][vc_row el_class=\u00bbfileventajas\u00bb][vc_column width=\u00bb1\/2&#8243;][vc_custom_heading text=\u00bbMaterial de las boquillas\u00bb use_theme_fonts=\u00bbyes\u00bb][vc_column_text]<\/p>\n<h2 style=\"text-align: justify;\"><\/h2>\n<ul style=\"text-align: justify;\">\n<li>Fundici\u00f3n especial con partes de cemento.Espesor de 25 mm.<\/li>\n<li>Vitrificado cer\u00e1mico en el interior y la cara frontal de la boquilla. \u00c1nodos de zinc protegen contra la corrosi\u00f3n galv\u00e1nica.<\/li>\n<li>Dureza 73 C Rockwell.<\/li>\n<li>Exterior de la boquilla chorreado SSPC-SP5.<\/li>\n<li>Opcional en otros materiales. Tambi\u00e9n en pl\u00e1stico.<\/li>\n<\/ul>\n<p>[\/vc_column_text][\/vc_column][vc_column width=\u00bb1\/2&#8243;][vc_custom_heading text=\u00bbPatentes\u00bb use_theme_fonts=\u00bbyes\u00bb][vc_column_text]<\/p>\n<ul>\n<li><strong>US Patent #7,025,492,B2 (Storage\/Treatment Tank Mixing System).<\/strong><\/li>\n<li><strong>US Patent #7,628,183,B2 (Surface Foam Diffuser System).<\/strong><\/li>\n<li><strong>US Patent #8,992,072,B2 (Nozzle System for Tank Floor).<\/strong><\/li>\n<\/ul>\n<p>[\/vc_column_text][vc_empty_space][vc_btn title=\u00bbSOLICITUD DE INFORMACI\u00d3N T\u00c9CNICA\u00bb link=\u00bburl:https%3A%2F%2Fwww.raimaberfluidtech.com\/aguas%2Fsolicitud-informacion-tecnica%2F|title:Solicitud%20informaci%C3%B3n%20t%C3%A9cnica||\u00bb][\/vc_column][\/vc_row]<\/p>\n<\/div>","protected":false},"excerpt":{"rendered":"<p>[vc_row][vc_column width=\u00bb1\/2&#8243;][vc_media_grid element_width=\u00bb6&#8243; gap=\u00bb4&#8243; grid_id=\u00bbvc_gid:1632306105460-9c831199-7779-8&#8243; include=\u00bb4852,4853,4854,4855,4856,4857,4858,4859&#8243;][\/vc_column][vc_column width=\u00bb1\/2&#8243;][vc_custom_heading text=\u00bbRotamix &#8211; Boquillas para digestores\u00bb font_container=\u00bbtag:h2|font_size:18px|text_align:left|color:%23000000&#8243; use_theme_fonts=\u00bbyes\u00bb][vc_column_text] C\u00f3mo trabaja: El sistema Rotamix incorpora varios principios b\u00e1sicos de la f\u00edsica e hidr\u00e1ulica, incluyendo los conceptos de flujo uniforme en la periferia y v\u00f3rtice en&#8230;<\/p>\n","protected":false},"author":1,"featured_media":0,"parent":33,"menu_order":0,"comment_status":"closed","ping_status":"closed","template":"page-sidebar.php","meta":{"footnotes":""},"class_list":["post-181","page","type-page","status-publish","hentry"],"yoast_head":"<!-- This site is optimized with the Yoast SEO plugin v24.3 - https:\/\/yoast.com\/wordpress\/plugins\/seo\/ -->\n<title>Rotamix - Boquillas para digestores - Raimaber<\/title>\n<meta name=\"description\" content=\"En la empresa Raimaber somos distribuidores de Rotamix - Boquillas para digestores y expertos en sistemas de mezcla en digestores. Ll\u00e1manos y te asesoraremos.\" \/>\n<meta name=\"robots\" content=\"index, follow, max-snippet:-1, max-image-preview:large, max-video-preview:-1\" \/>\n<link rel=\"canonical\" href=\"https:\/\/www.raimaberfluidtech.com\/aguas\/vaughan\/rotamix-boquillas-para-digestores\/\" \/>\n<meta property=\"og:locale\" content=\"es_ES\" \/>\n<meta property=\"og:type\" content=\"article\" \/>\n<meta property=\"og:title\" content=\"Rotamix - Boquillas para digestores - Raimaber\" \/>\n<meta property=\"og:description\" content=\"En la empresa Raimaber somos distribuidores de Rotamix - Boquillas para digestores y expertos en sistemas de mezcla en digestores. Ll\u00e1manos y te asesoraremos.\" \/>\n<meta property=\"og:url\" content=\"https:\/\/www.raimaberfluidtech.com\/aguas\/vaughan\/rotamix-boquillas-para-digestores\/\" \/>\n<meta property=\"og:site_name\" content=\"Raimaber Fluid Tech [Aguas]\" \/>\n<meta property=\"article:modified_time\" content=\"2021-09-22T10:54:40+00:00\" \/>\n<meta name=\"twitter:label1\" content=\"Tiempo de lectura\" \/>\n\t<meta name=\"twitter:data1\" content=\"3 minutos\" \/>\n<script type=\"application\/ld+json\" class=\"yoast-schema-graph\">{\"@context\":\"https:\/\/schema.org\",\"@graph\":[{\"@type\":\"WebPage\",\"@id\":\"https:\/\/www.raimaberfluidtech.com\/aguas\/vaughan\/rotamix-boquillas-para-digestores\/\",\"url\":\"https:\/\/www.raimaberfluidtech.com\/aguas\/vaughan\/rotamix-boquillas-para-digestores\/\",\"name\":\"Rotamix - Boquillas para digestores - Raimaber\",\"isPartOf\":{\"@id\":\"https:\/\/www.raimaberfluidtech.com\/aguas\/#website\"},\"datePublished\":\"2012-11-23T12:20:59+00:00\",\"dateModified\":\"2021-09-22T10:54:40+00:00\",\"description\":\"En la empresa Raimaber somos distribuidores de Rotamix - Boquillas para digestores y expertos en sistemas de mezcla en digestores. Ll\u00e1manos y te asesoraremos.\",\"breadcrumb\":{\"@id\":\"https:\/\/www.raimaberfluidtech.com\/aguas\/vaughan\/rotamix-boquillas-para-digestores\/#breadcrumb\"},\"inLanguage\":\"es\",\"potentialAction\":[{\"@type\":\"ReadAction\",\"target\":[\"https:\/\/www.raimaberfluidtech.com\/aguas\/vaughan\/rotamix-boquillas-para-digestores\/\"]}]},{\"@type\":\"BreadcrumbList\",\"@id\":\"https:\/\/www.raimaberfluidtech.com\/aguas\/vaughan\/rotamix-boquillas-para-digestores\/#breadcrumb\",\"itemListElement\":[{\"@type\":\"ListItem\",\"position\":1,\"name\":\"Home\",\"item\":\"https:\/\/www.raimaberfluidtech.com\/aguas\/\"},{\"@type\":\"ListItem\",\"position\":2,\"name\":\"Vaughan\",\"item\":\"https:\/\/www.raimaberfluidtech.com\/aguas\/vaughan\/\"},{\"@type\":\"ListItem\",\"position\":3,\"name\":\"Rotamix &#8211; Boquillas para digestores\"}]},{\"@type\":\"WebSite\",\"@id\":\"https:\/\/www.raimaberfluidtech.com\/aguas\/#website\",\"url\":\"https:\/\/www.raimaberfluidtech.com\/aguas\/\",\"name\":\"Raimaber Fluid Tech [Aguas]\",\"description\":\"Bombas industriales\",\"publisher\":{\"@id\":\"https:\/\/www.raimaberfluidtech.com\/aguas\/#organization\"},\"potentialAction\":[{\"@type\":\"SearchAction\",\"target\":{\"@type\":\"EntryPoint\",\"urlTemplate\":\"https:\/\/www.raimaberfluidtech.com\/aguas\/?s={search_term_string}\"},\"query-input\":{\"@type\":\"PropertyValueSpecification\",\"valueRequired\":true,\"valueName\":\"search_term_string\"}}],\"inLanguage\":\"es\"},{\"@type\":\"Organization\",\"@id\":\"https:\/\/www.raimaberfluidtech.com\/aguas\/#organization\",\"name\":\"Raimaber Fluid Tech [Aguas]\",\"url\":\"https:\/\/www.raimaberfluidtech.com\/aguas\/\",\"logo\":{\"@type\":\"ImageObject\",\"inLanguage\":\"es\",\"@id\":\"https:\/\/www.raimaberfluidtech.com\/aguas\/#\/schema\/logo\/image\/\",\"url\":\"https:\/\/www.raimaberfluidtech.com\/aguas\/wp-content\/blogs.dir\/3\/files\/2012\/11\/raimaber.gif\",\"contentUrl\":\"https:\/\/www.raimaberfluidtech.com\/aguas\/wp-content\/blogs.dir\/3\/files\/2012\/11\/raimaber.gif\",\"width\":\"705\",\"height\":\"438\",\"caption\":\"Raimaber Fluid Tech [Aguas]\"},\"image\":{\"@id\":\"https:\/\/www.raimaberfluidtech.com\/aguas\/#\/schema\/logo\/image\/\"}}]}<\/script>\n<!-- \/ Yoast SEO plugin. -->","yoast_head_json":{"title":"Rotamix - Boquillas para digestores - Raimaber","description":"En la empresa Raimaber somos distribuidores de Rotamix - Boquillas para digestores y expertos en sistemas de mezcla en digestores. Ll\u00e1manos y te asesoraremos.","robots":{"index":"index","follow":"follow","max-snippet":"max-snippet:-1","max-image-preview":"max-image-preview:large","max-video-preview":"max-video-preview:-1"},"canonical":"https:\/\/www.raimaberfluidtech.com\/aguas\/vaughan\/rotamix-boquillas-para-digestores\/","og_locale":"es_ES","og_type":"article","og_title":"Rotamix - Boquillas para digestores - Raimaber","og_description":"En la empresa Raimaber somos distribuidores de Rotamix - Boquillas para digestores y expertos en sistemas de mezcla en digestores. Ll\u00e1manos y te asesoraremos.","og_url":"https:\/\/www.raimaberfluidtech.com\/aguas\/vaughan\/rotamix-boquillas-para-digestores\/","og_site_name":"Raimaber Fluid Tech [Aguas]","article_modified_time":"2021-09-22T10:54:40+00:00","twitter_misc":{"Tiempo de lectura":"3 minutos"},"schema":{"@context":"https:\/\/schema.org","@graph":[{"@type":"WebPage","@id":"https:\/\/www.raimaberfluidtech.com\/aguas\/vaughan\/rotamix-boquillas-para-digestores\/","url":"https:\/\/www.raimaberfluidtech.com\/aguas\/vaughan\/rotamix-boquillas-para-digestores\/","name":"Rotamix - Boquillas para digestores - Raimaber","isPartOf":{"@id":"https:\/\/www.raimaberfluidtech.com\/aguas\/#website"},"datePublished":"2012-11-23T12:20:59+00:00","dateModified":"2021-09-22T10:54:40+00:00","description":"En la empresa Raimaber somos distribuidores de Rotamix - Boquillas para digestores y expertos en sistemas de mezcla en digestores. Ll\u00e1manos y te asesoraremos.","breadcrumb":{"@id":"https:\/\/www.raimaberfluidtech.com\/aguas\/vaughan\/rotamix-boquillas-para-digestores\/#breadcrumb"},"inLanguage":"es","potentialAction":[{"@type":"ReadAction","target":["https:\/\/www.raimaberfluidtech.com\/aguas\/vaughan\/rotamix-boquillas-para-digestores\/"]}]},{"@type":"BreadcrumbList","@id":"https:\/\/www.raimaberfluidtech.com\/aguas\/vaughan\/rotamix-boquillas-para-digestores\/#breadcrumb","itemListElement":[{"@type":"ListItem","position":1,"name":"Home","item":"https:\/\/www.raimaberfluidtech.com\/aguas\/"},{"@type":"ListItem","position":2,"name":"Vaughan","item":"https:\/\/www.raimaberfluidtech.com\/aguas\/vaughan\/"},{"@type":"ListItem","position":3,"name":"Rotamix &#8211; Boquillas para digestores"}]},{"@type":"WebSite","@id":"https:\/\/www.raimaberfluidtech.com\/aguas\/#website","url":"https:\/\/www.raimaberfluidtech.com\/aguas\/","name":"Raimaber Fluid Tech [Aguas]","description":"Bombas industriales","publisher":{"@id":"https:\/\/www.raimaberfluidtech.com\/aguas\/#organization"},"potentialAction":[{"@type":"SearchAction","target":{"@type":"EntryPoint","urlTemplate":"https:\/\/www.raimaberfluidtech.com\/aguas\/?s={search_term_string}"},"query-input":{"@type":"PropertyValueSpecification","valueRequired":true,"valueName":"search_term_string"}}],"inLanguage":"es"},{"@type":"Organization","@id":"https:\/\/www.raimaberfluidtech.com\/aguas\/#organization","name":"Raimaber Fluid Tech [Aguas]","url":"https:\/\/www.raimaberfluidtech.com\/aguas\/","logo":{"@type":"ImageObject","inLanguage":"es","@id":"https:\/\/www.raimaberfluidtech.com\/aguas\/#\/schema\/logo\/image\/","url":"https:\/\/www.raimaberfluidtech.com\/aguas\/wp-content\/blogs.dir\/3\/files\/2012\/11\/raimaber.gif","contentUrl":"https:\/\/www.raimaberfluidtech.com\/aguas\/wp-content\/blogs.dir\/3\/files\/2012\/11\/raimaber.gif","width":"705","height":"438","caption":"Raimaber Fluid Tech [Aguas]"},"image":{"@id":"https:\/\/www.raimaberfluidtech.com\/aguas\/#\/schema\/logo\/image\/"}}]}},"_links":{"self":[{"href":"https:\/\/www.raimaberfluidtech.com\/aguas\/wp-json\/wp\/v2\/pages\/181","targetHints":{"allow":["GET"]}}],"collection":[{"href":"https:\/\/www.raimaberfluidtech.com\/aguas\/wp-json\/wp\/v2\/pages"}],"about":[{"href":"https:\/\/www.raimaberfluidtech.com\/aguas\/wp-json\/wp\/v2\/types\/page"}],"author":[{"embeddable":true,"href":"https:\/\/www.raimaberfluidtech.com\/aguas\/wp-json\/wp\/v2\/users\/1"}],"replies":[{"embeddable":true,"href":"https:\/\/www.raimaberfluidtech.com\/aguas\/wp-json\/wp\/v2\/comments?post=181"}],"version-history":[{"count":29,"href":"https:\/\/www.raimaberfluidtech.com\/aguas\/wp-json\/wp\/v2\/pages\/181\/revisions"}],"predecessor-version":[{"id":7574,"href":"https:\/\/www.raimaberfluidtech.com\/aguas\/wp-json\/wp\/v2\/pages\/181\/revisions\/7574"}],"up":[{"embeddable":true,"href":"https:\/\/www.raimaberfluidtech.com\/aguas\/wp-json\/wp\/v2\/pages\/33"}],"wp:attachment":[{"href":"https:\/\/www.raimaberfluidtech.com\/aguas\/wp-json\/wp\/v2\/media?parent=181"}],"curies":[{"name":"wp","href":"https:\/\/api.w.org\/{rel}","templated":true}]}}