{"id":15173,"date":"2012-11-21T16:42:08","date_gmt":"2012-11-21T16:42:08","guid":{"rendered":"https:\/\/www.raimaberfluidtech.com\/aguas\/vaughan\/"},"modified":"2025-05-29T09:20:49","modified_gmt":"2025-05-29T09:20:49","slug":"vaughan","status":"publish","type":"page","link":"https:\/\/www.raimaberfluidtech.com\/aguas\/ca\/fitxers-descarregables\/vaughan\/","title":{"rendered":"Vaughan"},"content":{"rendered":"<div class=\"wpb-content-wrapper\"><p>[vc_row][vc_column][vc_column_text css=&#8221;.vc_custom_1519301687742{margin-bottom: 60px !important;}&#8221;]<a href=\"https:\/\/www.raimaberfluidtech.com\/aguas\/\">Raimaber<\/a> posa a la vostra disposici\u00f3 els <strong>cat\u00e0legs i corbes de Vaughan<\/strong> sobre els diferents productes que distribueixen com a empresa especialista en el sector de bombes industrials, mescladors, sistemes de digestors, agitadors de biog\u00e0s i equipament de processos d&#8217;alta fiabilitat.<br \/>\nPer a m\u00e9s informaci\u00f3 podeu utilitzar el <a href=\"https:\/\/www.raimaberfluidtech.com\/aguas\/contacta\">formulari de contacte<\/a> .[\/vc_column_text][vc_custom_heading text=&#8221;Cat\u00e0legs&#8221; use_theme_fonts=&#8221;yes&#8221;][vc_column_text]<\/p>\n<ul class=\"document_gallery\">\n<li><a href=\"https:\/\/www.raimaberfluidtech.com\/aguas\/files\/2025\/05\/Vaughan-catalogo-es.pdf\" target=\"_blank\" rel=\"noopener\">Cat\u00e0leg general Vaughan (es)<\/a><\/li>\n<li class=\"pdf\"><a title=\"Bomba autoaspirant trituradora 8\" href=\"https:\/\/www.raimaberfluidtech.com\/aguas\/wp-content\/blogs.dir\/3\/files\/2012\/11\/bomba-autoaspirante-trituradora-8-10.pdf\" target=\"_blank\" rel=\"noopener noreferrer\">Bomba autoaspirant trituradora 8&#8243; 10&#8243;<\/a> (angl\u00e8s)<\/li>\n<li class=\"pdf\"><a title=\"Vaughan ind\u00fastria aliment\u00e0ria\" href=\"https:\/\/www.raimaberfluidtech.com\/aguas\/wp-content\/blogs.dir\/3\/files\/2012\/11\/vaughan-industria-alimentaria.pdf\" target=\"_blank\" rel=\"noopener noreferrer\">Vaughan ind\u00fastria aliment\u00e0ria<\/a> (angl\u00e8s)<\/li>\n<li class=\"pdf\"><a title=\"Bomba s\u00e8rie Triton\" href=\"https:\/\/www.raimaberfluidtech.com\/aguas\/wp-content\/blogs.dir\/3\/files\/2012\/11\/bomba-serie-triton.pdf\" target=\"_blank\" rel=\"noopener noreferrer\">Bomba s\u00e8rie Triton<\/a> (multiling\u00fce)<\/li>\n<li class=\"pdf\"><a title=\"Triton Brochure 2014\" href=\"https:\/\/www.raimaberfluidtech.com\/aguas\/wp-content\/blogs.dir\/3\/files\/2015\/10\/Triton_Brochure_2014.pdf\" target=\"_blank\" rel=\"noopener noreferrer\">Bomba s\u00e8rie Triton 2.014<\/a> (angl\u00e8s)<\/li>\n<li class=\"pdf\"><a title=\"Bomba pou bombament\" href=\"https:\/\/www.raimaberfluidtech.com\/aguas\/wp-content\/blogs.dir\/3\/files\/2018\/07\/Bomba-pozo-bombeo-Spanish.pdf\" target=\"_blank\" rel=\"noopener noreferrer\">Bomba pou bombament<\/a><\/li>\n<li class=\"pdf\"><a title=\"Bomba condicionadora\" href=\"https:\/\/www.raimaberfluidtech.com\/aguas\/wp-content\/blogs.dir\/3\/files\/2018\/07\/Bomba-acondicionadora-Vaughan-Spanish.pdf\" target=\"_blank\" rel=\"noopener noreferrer\">Bomba condicionadora<\/a><\/li>\n<\/ul>\n<p>[\/vc_column_text][vc_custom_heading text=&#8221;Aplicacions provades&#8221; use_theme_fonts=&#8221;yes&#8221; css=&#8221;.vc_custom_1519301873859{margin-top: 60px !important;}&#8221;][vc_column_text]<\/p>\n<ul class=\"document_gallery\">\n<li class=\"pdf\"><a href=\"https:\/\/www.raimaberfluidtech.com\/aguas\/wp-content\/blogs.dir\/3\/files\/2015\/10\/Independence-Hill-Conserv-Distr_Taney-Lift-Station.pdf\">Estaci\u00f3 de bombament Independence Hill &#8211; USA<\/a> (angl\u00e8s)<\/li>\n<li class=\"pdf\"><a href=\"https:\/\/www.raimaberfluidtech.com\/aguas\/wp-content\/blogs.dir\/3\/files\/2015\/10\/Jefferson-St-Lift-Sta_Centralia_WA-Rev1.pdf\">Estaci\u00f3 de bombament Jefferson Street &#8211; USA<\/a> (angl\u00e8s)<\/li>\n<li class=\"pdf\"><a href=\"https:\/\/www.raimaberfluidtech.com\/aguas\/wp-content\/blogs.dir\/3\/files\/2015\/10\/Chester-IL-Lift-Station_PS.pdf\">Estaci\u00f3 de bombament Chester Lift &#8211; USA<\/a> (angl\u00e8s)<\/li>\n<li class=\"pdf\"><a href=\"https:\/\/www.raimaberfluidtech.com\/aguas\/wp-content\/blogs.dir\/3\/files\/2015\/10\/Mesquite-Rd-Pump-Sta_Palm-Springs_CA.pdf\">Estaci\u00f3 de bombament Palm Springs &#8211; USA<\/a> (angl\u00e8s)<\/li>\n<li class=\"pdf\"><a href=\"https:\/\/www.raimaberfluidtech.com\/aguas\/wp-content\/blogs.dir\/3\/files\/2015\/10\/WHEN-RAG-BECOMES-A-DRAG-THE-CHOICE-IS-A-CHOPPER-PUMP.pdf\">Estaci\u00f3 de bombament Derby &#8211; Anglaterra<\/a> (angl\u00e8s)<\/li>\n<li class=\"pdf\"><a href=\"https:\/\/www.raimaberfluidtech.com\/aguas\/wp-content\/blogs.dir\/3\/files\/2015\/10\/Clearing_the_blockages_and_sealing_the_leaks_a103201.pdf\">EDAR Netheridge- Anglaterra soluci\u00f3 als bloquejos constants amb draps<\/a> (angl\u00e8s)<\/li>\n<li class=\"pdf\"><a href=\"https:\/\/www.raimaberfluidtech.com\/aguas\/wp-content\/blogs.dir\/3\/files\/2015\/10\/Otay-River-Pump-Sta_San-Diego_CA.pdf\">Estaci\u00f3 de bombament Rio Otay &#8211; USA<\/a> (angl\u00e8s)<\/li>\n<li class=\"pdf\"><a href=\"https:\/\/www.raimaberfluidtech.com\/aguas\/wp-content\/blogs.dir\/3\/files\/2015\/10\/Fairfield_Suisun-SD-Mixing-System.pdf\">EDAR Fairfield Suisun &#8211; USA Comparativa sistema de barreja Rotamix amb llances de gas<\/a> (angl\u00e8s)<\/li>\n<li class=\"pdf\"><a href=\"https:\/\/www.raimaberfluidtech.com\/aguas\/wp-content\/blogs.dir\/3\/files\/2015\/10\/Nashville-Foambuster-Case-Study.pdf\">EDAR Nashville &#8211; USA soluci\u00f3 als problemes d&#8217;escuma<\/a> (angl\u00e8s)<\/li>\n<li class=\"pdf\"><a href=\"https:\/\/www.raimaberfluidtech.com\/aguas\/wp-content\/blogs.dir\/3\/files\/2015\/10\/Moreno-Valley-VFB-Case-Study_EMWD-CA.pdf\">Sistema condicionador del canal d&#8217;entrada amb bomba autoaspirant Moreno Valley &#8211; USA<\/a> (angl\u00e8s)<\/li>\n<li class=\"pdf\"><a href=\"https:\/\/www.raimaberfluidtech.com\/aguas\/wp-content\/blogs.dir\/3\/files\/2015\/10\/Chopperitaville.pdf\">Estaci\u00f3 de bombament en estat de Washington &#8211; USA<\/a> (angl\u00e8s)<\/li>\n<li class=\"pdf\"><a href=\"https:\/\/www.raimaberfluidtech.com\/aguas\/wp-content\/blogs.dir\/3\/files\/2015\/10\/M0310-Better-Mouse-Traps-Devouring-Trouble.pdf\">Soluci\u00f3 als problemes d&#8217;emb\u00fas al pou de bombament Centralia -NY-USA<\/a> (angl\u00e8s)<\/li>\n<li class=\"pdf\"><a href=\"https:\/\/www.raimaberfluidtech.com\/aguas\/wp-content\/blogs.dir\/3\/files\/2015\/10\/Mixed-Up-About-TWAS-_3_.pdf\">Soluci\u00f3 a la barreja de tancs de fangs espessits<\/a> (angl\u00e8s)<\/li>\n<\/ul>\n<p>[\/vc_column_text][vc_custom_heading text=&#8221;Corbes&#8221; use_theme_fonts=&#8221;yes&#8221; css=&#8221;.vc_custom_1519301882705{margin-top: 60px !important;}&#8221;][vc_column_text]<\/p>\n<ul class=\"document_gallery\">\n<li class=\"pdf\"><a title=\"Bomba autoaspirant Vaughan Serie SP\" href=\"https:\/\/www.raimaberfluidtech.com\/aguas\/wp-content\/blogs.dir\/3\/files\/2012\/11\/bomba-autoaspirante-vaughan-serie-sp.pdf\" target=\"_blank\" rel=\"noopener noreferrer\">Bomba autoaspirant Vaughan Serie SP<\/a><\/li>\n<li class=\"pdf\"><a title=\"Bomba Vaughan vertical s\u00e8ries 50 hz\" href=\"https:\/\/www.raimaberfluidtech.com\/aguas\/wp-content\/blogs.dir\/3\/files\/2012\/11\/bomba-vaughan-vertical-series-50-hz.pdf\" target=\"_blank\" rel=\"noopener noreferrer\">Bomba Vaughan vertical s\u00e8ries 50 hz<\/a><\/li>\n<li class=\"pdf\"><a title=\"Bomba Vaughan E Series 50 hz\" href=\"https:\/\/www.raimaberfluidtech.com\/aguas\/wp-content\/blogs.dir\/3\/files\/2012\/11\/bomba-vaughan-e-series-50-hz.pdf\" target=\"_blank\" rel=\"noopener noreferrer\">Bomba Vaughan E Series 50 hz<\/a><\/li>\n<\/ul>\n<p>[\/vc_column_text][vc_empty_space][vc_btn title=&#8221;SOL\u00b7LICITUD D&#8217;INFORMACI\u00d3 T\u00c8CNICA&#8221; link=&#8221;url:https%3A%2F%2Fwww.raimaberfluidtech.com%2Faguas%2Fsolicitud-informacion-tecnica%2F|title:Sol%C2%B7licitud%20informaci%C3%B3%20t%C3%A8cnica|&#8221;][\/vc_column][\/vc_row]<\/p>\n<\/div>","protected":false},"excerpt":{"rendered":"<p>[vc_row][vc_column][vc_column_text css=&#8221;.vc_custom_1519301687742{margin-bottom: 60px !important;}&#8221;]Raimaber posa a la vostra disposici\u00f3 els cat\u00e0legs i corbes de Vaughan sobre els diferents productes que distribueixen com a empresa especialista en el sector de bombes industrials, mescladors, sistemes de digestors, agitadors de biog\u00e0s i equipament&#8230;<\/p>\n","protected":false},"author":1,"featured_media":16446,"parent":15186,"menu_order":0,"comment_status":"closed","ping_status":"closed","template":"page-sidebar.php","meta":{"footnotes":""},"class_list":["post-15173","page","type-page","status-publish","has-post-thumbnail","hentry"],"yoast_head":"<!-- This site is optimized with the Yoast SEO plugin v24.3 - https:\/\/yoast.com\/wordpress\/plugins\/seo\/ -->\n<title>Cat\u00e0legs i Corbes - Bombes Industrials Vaughan - Raimaber<\/title>\n<meta name=\"description\" content=\"Cat\u00e0legs i corbes de bombes industrials Vaughan. A Raimaber som distribu\u00efdors i experts del sector. Truca&#039;ns i t&#039;assessorarem.\" \/>\n<meta name=\"robots\" content=\"index, follow, max-snippet:-1, max-image-preview:large, max-video-preview:-1\" \/>\n<link rel=\"canonical\" href=\"https:\/\/www.raimaberfluidtech.com\/aguas\/ca\/fitxers-descarregables\/vaughan\/\" \/>\n<meta property=\"og:locale\" content=\"ca_ES\" \/>\n<meta property=\"og:type\" content=\"article\" \/>\n<meta property=\"og:title\" content=\"Cat\u00e0legs i Corbes - Bombes Industrials Vaughan - Raimaber\" \/>\n<meta property=\"og:description\" content=\"Cat\u00e0legs i corbes de bombes industrials Vaughan. A Raimaber som distribu\u00efdors i experts del sector. Truca&#039;ns i t&#039;assessorarem.\" \/>\n<meta property=\"og:url\" content=\"https:\/\/www.raimaberfluidtech.com\/aguas\/ca\/fitxers-descarregables\/vaughan\/\" \/>\n<meta property=\"og:site_name\" content=\"Raimaber Fluid Tech [Aguas]\" \/>\n<meta property=\"article:modified_time\" content=\"2025-05-29T09:20:49+00:00\" \/>\n<meta property=\"og:image\" content=\"https:\/\/www.raimaberfluidtech.com\/aguas\/files\/2014\/02\/logo-vaughan.png\" \/>\n\t<meta property=\"og:image:width\" content=\"960\" \/>\n\t<meta property=\"og:image:height\" content=\"632\" \/>\n\t<meta property=\"og:image:type\" content=\"image\/png\" \/>\n<meta name=\"twitter:label1\" content=\"Temps estimat de lectura\" \/>\n\t<meta name=\"twitter:data1\" content=\"2 minuts\" \/>\n<script type=\"application\/ld+json\" class=\"yoast-schema-graph\">{\"@context\":\"https:\/\/schema.org\",\"@graph\":[{\"@type\":\"WebPage\",\"@id\":\"https:\/\/www.raimaberfluidtech.com\/aguas\/ca\/fitxers-descarregables\/vaughan\/\",\"url\":\"https:\/\/www.raimaberfluidtech.com\/aguas\/ca\/fitxers-descarregables\/vaughan\/\",\"name\":\"Cat\u00e0legs i Corbes - Bombes Industrials Vaughan - Raimaber\",\"isPartOf\":{\"@id\":\"https:\/\/www.raimaberfluidtech.com\/aguas\/ca\/#website\"},\"primaryImageOfPage\":{\"@id\":\"https:\/\/www.raimaberfluidtech.com\/aguas\/ca\/fitxers-descarregables\/vaughan\/#primaryimage\"},\"image\":{\"@id\":\"https:\/\/www.raimaberfluidtech.com\/aguas\/ca\/fitxers-descarregables\/vaughan\/#primaryimage\"},\"thumbnailUrl\":\"https:\/\/www.raimaberfluidtech.com\/aguas\/files\/2014\/02\/logo-vaughan.png\",\"datePublished\":\"2012-11-21T16:42:08+00:00\",\"dateModified\":\"2025-05-29T09:20:49+00:00\",\"description\":\"Cat\u00e0legs i corbes de bombes industrials Vaughan. A Raimaber som distribu\u00efdors i experts del sector. Truca'ns i t'assessorarem.\",\"breadcrumb\":{\"@id\":\"https:\/\/www.raimaberfluidtech.com\/aguas\/ca\/fitxers-descarregables\/vaughan\/#breadcrumb\"},\"inLanguage\":\"ca\",\"potentialAction\":[{\"@type\":\"ReadAction\",\"target\":[\"https:\/\/www.raimaberfluidtech.com\/aguas\/ca\/fitxers-descarregables\/vaughan\/\"]}]},{\"@type\":\"ImageObject\",\"inLanguage\":\"ca\",\"@id\":\"https:\/\/www.raimaberfluidtech.com\/aguas\/ca\/fitxers-descarregables\/vaughan\/#primaryimage\",\"url\":\"https:\/\/www.raimaberfluidtech.com\/aguas\/files\/2014\/02\/logo-vaughan.png\",\"contentUrl\":\"https:\/\/www.raimaberfluidtech.com\/aguas\/files\/2014\/02\/logo-vaughan.png\",\"width\":960,\"height\":632},{\"@type\":\"BreadcrumbList\",\"@id\":\"https:\/\/www.raimaberfluidtech.com\/aguas\/ca\/fitxers-descarregables\/vaughan\/#breadcrumb\",\"itemListElement\":[{\"@type\":\"ListItem\",\"position\":1,\"name\":\"Home\",\"item\":\"https:\/\/www.raimaberfluidtech.com\/aguas\/ca\/\"},{\"@type\":\"ListItem\",\"position\":2,\"name\":\"Fitxers descarregables\",\"item\":\"https:\/\/www.raimaberfluidtech.com\/aguas\/ca\/fitxers-descarregables\/\"},{\"@type\":\"ListItem\",\"position\":3,\"name\":\"Vaughan\"}]},{\"@type\":\"WebSite\",\"@id\":\"https:\/\/www.raimaberfluidtech.com\/aguas\/ca\/#website\",\"url\":\"https:\/\/www.raimaberfluidtech.com\/aguas\/ca\/\",\"name\":\"Raimaber Fluid Tech [Aguas]\",\"description\":\"Bombas industriales\",\"publisher\":{\"@id\":\"https:\/\/www.raimaberfluidtech.com\/aguas\/ca\/#organization\"},\"potentialAction\":[{\"@type\":\"SearchAction\",\"target\":{\"@type\":\"EntryPoint\",\"urlTemplate\":\"https:\/\/www.raimaberfluidtech.com\/aguas\/ca\/?s={search_term_string}\"},\"query-input\":{\"@type\":\"PropertyValueSpecification\",\"valueRequired\":true,\"valueName\":\"search_term_string\"}}],\"inLanguage\":\"ca\"},{\"@type\":\"Organization\",\"@id\":\"https:\/\/www.raimaberfluidtech.com\/aguas\/ca\/#organization\",\"name\":\"Raimaber Fluid Tech [Aguas]\",\"url\":\"https:\/\/www.raimaberfluidtech.com\/aguas\/ca\/\",\"logo\":{\"@type\":\"ImageObject\",\"inLanguage\":\"ca\",\"@id\":\"https:\/\/www.raimaberfluidtech.com\/aguas\/ca\/#\/schema\/logo\/image\/\",\"url\":\"https:\/\/www.raimaberfluidtech.com\/aguas\/wp-content\/blogs.dir\/3\/files\/2012\/11\/raimaber.gif\",\"contentUrl\":\"https:\/\/www.raimaberfluidtech.com\/aguas\/wp-content\/blogs.dir\/3\/files\/2012\/11\/raimaber.gif\",\"width\":\"705\",\"height\":\"438\",\"caption\":\"Raimaber Fluid Tech [Aguas]\"},\"image\":{\"@id\":\"https:\/\/www.raimaberfluidtech.com\/aguas\/ca\/#\/schema\/logo\/image\/\"}}]}<\/script>\n<!-- \/ Yoast SEO plugin. -->","yoast_head_json":{"title":"Cat\u00e0legs i Corbes - Bombes Industrials Vaughan - Raimaber","description":"Cat\u00e0legs i corbes de bombes industrials Vaughan. A Raimaber som distribu\u00efdors i experts del sector. Truca'ns i t'assessorarem.","robots":{"index":"index","follow":"follow","max-snippet":"max-snippet:-1","max-image-preview":"max-image-preview:large","max-video-preview":"max-video-preview:-1"},"canonical":"https:\/\/www.raimaberfluidtech.com\/aguas\/ca\/fitxers-descarregables\/vaughan\/","og_locale":"ca_ES","og_type":"article","og_title":"Cat\u00e0legs i Corbes - Bombes Industrials Vaughan - Raimaber","og_description":"Cat\u00e0legs i corbes de bombes industrials Vaughan. A Raimaber som distribu\u00efdors i experts del sector. Truca'ns i t'assessorarem.","og_url":"https:\/\/www.raimaberfluidtech.com\/aguas\/ca\/fitxers-descarregables\/vaughan\/","og_site_name":"Raimaber Fluid Tech [Aguas]","article_modified_time":"2025-05-29T09:20:49+00:00","og_image":[{"width":960,"height":632,"url":"https:\/\/www.raimaberfluidtech.com\/aguas\/files\/2014\/02\/logo-vaughan.png","type":"image\/png"}],"twitter_misc":{"Temps estimat de lectura":"2 minuts"},"schema":{"@context":"https:\/\/schema.org","@graph":[{"@type":"WebPage","@id":"https:\/\/www.raimaberfluidtech.com\/aguas\/ca\/fitxers-descarregables\/vaughan\/","url":"https:\/\/www.raimaberfluidtech.com\/aguas\/ca\/fitxers-descarregables\/vaughan\/","name":"Cat\u00e0legs i Corbes - Bombes Industrials Vaughan - Raimaber","isPartOf":{"@id":"https:\/\/www.raimaberfluidtech.com\/aguas\/ca\/#website"},"primaryImageOfPage":{"@id":"https:\/\/www.raimaberfluidtech.com\/aguas\/ca\/fitxers-descarregables\/vaughan\/#primaryimage"},"image":{"@id":"https:\/\/www.raimaberfluidtech.com\/aguas\/ca\/fitxers-descarregables\/vaughan\/#primaryimage"},"thumbnailUrl":"https:\/\/www.raimaberfluidtech.com\/aguas\/files\/2014\/02\/logo-vaughan.png","datePublished":"2012-11-21T16:42:08+00:00","dateModified":"2025-05-29T09:20:49+00:00","description":"Cat\u00e0legs i corbes de bombes industrials Vaughan. A Raimaber som distribu\u00efdors i experts del sector. Truca'ns i t'assessorarem.","breadcrumb":{"@id":"https:\/\/www.raimaberfluidtech.com\/aguas\/ca\/fitxers-descarregables\/vaughan\/#breadcrumb"},"inLanguage":"ca","potentialAction":[{"@type":"ReadAction","target":["https:\/\/www.raimaberfluidtech.com\/aguas\/ca\/fitxers-descarregables\/vaughan\/"]}]},{"@type":"ImageObject","inLanguage":"ca","@id":"https:\/\/www.raimaberfluidtech.com\/aguas\/ca\/fitxers-descarregables\/vaughan\/#primaryimage","url":"https:\/\/www.raimaberfluidtech.com\/aguas\/files\/2014\/02\/logo-vaughan.png","contentUrl":"https:\/\/www.raimaberfluidtech.com\/aguas\/files\/2014\/02\/logo-vaughan.png","width":960,"height":632},{"@type":"BreadcrumbList","@id":"https:\/\/www.raimaberfluidtech.com\/aguas\/ca\/fitxers-descarregables\/vaughan\/#breadcrumb","itemListElement":[{"@type":"ListItem","position":1,"name":"Home","item":"https:\/\/www.raimaberfluidtech.com\/aguas\/ca\/"},{"@type":"ListItem","position":2,"name":"Fitxers descarregables","item":"https:\/\/www.raimaberfluidtech.com\/aguas\/ca\/fitxers-descarregables\/"},{"@type":"ListItem","position":3,"name":"Vaughan"}]},{"@type":"WebSite","@id":"https:\/\/www.raimaberfluidtech.com\/aguas\/ca\/#website","url":"https:\/\/www.raimaberfluidtech.com\/aguas\/ca\/","name":"Raimaber Fluid Tech [Aguas]","description":"Bombas industriales","publisher":{"@id":"https:\/\/www.raimaberfluidtech.com\/aguas\/ca\/#organization"},"potentialAction":[{"@type":"SearchAction","target":{"@type":"EntryPoint","urlTemplate":"https:\/\/www.raimaberfluidtech.com\/aguas\/ca\/?s={search_term_string}"},"query-input":{"@type":"PropertyValueSpecification","valueRequired":true,"valueName":"search_term_string"}}],"inLanguage":"ca"},{"@type":"Organization","@id":"https:\/\/www.raimaberfluidtech.com\/aguas\/ca\/#organization","name":"Raimaber Fluid Tech [Aguas]","url":"https:\/\/www.raimaberfluidtech.com\/aguas\/ca\/","logo":{"@type":"ImageObject","inLanguage":"ca","@id":"https:\/\/www.raimaberfluidtech.com\/aguas\/ca\/#\/schema\/logo\/image\/","url":"https:\/\/www.raimaberfluidtech.com\/aguas\/wp-content\/blogs.dir\/3\/files\/2012\/11\/raimaber.gif","contentUrl":"https:\/\/www.raimaberfluidtech.com\/aguas\/wp-content\/blogs.dir\/3\/files\/2012\/11\/raimaber.gif","width":"705","height":"438","caption":"Raimaber Fluid Tech [Aguas]"},"image":{"@id":"https:\/\/www.raimaberfluidtech.com\/aguas\/ca\/#\/schema\/logo\/image\/"}}]}},"_links":{"self":[{"href":"https:\/\/www.raimaberfluidtech.com\/aguas\/ca\/wp-json\/wp\/v2\/pages\/15173","targetHints":{"allow":["GET"]}}],"collection":[{"href":"https:\/\/www.raimaberfluidtech.com\/aguas\/ca\/wp-json\/wp\/v2\/pages"}],"about":[{"href":"https:\/\/www.raimaberfluidtech.com\/aguas\/ca\/wp-json\/wp\/v2\/types\/page"}],"author":[{"embeddable":true,"href":"https:\/\/www.raimaberfluidtech.com\/aguas\/ca\/wp-json\/wp\/v2\/users\/1"}],"replies":[{"embeddable":true,"href":"https:\/\/www.raimaberfluidtech.com\/aguas\/ca\/wp-json\/wp\/v2\/comments?post=15173"}],"version-history":[{"count":3,"href":"https:\/\/www.raimaberfluidtech.com\/aguas\/ca\/wp-json\/wp\/v2\/pages\/15173\/revisions"}],"predecessor-version":[{"id":17236,"href":"https:\/\/www.raimaberfluidtech.com\/aguas\/ca\/wp-json\/wp\/v2\/pages\/15173\/revisions\/17236"}],"up":[{"embeddable":true,"href":"https:\/\/www.raimaberfluidtech.com\/aguas\/ca\/wp-json\/wp\/v2\/pages\/15186"}],"wp:featuredmedia":[{"embeddable":true,"href":"https:\/\/www.raimaberfluidtech.com\/aguas\/ca\/wp-json\/wp\/v2\/media\/16446"}],"wp:attachment":[{"href":"https:\/\/www.raimaberfluidtech.com\/aguas\/ca\/wp-json\/wp\/v2\/media?parent=15173"}],"curies":[{"name":"wp","href":"https:\/\/api.w.org\/{rel}","templated":true}]}}