{"id":14938,"date":"2014-02-04T12:33:37","date_gmt":"2014-02-04T12:33:37","guid":{"rendered":"https:\/\/www.raimaberfluidtech.com\/aguas\/bba\/"},"modified":"2025-04-15T14:08:44","modified_gmt":"2025-04-15T14:08:44","slug":"bba","status":"publish","type":"page","link":"https:\/\/www.raimaberfluidtech.com\/aguas\/ca\/fitxers-descarregables\/bba\/","title":{"rendered":"BBA"},"content":{"rendered":"<div class=\"wpb-content-wrapper\"><p>[vc_row][vc_column][vc_column_text css=&#8221;.vc_custom_1519301163398{margin-bottom: 60px !important;}&#8221;]<strong><a title=\"Raimaber\" href=\"https:\/\/www.raimaberfluidtech.com\/aguas\/\">Raimaber<\/a><\/strong> posa a la vostra disposici\u00f3 els <strong>cat\u00e0legs de BBA<\/strong> sobre els diferents productes que distribueixen com a empresa especialista en el sector de bombes industrials, mescladors, sistemes de digestors, agitadors de biog\u00e0s i equipament de processos d&#8217;alta fiabilitat.<br \/>\nPer a m\u00e9s informaci\u00f3 podeu utilitzar el <a title=\"Contacte Raimaber\" href=\"https:\/\/www.raimaberfluidtech.com\/aguas\/contacta\">formulari de contacte<\/a> .[\/vc_column_text][vc_column_text]<\/p>\n<ul class=\"document_gallery\">\n<li class=\"pdf\"><a title=\"Bombes BBA: Auto prime pumps BA s\u00e8ries\" href=\"\/wp-content\/blogs.dir\/3\/files\/2014\/01\/BBA-Pumps-BA-series-Auto-Prime-Pumps.pdf\" target=\"_blank\" rel=\"noopener noreferrer\">Auto prime pumps BA s\u00e8ries<\/a> (angl\u00e8s)<\/li>\n<li class=\"pdf\"><a title=\"Bombes BBA: BA100E Bare Shaft\" href=\"\/wp-content\/blogs.dir\/3\/files\/2014\/01\/BA100E-D265-Bare-shaft-5516602040-EN.pdf\" target=\"_blank\" rel=\"noopener noreferrer\">BA100E Bare Shaft<\/a> (angl\u00e8s)<\/li>\n<li class=\"pdf\"><a title=\"Bombes BBA: BA150E Bare Shaft\" href=\"\/wp-content\/blogs.dir\/3\/files\/2014\/01\/BA150E-D285-Bare-shaft-5516602050-EN.pdf\" target=\"_blank\" rel=\"noopener noreferrer\">BA150E Bare Shaft<\/a> (angl\u00e8s)<\/li>\n<li class=\"pdf\"><a title=\"Bombes BBA: BA150E Bare Shaft\" href=\"\/wp-content\/blogs.dir\/3\/files\/2014\/01\/BA80H-D315-Bare-shaft-5516602020-EN.pdf\" target=\"_blank\" rel=\"noopener noreferrer\">BA80H Bare Shaft<\/a> (angl\u00e8s)<\/li>\n<li class=\"pdf\"><a title=\"Bombes BBA: Piston pumps per eficient wellpoint dewatering PT series\" href=\"\/wp-content\/blogs.dir\/3\/files\/2014\/02\/BBA-Pumps-PT-series-Piston-Pumps.pdf\" target=\"_blank\" rel=\"noopener noreferrer\">Piston pumps per eficient wellpoint dewatering PT series<\/a> (angl\u00e8s)<\/li>\n<li class=\"pdf\"><a title=\"Bombes BBA: Self priming centrifugal pumps B s\u00e8ries\" href=\"\/wp-content\/blogs.dir\/3\/files\/2014\/01\/b45_bvgmc_en_1_3.pdf\" target=\"_blank\" rel=\"noopener noreferrer\">B45 Electric Drive<\/a> (angl\u00e8s)<\/li>\n<li class=\"pdf\"><a title=\"Bombes BBA: BBA self priming centrifugal pumps\" href=\"\/wp-content\/blogs.dir\/3\/files\/2014\/01\/B50-HA+T_engels.pdf\" target=\"_blank\" rel=\"noopener noreferrer\">BBA self priming centrifugal pumps<\/a> (angl\u00e8s)<\/li>\n<li class=\"pdf\"><a title=\"B50 Electric Drive \" href=\"\/wp-content\/blogs.dir\/3\/files\/2014\/01\/b50_bvgmc_en_5.pdf\" target=\"_blank\" rel=\"noopener noreferrer\">B50 Electric Drive<\/a> (angl\u00e8s)<\/li>\n<li class=\"pdf\"><a title=\"B60-180 Electric Drive\" href=\"\/wp-content\/blogs.dir\/3\/files\/2014\/01\/b60-180_bvgmc_en_5.pdf\" target=\"_blank\" rel=\"noopener noreferrer\">B60-180 Electric Drive<\/a> (angl\u00e8s)<\/li>\n<li class=\"pdf\"><a title=\"BBA self-priming centrifugal pumps \" href=\"\/wp-content\/blogs.dir\/3\/files\/2014\/01\/B70-BVGMC_engels.pdf\" target=\"_blank\" rel=\"noopener noreferrer\">BBA self-priming centrifugal pumps<\/a> (angl\u00e8s)<\/li>\n<li class=\"pdf\"><a title=\"Bombes BBA: B70 Electric Drive \" href=\"\/wp-content\/blogs.dir\/3\/files\/2014\/01\/B70-BVBMC-Bronze-EN.pdf\" target=\"_blank\" rel=\"noopener noreferrer\">B70 Electric Drive<\/a> (angl\u00e8s)<\/li>\n<li class=\"pdf\"><a title=\"Bombes BBA: B70 Electric Drive\" href=\"\/wp-content\/blogs.dir\/3\/files\/2014\/01\/b70_bvgmc_en_6.pdf\" target=\"_blank\" rel=\"noopener noreferrer\">B70 Electric Drive<\/a> (angl\u00e8s)<\/li>\n<li class=\"pdf\"><a title=\"Bombes BBA: B70-250 Electric Drive \" href=\"\/wp-content\/blogs.dir\/3\/files\/2014\/01\/b70-250_bvgmc_en_5.pdf\" target=\"_blank\" rel=\"noopener noreferrer\">B70-250 Electric Drive<\/a> (angl\u00e8s)<\/li>\n<li class=\"pdf\"><a title=\"Bombes BBA: B85 Electric Drive\" href=\"\/wp-content\/blogs.dir\/3\/files\/2014\/01\/b85_bvgmc_en_5.pdf\" target=\"_blank\" rel=\"noopener noreferrer\">B85 Electric Drive<\/a> (angl\u00e8s)<\/li>\n<li class=\"pdf\"><a title=\"Bombes BBA: B100 Electric Drive\" href=\"\/wp-content\/blogs.dir\/3\/files\/2014\/01\/b100_bvgmc_en_5.pdf\" target=\"_blank\" rel=\"noopener noreferrer\">B100 Electric Drive<\/a> (angl\u00e8s)<\/li>\n<li class=\"pdf\"><a title=\"B156 Electric Drive \" href=\"\/wp-content\/blogs.dir\/3\/files\/2014\/01\/b156_bvgmc_en_6.pdf\" target=\"_blank\" rel=\"noopener noreferrer\">B156 Electric Drive<\/a> (angl\u00e8s)<\/li>\n<li class=\"pdf\"><a title=\"Bombes BBA: BE160 Bare Shaft\" href=\"\/wp-content\/blogs.dir\/3\/files\/2014\/01\/BE160-D254-Bare-Shaft-EN.pdf\" target=\"_blank\" rel=\"noopener noreferrer\">BE160 Bare Shaft<\/a> (angl\u00e8s)<\/li>\n<li class=\"pdf\"><a title=\"Bombes BBA: B40 Electric Drive \" href=\"\/wp-content\/blogs.dir\/3\/files\/2014\/01\/B40-BVGMC-EN.pdf\" target=\"_blank\" rel=\"noopener noreferrer\">B40 Electric Drive<\/a> (angl\u00e8s)<\/li>\n<li class=\"pdf\"><a title=\"Bombes BBA: Sludge pumps BV series \" href=\"\/wp-content\/blogs.dir\/3\/files\/2014\/01\/BBA-Pumps-BV-series-Sludge-Pumps.pdf\" target=\"_blank\" rel=\"noopener noreferrer\">Sludge pumps BV series<\/a> (angl\u00e8s)<\/li>\n<li class=\"pdf\"><a title=\"PRORIL GOCUT 437\" href=\"\/wp-content\/blogs.dir\/3\/files\/2018\/07\/gocut_437_1.pdf\" target=\"_blank\" rel=\"noopener noreferrer\">PRORIL GOCUT 437<\/a> (angl\u00e8s)<\/li>\n<li class=\"pdf\"><a title=\"PRORIL GOMAX 337\" href=\"\/wp-content\/blogs.dir\/3\/files\/2018\/07\/gomax_337_1.pdf\" target=\"_blank\" rel=\"noopener noreferrer\">PRORIL GOMAX 337<\/a> (angl\u00e8s)<\/li>\n<li class=\"pdf\"><a title=\"PRORIL GOMAX 6220\" href=\"\/wp-content\/blogs.dir\/3\/files\/2018\/07\/gomax_6220_1.pdf\" target=\"_blank\" rel=\"noopener noreferrer\">PRORIL GOMAX 6220<\/a> (angl\u00e8s)<\/li>\n<li class=\"pdf\"><a title=\"PRORIL GOVOX 204\" href=\"\/wp-content\/blogs.dir\/3\/files\/2018\/07\/govox_204_1.pdf\" target=\"_blank\" rel=\"noopener noreferrer\">PRORIL GOVOX 204<\/a> (angl\u00e8s)<\/li>\n<li class=\"pdf\"><a title=\"PRORIL GOVOX-U 475\" href=\"\/wp-content\/blogs.dir\/3\/files\/2018\/07\/govox-u475_2.pdf\" target=\"_blank\" rel=\"noopener noreferrer\">PRORIL GOVOX-U 475<\/a> (angl\u00e8s)<\/li>\n<li class=\"pdf\"><a title=\"Informaci\u00f3 generalSlurry pumps\" href=\"\/wp-content\/blogs.dir\/3\/files\/2018\/07\/info-general-slurry-pumps.pdf\" target=\"_blank\" rel=\"noopener noreferrer\">Informaci\u00f3 general Slurry pumps<\/a> (angl\u00e8s)<\/li>\n<li class=\"pdf\"><a title=\"PRORIL Submersible Pumps\" href=\"\/wp-content\/blogs.dir\/3\/files\/2018\/07\/PRORIL_Pumps_Europe_-_SUBMERSIBLE_PUMPS_1-general-brochure.pdf\" target=\"_blank\" rel=\"noopener noreferrer\">PRORIL Submersible Pumps<\/a> (angl\u00e8s)<\/li>\n<li class=\"pdf\"><a title=\"Bomba autoaspirant s\u00e8rie B - BE\" href=\"\/wp-content\/blogs.dir\/3\/files\/2018\/07\/bomba-autoaspirante-serie-B-BE-english.pdf\" target=\"_blank\" rel=\"noopener noreferrer\">Bomba autoaspirant s\u00e8rie B &#8211; BE<\/a> (angl\u00e8s)<\/li>\n<\/ul>\n<p>[\/vc_column_text][vc_empty_space][vc_btn title=&#8221;SOL\u00b7LICITUD D&#8217;INFORMACI\u00d3 T\u00c8CNICA&#8221; link=&#8221;url:https%3A%2F%2Fwww.raimaberfluidtech.com%2Faguas%2Fsolicitud-informacion-tecnica%2F|title:Sol%C2%B7licitud%20informaci%C3%B3%20t%C3%A8cnica|&#8221;][\/vc_column][\/vc_row]<\/p>\n<\/div>","protected":false},"excerpt":{"rendered":"<p>[vc_row][vc_column][vc_column_text css=&#8221;.vc_custom_1519301163398{margin-bottom: 60px !important;}&#8221;]Raimaber posa a la vostra disposici\u00f3 els cat\u00e0legs de BBA sobre els diferents productes que distribueixen com a empresa especialista en el sector de bombes industrials, mescladors, sistemes de digestors, agitadors de biog\u00e0s i equipament de processos&#8230;<\/p>\n","protected":false},"author":1,"featured_media":16556,"parent":15186,"menu_order":0,"comment_status":"closed","ping_status":"closed","template":"page-sidebar.php","meta":{"footnotes":""},"class_list":["post-14938","page","type-page","status-publish","has-post-thumbnail","hentry"],"yoast_head":"<!-- This site is optimized with the Yoast SEO plugin v24.3 - https:\/\/yoast.com\/wordpress\/plugins\/seo\/ -->\n<title>Cat\u00e0leg de bombes BBA - Raimaber<\/title>\n<meta name=\"description\" content=\"Som distribu\u00efdors de Bombes BBA. Pots consultar tota la informaci\u00f3 de bombes BBA a la nostra web. Truca&#039;ns i t&#039;assessorarem.\" \/>\n<meta name=\"robots\" content=\"index, follow, max-snippet:-1, max-image-preview:large, max-video-preview:-1\" \/>\n<link rel=\"canonical\" href=\"https:\/\/www.raimaberfluidtech.com\/aguas\/ca\/fitxers-descarregables\/bba\/\" \/>\n<meta property=\"og:locale\" content=\"ca_ES\" \/>\n<meta property=\"og:type\" content=\"article\" \/>\n<meta property=\"og:title\" content=\"Cat\u00e0leg de bombes BBA - Raimaber\" \/>\n<meta property=\"og:description\" content=\"Som distribu\u00efdors de Bombes BBA. Pots consultar tota la informaci\u00f3 de bombes BBA a la nostra web. Truca&#039;ns i t&#039;assessorarem.\" \/>\n<meta property=\"og:url\" content=\"https:\/\/www.raimaberfluidtech.com\/aguas\/ca\/fitxers-descarregables\/bba\/\" \/>\n<meta property=\"og:site_name\" content=\"Raimaber Fluid Tech [Aguas]\" \/>\n<meta property=\"article:modified_time\" content=\"2025-04-15T14:08:44+00:00\" \/>\n<meta property=\"og:image\" content=\"https:\/\/www.raimaberfluidtech.com\/aguas\/files\/2014\/02\/logo-bbapumps.png\" \/>\n\t<meta property=\"og:image:width\" content=\"960\" \/>\n\t<meta property=\"og:image:height\" content=\"632\" \/>\n\t<meta property=\"og:image:type\" content=\"image\/png\" \/>\n<meta name=\"twitter:label1\" content=\"Temps estimat de lectura\" \/>\n\t<meta name=\"twitter:data1\" content=\"1 minut\" \/>\n<script type=\"application\/ld+json\" class=\"yoast-schema-graph\">{\"@context\":\"https:\/\/schema.org\",\"@graph\":[{\"@type\":\"WebPage\",\"@id\":\"https:\/\/www.raimaberfluidtech.com\/aguas\/ca\/fitxers-descarregables\/bba\/\",\"url\":\"https:\/\/www.raimaberfluidtech.com\/aguas\/ca\/fitxers-descarregables\/bba\/\",\"name\":\"Cat\u00e0leg de bombes BBA - Raimaber\",\"isPartOf\":{\"@id\":\"https:\/\/www.raimaberfluidtech.com\/aguas\/ca\/#website\"},\"primaryImageOfPage\":{\"@id\":\"https:\/\/www.raimaberfluidtech.com\/aguas\/ca\/fitxers-descarregables\/bba\/#primaryimage\"},\"image\":{\"@id\":\"https:\/\/www.raimaberfluidtech.com\/aguas\/ca\/fitxers-descarregables\/bba\/#primaryimage\"},\"thumbnailUrl\":\"https:\/\/www.raimaberfluidtech.com\/aguas\/files\/2014\/02\/logo-bbapumps.png\",\"datePublished\":\"2014-02-04T12:33:37+00:00\",\"dateModified\":\"2025-04-15T14:08:44+00:00\",\"description\":\"Som distribu\u00efdors de Bombes BBA. Pots consultar tota la informaci\u00f3 de bombes BBA a la nostra web. Truca'ns i t'assessorarem.\",\"breadcrumb\":{\"@id\":\"https:\/\/www.raimaberfluidtech.com\/aguas\/ca\/fitxers-descarregables\/bba\/#breadcrumb\"},\"inLanguage\":\"ca\",\"potentialAction\":[{\"@type\":\"ReadAction\",\"target\":[\"https:\/\/www.raimaberfluidtech.com\/aguas\/ca\/fitxers-descarregables\/bba\/\"]}]},{\"@type\":\"ImageObject\",\"inLanguage\":\"ca\",\"@id\":\"https:\/\/www.raimaberfluidtech.com\/aguas\/ca\/fitxers-descarregables\/bba\/#primaryimage\",\"url\":\"https:\/\/www.raimaberfluidtech.com\/aguas\/files\/2014\/02\/logo-bbapumps.png\",\"contentUrl\":\"https:\/\/www.raimaberfluidtech.com\/aguas\/files\/2014\/02\/logo-bbapumps.png\",\"width\":960,\"height\":632},{\"@type\":\"BreadcrumbList\",\"@id\":\"https:\/\/www.raimaberfluidtech.com\/aguas\/ca\/fitxers-descarregables\/bba\/#breadcrumb\",\"itemListElement\":[{\"@type\":\"ListItem\",\"position\":1,\"name\":\"Home\",\"item\":\"https:\/\/www.raimaberfluidtech.com\/aguas\/ca\/\"},{\"@type\":\"ListItem\",\"position\":2,\"name\":\"Fitxers descarregables\",\"item\":\"https:\/\/www.raimaberfluidtech.com\/aguas\/ca\/fitxers-descarregables\/\"},{\"@type\":\"ListItem\",\"position\":3,\"name\":\"BBA\"}]},{\"@type\":\"WebSite\",\"@id\":\"https:\/\/www.raimaberfluidtech.com\/aguas\/ca\/#website\",\"url\":\"https:\/\/www.raimaberfluidtech.com\/aguas\/ca\/\",\"name\":\"Raimaber Fluid Tech [Aguas]\",\"description\":\"Bombas industriales\",\"publisher\":{\"@id\":\"https:\/\/www.raimaberfluidtech.com\/aguas\/ca\/#organization\"},\"potentialAction\":[{\"@type\":\"SearchAction\",\"target\":{\"@type\":\"EntryPoint\",\"urlTemplate\":\"https:\/\/www.raimaberfluidtech.com\/aguas\/ca\/?s={search_term_string}\"},\"query-input\":{\"@type\":\"PropertyValueSpecification\",\"valueRequired\":true,\"valueName\":\"search_term_string\"}}],\"inLanguage\":\"ca\"},{\"@type\":\"Organization\",\"@id\":\"https:\/\/www.raimaberfluidtech.com\/aguas\/ca\/#organization\",\"name\":\"Raimaber Fluid Tech [Aguas]\",\"url\":\"https:\/\/www.raimaberfluidtech.com\/aguas\/ca\/\",\"logo\":{\"@type\":\"ImageObject\",\"inLanguage\":\"ca\",\"@id\":\"https:\/\/www.raimaberfluidtech.com\/aguas\/ca\/#\/schema\/logo\/image\/\",\"url\":\"https:\/\/www.raimaberfluidtech.com\/aguas\/wp-content\/blogs.dir\/3\/files\/2012\/11\/raimaber.gif\",\"contentUrl\":\"https:\/\/www.raimaberfluidtech.com\/aguas\/wp-content\/blogs.dir\/3\/files\/2012\/11\/raimaber.gif\",\"width\":\"705\",\"height\":\"438\",\"caption\":\"Raimaber Fluid Tech [Aguas]\"},\"image\":{\"@id\":\"https:\/\/www.raimaberfluidtech.com\/aguas\/ca\/#\/schema\/logo\/image\/\"}}]}<\/script>\n<!-- \/ Yoast SEO plugin. -->","yoast_head_json":{"title":"Cat\u00e0leg de bombes BBA - Raimaber","description":"Som distribu\u00efdors de Bombes BBA. Pots consultar tota la informaci\u00f3 de bombes BBA a la nostra web. Truca'ns i t'assessorarem.","robots":{"index":"index","follow":"follow","max-snippet":"max-snippet:-1","max-image-preview":"max-image-preview:large","max-video-preview":"max-video-preview:-1"},"canonical":"https:\/\/www.raimaberfluidtech.com\/aguas\/ca\/fitxers-descarregables\/bba\/","og_locale":"ca_ES","og_type":"article","og_title":"Cat\u00e0leg de bombes BBA - Raimaber","og_description":"Som distribu\u00efdors de Bombes BBA. Pots consultar tota la informaci\u00f3 de bombes BBA a la nostra web. Truca'ns i t'assessorarem.","og_url":"https:\/\/www.raimaberfluidtech.com\/aguas\/ca\/fitxers-descarregables\/bba\/","og_site_name":"Raimaber Fluid Tech [Aguas]","article_modified_time":"2025-04-15T14:08:44+00:00","og_image":[{"width":960,"height":632,"url":"https:\/\/www.raimaberfluidtech.com\/aguas\/files\/2014\/02\/logo-bbapumps.png","type":"image\/png"}],"twitter_misc":{"Temps estimat de lectura":"1 minut"},"schema":{"@context":"https:\/\/schema.org","@graph":[{"@type":"WebPage","@id":"https:\/\/www.raimaberfluidtech.com\/aguas\/ca\/fitxers-descarregables\/bba\/","url":"https:\/\/www.raimaberfluidtech.com\/aguas\/ca\/fitxers-descarregables\/bba\/","name":"Cat\u00e0leg de bombes BBA - Raimaber","isPartOf":{"@id":"https:\/\/www.raimaberfluidtech.com\/aguas\/ca\/#website"},"primaryImageOfPage":{"@id":"https:\/\/www.raimaberfluidtech.com\/aguas\/ca\/fitxers-descarregables\/bba\/#primaryimage"},"image":{"@id":"https:\/\/www.raimaberfluidtech.com\/aguas\/ca\/fitxers-descarregables\/bba\/#primaryimage"},"thumbnailUrl":"https:\/\/www.raimaberfluidtech.com\/aguas\/files\/2014\/02\/logo-bbapumps.png","datePublished":"2014-02-04T12:33:37+00:00","dateModified":"2025-04-15T14:08:44+00:00","description":"Som distribu\u00efdors de Bombes BBA. Pots consultar tota la informaci\u00f3 de bombes BBA a la nostra web. Truca'ns i t'assessorarem.","breadcrumb":{"@id":"https:\/\/www.raimaberfluidtech.com\/aguas\/ca\/fitxers-descarregables\/bba\/#breadcrumb"},"inLanguage":"ca","potentialAction":[{"@type":"ReadAction","target":["https:\/\/www.raimaberfluidtech.com\/aguas\/ca\/fitxers-descarregables\/bba\/"]}]},{"@type":"ImageObject","inLanguage":"ca","@id":"https:\/\/www.raimaberfluidtech.com\/aguas\/ca\/fitxers-descarregables\/bba\/#primaryimage","url":"https:\/\/www.raimaberfluidtech.com\/aguas\/files\/2014\/02\/logo-bbapumps.png","contentUrl":"https:\/\/www.raimaberfluidtech.com\/aguas\/files\/2014\/02\/logo-bbapumps.png","width":960,"height":632},{"@type":"BreadcrumbList","@id":"https:\/\/www.raimaberfluidtech.com\/aguas\/ca\/fitxers-descarregables\/bba\/#breadcrumb","itemListElement":[{"@type":"ListItem","position":1,"name":"Home","item":"https:\/\/www.raimaberfluidtech.com\/aguas\/ca\/"},{"@type":"ListItem","position":2,"name":"Fitxers descarregables","item":"https:\/\/www.raimaberfluidtech.com\/aguas\/ca\/fitxers-descarregables\/"},{"@type":"ListItem","position":3,"name":"BBA"}]},{"@type":"WebSite","@id":"https:\/\/www.raimaberfluidtech.com\/aguas\/ca\/#website","url":"https:\/\/www.raimaberfluidtech.com\/aguas\/ca\/","name":"Raimaber Fluid Tech [Aguas]","description":"Bombas industriales","publisher":{"@id":"https:\/\/www.raimaberfluidtech.com\/aguas\/ca\/#organization"},"potentialAction":[{"@type":"SearchAction","target":{"@type":"EntryPoint","urlTemplate":"https:\/\/www.raimaberfluidtech.com\/aguas\/ca\/?s={search_term_string}"},"query-input":{"@type":"PropertyValueSpecification","valueRequired":true,"valueName":"search_term_string"}}],"inLanguage":"ca"},{"@type":"Organization","@id":"https:\/\/www.raimaberfluidtech.com\/aguas\/ca\/#organization","name":"Raimaber Fluid Tech [Aguas]","url":"https:\/\/www.raimaberfluidtech.com\/aguas\/ca\/","logo":{"@type":"ImageObject","inLanguage":"ca","@id":"https:\/\/www.raimaberfluidtech.com\/aguas\/ca\/#\/schema\/logo\/image\/","url":"https:\/\/www.raimaberfluidtech.com\/aguas\/wp-content\/blogs.dir\/3\/files\/2012\/11\/raimaber.gif","contentUrl":"https:\/\/www.raimaberfluidtech.com\/aguas\/wp-content\/blogs.dir\/3\/files\/2012\/11\/raimaber.gif","width":"705","height":"438","caption":"Raimaber Fluid Tech [Aguas]"},"image":{"@id":"https:\/\/www.raimaberfluidtech.com\/aguas\/ca\/#\/schema\/logo\/image\/"}}]}},"_links":{"self":[{"href":"https:\/\/www.raimaberfluidtech.com\/aguas\/ca\/wp-json\/wp\/v2\/pages\/14938","targetHints":{"allow":["GET"]}}],"collection":[{"href":"https:\/\/www.raimaberfluidtech.com\/aguas\/ca\/wp-json\/wp\/v2\/pages"}],"about":[{"href":"https:\/\/www.raimaberfluidtech.com\/aguas\/ca\/wp-json\/wp\/v2\/types\/page"}],"author":[{"embeddable":true,"href":"https:\/\/www.raimaberfluidtech.com\/aguas\/ca\/wp-json\/wp\/v2\/users\/1"}],"replies":[{"embeddable":true,"href":"https:\/\/www.raimaberfluidtech.com\/aguas\/ca\/wp-json\/wp\/v2\/comments?post=14938"}],"version-history":[{"count":2,"href":"https:\/\/www.raimaberfluidtech.com\/aguas\/ca\/wp-json\/wp\/v2\/pages\/14938\/revisions"}],"predecessor-version":[{"id":16685,"href":"https:\/\/www.raimaberfluidtech.com\/aguas\/ca\/wp-json\/wp\/v2\/pages\/14938\/revisions\/16685"}],"up":[{"embeddable":true,"href":"https:\/\/www.raimaberfluidtech.com\/aguas\/ca\/wp-json\/wp\/v2\/pages\/15186"}],"wp:featuredmedia":[{"embeddable":true,"href":"https:\/\/www.raimaberfluidtech.com\/aguas\/ca\/wp-json\/wp\/v2\/media\/16556"}],"wp:attachment":[{"href":"https:\/\/www.raimaberfluidtech.com\/aguas\/ca\/wp-json\/wp\/v2\/media?parent=14938"}],"curies":[{"name":"wp","href":"https:\/\/api.w.org\/{rel}","templated":true}]}}