{"id":14832,"date":"2016-05-05T08:47:51","date_gmt":"2016-05-05T08:47:51","guid":{"rendered":"https:\/\/www.raimaberfluidtech.com\/aguas\/vaughan-company-inc\/"},"modified":"2025-04-15T14:05:51","modified_gmt":"2025-04-15T14:05:51","slug":"vaughan-company-inc","status":"publish","type":"page","link":"https:\/\/www.raimaberfluidtech.com\/aguas\/ca\/videos\/vaughan-company-inc\/","title":{"rendered":"Vaughan Company Inc."},"content":{"rendered":"<div class=\"wpb-content-wrapper\"><p>[vc_row][vc_column width=&#8221;1\/4&#8243;][vc_column_text]<a class=\"wplightbox\" title=\"Aplicacions diverses\" href=\"\/wp-content\/blogs.dir\/3\/files\/2018\/videos\/APLICACIONES%20VARIAS.mp4\" data-group=\"galleryvideo\"><span style=\"background-image: url('\/wp-content\/blogs.dir\/3\/files\/2018\/07\/aplicaciones-varias.jpg');\"><img decoding=\"async\" class=\"border\" src=\"\/wp-content\/blogs.dir\/3\/files\/2016\/05\/dummyvideo.png\" alt=\"\" \/><\/span><br \/>\n<label>Aplicacions diverses<\/label><\/a>[\/vc_column_text][\/vc_column][vc_column width=&#8221;1\/4&#8243;][vc_column_text]<a class=\"wplightbox\" title=\"Bomba condicionadora - pou de bombament\" href=\"\/wp-content\/blogs.dir\/3\/files\/2018\/videos\/bomba%20acondicionadora%20-%20pozo%20de%20bombeo.mp4\" data-group=\"galleryvideo\"><span style=\"background-image: url('\/wp-content\/blogs.dir\/3\/files\/2018\/07\/bomba-pozo.jpg');\"><img decoding=\"async\" class=\"border\" src=\"\/wp-content\/blogs.dir\/3\/files\/2016\/05\/dummyvideo.png\" alt=\"\" \/><\/span><br \/>\n<label>Bomba condicionadora &#8211; pou de bombament<\/label><\/a>[\/vc_column_text][\/vc_column][vc_column width=&#8221;1\/4&#8243;][vc_column_text]<a class=\"wplightbox\" title=\"Demo 2014\" href=\"\/wp-content\/blogs.dir\/3\/files\/2018\/videos\/FormatFactoryFood%20Waste%20Demo%202014.mp4\" data-group=\"galleryvideo\"><span style=\"background-image: url('\/wp-content\/blogs.dir\/3\/files\/2018\/07\/demo2014.jpg');\"><img decoding=\"async\" class=\"border\" src=\"\/wp-content\/blogs.dir\/3\/files\/2016\/05\/dummyvideo.png\" alt=\"\" \/><\/span><br \/>\n<label>Residus vegetals<\/label><\/a>[\/vc_column_text][\/vc_column][vc_column width=&#8221;1\/4&#8243;][vc_column_text]<a class=\"wplightbox\" title=\"Madejas\" href=\"\/wp-content\/blogs.dir\/3\/files\/2018\/videos\/madejas%20(2).mp4\" data-group=\"galleryvideo\"><span style=\"background-image: url('\/wp-content\/blogs.dir\/3\/files\/2018\/07\/madejas.jpg');\"><img decoding=\"async\" class=\"border\" src=\"\/wp-content\/blogs.dir\/3\/files\/2016\/05\/dummyvideo.png\" alt=\"\" \/><\/span><br \/>\n<label>Madejas<\/label><\/a>[\/vc_column_text][\/vc_column][\/vc_row][vc_row][vc_column width=&#8221;1\/4&#8243;][vc_column_text]<a class=\"wplightbox\" title=\"Storm thrust\" href=\"\/wp-content\/blogs.dir\/3\/files\/2018\/videos\/My%20Movie.wlmp%20Storm%20thrust.mp4\" data-group=\"galleryvideo\"><span style=\"background-image: url('\/wp-content\/blogs.dir\/3\/files\/2018\/07\/Storm-thrust.jpg');\"><img decoding=\"async\" class=\"border\" src=\"\/wp-content\/blogs.dir\/3\/files\/2016\/05\/dummyvideo.png\" alt=\"\" \/><\/span><br \/>\n<label>Storm thrust<\/label><\/a>[\/vc_column_text][\/vc_column][vc_column width=&#8221;1\/4&#8243;][vc_column_text]<a class=\"wplightbox\" title=\"STM 2 Nozzle Mixing System\" href=\"\/wp-content\/blogs.dir\/3\/files\/2018\/videos\/STM%202%20Nozzle%20Mixing%20System.avi.mp4\" data-group=\"galleryvideo\"><span style=\"background-image: url('\/wp-content\/blogs.dir\/3\/files\/2018\/07\/Nozzle-Mixing.jpg');\"><img decoding=\"async\" class=\"border\" src=\"\/wp-content\/blogs.dir\/3\/files\/2016\/05\/dummyvideo.png\" alt=\"\" \/><\/span><br \/>\n<label>STM 2 Nozzle Mixing System<\/label><\/a>[\/vc_column_text][\/vc_column][vc_column width=&#8221;1\/4&#8243;][vc_column_text]<a class=\"wplightbox\" title=\"Bomba recirculadora\" href=\"\/wp-content\/blogs.dir\/3\/files\/2018\/videos\/video%20bomba%20recirculadora.mp4\" data-group=\"galleryvideo\"><span style=\"background-image: url('\/wp-content\/blogs.dir\/3\/files\/2018\/07\/bomba-recirculadora.jpg');\"><img decoding=\"async\" class=\"border\" src=\"\/wp-content\/blogs.dir\/3\/files\/2016\/05\/dummyvideo.png\" alt=\"\" \/><\/span><br \/>\n<label>Bomba recirculadora<\/label><\/a>[\/vc_column_text][\/vc_column][vc_column width=&#8221;1\/4&#8243;][vc_column_text]<a class=\"wplightbox\" title=\"Greixos\" href=\"\/wp-content\/blogs.dir\/3\/files\/2018\/videos\/VIDEO%20GRASAS_2%20.mp4\" data-group=\"galleryvideo\"><span style=\"background-image: url('\/wp-content\/blogs.dir\/3\/files\/2018\/07\/grasas.jpg');\"><img decoding=\"async\" class=\"border\" src=\"\/wp-content\/blogs.dir\/3\/files\/2016\/05\/dummyvideo.png\" alt=\"\" \/><\/span><br \/>\n<label>Greixos<\/label><\/a>[\/vc_column_text][\/vc_column][\/vc_row][vc_row][vc_column width=&#8221;1\/4&#8243;][vc_column_text]<a class=\"wplightbox\" title=\"SEGUEIX 2017 4 RAIMABER\" href=\"https:\/\/www.youtube.com\/watch?v=R7YJpStm238\" rel=\"shadowbox;width=800;height=600;player=swf\" data-group=\"galleryvideo\"><span style=\"background-image: url('\/wp-content\/blogs.dir\/3\/files\/2018\/07\/liberty-siga.jpg');\"><img decoding=\"async\" class=\"border\" src=\"\/wp-content\/blogs.dir\/3\/files\/2016\/05\/dummyvideo.png\" alt=\"\" \/><\/span><br \/>\nferia SIGA 2017<br \/>\n<\/a>[\/vc_column_text][\/vc_column][vc_column width=&#8221;1\/4&#8243;][vc_column_text]<a class=\"wplightbox\" title=\"SIMULACI\u00d3 CFD\" href=\"https:\/\/www.youtube.com\/watch?v=c4i1Xf2nD38\" rel=\"shadowbox;width=800;height=600;player=swf\" data-group=\"galleryvideo\"><span style=\"background-image: url('\/wp-content\/blogs.dir\/3\/files\/2019\/11\/vaughan.jpg');\"><img decoding=\"async\" class=\"border\" src=\"\/wp-content\/blogs.dir\/3\/files\/2019\/11\/vaughan.jpg\" alt=\"\" \/><\/span><label>SIMULACI\u00d3 CFD<\/label><\/a>[\/vc_column_text][\/vc_column][vc_column width=&#8221;1\/4&#8243;][vc_column_text]<a class=\"wplightbox\" title=\"PROBLEMES AMB LES TOVALLOLES O SIMILARS?\" href=\"https:\/\/https:\/\/www.youtube.com\/watch?v=E64MIMA6Ptk&amp;t=101s\" rel=\"shadowbox;width=800;height=600;player=swf\" data-group=\"galleryvideo\"><label><img decoding=\"async\" width=\"800\" height=\"600\" class=\"alignnone size-full wp-image-6317\" src=\"https:\/\/www.raimaberfluidtech.com\/aguas\/wp-content\/blogs.dir\/3\/files\/2020\/06\/toallitas.png\" alt=\"\" srcset=\"https:\/\/www.raimaberfluidtech.com\/aguas\/files\/2020\/06\/toallitas.png 800w, https:\/\/www.raimaberfluidtech.com\/aguas\/files\/2020\/06\/toallitas-768x576.png 768w, https:\/\/www.raimaberfluidtech.com\/aguas\/files\/2020\/06\/toallitas-370x278.png 370w, https:\/\/www.raimaberfluidtech.com\/aguas\/files\/2020\/06\/toallitas-360x270.png 360w\" sizes=\"(max-width: 800px) 100vw, 800px\" \/><label>PROBLEMES AMB LES TOVALLOLES O SIMILARS?<\/label><\/label><\/a>[\/vc_column_text][\/vc_column][vc_column width=&#8221;1\/4&#8243;][vc_column_text]<a class=\"wplightbox\" title=\"SIMULACI\u00d3 CFD\" href=\"https:\/\/www.youtube.com\/watch?v=BYkyeO_n1l0\" rel=\"shadowbox;width=800;height=600;player=swf\" data-group=\"galleryvideo\"><label><img decoding=\"async\" class=\"alignnone size-full wp-image-6337\" src=\"https:\/\/www.raimaberfluidtech.com\/aguas\/wp-content\/blogs.dir\/3\/files\/2020\/06\/ebar-video.png\" alt=\"\" width=\"800\" height=\"600\" srcset=\"https:\/\/www.raimaberfluidtech.com\/aguas\/files\/2020\/06\/ebar-video.png 800w, https:\/\/www.raimaberfluidtech.com\/aguas\/files\/2020\/06\/ebar-video-768x576.png 768w, https:\/\/www.raimaberfluidtech.com\/aguas\/files\/2020\/06\/ebar-video-370x278.png 370w, https:\/\/www.raimaberfluidtech.com\/aguas\/files\/2020\/06\/ebar-video-360x270.png 360w\" sizes=\"(max-width: 800px) 100vw, 800px\" \/>BOMBA CONDICIONADORA SUBMERGIBLE<\/label><\/a>[\/vc_column_text][\/vc_column][\/vc_row]<\/p>\n<\/div>","protected":false},"excerpt":{"rendered":"<p>[vc_row][vc_column width=&#8221;1\/4&#8243;][vc_column_text] Aplicacions diverses[\/vc_column_text][\/vc_column][vc_column width=&#8221;1\/4&#8243;][vc_column_text] Bomba condicionadora &#8211; pou de bombament[\/vc_column_text][\/vc_column][vc_column width=&#8221;1\/4&#8243;][vc_column_text] Residus vegetals[\/vc_column_text][\/vc_column][vc_column width=&#8221;1\/4&#8243;][vc_column_text] Madejas[\/vc_column_text][\/vc_column][\/vc_row][vc_row][vc_column width=&#8221;1\/4&#8243;][vc_column_text] Storm thrust[\/vc_column_text][\/vc_column][vc_column width=&#8221;1\/4&#8243;][vc_column_text] STM 2 Nozzle Mixing System[\/vc_column_text][\/vc_column][vc_column width=&#8221;1\/4&#8243;][vc_column_text] Bomba recirculadora[\/vc_column_text][\/vc_column][vc_column width=&#8221;1\/4&#8243;][vc_column_text] Greixos[\/vc_column_text][\/vc_column][\/vc_row][vc_row][vc_column width=&#8221;1\/4&#8243;][vc_column_text] feria SIGA 2017 [\/vc_column_text][\/vc_column][vc_column width=&#8221;1\/4&#8243;][vc_column_text]SIMULACI\u00d3 CFD[\/vc_column_text][\/vc_column][vc_column width=&#8221;1\/4&#8243;][vc_column_text]PROBLEMES AMB LES&#8230;<\/p>\n","protected":false},"author":1,"featured_media":0,"parent":14831,"menu_order":0,"comment_status":"closed","ping_status":"closed","template":"","meta":{"footnotes":""},"class_list":["post-14832","page","type-page","status-publish","hentry"],"yoast_head":"<!-- This site is optimized with the Yoast SEO plugin v24.3 - https:\/\/yoast.com\/wordpress\/plugins\/seo\/ -->\n<title>Galeria de v\u00eddeos Bombes Trituradores Vaughan - Raimaber<\/title>\n<meta name=\"description\" content=\"Des d&#039;aliments com ara tom\u00e0quets o pollastres, fins a texans, cables i bosses, les Bombes Trituradores Vaughan treballen efica\u00e7ment. Comproveu-ho en aquests v\u00eddeos.\" \/>\n<meta name=\"robots\" content=\"index, follow, max-snippet:-1, max-image-preview:large, max-video-preview:-1\" \/>\n<link rel=\"canonical\" href=\"https:\/\/www.raimaberfluidtech.com\/aguas\/ca\/videos\/vaughan-company-inc\/\" \/>\n<meta property=\"og:locale\" content=\"ca_ES\" \/>\n<meta property=\"og:type\" content=\"article\" \/>\n<meta property=\"og:title\" content=\"Galeria de v\u00eddeos Bombes Trituradores Vaughan - Raimaber\" \/>\n<meta property=\"og:description\" content=\"Des d&#039;aliments com ara tom\u00e0quets o pollastres, fins a texans, cables i bosses, les Bombes Trituradores Vaughan treballen efica\u00e7ment. Comproveu-ho en aquests v\u00eddeos.\" \/>\n<meta property=\"og:url\" content=\"https:\/\/www.raimaberfluidtech.com\/aguas\/ca\/videos\/vaughan-company-inc\/\" \/>\n<meta property=\"og:site_name\" content=\"Raimaber Fluid Tech [Aguas]\" \/>\n<meta property=\"article:modified_time\" content=\"2025-04-15T14:05:51+00:00\" \/>\n<meta property=\"og:image\" content=\"https:\/\/www.raimaberfluidtech.com\/aguas\/wp-content\/blogs.dir\/3\/files\/2020\/06\/toallitas.png\" \/>\n<meta name=\"twitter:label1\" content=\"Temps estimat de lectura\" \/>\n\t<meta name=\"twitter:data1\" content=\"3 minuts\" \/>\n<script type=\"application\/ld+json\" class=\"yoast-schema-graph\">{\"@context\":\"https:\/\/schema.org\",\"@graph\":[{\"@type\":\"WebPage\",\"@id\":\"https:\/\/www.raimaberfluidtech.com\/aguas\/ca\/videos\/vaughan-company-inc\/\",\"url\":\"https:\/\/www.raimaberfluidtech.com\/aguas\/ca\/videos\/vaughan-company-inc\/\",\"name\":\"Galeria de v\u00eddeos Bombes Trituradores Vaughan - Raimaber\",\"isPartOf\":{\"@id\":\"https:\/\/www.raimaberfluidtech.com\/aguas\/ca\/#website\"},\"primaryImageOfPage\":{\"@id\":\"https:\/\/www.raimaberfluidtech.com\/aguas\/ca\/videos\/vaughan-company-inc\/#primaryimage\"},\"image\":{\"@id\":\"https:\/\/www.raimaberfluidtech.com\/aguas\/ca\/videos\/vaughan-company-inc\/#primaryimage\"},\"thumbnailUrl\":\"https:\/\/www.raimaberfluidtech.com\/aguas\/wp-content\/blogs.dir\/3\/files\/2020\/06\/toallitas.png\",\"datePublished\":\"2016-05-05T08:47:51+00:00\",\"dateModified\":\"2025-04-15T14:05:51+00:00\",\"description\":\"Des d'aliments com ara tom\u00e0quets o pollastres, fins a texans, cables i bosses, les Bombes Trituradores Vaughan treballen efica\u00e7ment. Comproveu-ho en aquests v\u00eddeos.\",\"breadcrumb\":{\"@id\":\"https:\/\/www.raimaberfluidtech.com\/aguas\/ca\/videos\/vaughan-company-inc\/#breadcrumb\"},\"inLanguage\":\"ca\",\"potentialAction\":[{\"@type\":\"ReadAction\",\"target\":[\"https:\/\/www.raimaberfluidtech.com\/aguas\/ca\/videos\/vaughan-company-inc\/\"]}]},{\"@type\":\"ImageObject\",\"inLanguage\":\"ca\",\"@id\":\"https:\/\/www.raimaberfluidtech.com\/aguas\/ca\/videos\/vaughan-company-inc\/#primaryimage\",\"url\":\"https:\/\/www.raimaberfluidtech.com\/aguas\/wp-content\/blogs.dir\/3\/files\/2020\/06\/toallitas.png\",\"contentUrl\":\"https:\/\/www.raimaberfluidtech.com\/aguas\/wp-content\/blogs.dir\/3\/files\/2020\/06\/toallitas.png\"},{\"@type\":\"BreadcrumbList\",\"@id\":\"https:\/\/www.raimaberfluidtech.com\/aguas\/ca\/videos\/vaughan-company-inc\/#breadcrumb\",\"itemListElement\":[{\"@type\":\"ListItem\",\"position\":1,\"name\":\"Home\",\"item\":\"https:\/\/www.raimaberfluidtech.com\/aguas\/ca\/\"},{\"@type\":\"ListItem\",\"position\":2,\"name\":\"Videos\",\"item\":\"https:\/\/www.raimaberfluidtech.com\/aguas\/ca\/videos\/\"},{\"@type\":\"ListItem\",\"position\":3,\"name\":\"Vaughan Company Inc.\"}]},{\"@type\":\"WebSite\",\"@id\":\"https:\/\/www.raimaberfluidtech.com\/aguas\/ca\/#website\",\"url\":\"https:\/\/www.raimaberfluidtech.com\/aguas\/ca\/\",\"name\":\"Raimaber Fluid Tech [Aguas]\",\"description\":\"Bombas industriales\",\"publisher\":{\"@id\":\"https:\/\/www.raimaberfluidtech.com\/aguas\/ca\/#organization\"},\"potentialAction\":[{\"@type\":\"SearchAction\",\"target\":{\"@type\":\"EntryPoint\",\"urlTemplate\":\"https:\/\/www.raimaberfluidtech.com\/aguas\/ca\/?s={search_term_string}\"},\"query-input\":{\"@type\":\"PropertyValueSpecification\",\"valueRequired\":true,\"valueName\":\"search_term_string\"}}],\"inLanguage\":\"ca\"},{\"@type\":\"Organization\",\"@id\":\"https:\/\/www.raimaberfluidtech.com\/aguas\/ca\/#organization\",\"name\":\"Raimaber Fluid Tech [Aguas]\",\"url\":\"https:\/\/www.raimaberfluidtech.com\/aguas\/ca\/\",\"logo\":{\"@type\":\"ImageObject\",\"inLanguage\":\"ca\",\"@id\":\"https:\/\/www.raimaberfluidtech.com\/aguas\/ca\/#\/schema\/logo\/image\/\",\"url\":\"https:\/\/www.raimaberfluidtech.com\/aguas\/wp-content\/blogs.dir\/3\/files\/2012\/11\/raimaber.gif\",\"contentUrl\":\"https:\/\/www.raimaberfluidtech.com\/aguas\/wp-content\/blogs.dir\/3\/files\/2012\/11\/raimaber.gif\",\"width\":\"705\",\"height\":\"438\",\"caption\":\"Raimaber Fluid Tech [Aguas]\"},\"image\":{\"@id\":\"https:\/\/www.raimaberfluidtech.com\/aguas\/ca\/#\/schema\/logo\/image\/\"}}]}<\/script>\n<!-- \/ Yoast SEO plugin. -->","yoast_head_json":{"title":"Galeria de v\u00eddeos Bombes Trituradores Vaughan - Raimaber","description":"Des d'aliments com ara tom\u00e0quets o pollastres, fins a texans, cables i bosses, les Bombes Trituradores Vaughan treballen efica\u00e7ment. Comproveu-ho en aquests v\u00eddeos.","robots":{"index":"index","follow":"follow","max-snippet":"max-snippet:-1","max-image-preview":"max-image-preview:large","max-video-preview":"max-video-preview:-1"},"canonical":"https:\/\/www.raimaberfluidtech.com\/aguas\/ca\/videos\/vaughan-company-inc\/","og_locale":"ca_ES","og_type":"article","og_title":"Galeria de v\u00eddeos Bombes Trituradores Vaughan - Raimaber","og_description":"Des d'aliments com ara tom\u00e0quets o pollastres, fins a texans, cables i bosses, les Bombes Trituradores Vaughan treballen efica\u00e7ment. Comproveu-ho en aquests v\u00eddeos.","og_url":"https:\/\/www.raimaberfluidtech.com\/aguas\/ca\/videos\/vaughan-company-inc\/","og_site_name":"Raimaber Fluid Tech [Aguas]","article_modified_time":"2025-04-15T14:05:51+00:00","og_image":[{"url":"https:\/\/www.raimaberfluidtech.com\/aguas\/wp-content\/blogs.dir\/3\/files\/2020\/06\/toallitas.png","type":"","width":"","height":""}],"twitter_misc":{"Temps estimat de lectura":"3 minuts"},"schema":{"@context":"https:\/\/schema.org","@graph":[{"@type":"WebPage","@id":"https:\/\/www.raimaberfluidtech.com\/aguas\/ca\/videos\/vaughan-company-inc\/","url":"https:\/\/www.raimaberfluidtech.com\/aguas\/ca\/videos\/vaughan-company-inc\/","name":"Galeria de v\u00eddeos Bombes Trituradores Vaughan - Raimaber","isPartOf":{"@id":"https:\/\/www.raimaberfluidtech.com\/aguas\/ca\/#website"},"primaryImageOfPage":{"@id":"https:\/\/www.raimaberfluidtech.com\/aguas\/ca\/videos\/vaughan-company-inc\/#primaryimage"},"image":{"@id":"https:\/\/www.raimaberfluidtech.com\/aguas\/ca\/videos\/vaughan-company-inc\/#primaryimage"},"thumbnailUrl":"https:\/\/www.raimaberfluidtech.com\/aguas\/wp-content\/blogs.dir\/3\/files\/2020\/06\/toallitas.png","datePublished":"2016-05-05T08:47:51+00:00","dateModified":"2025-04-15T14:05:51+00:00","description":"Des d'aliments com ara tom\u00e0quets o pollastres, fins a texans, cables i bosses, les Bombes Trituradores Vaughan treballen efica\u00e7ment. Comproveu-ho en aquests v\u00eddeos.","breadcrumb":{"@id":"https:\/\/www.raimaberfluidtech.com\/aguas\/ca\/videos\/vaughan-company-inc\/#breadcrumb"},"inLanguage":"ca","potentialAction":[{"@type":"ReadAction","target":["https:\/\/www.raimaberfluidtech.com\/aguas\/ca\/videos\/vaughan-company-inc\/"]}]},{"@type":"ImageObject","inLanguage":"ca","@id":"https:\/\/www.raimaberfluidtech.com\/aguas\/ca\/videos\/vaughan-company-inc\/#primaryimage","url":"https:\/\/www.raimaberfluidtech.com\/aguas\/wp-content\/blogs.dir\/3\/files\/2020\/06\/toallitas.png","contentUrl":"https:\/\/www.raimaberfluidtech.com\/aguas\/wp-content\/blogs.dir\/3\/files\/2020\/06\/toallitas.png"},{"@type":"BreadcrumbList","@id":"https:\/\/www.raimaberfluidtech.com\/aguas\/ca\/videos\/vaughan-company-inc\/#breadcrumb","itemListElement":[{"@type":"ListItem","position":1,"name":"Home","item":"https:\/\/www.raimaberfluidtech.com\/aguas\/ca\/"},{"@type":"ListItem","position":2,"name":"Videos","item":"https:\/\/www.raimaberfluidtech.com\/aguas\/ca\/videos\/"},{"@type":"ListItem","position":3,"name":"Vaughan Company Inc."}]},{"@type":"WebSite","@id":"https:\/\/www.raimaberfluidtech.com\/aguas\/ca\/#website","url":"https:\/\/www.raimaberfluidtech.com\/aguas\/ca\/","name":"Raimaber Fluid Tech [Aguas]","description":"Bombas industriales","publisher":{"@id":"https:\/\/www.raimaberfluidtech.com\/aguas\/ca\/#organization"},"potentialAction":[{"@type":"SearchAction","target":{"@type":"EntryPoint","urlTemplate":"https:\/\/www.raimaberfluidtech.com\/aguas\/ca\/?s={search_term_string}"},"query-input":{"@type":"PropertyValueSpecification","valueRequired":true,"valueName":"search_term_string"}}],"inLanguage":"ca"},{"@type":"Organization","@id":"https:\/\/www.raimaberfluidtech.com\/aguas\/ca\/#organization","name":"Raimaber Fluid Tech [Aguas]","url":"https:\/\/www.raimaberfluidtech.com\/aguas\/ca\/","logo":{"@type":"ImageObject","inLanguage":"ca","@id":"https:\/\/www.raimaberfluidtech.com\/aguas\/ca\/#\/schema\/logo\/image\/","url":"https:\/\/www.raimaberfluidtech.com\/aguas\/wp-content\/blogs.dir\/3\/files\/2012\/11\/raimaber.gif","contentUrl":"https:\/\/www.raimaberfluidtech.com\/aguas\/wp-content\/blogs.dir\/3\/files\/2012\/11\/raimaber.gif","width":"705","height":"438","caption":"Raimaber Fluid Tech [Aguas]"},"image":{"@id":"https:\/\/www.raimaberfluidtech.com\/aguas\/ca\/#\/schema\/logo\/image\/"}}]}},"_links":{"self":[{"href":"https:\/\/www.raimaberfluidtech.com\/aguas\/ca\/wp-json\/wp\/v2\/pages\/14832","targetHints":{"allow":["GET"]}}],"collection":[{"href":"https:\/\/www.raimaberfluidtech.com\/aguas\/ca\/wp-json\/wp\/v2\/pages"}],"about":[{"href":"https:\/\/www.raimaberfluidtech.com\/aguas\/ca\/wp-json\/wp\/v2\/types\/page"}],"author":[{"embeddable":true,"href":"https:\/\/www.raimaberfluidtech.com\/aguas\/ca\/wp-json\/wp\/v2\/users\/1"}],"replies":[{"embeddable":true,"href":"https:\/\/www.raimaberfluidtech.com\/aguas\/ca\/wp-json\/wp\/v2\/comments?post=14832"}],"version-history":[{"count":2,"href":"https:\/\/www.raimaberfluidtech.com\/aguas\/ca\/wp-json\/wp\/v2\/pages\/14832\/revisions"}],"predecessor-version":[{"id":15508,"href":"https:\/\/www.raimaberfluidtech.com\/aguas\/ca\/wp-json\/wp\/v2\/pages\/14832\/revisions\/15508"}],"up":[{"embeddable":true,"href":"https:\/\/www.raimaberfluidtech.com\/aguas\/ca\/wp-json\/wp\/v2\/pages\/14831"}],"wp:attachment":[{"href":"https:\/\/www.raimaberfluidtech.com\/aguas\/ca\/wp-json\/wp\/v2\/media?parent=14832"}],"curies":[{"name":"wp","href":"https:\/\/api.w.org\/{rel}","templated":true}]}}