{"id":14779,"date":"2016-05-30T09:50:42","date_gmt":"2016-05-30T09:50:42","guid":{"rendered":"https:\/\/www.raimaberfluidtech.com\/aguas\/fti-air\/"},"modified":"2025-04-15T14:09:35","modified_gmt":"2025-04-15T14:09:35","slug":"fti-air","status":"publish","type":"page","link":"https:\/\/www.raimaberfluidtech.com\/aguas\/ca\/fti-finish-thompson-inc-2\/fti-air\/","title":{"rendered":"FTI Air"},"content":{"rendered":"<div class=\"wpb-content-wrapper\"><p>[vc_row][vc_column width=&#8221;1\/2&#8243;][vc_media_grid element_width=&#8221;6&#8243; gap=&#8221;4&#8243; grid_id=&#8221;vc_gid:1632308438859-e5e85902-e323-9&#8243; include=&#8221;4782,4783,3030,3040,3037,3033,3035&#8243;][\/vc_column][vc_column width=&#8221;1\/2&#8243;][vc_custom_heading text=&#8221;FTI Air&#8221; font_container=&#8221;tag:h2|font_size:18px|text_align:left|color:%23000000&#8243; use_theme_fonts=&#8221;yes&#8221;][vc_column_text]<\/p>\n<ul>\n<li>Disseny exclusivament amb cargols, elimina qualsevol fuita o degoteig de producte.<\/li>\n<li>Sense lubricaci\u00f3, ve pre lubricada de f\u00e0brica.<\/li>\n<li>Disseny molt senzill, amb parts comunes a la majoria de models.<\/li>\n<li>Menys nombre de peces que la compet\u00e8ncia.<\/li>\n<li>Materials disponibles: Polipropil\u00e8 o PVDF o Alumini o Inoxidable 316<\/li>\n<li>\u00c9s autoaspirant sense tancaments.<\/li>\n<li>Es pot muntar com a bomba submergible.<\/li>\n<li>La bomba no es fa malb\u00e9, per gir en sec o contra v\u00e0lvula tancada en la impulsi\u00f3.<\/li>\n<li>Es pot muntar en zones classificades ATEX, la gamma met\u00e0l\u00b7lica.<\/li>\n<li>Aguanta b\u00e9 els s\u00f2lids i abrasius<\/li>\n<li>F\u00e0cil de reparar.<\/li>\n<li>Cost d&#8217;adquisici\u00f3 baix.<\/li>\n<li>El model de \u00bc\u201d, \u00bd\u201d, 1\u201d, 1,5\u201d o 2\u201d tindr\u00e0 la secci\u00f3 central en alumini o un motlle de fibra de vidre refor\u00e7ada en Polipropil\u00e8. El model de \u00bc nom\u00e9s es fabricar\u00e0 amb materials pl\u00e0stics.<br \/>\nEl model de 3\u201d nom\u00e9s tindr\u00e0 la secci\u00f3 central d&#8217;alumini.<\/li>\n<\/ul>\n<p>Tenim estoc de la majoria de models, a 24 o 48 h <a title=\"Contacte Raimaber\" href=\"https:\/\/www.raimaberfluidtech.com\/aguas\/contacta\" target=\"_blank\" rel=\"noopener noreferrer\">podem subministrar<\/a> la <strong>bomba FTI Air<\/strong> des de f\u00e0brica directament al client.[\/vc_column_text][vc_empty_space][vc_btn title=&#8221;SOL\u00b7LICITUD D&#8217;INFORMACI\u00d3 T\u00c8CNICA&#8221; link=&#8221;url:https%3A%2F%2Fwww.raimaberfluidtech.com%2Faguas%2Fsolicitud-informacion-tecnica%2F|title:Sol%C2%B7licitud%20informaci%C3%B3%20t%C3%A8cnica|&#8221;][\/vc_column][\/vc_row]<\/p>\n<\/div>","protected":false},"excerpt":{"rendered":"<p>[vc_row][vc_column width=&#8221;1\/2&#8243;][vc_media_grid element_width=&#8221;6&#8243; gap=&#8221;4&#8243; grid_id=&#8221;vc_gid:1632308438859-e5e85902-e323-9&#8243; include=&#8221;4782,4783,3030,3040,3037,3033,3035&#8243;][\/vc_column][vc_column width=&#8221;1\/2&#8243;][vc_custom_heading text=&#8221;FTI Air&#8221; font_container=&#8221;tag:h2|font_size:18px|text_align:left|color:%23000000&#8243; use_theme_fonts=&#8221;yes&#8221;][vc_column_text] Disseny exclusivament amb cargols, elimina qualsevol fuita o degoteig de producte. Sense lubricaci\u00f3, ve pre lubricada de f\u00e0brica. Disseny molt senzill, amb parts comunes a la majoria de models&#8230;.<\/p>\n","protected":false},"author":1,"featured_media":0,"parent":15023,"menu_order":0,"comment_status":"closed","ping_status":"closed","template":"page-sidebar.php","meta":{"footnotes":""},"class_list":["post-14779","page","type-page","status-publish","hentry"],"yoast_head":"<!-- This site is optimized with the Yoast SEO plugin v24.3 - https:\/\/yoast.com\/wordpress\/plugins\/seo\/ -->\n<title>FTI Air project de Finish Thompson - Raimaber<\/title>\n<meta name=\"description\" content=\"Els distribu\u00efdors a Espanya de Finish Thompson, l&#039;empresa Raimaber, presenten FTI Air per a Bombes de transfer\u00e8ncia de productes qu\u00edmics. Informa&#039;t!\" \/>\n<meta name=\"robots\" content=\"index, follow, max-snippet:-1, max-image-preview:large, max-video-preview:-1\" \/>\n<link rel=\"canonical\" href=\"https:\/\/www.raimaberfluidtech.com\/aguas\/ca\/fti-finish-thompson-inc-2\/fti-air\/\" \/>\n<meta property=\"og:locale\" content=\"ca_ES\" \/>\n<meta property=\"og:type\" content=\"article\" \/>\n<meta property=\"og:title\" content=\"FTI Air project de Finish Thompson - Raimaber\" \/>\n<meta property=\"og:description\" content=\"Els distribu\u00efdors a Espanya de Finish Thompson, l&#039;empresa Raimaber, presenten FTI Air per a Bombes de transfer\u00e8ncia de productes qu\u00edmics. Informa&#039;t!\" \/>\n<meta property=\"og:url\" content=\"https:\/\/www.raimaberfluidtech.com\/aguas\/ca\/fti-finish-thompson-inc-2\/fti-air\/\" \/>\n<meta property=\"og:site_name\" content=\"Raimaber Fluid Tech [Aguas]\" \/>\n<meta property=\"article:modified_time\" content=\"2025-04-15T14:09:35+00:00\" \/>\n<meta name=\"twitter:label1\" content=\"Temps estimat de lectura\" \/>\n\t<meta name=\"twitter:data1\" content=\"1 minut\" \/>\n<script type=\"application\/ld+json\" class=\"yoast-schema-graph\">{\"@context\":\"https:\/\/schema.org\",\"@graph\":[{\"@type\":\"WebPage\",\"@id\":\"https:\/\/www.raimaberfluidtech.com\/aguas\/ca\/fti-finish-thompson-inc-2\/fti-air\/\",\"url\":\"https:\/\/www.raimaberfluidtech.com\/aguas\/ca\/fti-finish-thompson-inc-2\/fti-air\/\",\"name\":\"FTI Air project de Finish Thompson - Raimaber\",\"isPartOf\":{\"@id\":\"https:\/\/www.raimaberfluidtech.com\/aguas\/ca\/#website\"},\"datePublished\":\"2016-05-30T09:50:42+00:00\",\"dateModified\":\"2025-04-15T14:09:35+00:00\",\"description\":\"Els distribu\u00efdors a Espanya de Finish Thompson, l'empresa Raimaber, presenten FTI Air per a Bombes de transfer\u00e8ncia de productes qu\u00edmics. Informa't!\",\"breadcrumb\":{\"@id\":\"https:\/\/www.raimaberfluidtech.com\/aguas\/ca\/fti-finish-thompson-inc-2\/fti-air\/#breadcrumb\"},\"inLanguage\":\"ca\",\"potentialAction\":[{\"@type\":\"ReadAction\",\"target\":[\"https:\/\/www.raimaberfluidtech.com\/aguas\/ca\/fti-finish-thompson-inc-2\/fti-air\/\"]}]},{\"@type\":\"BreadcrumbList\",\"@id\":\"https:\/\/www.raimaberfluidtech.com\/aguas\/ca\/fti-finish-thompson-inc-2\/fti-air\/#breadcrumb\",\"itemListElement\":[{\"@type\":\"ListItem\",\"position\":1,\"name\":\"Home\",\"item\":\"https:\/\/www.raimaberfluidtech.com\/aguas\/ca\/\"},{\"@type\":\"ListItem\",\"position\":2,\"name\":\"FTI &#8211; Finish Thompson Inc\",\"item\":\"https:\/\/www.raimaberfluidtech.com\/aguas\/ca\/fti-finish-thompson-inc-2\/\"},{\"@type\":\"ListItem\",\"position\":3,\"name\":\"FTI Air\"}]},{\"@type\":\"WebSite\",\"@id\":\"https:\/\/www.raimaberfluidtech.com\/aguas\/ca\/#website\",\"url\":\"https:\/\/www.raimaberfluidtech.com\/aguas\/ca\/\",\"name\":\"Raimaber Fluid Tech [Aguas]\",\"description\":\"Bombas industriales\",\"publisher\":{\"@id\":\"https:\/\/www.raimaberfluidtech.com\/aguas\/ca\/#organization\"},\"potentialAction\":[{\"@type\":\"SearchAction\",\"target\":{\"@type\":\"EntryPoint\",\"urlTemplate\":\"https:\/\/www.raimaberfluidtech.com\/aguas\/ca\/?s={search_term_string}\"},\"query-input\":{\"@type\":\"PropertyValueSpecification\",\"valueRequired\":true,\"valueName\":\"search_term_string\"}}],\"inLanguage\":\"ca\"},{\"@type\":\"Organization\",\"@id\":\"https:\/\/www.raimaberfluidtech.com\/aguas\/ca\/#organization\",\"name\":\"Raimaber Fluid Tech [Aguas]\",\"url\":\"https:\/\/www.raimaberfluidtech.com\/aguas\/ca\/\",\"logo\":{\"@type\":\"ImageObject\",\"inLanguage\":\"ca\",\"@id\":\"https:\/\/www.raimaberfluidtech.com\/aguas\/ca\/#\/schema\/logo\/image\/\",\"url\":\"https:\/\/www.raimaberfluidtech.com\/aguas\/wp-content\/blogs.dir\/3\/files\/2012\/11\/raimaber.gif\",\"contentUrl\":\"https:\/\/www.raimaberfluidtech.com\/aguas\/wp-content\/blogs.dir\/3\/files\/2012\/11\/raimaber.gif\",\"width\":\"705\",\"height\":\"438\",\"caption\":\"Raimaber Fluid Tech [Aguas]\"},\"image\":{\"@id\":\"https:\/\/www.raimaberfluidtech.com\/aguas\/ca\/#\/schema\/logo\/image\/\"}}]}<\/script>\n<!-- \/ Yoast SEO plugin. -->","yoast_head_json":{"title":"FTI Air project de Finish Thompson - Raimaber","description":"Els distribu\u00efdors a Espanya de Finish Thompson, l'empresa Raimaber, presenten FTI Air per a Bombes de transfer\u00e8ncia de productes qu\u00edmics. Informa't!","robots":{"index":"index","follow":"follow","max-snippet":"max-snippet:-1","max-image-preview":"max-image-preview:large","max-video-preview":"max-video-preview:-1"},"canonical":"https:\/\/www.raimaberfluidtech.com\/aguas\/ca\/fti-finish-thompson-inc-2\/fti-air\/","og_locale":"ca_ES","og_type":"article","og_title":"FTI Air project de Finish Thompson - Raimaber","og_description":"Els distribu\u00efdors a Espanya de Finish Thompson, l'empresa Raimaber, presenten FTI Air per a Bombes de transfer\u00e8ncia de productes qu\u00edmics. Informa't!","og_url":"https:\/\/www.raimaberfluidtech.com\/aguas\/ca\/fti-finish-thompson-inc-2\/fti-air\/","og_site_name":"Raimaber Fluid Tech [Aguas]","article_modified_time":"2025-04-15T14:09:35+00:00","twitter_misc":{"Temps estimat de lectura":"1 minut"},"schema":{"@context":"https:\/\/schema.org","@graph":[{"@type":"WebPage","@id":"https:\/\/www.raimaberfluidtech.com\/aguas\/ca\/fti-finish-thompson-inc-2\/fti-air\/","url":"https:\/\/www.raimaberfluidtech.com\/aguas\/ca\/fti-finish-thompson-inc-2\/fti-air\/","name":"FTI Air project de Finish Thompson - Raimaber","isPartOf":{"@id":"https:\/\/www.raimaberfluidtech.com\/aguas\/ca\/#website"},"datePublished":"2016-05-30T09:50:42+00:00","dateModified":"2025-04-15T14:09:35+00:00","description":"Els distribu\u00efdors a Espanya de Finish Thompson, l'empresa Raimaber, presenten FTI Air per a Bombes de transfer\u00e8ncia de productes qu\u00edmics. Informa't!","breadcrumb":{"@id":"https:\/\/www.raimaberfluidtech.com\/aguas\/ca\/fti-finish-thompson-inc-2\/fti-air\/#breadcrumb"},"inLanguage":"ca","potentialAction":[{"@type":"ReadAction","target":["https:\/\/www.raimaberfluidtech.com\/aguas\/ca\/fti-finish-thompson-inc-2\/fti-air\/"]}]},{"@type":"BreadcrumbList","@id":"https:\/\/www.raimaberfluidtech.com\/aguas\/ca\/fti-finish-thompson-inc-2\/fti-air\/#breadcrumb","itemListElement":[{"@type":"ListItem","position":1,"name":"Home","item":"https:\/\/www.raimaberfluidtech.com\/aguas\/ca\/"},{"@type":"ListItem","position":2,"name":"FTI &#8211; Finish Thompson Inc","item":"https:\/\/www.raimaberfluidtech.com\/aguas\/ca\/fti-finish-thompson-inc-2\/"},{"@type":"ListItem","position":3,"name":"FTI Air"}]},{"@type":"WebSite","@id":"https:\/\/www.raimaberfluidtech.com\/aguas\/ca\/#website","url":"https:\/\/www.raimaberfluidtech.com\/aguas\/ca\/","name":"Raimaber Fluid Tech [Aguas]","description":"Bombas industriales","publisher":{"@id":"https:\/\/www.raimaberfluidtech.com\/aguas\/ca\/#organization"},"potentialAction":[{"@type":"SearchAction","target":{"@type":"EntryPoint","urlTemplate":"https:\/\/www.raimaberfluidtech.com\/aguas\/ca\/?s={search_term_string}"},"query-input":{"@type":"PropertyValueSpecification","valueRequired":true,"valueName":"search_term_string"}}],"inLanguage":"ca"},{"@type":"Organization","@id":"https:\/\/www.raimaberfluidtech.com\/aguas\/ca\/#organization","name":"Raimaber Fluid Tech [Aguas]","url":"https:\/\/www.raimaberfluidtech.com\/aguas\/ca\/","logo":{"@type":"ImageObject","inLanguage":"ca","@id":"https:\/\/www.raimaberfluidtech.com\/aguas\/ca\/#\/schema\/logo\/image\/","url":"https:\/\/www.raimaberfluidtech.com\/aguas\/wp-content\/blogs.dir\/3\/files\/2012\/11\/raimaber.gif","contentUrl":"https:\/\/www.raimaberfluidtech.com\/aguas\/wp-content\/blogs.dir\/3\/files\/2012\/11\/raimaber.gif","width":"705","height":"438","caption":"Raimaber Fluid Tech [Aguas]"},"image":{"@id":"https:\/\/www.raimaberfluidtech.com\/aguas\/ca\/#\/schema\/logo\/image\/"}}]}},"_links":{"self":[{"href":"https:\/\/www.raimaberfluidtech.com\/aguas\/ca\/wp-json\/wp\/v2\/pages\/14779","targetHints":{"allow":["GET"]}}],"collection":[{"href":"https:\/\/www.raimaberfluidtech.com\/aguas\/ca\/wp-json\/wp\/v2\/pages"}],"about":[{"href":"https:\/\/www.raimaberfluidtech.com\/aguas\/ca\/wp-json\/wp\/v2\/types\/page"}],"author":[{"embeddable":true,"href":"https:\/\/www.raimaberfluidtech.com\/aguas\/ca\/wp-json\/wp\/v2\/users\/1"}],"replies":[{"embeddable":true,"href":"https:\/\/www.raimaberfluidtech.com\/aguas\/ca\/wp-json\/wp\/v2\/comments?post=14779"}],"version-history":[{"count":9,"href":"https:\/\/www.raimaberfluidtech.com\/aguas\/ca\/wp-json\/wp\/v2\/pages\/14779\/revisions"}],"predecessor-version":[{"id":16737,"href":"https:\/\/www.raimaberfluidtech.com\/aguas\/ca\/wp-json\/wp\/v2\/pages\/14779\/revisions\/16737"}],"up":[{"embeddable":true,"href":"https:\/\/www.raimaberfluidtech.com\/aguas\/ca\/wp-json\/wp\/v2\/pages\/15023"}],"wp:attachment":[{"href":"https:\/\/www.raimaberfluidtech.com\/aguas\/ca\/wp-json\/wp\/v2\/media?parent=14779"}],"curies":[{"name":"wp","href":"https:\/\/api.w.org\/{rel}","templated":true}]}}