{"id":14747,"date":"2016-05-31T07:55:47","date_gmt":"2016-05-31T07:55:47","guid":{"rendered":"https:\/\/www.raimaberfluidtech.com\/aguas\/bomba-vertical-camera-seca\/"},"modified":"2025-04-15T14:04:35","modified_gmt":"2025-04-15T14:04:35","slug":"bomba-vertical-camera-seca","status":"publish","type":"page","link":"https:\/\/www.raimaberfluidtech.com\/aguas\/ca\/vaughan\/bomba-vertical-camera-seca\/","title":{"rendered":"Bomba vertical c\u00e0mera seca"},"content":{"rendered":"<div class=\"wpb-content-wrapper\"><p>[vc_row][vc_column width=&#8221;1\/2&#8243;][vc_media_grid element_width=&#8221;6&#8243; gap=&#8221;4&#8243; grid_id=&#8221;vc_gid:1632306092636-f6c70944-31ec-4&#8243; include=&#8221;4539,4540,4541,4545&#8243;][\/vc_column][vc_column width=&#8221;1\/2&#8243;][vc_custom_heading text=&#8221;Bomba vertical c\u00e0mera seca&#8221; font_container=&#8221;tag:h2|font_size:18px|text_align:left|color:%23000000&#8243; use_theme_fonts=&#8221;yes&#8221;][vc_column_text]<\/p>\n<div class=\"in-content col-1\" style=\"text-align: justify;\">\n<p>El muntatge VERTICAL, ens permet muntar la <a title=\"Vaughan\" href=\"http:\/\/www.raimaberfluidtech.com\/aguas\/vaughan\" target=\"_blank\" rel=\"noopener noreferrer\">bomba Vaughan<\/a> a qualsevol <strong>pou de bombament<\/strong> o aplicaci\u00f3 on es prefereix la <strong>bomba submergida i el motor aeri<\/strong> .<\/p>\n<p>El motor \u00e9s est\u00e0ndard amb brida B5 IEC.<\/p>\n<p>L&#8217;eix pot arribar fins a 6 m de llargada, per acoblar-nos a les condicions m\u00e9s extremes.<\/p>\n<p>Els rodaments van banyats amb oli, amb un sensor de nivell exterior, que ens permet avan\u00e7ar-nos r\u00e0pidament a un possible problema.<\/p>\n<p>Tamb\u00e9 hi ha la <strong>possibilitat de muntatge com a bomba recirculadora<\/strong> i se subministra un sistema en la mateixa impulsi\u00f3 amb v\u00e0lvula de 3 vies, que s&#8217;opera des de l&#8217;exterior i ens permet fer tres operacions, \u00e9s a dir, podem bombar, bombar i recircular o recircular.<\/p>\n<\/div>\n<p>[\/vc_column_text][\/vc_column][\/vc_row][vc_row el_class=&#8221;fileventajas&#8221;][vc_column width=&#8221;1\/2&#8243;][vc_custom_heading text=&#8221;Avantatges&#8221; use_theme_fonts=&#8221;yes&#8221;][vc_column_text]<\/p>\n<ul>\n<li>7 punts de tall, patentats i\/o pendents de patent.<\/li>\n<li>Fabricaci\u00f3 de la bomba amb equips de control num\u00e8ric, permet la repetici\u00f3 automatitzada de les parts i eliminem qualsevol defecte en la seva construcci\u00f3.<\/li>\n<li>Materials endurits fins a 600 Brinell, aguanten l&#8217;abrasi\u00f3 i faciliten la trituraci\u00f3 dels s\u00f2lids.<\/li>\n<li>Regulaci\u00f3 des de l&#8217;exterior de la toler\u00e0ncia entre la barra de tall i l&#8217;impulsor a l&#8217;aspiraci\u00f3. Tamb\u00e9 hi ha la possibilitat de regulaci\u00f3 de la toler\u00e0ncia entre l&#8217;impulsor i el plat tallador superior del darrere.<\/li>\n<li>Eixos i rodaments sobredimensionats.<\/li>\n<li>Diversos materials: ferro d\u00factil, inox 316 o d\u00faplex CD4MCU.<\/li>\n<li>Modelitzaci\u00f3 de les parts en 3D i mitjan\u00e7ant Din\u00e0mica de Fluids Computaritzada o CFD\/CFX, permet veure els canals del flux i les velocitats dins de la bomba, per desenvolupar millores en el disseny i augmentar les efici\u00e8ncies.<\/li>\n<li>Triturem s\u00f2lids com: draps, fibres, pl\u00e0stics, p\u00e8ls, cel\u00b7lulosa, etc.<\/li>\n<li>La garantia per escrit de Vaughan \u00e9s el seu comprom\u00eds de funcionament, que les seves bombes trituren s\u00f2lids sense embussos.<\/li>\n<\/ul>\n<p>[\/vc_column_text][\/vc_column][vc_column width=&#8221;1\/2&#8243;][vc_custom_heading text=&#8221;Patents&#8221; use_theme_fonts=&#8221;yes&#8221;][vc_column_text]<\/p>\n<ul>\n<li>US Patent #7,125,221,B2 (Centrifugal Pump Improvements).<\/li>\n<li>US Patent #7,841,550,B1 (Cutter Nut and Cutter Bar Assembly).<\/li>\n<li>US Patent #8,105,017,B2 (Centrifugal Chopper Pump with Impeller Assembly).<\/li>\n<li>US Patent #8,905,341, B2 (Screw-Type Centrifugal Pump with Cutting Inserts).<\/li>\n<li>United Kingdom Patent #0 774 045 (Centrifugal Chopper Pump).<\/li>\n<li>United Kingdom Patent #2,371,834 (Centrifugal Pump Improvements).<\/li>\n<li>Canadian Patent #2,188,138 (Centrifugal Chopper Pump).<\/li>\n<li>US Patent #8,985,490,B2 (Chopper Pump with Cutting Inserts).<\/li>\n<\/ul>\n<p>[\/vc_column_text][vc_empty_space][vc_btn title=&#8221;SOL\u00b7LICITUD D&#8217;INFORMACI\u00d3 T\u00c8CNICA&#8221; link=&#8221;url:https%3A%2F%2Fwww.raimaberfluidtech.com%2Faguas%2Fsolicitud-informacion-tecnica%2F|title:Sol%C2%B7licitud%20informaci%C3%B3%20t%C3%A8cnica|&#8221;][\/vc_column][\/vc_row]<\/p>\n<\/div>","protected":false},"excerpt":{"rendered":"<p>[vc_row][vc_column width=&#8221;1\/2&#8243;][vc_media_grid element_width=&#8221;6&#8243; gap=&#8221;4&#8243; grid_id=&#8221;vc_gid:1632306092636-f6c70944-31ec-4&#8243; include=&#8221;4539,4540,4541,4545&#8243;][\/vc_column][vc_column width=&#8221;1\/2&#8243;][vc_custom_heading text=&#8221;Bomba vertical c\u00e0mera seca&#8221; font_container=&#8221;tag:h2|font_size:18px|text_align:left|color:%23000000&#8243; use_theme_fonts=&#8221;yes&#8221;][vc_column_text] El muntatge VERTICAL, ens permet muntar la bomba Vaughan a qualsevol pou de bombament o aplicaci\u00f3 on es prefereix la bomba submergida i el motor aeri &#8230;.<\/p>\n","protected":false},"author":1,"featured_media":0,"parent":15247,"menu_order":0,"comment_status":"closed","ping_status":"closed","template":"page-sidebar.php","meta":{"footnotes":""},"class_list":["post-14747","page","type-page","status-publish","hentry"],"yoast_head":"<!-- This site is optimized with the Yoast SEO plugin v24.3 - https:\/\/yoast.com\/wordpress\/plugins\/seo\/ -->\n<title>Bomba Vertical de la marca Vaughan - Raimaber<\/title>\n<meta name=\"description\" content=\"Vaughan \u00e9s una coneguda marca de bombes industrials de qualitat. A Raimaber, com a experts en la seva distribuci\u00f3, presentem avantatges de la Bomba Vertical.\" \/>\n<meta name=\"robots\" content=\"index, follow, max-snippet:-1, max-image-preview:large, max-video-preview:-1\" \/>\n<link rel=\"canonical\" href=\"https:\/\/www.raimaberfluidtech.com\/aguas\/ca\/vaughan\/bomba-vertical-camera-seca\/\" \/>\n<meta property=\"og:locale\" content=\"ca_ES\" \/>\n<meta property=\"og:type\" content=\"article\" \/>\n<meta property=\"og:title\" content=\"Bomba Vertical de la marca Vaughan - Raimaber\" \/>\n<meta property=\"og:description\" content=\"Vaughan \u00e9s una coneguda marca de bombes industrials de qualitat. A Raimaber, com a experts en la seva distribuci\u00f3, presentem avantatges de la Bomba Vertical.\" \/>\n<meta property=\"og:url\" content=\"https:\/\/www.raimaberfluidtech.com\/aguas\/ca\/vaughan\/bomba-vertical-camera-seca\/\" \/>\n<meta property=\"og:site_name\" content=\"Raimaber Fluid Tech [Aguas]\" \/>\n<meta property=\"article:modified_time\" content=\"2025-04-15T14:04:35+00:00\" \/>\n<meta name=\"twitter:label1\" content=\"Temps estimat de lectura\" \/>\n\t<meta name=\"twitter:data1\" content=\"2 minuts\" \/>\n<script type=\"application\/ld+json\" class=\"yoast-schema-graph\">{\"@context\":\"https:\/\/schema.org\",\"@graph\":[{\"@type\":\"WebPage\",\"@id\":\"https:\/\/www.raimaberfluidtech.com\/aguas\/ca\/vaughan\/bomba-vertical-camera-seca\/\",\"url\":\"https:\/\/www.raimaberfluidtech.com\/aguas\/ca\/vaughan\/bomba-vertical-camera-seca\/\",\"name\":\"Bomba Vertical de la marca Vaughan - Raimaber\",\"isPartOf\":{\"@id\":\"https:\/\/www.raimaberfluidtech.com\/aguas\/ca\/#website\"},\"datePublished\":\"2016-05-31T07:55:47+00:00\",\"dateModified\":\"2025-04-15T14:04:35+00:00\",\"description\":\"Vaughan \u00e9s una coneguda marca de bombes industrials de qualitat. A Raimaber, com a experts en la seva distribuci\u00f3, presentem avantatges de la Bomba Vertical.\",\"breadcrumb\":{\"@id\":\"https:\/\/www.raimaberfluidtech.com\/aguas\/ca\/vaughan\/bomba-vertical-camera-seca\/#breadcrumb\"},\"inLanguage\":\"ca\",\"potentialAction\":[{\"@type\":\"ReadAction\",\"target\":[\"https:\/\/www.raimaberfluidtech.com\/aguas\/ca\/vaughan\/bomba-vertical-camera-seca\/\"]}]},{\"@type\":\"BreadcrumbList\",\"@id\":\"https:\/\/www.raimaberfluidtech.com\/aguas\/ca\/vaughan\/bomba-vertical-camera-seca\/#breadcrumb\",\"itemListElement\":[{\"@type\":\"ListItem\",\"position\":1,\"name\":\"Home\",\"item\":\"https:\/\/www.raimaberfluidtech.com\/aguas\/ca\/\"},{\"@type\":\"ListItem\",\"position\":2,\"name\":\"Vaughan\",\"item\":\"https:\/\/www.raimaberfluidtech.com\/aguas\/ca\/vaughan\/\"},{\"@type\":\"ListItem\",\"position\":3,\"name\":\"Bomba vertical c\u00e0mera seca\"}]},{\"@type\":\"WebSite\",\"@id\":\"https:\/\/www.raimaberfluidtech.com\/aguas\/ca\/#website\",\"url\":\"https:\/\/www.raimaberfluidtech.com\/aguas\/ca\/\",\"name\":\"Raimaber Fluid Tech [Aguas]\",\"description\":\"Bombas industriales\",\"publisher\":{\"@id\":\"https:\/\/www.raimaberfluidtech.com\/aguas\/ca\/#organization\"},\"potentialAction\":[{\"@type\":\"SearchAction\",\"target\":{\"@type\":\"EntryPoint\",\"urlTemplate\":\"https:\/\/www.raimaberfluidtech.com\/aguas\/ca\/?s={search_term_string}\"},\"query-input\":{\"@type\":\"PropertyValueSpecification\",\"valueRequired\":true,\"valueName\":\"search_term_string\"}}],\"inLanguage\":\"ca\"},{\"@type\":\"Organization\",\"@id\":\"https:\/\/www.raimaberfluidtech.com\/aguas\/ca\/#organization\",\"name\":\"Raimaber Fluid Tech [Aguas]\",\"url\":\"https:\/\/www.raimaberfluidtech.com\/aguas\/ca\/\",\"logo\":{\"@type\":\"ImageObject\",\"inLanguage\":\"ca\",\"@id\":\"https:\/\/www.raimaberfluidtech.com\/aguas\/ca\/#\/schema\/logo\/image\/\",\"url\":\"https:\/\/www.raimaberfluidtech.com\/aguas\/wp-content\/blogs.dir\/3\/files\/2012\/11\/raimaber.gif\",\"contentUrl\":\"https:\/\/www.raimaberfluidtech.com\/aguas\/wp-content\/blogs.dir\/3\/files\/2012\/11\/raimaber.gif\",\"width\":\"705\",\"height\":\"438\",\"caption\":\"Raimaber Fluid Tech [Aguas]\"},\"image\":{\"@id\":\"https:\/\/www.raimaberfluidtech.com\/aguas\/ca\/#\/schema\/logo\/image\/\"}}]}<\/script>\n<!-- \/ Yoast SEO plugin. -->","yoast_head_json":{"title":"Bomba Vertical de la marca Vaughan - Raimaber","description":"Vaughan \u00e9s una coneguda marca de bombes industrials de qualitat. A Raimaber, com a experts en la seva distribuci\u00f3, presentem avantatges de la Bomba Vertical.","robots":{"index":"index","follow":"follow","max-snippet":"max-snippet:-1","max-image-preview":"max-image-preview:large","max-video-preview":"max-video-preview:-1"},"canonical":"https:\/\/www.raimaberfluidtech.com\/aguas\/ca\/vaughan\/bomba-vertical-camera-seca\/","og_locale":"ca_ES","og_type":"article","og_title":"Bomba Vertical de la marca Vaughan - Raimaber","og_description":"Vaughan \u00e9s una coneguda marca de bombes industrials de qualitat. A Raimaber, com a experts en la seva distribuci\u00f3, presentem avantatges de la Bomba Vertical.","og_url":"https:\/\/www.raimaberfluidtech.com\/aguas\/ca\/vaughan\/bomba-vertical-camera-seca\/","og_site_name":"Raimaber Fluid Tech [Aguas]","article_modified_time":"2025-04-15T14:04:35+00:00","twitter_misc":{"Temps estimat de lectura":"2 minuts"},"schema":{"@context":"https:\/\/schema.org","@graph":[{"@type":"WebPage","@id":"https:\/\/www.raimaberfluidtech.com\/aguas\/ca\/vaughan\/bomba-vertical-camera-seca\/","url":"https:\/\/www.raimaberfluidtech.com\/aguas\/ca\/vaughan\/bomba-vertical-camera-seca\/","name":"Bomba Vertical de la marca Vaughan - Raimaber","isPartOf":{"@id":"https:\/\/www.raimaberfluidtech.com\/aguas\/ca\/#website"},"datePublished":"2016-05-31T07:55:47+00:00","dateModified":"2025-04-15T14:04:35+00:00","description":"Vaughan \u00e9s una coneguda marca de bombes industrials de qualitat. A Raimaber, com a experts en la seva distribuci\u00f3, presentem avantatges de la Bomba Vertical.","breadcrumb":{"@id":"https:\/\/www.raimaberfluidtech.com\/aguas\/ca\/vaughan\/bomba-vertical-camera-seca\/#breadcrumb"},"inLanguage":"ca","potentialAction":[{"@type":"ReadAction","target":["https:\/\/www.raimaberfluidtech.com\/aguas\/ca\/vaughan\/bomba-vertical-camera-seca\/"]}]},{"@type":"BreadcrumbList","@id":"https:\/\/www.raimaberfluidtech.com\/aguas\/ca\/vaughan\/bomba-vertical-camera-seca\/#breadcrumb","itemListElement":[{"@type":"ListItem","position":1,"name":"Home","item":"https:\/\/www.raimaberfluidtech.com\/aguas\/ca\/"},{"@type":"ListItem","position":2,"name":"Vaughan","item":"https:\/\/www.raimaberfluidtech.com\/aguas\/ca\/vaughan\/"},{"@type":"ListItem","position":3,"name":"Bomba vertical c\u00e0mera seca"}]},{"@type":"WebSite","@id":"https:\/\/www.raimaberfluidtech.com\/aguas\/ca\/#website","url":"https:\/\/www.raimaberfluidtech.com\/aguas\/ca\/","name":"Raimaber Fluid Tech [Aguas]","description":"Bombas industriales","publisher":{"@id":"https:\/\/www.raimaberfluidtech.com\/aguas\/ca\/#organization"},"potentialAction":[{"@type":"SearchAction","target":{"@type":"EntryPoint","urlTemplate":"https:\/\/www.raimaberfluidtech.com\/aguas\/ca\/?s={search_term_string}"},"query-input":{"@type":"PropertyValueSpecification","valueRequired":true,"valueName":"search_term_string"}}],"inLanguage":"ca"},{"@type":"Organization","@id":"https:\/\/www.raimaberfluidtech.com\/aguas\/ca\/#organization","name":"Raimaber Fluid Tech [Aguas]","url":"https:\/\/www.raimaberfluidtech.com\/aguas\/ca\/","logo":{"@type":"ImageObject","inLanguage":"ca","@id":"https:\/\/www.raimaberfluidtech.com\/aguas\/ca\/#\/schema\/logo\/image\/","url":"https:\/\/www.raimaberfluidtech.com\/aguas\/wp-content\/blogs.dir\/3\/files\/2012\/11\/raimaber.gif","contentUrl":"https:\/\/www.raimaberfluidtech.com\/aguas\/wp-content\/blogs.dir\/3\/files\/2012\/11\/raimaber.gif","width":"705","height":"438","caption":"Raimaber Fluid Tech [Aguas]"},"image":{"@id":"https:\/\/www.raimaberfluidtech.com\/aguas\/ca\/#\/schema\/logo\/image\/"}}]}},"_links":{"self":[{"href":"https:\/\/www.raimaberfluidtech.com\/aguas\/ca\/wp-json\/wp\/v2\/pages\/14747","targetHints":{"allow":["GET"]}}],"collection":[{"href":"https:\/\/www.raimaberfluidtech.com\/aguas\/ca\/wp-json\/wp\/v2\/pages"}],"about":[{"href":"https:\/\/www.raimaberfluidtech.com\/aguas\/ca\/wp-json\/wp\/v2\/types\/page"}],"author":[{"embeddable":true,"href":"https:\/\/www.raimaberfluidtech.com\/aguas\/ca\/wp-json\/wp\/v2\/users\/1"}],"replies":[{"embeddable":true,"href":"https:\/\/www.raimaberfluidtech.com\/aguas\/ca\/wp-json\/wp\/v2\/comments?post=14747"}],"version-history":[{"count":2,"href":"https:\/\/www.raimaberfluidtech.com\/aguas\/ca\/wp-json\/wp\/v2\/pages\/14747\/revisions"}],"predecessor-version":[{"id":16488,"href":"https:\/\/www.raimaberfluidtech.com\/aguas\/ca\/wp-json\/wp\/v2\/pages\/14747\/revisions\/16488"}],"up":[{"embeddable":true,"href":"https:\/\/www.raimaberfluidtech.com\/aguas\/ca\/wp-json\/wp\/v2\/pages\/15247"}],"wp:attachment":[{"href":"https:\/\/www.raimaberfluidtech.com\/aguas\/ca\/wp-json\/wp\/v2\/media?parent=14747"}],"curies":[{"name":"wp","href":"https:\/\/api.w.org\/{rel}","templated":true}]}}