{"id":14528,"date":"2020-08-06T10:13:20","date_gmt":"2020-08-06T10:13:20","guid":{"rendered":"https:\/\/www.raimaberfluidtech.com\/aguas\/valisi-pumps\/serie-n-bomba-tipus-peristaltica\/"},"modified":"2025-04-15T14:01:45","modified_gmt":"2025-04-15T14:01:45","slug":"serie-n-bomba-tipus-peristaltica","status":"publish","type":"page","link":"https:\/\/www.raimaberfluidtech.com\/aguas\/ca\/valisi-pumps\/serie-n-bomba-tipus-peristaltica\/","title":{"rendered":"S\u00c8RIE N &#8211; Bomba tipus perist\u00e0ltica"},"content":{"rendered":"<div class=\"wpb-content-wrapper\"><p>[vc_row][vc_column width=&#8221;1\/2&#8243;][vc_media_grid element_width=&#8221;6&#8243; gap=&#8221;4&#8243; grid_id=&#8221;vc_gid:1739988408409-f20fbc26-b5fc-7&#8243; include=&#8221;14093,14096,14090&#8243;][\/vc_column][vc_column width=&#8221;1\/2&#8243;][vc_custom_heading text=&#8221;S\u00c8RIE N&#8221; font_container=&#8221;tag:h2|font_size:18px|text_align:left|color:%23000000&#8243; use_theme_fonts=&#8221;yes&#8221;][vc_column_text]<\/p>\n<ul>\n<li>Low duty<\/li>\n<li>Disseny amb 2 rodets<\/li>\n<li>L\u00edmit fins a 8 bar<\/li>\n<li>Bi-direccional<\/li>\n<li>S\u00e8rie N5 \u2013 N10, es pot muntar amb 3 sabates. Millora la precisi\u00f3 de dosificaci\u00f3 i en redu\u00efm la pulsaci\u00f3.<\/li>\n<li>4 posicions de muntatge<\/li>\n<li>ATEX<\/li>\n<li>Insercions a INOXIDABLE, PP ALTA DENSITAT o PVDF<\/li>\n<li>Cos de ferro d\u00factil.<\/li>\n<li>Materials de la m\u00e0nega:\n<ul>\n<li>NR<\/li>\n<li>NR-FOOD<\/li>\n<li>NBR<\/li>\n<li>NBR-FOOD<\/li>\n<li>EPDM<\/li>\n<li>VITON<\/li>\n<li>HYPALON<\/li>\n<\/ul>\n<\/li>\n<li>Opcional : Amortidor de pulsacions, detector de trencament de la m\u00e0nega i recobriment intern del cos en tefl\u00f3 per aplicacions corrosives<\/li>\n<li>Tamb\u00e9 tenim m\u00e0negues de recanvi per a altres marques de la compet\u00e8ncia: BREDEL, VERDER, BLACKMER, BOYSER<\/li>\n<\/ul>\n<p>[\/vc_column_text][vc_empty_space][vc_btn title=&#8221;SOL\u00b7LICITUD D&#8217;INFORMACI\u00d3 T\u00c8CNICA&#8221; css=&#8221;.vc_custom_1632307800750{margin-bottom: 0px !important;}&#8221; link=&#8221;url:https%3A%2F%2Fwww.raimaberfluidtech.com%2Faguas%2Fsolicitud-informacion-tecnica%2F|title:Sol%C2%B7licitud%20informaci%C3%B3%20t%C3%A8cnica|&#8221;][\/vc_column][\/vc_row]<\/p>\n<\/div>","protected":false},"excerpt":{"rendered":"<p>[vc_row][vc_column width=&#8221;1\/2&#8243;][vc_media_grid element_width=&#8221;6&#8243; gap=&#8221;4&#8243; grid_id=&#8221;vc_gid:1739988408409-f20fbc26-b5fc-7&#8243; include=&#8221;14093,14096,14090&#8243;][\/vc_column][vc_column width=&#8221;1\/2&#8243;][vc_custom_heading text=&#8221;S\u00c8RIE N&#8221; font_container=&#8221;tag:h2|font_size:18px|text_align:left|color:%23000000&#8243; use_theme_fonts=&#8221;yes&#8221;][vc_column_text] Low duty Disseny amb 2 rodets L\u00edmit fins a 8 bar Bi-direccional S\u00e8rie N5 \u2013 N10, es pot muntar amb 3 sabates. Millora la precisi\u00f3 de dosificaci\u00f3 i en&#8230;<\/p>\n","protected":false},"author":1,"featured_media":0,"parent":14526,"menu_order":0,"comment_status":"closed","ping_status":"closed","template":"page-sidebar.php","meta":{"footnotes":""},"class_list":["post-14528","page","type-page","status-publish","hentry"],"yoast_head":"<!-- This site is optimized with the Yoast SEO plugin v24.3 - https:\/\/yoast.com\/wordpress\/plugins\/seo\/ -->\n<title>Valisi Pumps: S\u00c8RIE N - Bomba tipus perist\u00e0ltica - Raimaber Fluid Tech [Aguas]<\/title>\n<meta name=\"description\" content=\"Secci\u00f3n de Valisi Pumps: S\u00c8RIE N - Bomba tipus perist\u00e0ltica en Raimaber Fluid Tech [Aguas]. Contacte y le informamos.\" \/>\n<meta name=\"robots\" content=\"index, follow, max-snippet:-1, max-image-preview:large, max-video-preview:-1\" \/>\n<link rel=\"canonical\" href=\"https:\/\/www.raimaberfluidtech.com\/aguas\/ca\/valisi-pumps\/serie-n-bomba-tipus-peristaltica\/\" \/>\n<meta property=\"og:locale\" content=\"ca_ES\" \/>\n<meta property=\"og:type\" content=\"article\" \/>\n<meta property=\"og:title\" content=\"Valisi Pumps: S\u00c8RIE N - Bomba tipus perist\u00e0ltica - Raimaber Fluid Tech [Aguas]\" \/>\n<meta property=\"og:description\" content=\"Secci\u00f3n de Valisi Pumps: S\u00c8RIE N - Bomba tipus perist\u00e0ltica en Raimaber Fluid Tech [Aguas]. Contacte y le informamos.\" \/>\n<meta property=\"og:url\" content=\"https:\/\/www.raimaberfluidtech.com\/aguas\/ca\/valisi-pumps\/serie-n-bomba-tipus-peristaltica\/\" \/>\n<meta property=\"og:site_name\" content=\"Raimaber Fluid Tech [Aguas]\" \/>\n<meta property=\"article:modified_time\" content=\"2025-04-15T14:01:45+00:00\" \/>\n<meta name=\"twitter:label1\" content=\"Temps estimat de lectura\" \/>\n\t<meta name=\"twitter:data1\" content=\"1 minut\" \/>\n<script type=\"application\/ld+json\" class=\"yoast-schema-graph\">{\"@context\":\"https:\/\/schema.org\",\"@graph\":[{\"@type\":\"WebPage\",\"@id\":\"https:\/\/www.raimaberfluidtech.com\/aguas\/ca\/valisi-pumps\/serie-n-bomba-tipus-peristaltica\/\",\"url\":\"https:\/\/www.raimaberfluidtech.com\/aguas\/ca\/valisi-pumps\/serie-n-bomba-tipus-peristaltica\/\",\"name\":\"Valisi Pumps: S\u00c8RIE N - Bomba tipus perist\u00e0ltica - Raimaber Fluid Tech [Aguas]\",\"isPartOf\":{\"@id\":\"https:\/\/www.raimaberfluidtech.com\/aguas\/ca\/#website\"},\"datePublished\":\"2020-08-06T10:13:20+00:00\",\"dateModified\":\"2025-04-15T14:01:45+00:00\",\"description\":\"Secci\u00f3n de Valisi Pumps: S\u00c8RIE N - Bomba tipus perist\u00e0ltica en Raimaber Fluid Tech [Aguas]. Contacte y le informamos.\",\"breadcrumb\":{\"@id\":\"https:\/\/www.raimaberfluidtech.com\/aguas\/ca\/valisi-pumps\/serie-n-bomba-tipus-peristaltica\/#breadcrumb\"},\"inLanguage\":\"ca\",\"potentialAction\":[{\"@type\":\"ReadAction\",\"target\":[\"https:\/\/www.raimaberfluidtech.com\/aguas\/ca\/valisi-pumps\/serie-n-bomba-tipus-peristaltica\/\"]}]},{\"@type\":\"BreadcrumbList\",\"@id\":\"https:\/\/www.raimaberfluidtech.com\/aguas\/ca\/valisi-pumps\/serie-n-bomba-tipus-peristaltica\/#breadcrumb\",\"itemListElement\":[{\"@type\":\"ListItem\",\"position\":1,\"name\":\"Home\",\"item\":\"https:\/\/www.raimaberfluidtech.com\/aguas\/ca\/\"},{\"@type\":\"ListItem\",\"position\":2,\"name\":\"Valisi Pumps\",\"item\":\"https:\/\/www.raimaberfluidtech.com\/aguas\/ca\/valisi-pumps\/\"},{\"@type\":\"ListItem\",\"position\":3,\"name\":\"S\u00c8RIE N &#8211; Bomba tipus perist\u00e0ltica\"}]},{\"@type\":\"WebSite\",\"@id\":\"https:\/\/www.raimaberfluidtech.com\/aguas\/ca\/#website\",\"url\":\"https:\/\/www.raimaberfluidtech.com\/aguas\/ca\/\",\"name\":\"Raimaber Fluid Tech [Aguas]\",\"description\":\"Bombas industriales\",\"publisher\":{\"@id\":\"https:\/\/www.raimaberfluidtech.com\/aguas\/ca\/#organization\"},\"potentialAction\":[{\"@type\":\"SearchAction\",\"target\":{\"@type\":\"EntryPoint\",\"urlTemplate\":\"https:\/\/www.raimaberfluidtech.com\/aguas\/ca\/?s={search_term_string}\"},\"query-input\":{\"@type\":\"PropertyValueSpecification\",\"valueRequired\":true,\"valueName\":\"search_term_string\"}}],\"inLanguage\":\"ca\"},{\"@type\":\"Organization\",\"@id\":\"https:\/\/www.raimaberfluidtech.com\/aguas\/ca\/#organization\",\"name\":\"Raimaber Fluid Tech [Aguas]\",\"url\":\"https:\/\/www.raimaberfluidtech.com\/aguas\/ca\/\",\"logo\":{\"@type\":\"ImageObject\",\"inLanguage\":\"ca\",\"@id\":\"https:\/\/www.raimaberfluidtech.com\/aguas\/ca\/#\/schema\/logo\/image\/\",\"url\":\"https:\/\/www.raimaberfluidtech.com\/aguas\/wp-content\/blogs.dir\/3\/files\/2012\/11\/raimaber.gif\",\"contentUrl\":\"https:\/\/www.raimaberfluidtech.com\/aguas\/wp-content\/blogs.dir\/3\/files\/2012\/11\/raimaber.gif\",\"width\":\"705\",\"height\":\"438\",\"caption\":\"Raimaber Fluid Tech [Aguas]\"},\"image\":{\"@id\":\"https:\/\/www.raimaberfluidtech.com\/aguas\/ca\/#\/schema\/logo\/image\/\"}}]}<\/script>\n<!-- \/ Yoast SEO plugin. -->","yoast_head_json":{"title":"Valisi Pumps: S\u00c8RIE N - Bomba tipus perist\u00e0ltica - Raimaber Fluid Tech [Aguas]","description":"Secci\u00f3n de Valisi Pumps: S\u00c8RIE N - Bomba tipus perist\u00e0ltica en Raimaber Fluid Tech [Aguas]. Contacte y le informamos.","robots":{"index":"index","follow":"follow","max-snippet":"max-snippet:-1","max-image-preview":"max-image-preview:large","max-video-preview":"max-video-preview:-1"},"canonical":"https:\/\/www.raimaberfluidtech.com\/aguas\/ca\/valisi-pumps\/serie-n-bomba-tipus-peristaltica\/","og_locale":"ca_ES","og_type":"article","og_title":"Valisi Pumps: S\u00c8RIE N - Bomba tipus perist\u00e0ltica - Raimaber Fluid Tech [Aguas]","og_description":"Secci\u00f3n de Valisi Pumps: S\u00c8RIE N - Bomba tipus perist\u00e0ltica en Raimaber Fluid Tech [Aguas]. Contacte y le informamos.","og_url":"https:\/\/www.raimaberfluidtech.com\/aguas\/ca\/valisi-pumps\/serie-n-bomba-tipus-peristaltica\/","og_site_name":"Raimaber Fluid Tech [Aguas]","article_modified_time":"2025-04-15T14:01:45+00:00","twitter_misc":{"Temps estimat de lectura":"1 minut"},"schema":{"@context":"https:\/\/schema.org","@graph":[{"@type":"WebPage","@id":"https:\/\/www.raimaberfluidtech.com\/aguas\/ca\/valisi-pumps\/serie-n-bomba-tipus-peristaltica\/","url":"https:\/\/www.raimaberfluidtech.com\/aguas\/ca\/valisi-pumps\/serie-n-bomba-tipus-peristaltica\/","name":"Valisi Pumps: S\u00c8RIE N - Bomba tipus perist\u00e0ltica - Raimaber Fluid Tech [Aguas]","isPartOf":{"@id":"https:\/\/www.raimaberfluidtech.com\/aguas\/ca\/#website"},"datePublished":"2020-08-06T10:13:20+00:00","dateModified":"2025-04-15T14:01:45+00:00","description":"Secci\u00f3n de Valisi Pumps: S\u00c8RIE N - Bomba tipus perist\u00e0ltica en Raimaber Fluid Tech [Aguas]. Contacte y le informamos.","breadcrumb":{"@id":"https:\/\/www.raimaberfluidtech.com\/aguas\/ca\/valisi-pumps\/serie-n-bomba-tipus-peristaltica\/#breadcrumb"},"inLanguage":"ca","potentialAction":[{"@type":"ReadAction","target":["https:\/\/www.raimaberfluidtech.com\/aguas\/ca\/valisi-pumps\/serie-n-bomba-tipus-peristaltica\/"]}]},{"@type":"BreadcrumbList","@id":"https:\/\/www.raimaberfluidtech.com\/aguas\/ca\/valisi-pumps\/serie-n-bomba-tipus-peristaltica\/#breadcrumb","itemListElement":[{"@type":"ListItem","position":1,"name":"Home","item":"https:\/\/www.raimaberfluidtech.com\/aguas\/ca\/"},{"@type":"ListItem","position":2,"name":"Valisi Pumps","item":"https:\/\/www.raimaberfluidtech.com\/aguas\/ca\/valisi-pumps\/"},{"@type":"ListItem","position":3,"name":"S\u00c8RIE N &#8211; Bomba tipus perist\u00e0ltica"}]},{"@type":"WebSite","@id":"https:\/\/www.raimaberfluidtech.com\/aguas\/ca\/#website","url":"https:\/\/www.raimaberfluidtech.com\/aguas\/ca\/","name":"Raimaber Fluid Tech [Aguas]","description":"Bombas industriales","publisher":{"@id":"https:\/\/www.raimaberfluidtech.com\/aguas\/ca\/#organization"},"potentialAction":[{"@type":"SearchAction","target":{"@type":"EntryPoint","urlTemplate":"https:\/\/www.raimaberfluidtech.com\/aguas\/ca\/?s={search_term_string}"},"query-input":{"@type":"PropertyValueSpecification","valueRequired":true,"valueName":"search_term_string"}}],"inLanguage":"ca"},{"@type":"Organization","@id":"https:\/\/www.raimaberfluidtech.com\/aguas\/ca\/#organization","name":"Raimaber Fluid Tech [Aguas]","url":"https:\/\/www.raimaberfluidtech.com\/aguas\/ca\/","logo":{"@type":"ImageObject","inLanguage":"ca","@id":"https:\/\/www.raimaberfluidtech.com\/aguas\/ca\/#\/schema\/logo\/image\/","url":"https:\/\/www.raimaberfluidtech.com\/aguas\/wp-content\/blogs.dir\/3\/files\/2012\/11\/raimaber.gif","contentUrl":"https:\/\/www.raimaberfluidtech.com\/aguas\/wp-content\/blogs.dir\/3\/files\/2012\/11\/raimaber.gif","width":"705","height":"438","caption":"Raimaber Fluid Tech [Aguas]"},"image":{"@id":"https:\/\/www.raimaberfluidtech.com\/aguas\/ca\/#\/schema\/logo\/image\/"}}]}},"_links":{"self":[{"href":"https:\/\/www.raimaberfluidtech.com\/aguas\/ca\/wp-json\/wp\/v2\/pages\/14528","targetHints":{"allow":["GET"]}}],"collection":[{"href":"https:\/\/www.raimaberfluidtech.com\/aguas\/ca\/wp-json\/wp\/v2\/pages"}],"about":[{"href":"https:\/\/www.raimaberfluidtech.com\/aguas\/ca\/wp-json\/wp\/v2\/types\/page"}],"author":[{"embeddable":true,"href":"https:\/\/www.raimaberfluidtech.com\/aguas\/ca\/wp-json\/wp\/v2\/users\/1"}],"replies":[{"embeddable":true,"href":"https:\/\/www.raimaberfluidtech.com\/aguas\/ca\/wp-json\/wp\/v2\/comments?post=14528"}],"version-history":[{"count":2,"href":"https:\/\/www.raimaberfluidtech.com\/aguas\/ca\/wp-json\/wp\/v2\/pages\/14528\/revisions"}],"predecessor-version":[{"id":16445,"href":"https:\/\/www.raimaberfluidtech.com\/aguas\/ca\/wp-json\/wp\/v2\/pages\/14528\/revisions\/16445"}],"up":[{"embeddable":true,"href":"https:\/\/www.raimaberfluidtech.com\/aguas\/ca\/wp-json\/wp\/v2\/pages\/14526"}],"wp:attachment":[{"href":"https:\/\/www.raimaberfluidtech.com\/aguas\/ca\/wp-json\/wp\/v2\/media?parent=14528"}],"curies":[{"name":"wp","href":"https:\/\/api.w.org\/{rel}","templated":true}]}}